{"id":52750,"date":"2024-12-10T04:12:18","date_gmt":"2024-12-10T04:12:18","guid":{"rendered":"https:\/\/medsexporter.com\/?post_type=product&#038;p=52750"},"modified":"2024-12-10T04:32:07","modified_gmt":"2024-12-10T04:32:07","slug":"jalea-oral-de-kamagra-citrato-de-sildenafil-copy","status":"publish","type":"product","link":"https:\/\/www.medsexporter.com\/es\/product\/jalea-oral-de-kamagra-citrato-de-sildenafil-copy\/","title":{"rendered":"Jalea oral de Kamagra (citrato de sildenafil) (Copy)"},"content":{"rendered":"\n<h2 class=\"wp-block-heading\"><strong>\u00bfQu\u00e9 es Jalea oral de Kamagra?<\/strong><\/h2>\n\n\n\n<p>Existen m\u00faltiples medicamentos que tienen como elemento principal el citrato de sildenafil, y uno de los m\u00e1s famosos es Jalea oral de Kamagra. Como sugiere su nombre, es un medicamento en forma de gelatina que viene en diferentes sabores con un envase de 7 sobres de 5 g. Cada paquete tiene 100 mg de potencia, lo que significa que cada paquete de Jalea oral de Kamagra tiene 100 mg de sildenafil.<\/p>\n\n\n\n<p><strong>Ajanta Pharma Ltd. <\/strong>es el fabricante de<strong> <\/strong>Jalea oral de Kamagra<strong> <\/strong>100 mg, con sede en la India y operaciones en todo el mundo. La empresa ha creado muchas f\u00f3rmulas y medicamentos basados \u200b\u200ben ellos que tratan diversas enfermedades.<\/p>\n\n\n\n<h2 class=\"wp-block-heading\"><strong>\u00bfC\u00f3mo funciona?<\/strong><\/h2>\n\n\n\n<p>Para que un usuario compre Jalea oral de Kamagra, es esencial saber c\u00f3mo funciona. Kamagra, con el elemento central Sildenafil, abrir\u00e1, fortalecer\u00e1 y calmar\u00e1 las arterias y los m\u00fasculos del pene, que se estrecharon, debilitaron y congestionaron debido a m\u00faltiples problemas f\u00edsicos y psicol\u00f3gicos. Al hacerlo, el hombre tendr\u00e1 una erecci\u00f3n firme y prolongada, que es fundamental para una relaci\u00f3n sexual satisfactoria. Solo hay una condici\u00f3n para usar Kamagra para la disfunci\u00f3n er\u00e9ctil, y es estar sexualmente estimulado en el momento de usar este medicamento si lo est\u00e1 tomando antes de tener relaciones sexuales.<\/p>\n\n\n\n<h2 class=\"wp-block-heading\"><strong>Jalea oral de Kamagra: posibles beneficios<\/strong><\/h2>\n\n\n\n<p><strong>La<\/strong><strong> jalea oral de Kamagra <\/strong><strong>tiene m\u00faltiples beneficios potenciales, tanto f\u00edsicos como psicol\u00f3gicos.<\/strong><\/p>\n\n\n\n<h3 class=\"wp-block-heading\"><strong>Beneficios f\u00edsicos:<\/strong><\/h3>\n\n\n\n<ul class=\"wp-block-list\">\n<li>Se consigue una erecci\u00f3n firme y prolongada.<\/li>\n\n\n\n<li>Aumento del flujo sangu\u00edneo en el pene.<\/li>\n\n\n\n<li>El medicamento viene en forma de jalea, por lo que es f\u00e1cil de consumir.<\/li>\n\n\n\n<li>Aumento del tiempo de relaciones sexuales.<\/li>\n\n\n\n<li>El efecto comienza en s\u00f3lo 30 minutos a 1 hora.<\/li>\n\n\n\n<li>El efecto dura de 2 a 4 horas.<\/li>\n<\/ul>\n\n\n\n<h3 class=\"wp-block-heading\"><strong>Beneficios psicol\u00f3gicos:<\/strong><\/h3>\n\n\n\n<ul class=\"wp-block-list\">\n<li>Se omite la ansiedad antes del sexo.<\/li>\n\n\n\n<li>Se recupera la confianza en uno mismo.<\/li>\n\n\n\n<li>La satisfacci\u00f3n se logra a trav\u00e9s de relaciones sexuales m\u00e1s prolongadas.<\/li>\n\n\n\n<li>Se mejora la salud de las relaciones.<\/li>\n\n\n\n<li>La pareja puede concentrarse en otros trabajos diarios.<\/li>\n<\/ul>\n\n\n\n<h2 class=\"wp-block-heading\"><strong>MedsExporter Proveedor mayorista y exportador de Jalea oral de Kamagra<\/strong><\/h2>\n\n\n\n<p><strong>Meds Exporter<\/strong> es una plataforma en l\u00ednea que ofrece medicamentos de todo tipo y productos relacionados desde hace una d\u00e9cada. Es una subsidiaria de <strong>Actiza Pharmaceutical Pvt. Ltd.<\/strong>, un nombre de confianza en la fabricaci\u00f3n y el suministro de medicamentos y productos relacionados. Adem\u00e1s, Actizza tambi\u00e9n ofrece fabricaci\u00f3n por contrato, fabricaci\u00f3n por terceros, marca blanca y privada y otros servicios relacionados con la fabricaci\u00f3n.<\/p>\n\n\n\n<p>Por lo tanto, Meds Exporter es un proveedor mayorista y exportador confiable de Jalea oral de Kamagra, y tenemos experiencia y conocimientos en este negocio. Podemos suministrar hasta 1 mill\u00f3n de sobres por mes, pero aceptamos pedidos de Jalea oral de Kamagra de todos los tama\u00f1os y podemos proporcion\u00e1rselos r\u00e1pidamente a su ubicaci\u00f3n.<\/p>\n\n\n\n<h2 class=\"wp-block-heading\"><strong>Obtenga un precio con descuento en pedidos al por mayor de Jalea oral de Kamagra (citrato de sildenafil)<\/strong><\/h2>\n\n\n\n<p><strong>Medsexporter.com<\/strong> es uno de los mayores exportadores y proveedores de Jalea oral de Kamagra (citrato de sildenafil). Lo mejor es que somos una plataforma en l\u00ednea, por lo que los pedidos de Jalea oral de Kamagra en l\u00ednea son f\u00e1ciles de realizar desde cualquier lugar. Esta es tambi\u00e9n una de las razones por las que podemos ofrecer a nuestros clientes precios con descuento para este medicamento. Para aprovechar la oferta, el cliente debe realizar un pedido al por mayor. S\u00ed, aceptamos cualquier tama\u00f1o, pero tiene que ser al por mayor; para obtener m\u00e1s informaci\u00f3n sobre el tama\u00f1o, puede comunicarse con nosotros por correo electr\u00f3nico, tel\u00e9fono y mensaje, que est\u00e1n disponibles en nuestro sitio web, medsexporter.com.<\/p>\n\n\n\n<h2 class=\"wp-block-heading\"><strong>Opci\u00f3n de embalaje personalizable<\/strong><\/h2>\n\n\n\n<p>Si desea ofrecer paquetes de <strong>Jalea oral de Kamagra<\/strong> con ofertas especiales, podemos crear paquetes \u00fanicos y personalizados para nuestros clientes. Debe especificar sus requisitos con el tama\u00f1o y el dise\u00f1o exactos y listo; su pedido llegar\u00e1 a su direcci\u00f3n dentro del plazo indicado.<\/p>\n\n\n\n<h2 class=\"wp-block-heading\"><strong>Informaci\u00f3n sobre pedidos y cadena de suministro de Jalea oral de Kamagra<\/strong><\/h2>\n\n\n\n<p>Tres cosas son las m\u00e1s importantes a la hora de realizar un pedido, y para nosotros, como proveedor de Jalea oral de Kamagra, consulte esta informaci\u00f3n para tener una idea clara antes de realizar el pedido.<\/p>\n\n\n\n<h3 class=\"wp-block-heading\"><strong>Cantidad m\u00ednima de pedido:<\/strong><\/h3>\n\n\n\n<p>Seg\u00fan la pol\u00edtica de la empresa, <strong>MedsExporter<\/strong> no exige una cantidad m\u00ednima de pedido, pero debe ser solo al por mayor. Podemos realizar el pedido y considerar la posibilidad de ofrecer un descuento.<\/p>\n\n\n\n<h3 class=\"wp-block-heading\"><strong>Opciones de env\u00edo:<\/strong><\/h3>\n\n\n\n<p>Contamos con una extensa red de env\u00edo y ofreceremos algunas opciones que los clientes deber\u00e1n elegir al momento de realizar un pedido.<\/p>\n\n\n\n<h3 class=\"wp-block-heading\"><strong>Condiciones de pago:<\/strong><\/h3>\n\n\n\n<p>Por razones de seguridad y comodidad, solo aceptamos transferencias bancarias como forma de pago. Nuestros clientes pueden transferir el pago directamente a nuestra cuenta bancaria al realizar el pedido.<\/p>\n\n\n\n<h2 class=\"wp-block-heading\"><strong>Requisitos de almacenamiento (en grandes cantidades)<\/strong><\/h2>\n\n\n\n<p>Los requisitos para el almacenamiento de grandes cantidades son espec\u00edficos y Medsexporter, como exportador de Jalea oral de Kamagra, los tiene. Recomendamos a nuestros clientes que tengan un entorno de almacenamiento especial y este requisito se da por escrito al momento de realizar el pedido o con la factura que se genera con el pago.<\/p>\n\n\n\n<h2 class=\"wp-block-heading\"><strong>Servicio de atenci\u00f3n al cliente 24\/7<\/strong><\/h2>\n\n\n\n<p>Con un servicio de atenci\u00f3n al cliente dedicado las 24 horas del d\u00eda, los 7 d\u00edas de la semana, estamos aqu\u00ed para ayudarle con todas las preguntas y consultas sobre Super Jalea oral de Kamagra que tenga sobre pedidos, productos, entregas y todo lo dem\u00e1s. Adem\u00e1s, este departamento no es solo un servicio de atenci\u00f3n al cliente, sino un departamento de apoyo al \u00e9xito y al crecimiento del cliente. Preg\u00fantenos sobre el mercado, su demanda, c\u00f3mo iniciar un nuevo negocio farmac\u00e9utico y todo sobre nuestro sector. Estamos m\u00e1s que preparados para ayudar a nuestros clientes en todos los aspectos y niveles, y estamos a solo una llamada de distancia.<\/p>\n\n\n\n<h2 class=\"wp-block-heading\"><strong>Preguntas frecuentes<\/strong><\/h2>\n\n\n\n<h3 class=\"wp-block-heading\"><strong>\u00bfC\u00f3mo afecta Kamagra a los espermatozoides?<\/strong><\/h3>\n\n\n\n<p>No hay registro de que el Sildenafil que contiene Kamagra afecte a los espermatozoides de forma positiva o negativa.<\/p>\n\n\n\n<h3 class=\"wp-block-heading\"><strong>\u00bf Jalea oral de Kamagra aumenta el tiempo sexual?<\/strong><\/h3>\n\n\n\n<p>La jalea oral de Kamagra proporciona una erecci\u00f3n firme y prolongada; por lo tanto, el tiempo de las relaciones sexuales aumenta, y s\u00ed, de esa manera, el tiempo de las relaciones sexuales tambi\u00e9n aumenta.<\/p>\n\n\n\n<h3 class=\"wp-block-heading\"><strong>\u00bfCu\u00e1nto dura el efecto del Kamagra?<\/strong><\/h3>\n\n\n\n<p>Kamagra con Sildenafil tiene la caracter\u00edstica de durar de 2 a 4 horas, y puedes tener m\u00faltiples erecciones durante este per\u00edodo.<\/p>\n\n\n\n<h3 class=\"wp-block-heading\"><strong>\u00bfExisten efectos secundarios?<\/strong><\/h3>\n\n\n\n<p>Hay m\u00faltiples efectos secundarios asociados, desde dolores de cabeza normales hasta priapismo severo; los normales desaparecer\u00e1n y los graves necesitar\u00e1n atenci\u00f3n m\u00e9dica.<\/p>\n\n\n\n<h3 class=\"wp-block-heading\"><strong>\u00bfCu\u00e1ntos tipos de sabores hay de Jalea oral de Kamagra?<\/strong><\/h3>\n\n\n\n<p>Con Jalea oral de Kamagra, est\u00e1n disponibles los siguientes sabores: chocolate, mango, frambuesa, azafr\u00e1n, ar\u00e1ndano, guayaba, lichi, mango, pi\u00f1a, fresa, ar\u00e1ndano, caramelo, naranja y pl\u00e1tano.<\/p>\n\n\n\n<h3 class=\"wp-block-heading\"><strong>\u00bfC\u00f3mo puedo rastrear mi pedido?<\/strong><\/h3>\n\n\n\n<p>Despu\u00e9s de realizar el pedido y el pago, recibir\u00e1 un ID de pedido; a trav\u00e9s de \u00e9l, podr\u00e1 rastrear su pedido.<\/p>\n","protected":false},"excerpt":{"rendered":"<p><strong>MedsExporter<\/strong> es un proveedor mayorista l\u00edder de Jalea oral de Kamagra. Jalea Kamagra es un tratamiento popular para la disfunci\u00f3n er\u00e9ctil y es conocido por su presentaci\u00f3n en gelatina f\u00e1cil de consumir, que viene en varios sabores. MedsExporter ofrece Jalea oral de Kamagra a granel.<\/p>","protected":false},"featured_media":52757,"template":"","meta":{"_glsr_average":0,"_glsr_ranking":0,"_glsr_reviews":0},"product_brand":[],"product_cat":[3957,4011,3975],"product_tag":[],"product_form":[4109],"class_list":{"0":"post-52750","1":"product","2":"type-product","3":"status-publish","4":"has-post-thumbnail","6":"product_cat-fabricante-de-medicamentos-para-la-disfuncion-erectil-en-india","7":"product_cat-medicamentos-para-la-salud-masculina-fabricante-en-india","8":"product_cat-fabricante-de-viagra-generico-en-la-india","9":"product_form-fabricante-de-bolsitas-en-la-india","11":"first","12":"instock","13":"shipping-taxable","14":"product-type-simple"},"_links":{"self":[{"href":"https:\/\/www.medsexporter.com\/es\/wp-json\/wp\/v2\/product\/52750","targetHints":{"allow":["GET"]}}],"collection":[{"href":"https:\/\/www.medsexporter.com\/es\/wp-json\/wp\/v2\/product"}],"about":[{"href":"https:\/\/www.medsexporter.com\/es\/wp-json\/wp\/v2\/types\/product"}],"wp:featuredmedia":[{"embeddable":true,"href":"https:\/\/www.medsexporter.com\/es\/wp-json\/wp\/v2\/media\/52757"}],"wp:attachment":[{"href":"https:\/\/www.medsexporter.com\/es\/wp-json\/wp\/v2\/media?parent=52750"}],"wp:term":[{"taxonomy":"product_brand","embeddable":true,"href":"https:\/\/www.medsexporter.com\/es\/wp-json\/wp\/v2\/product_brand?post=52750"},{"taxonomy":"product_cat","embeddable":true,"href":"https:\/\/www.medsexporter.com\/es\/wp-json\/wp\/v2\/product_cat?post=52750"},{"taxonomy":"product_tag","embeddable":true,"href":"https:\/\/www.medsexporter.com\/es\/wp-json\/wp\/v2\/product_tag?post=52750"},{"taxonomy":"product_form","embeddable":true,"href":"https:\/\/www.medsexporter.com\/es\/wp-json\/wp\/v2\/product_form?post=52750"}],"curies":[{"name":"wp","href":"https:\/\/api.w.org\/{rel}","templated":true}]}}