{"id":52076,"date":"2024-05-23T05:26:06","date_gmt":"2024-05-23T05:26:06","guid":{"rendered":"https:\/\/medsexporter.com\/product\/cialis-tadalafil-tablet\/"},"modified":"2024-09-24T10:58:13","modified_gmt":"2024-09-24T10:58:13","slug":"tadalafilo-de-cialis","status":"publish","type":"product","link":"https:\/\/www.medsexporter.com\/es\/product\/tadalafilo-de-cialis\/","title":{"rendered":"Tableta de Cialis (Tadalafilo)"},"content":{"rendered":"\n<h2 class=\"wp-block-heading\"><strong>\u00bfQu\u00e9 es la tableta Cialis (Tadalafilo)?<\/strong><\/h2>\n\n\n\n<p>La tableta de Cialis de 20 mg es un tratamiento oral para la disfunci\u00f3n er\u00e9ctil (DE) o impotencia en los hombres. Es un medicamento que se vende solo con receta y que contiene tadalafilo, un inhibidor de la fosfodiesterasa tipo 5, como ingrediente activo principal. Este medicamento de alto potencial mejora la calidad de las erecciones en unos minutos y sigue siendo eficaz durante aproximadamente 36 horas.<\/p>\n\n\n\n<h2 class=\"wp-block-heading\"><strong>\u00bfPara qu\u00e9 se utiliza la tableta de Cialis?<\/strong><\/h2>\n\n\n\n<p>Este comprimido de tadalafilo se utiliza principalmente para tratar la impotencia masculina o disfunci\u00f3n er\u00e9ctil. Tambi\u00e9n se puede recomendar para tratar la disminuci\u00f3n de la libido o el deseo sexual en hombres adultos.<\/p>\n\n\n\n<p>Algunos de sus usos no indicados en el prospecto incluyen el tratamiento de la hiperplasia prost\u00e1tica benigna (HPB) y la hipertensi\u00f3n arterial pulmonar (HAP).<\/p>\n\n\n\n<p><strong>\u00a1Buenas noticias! Tenemos Cialis a la venta con ofertas y descuentos incre\u00edbles. \u00bfQuiere consultar ahora?<\/strong><\/p>\n\n\n\n<h2 class=\"wp-block-heading\"><strong>Cialis 20 mg y disfunci\u00f3n er\u00e9ctil<\/strong><\/h2>\n\n\n\n<p>El Cialis Tadalafil mejora las erecciones de forma natural al estimular el flujo sangu\u00edneo hacia los genitales. Para que esto suceda, el Tadalafil se absorbe en el torrente sangu\u00edneo en poco tiempo despu\u00e9s de la dosis y espera a que se active la excitaci\u00f3n sexual. Durante la disfunci\u00f3n er\u00e9ctil, los hombres experimentan cero o nula posibilidad de lograr un pene m\u00e1s r\u00edgido. El Tadalafil tiene que revertir este s\u00edntoma y superponer la suavidad con erecciones m\u00e1s fuertes para lograr una penetraci\u00f3n sexual satisfactoria.<\/p>\n\n\n\n<p>De esta manera, estimula el ciclo de la enzima cGMP, calma el estr\u00e9s acumulado alrededor de la regi\u00f3n p\u00e9lvica esponjosa y relaja los pulmones. Adem\u00e1s, destapa las venas que hacen circular la sangre hacia el pene. Tadalafil tambi\u00e9n minimiza el tiempo de recaptaci\u00f3n para que los hombres puedan disfrutar del sexo con penetraci\u00f3n varias veces durante su duraci\u00f3n de actividad. De esta manera, alivia los s\u00edntomas de la disfunci\u00f3n er\u00e9ctil y normaliza las relaciones \u00edntimas.<\/p>\n\n\n\n<h2 class=\"wp-block-heading\"><strong>Beneficios de la tableta de Cialis (tadalafilo)<\/strong><\/h2>\n\n\n\n<ul class=\"wp-block-list\">\n<li>Trata la impotencia\/DE<\/li>\n\n\n\n<li>Descarta quejas sobre falta de libido<\/li>\n\n\n\n<li>Excelente duraci\u00f3n: \u00a1hasta 36 horas!<\/li>\n\n\n\n<li>Revierte los s\u00edntomas de la disfunci\u00f3n er\u00e9ctil con solo un par de dosis<\/li>\n\n\n\n<li>Tratamiento fiable contra la impotencia<\/li>\n\n\n\n<li>Potenciador natural del deseo sexual para hombres<\/li>\n\n\n\n<li>Se adapta a casi todos los hombres (excepto aquellos con problemas de salud sensibles)<\/li>\n\n\n\n<li>Potenciador sexual de referencia para usar con regularidad<\/li>\n\n\n\n<li>Es seguro considerar su uso a largo plazo (bajo supervisi\u00f3n m\u00e9dica)<\/li>\n<\/ul>\n\n\n\n<h2 class=\"wp-block-heading\"><strong>Compre tabletas de Cialis de 20 mg en l\u00ednea de un proveedor mayorista confiable de MedsExporter<\/strong><\/h2>\n\n\n\n<p>Haga su pedido de tadalafilo en l\u00ednea \u00fanicamente a mayoristas o proveedores confiables, de buena reputaci\u00f3n y con licencia para garantizar que la salud de su usuario final no se vea comprometida. Al final del d\u00eda, la mayor\u00eda de los compradores intentan lograr la lealtad de los clientes, por lo que usted debe esforzarse por ganarse su confianza, que en \u00faltima instancia proviene de medicamentos de alta calidad. \u00bfDeber\u00edamos sugerirle d\u00f3nde puede solicitar medicamentos de calidad 100% garantizada?<\/p>\n\n\n\n<h2 class=\"wp-block-heading\"><strong>Precios competitivos en pedidos al por mayor de Cialis<\/strong><\/h2>\n\n\n\n<p>Compre tabletas de Cialis en l\u00ednea al por mayor con ofertas y descuentos atractivos solo en MedsExporter. Nuestros precios son los m\u00e1s competitivos del mercado farmac\u00e9utico, ya que puede comprar medicamentos genuinos a los mejores precios posibles.<\/p>\n\n\n\n<h2 class=\"wp-block-heading\"><strong>Opciones de embalaje personalizables<\/strong><\/h2>\n\n\n\n<p>Es emocionante cuando compras pedidos al por mayor de tabletas de Cialis y el fabricante te da la libertad de elegir entre paquetes personalizados. En MedsExporter.com, ofrecemos la opci\u00f3n de paquetes de 1 tableta en tira y 2 tabletas en tira para que elijas. Si tienes alg\u00fan requisito especial, no dudes en hablarlo con nuestro equipo. \u00bfEst\u00e1s listo para enviar una consulta?<\/p>\n\n\n\n<h2 class=\"wp-block-heading\"><strong>Condiciones de almacenamiento recomendadas<\/strong><\/h2>\n\n\n\n<p>Cuando almacena medicamentos a granel, es muy importante garantizar las condiciones de almacenamiento adecuadas. A continuaci\u00f3n, se incluyen algunas instrucciones generales de almacenamiento de tabletas de Cialis que debe tener en cuenta.<\/p>\n\n\n\n<ul class=\"wp-block-list\">\n<li>Adapte un m\u00e9todo de almacenamiento claro para una organizaci\u00f3n adecuada.<\/li>\n\n\n\n<li>Aseg\u00farese de almacenarlo de forma \u00f3ptima \u00fanicamente en un lugar fresco y seco.<\/li>\n\n\n\n<li>El cuarto de almacenamiento no debe recibir luz solar directa ni exposici\u00f3n a la humedad.<\/li>\n\n\n\n<li>Etiquete los medicamentos para facilitar el seguimiento de las fechas de vencimiento.<\/li>\n<\/ul>\n\n\n\n<h2 class=\"wp-block-heading\"><strong>Atenci\u00f3n al cliente 24 horas al d\u00eda, 7 d\u00edas a la semana<\/strong><\/h2>\n\n\n\n<p>Independientemente de la cantidad de su pedido, consulta, inquietud o consulta en mitad de la noche, nuestro equipo de atenci\u00f3n al cliente 24 horas al d\u00eda, 7 d\u00edas a la semana, garantiza una experiencia perfecta.<\/p>\n\n\n\n<h2 class=\"wp-block-heading\"><strong>Preguntas frecuentes<\/strong><\/h2>\n\n\n\n<h3 class=\"wp-block-heading\"><strong>\u00bfCu\u00e1nto dura la pastilla de Cialis?<\/strong><\/h3>\n\n\n\n<p>La tableta de Cialis tiene como ingrediente principal el Tadalafilo, que tiene un tiempo de acci\u00f3n prolongado, alrededor de 36 horas. Dicho esto, el medicamento tiene una vida media m\u00e1s larga, lo que permite a los hombres disfrutar de la intimidad como un sue\u00f1o.<\/p>\n\n\n\n<h3 class=\"wp-block-heading\"><strong>\u00bfSe puede utilizar la tableta de Cialis (Tadalafil) para tratar afecciones distintas a la disfunci\u00f3n er\u00e9ctil?<\/strong><\/h3>\n\n\n\n<p>El Cialis es un tratamiento oral de elecci\u00f3n para la impotencia masculina. Tambi\u00e9n es capaz de mejorar la disminuci\u00f3n de la libido o el bajo rendimiento sexual en hombres adultos.<\/p>\n\n\n\n<h3 class=\"wp-block-heading\"><strong>\u00bfEs la tableta de Cialis segura para todas?<\/strong><\/h3>\n\n\n\n<p>Aunque est\u00e1 etiquetado como seguro para la mayor\u00eda de los hombres adultos, existen algunas excepciones. Por ejemplo, los hombres al\u00e9rgicos al tadalafilo, aquellos diagnosticados con problemas de salud cr\u00edticos, los hombres que no pueden dejar de tomar medicamentos que interaccionan con \u00e9l, etc., deben consultar primero con el m\u00e9dico.<\/p>\n\n\n\n<h3 class=\"wp-block-heading\"><strong>\u00bfQu\u00e9 debo hacer si me olvido de tomar una dosis diaria de Cialis 20 mg?<\/strong><\/h3>\n\n\n\n<p>Tome la dosis olvidada usando un comprimido de Cialis de 20 mg inmediatamente despu\u00e9s de recordarlo. Pero evite compensar la dosis olvidada si ya es casi la hora de la siguiente dosis programada.<\/p>\n\n\n\n<h3 class=\"wp-block-heading\"><strong>\u00bfCu\u00e1les son los efectos secundarios comunes de Cialis?<\/strong><\/h3>\n\n\n\n<p>Los efectos secundarios de la tableta de Cialis son probablemente nominales y de corta duraci\u00f3n. Pueden ser n\u00e1useas leves o moderadas, mareos, dolor de est\u00f3mago, dolor de cabeza, v\u00f3mitos, debilidad, etc.<\/p>\n\n\n\n<h3 class=\"wp-block-heading\">\u00bfC\u00f3mo puedo rastrear mi pedido?<\/h3>\n\n\n\n<p>S\u00ed, puede realizar un seguimiento de su pedido f\u00e1cilmente al comprar Cialis en MedsExporter.com. Busque el enlace de seguimiento enviado por correo electr\u00f3nico al momento del env\u00edo del pedido. Si a\u00fan tiene alguna pregunta relacionada con el pedido, solicite actualizaciones de seguimiento a nuestro n\u00famero de atenci\u00f3n al cliente: +91 98 98972449.<\/p>\n\n\n\n<p>Otros medicamentos son: Tadacip 20mg | Megalis 20mg | Vidalista 20mg<\/p>\n","protected":false},"excerpt":{"rendered":"\u00bfQu\u00e9 es la tableta Cialis (Tadalafilo)? La tableta de Cialis de 20 mg es un tratamiento oral para la disfunci\u00f3n er\u00e9ctil (DE) o impotencia en los hombres. Es un medicamento que se vende solo con receta y que contiene tadalafilo, un inhibidor de la fosfodiesterasa tipo 5, como ingrediente activo principal. Este medicamento de alto [&hellip;]","protected":false},"featured_media":51726,"template":"","meta":{"_glsr_average":0,"_glsr_ranking":0,"_glsr_reviews":0},"product_brand":[],"product_cat":[3957,4011],"product_tag":[],"product_form":[4097],"class_list":{"0":"post-52076","1":"product","2":"type-product","3":"status-publish","4":"has-post-thumbnail","6":"product_cat-fabricante-de-medicamentos-para-la-disfuncion-erectil-en-india","7":"product_cat-medicamentos-para-la-salud-masculina-fabricante-en-india","8":"product_form-fabricante-de-tabletas-en-india","10":"first","11":"instock","12":"shipping-taxable","13":"product-type-simple"},"_links":{"self":[{"href":"https:\/\/www.medsexporter.com\/es\/wp-json\/wp\/v2\/product\/52076","targetHints":{"allow":["GET"]}}],"collection":[{"href":"https:\/\/www.medsexporter.com\/es\/wp-json\/wp\/v2\/product"}],"about":[{"href":"https:\/\/www.medsexporter.com\/es\/wp-json\/wp\/v2\/types\/product"}],"wp:featuredmedia":[{"embeddable":true,"href":"https:\/\/www.medsexporter.com\/es\/wp-json\/wp\/v2\/media\/51726"}],"wp:attachment":[{"href":"https:\/\/www.medsexporter.com\/es\/wp-json\/wp\/v2\/media?parent=52076"}],"wp:term":[{"taxonomy":"product_brand","embeddable":true,"href":"https:\/\/www.medsexporter.com\/es\/wp-json\/wp\/v2\/product_brand?post=52076"},{"taxonomy":"product_cat","embeddable":true,"href":"https:\/\/www.medsexporter.com\/es\/wp-json\/wp\/v2\/product_cat?post=52076"},{"taxonomy":"product_tag","embeddable":true,"href":"https:\/\/www.medsexporter.com\/es\/wp-json\/wp\/v2\/product_tag?post=52076"},{"taxonomy":"product_form","embeddable":true,"href":"https:\/\/www.medsexporter.com\/es\/wp-json\/wp\/v2\/product_form?post=52076"}],"curies":[{"name":"wp","href":"https:\/\/api.w.org\/{rel}","templated":true}]}}