{"id":52048,"date":"2024-05-23T05:27:28","date_gmt":"2024-05-23T05:27:28","guid":{"rendered":"https:\/\/medsexporter.com\/product\/shakti-enjofil-sildenafil-dapoxetine\/"},"modified":"2024-09-23T11:24:09","modified_gmt":"2024-09-23T11:24:09","slug":"shakti-enjofil","status":"publish","type":"product","link":"https:\/\/www.medsexporter.com\/es\/product\/shakti-enjofil\/","title":{"rendered":"Shakti Enjofil (Sildenafil\/Dapoxetina)"},"content":{"rendered":"\n<h2 class=\"wp-block-heading\"><strong>Breve descripci\u00f3n general de la tableta Shakti Enjofil<\/strong><\/h2>\n\n\n\n<p>La tableta Shakti Enjofil es uno de los medicamentos m\u00e1s destacados para la disfunci\u00f3n er\u00e9ctil y el flujo prematuro. Al combinar los ingredientes de acci\u00f3n r\u00e1pida Sildenafil y Dapoxetina, estas tabletas de doble acci\u00f3n son un remedio perfecto para los problemas que afectan la salud sexual masculina.<\/p>\n\n\n\n<h2 class=\"wp-block-heading\"><strong>Usos de la tableta Shakti Enjofil<\/strong><\/h2>\n\n\n\n<p>Los problemas de salud sexual masculina m\u00e1s frecuentes se tratan con este potenciador del deseo sexual masculino conocido como tableta Shakti Enjofil:<\/p>\n\n\n\n<ul class=\"wp-block-list\">\n<li>Impotencia o disfunci\u00f3n er\u00e9ctil<\/li>\n\n\n\n<li>Eyaculaci\u00f3n precoz<\/li>\n<\/ul>\n\n\n\n<h2 class=\"wp-block-heading\"><strong>\u00bfC\u00f3mo funciona la tableta Shakti Enjofil para tratar la disfunci\u00f3n er\u00e9ctil?<\/strong><\/h2>\n\n\n\n<p>La p\u00edldora Shakti Enjofil ED se relaciona con la cuesti\u00f3n de prolongar la duraci\u00f3n de las relaciones sexuales antes de la eyaculaci\u00f3n. Tambi\u00e9n desempe\u00f1a un papel muy importante para ayudar a los hombres a tener una erecci\u00f3n completa para un buen cl\u00edmax y una buena intimidad sexual. Este tipo de medicamento se puede utilizar de manera eficaz en la terapia de diferentes trastornos sexuales con el fin de tratar la eyaculaci\u00f3n precoz o la disfunci\u00f3n er\u00e9ctil.<\/p>\n\n\n\n<h2 class=\"wp-block-heading\"><strong>Shakti Enjofil (Sildenafil\/Dapoxetina): posibles beneficios<\/strong><\/h2>\n\n\n\n<ul class=\"wp-block-list\">\n<li>Mecanismo de doble acci\u00f3n.<\/li>\n\n\n\n<li>Medicamento de alto potencial para tratar simult\u00e1neamente la eyaculaci\u00f3n precoz y la disfunci\u00f3n er\u00e9ctil.<\/li>\n\n\n\n<li>Aumenta el rendimiento sexual general de los hombres.<\/li>\n\n\n\n<li>Aborda de forma segura y eficaz las disfunciones sexuales m\u00e1s comunes.<\/li>\n\n\n\n<li>Tiene muy pocos efectos adversos menores.<\/li>\n\n\n\n<li>La erecci\u00f3n puede producirse en menos de una hora.<\/li>\n\n\n\n<li>La duraci\u00f3n de la acci\u00f3n es de hasta cinco horas.<\/li>\n<\/ul>\n\n\n\n<h2 class=\"wp-block-heading\"><strong>Proveedor mayorista confiable de tabletas Shakti Enjofil (Sildenafil\/Dapoxetine)<\/strong><\/h2>\n\n\n\n<p>Somos un proveedor mayorista confiable de tabletas Shakti Enjofil; por lo tanto, ofrecemos un stock de calidad superior para satisfacer la demanda del mercado global. La habilidad y el profesionalismo de los empleados est\u00e1n asegurados debido a las instalaciones de calidad empleadas en la producci\u00f3n y el control de calidad, mientras que las redes de distribuci\u00f3n aseguran la entrega oportuna.<\/p>\n\n\n\n<p>Hoy, podemos afirmar con confianza que nuestra producci\u00f3n mensual es de 1 mill\u00f3n de tabletas por mes y nosotros, como proveedor de Shakti Enjofil, brindamos nuestros servicios a farmacias, m\u00e9dicos y distribuidores en todo el mundo a precios razonables y con las mejores relaciones con los clientes.<\/p>\n\n\n\n<h2 class=\"wp-block-heading\"><strong>Obtenga el mejor precio con la mejor oferta en Shakti Enjofil<\/strong><\/h2>\n\n\n\n<p>Obtenga los mejores precios para Shakti Enjofil (comprimido de sildenafil\/dapoxetina) a trav\u00e9s de una lista de precios bien elaborada. Vendemos nuestros productos a granel, por lo que podemos ofrecerles a nuestros consumidores un descuento manteniendo la calidad de los productos. Existen ofertas y bonificaciones temporales que tambi\u00e9n puede explorar para aprovechar a\u00fan m\u00e1s su inversi\u00f3n en este medicamento para la disfunci\u00f3n er\u00e9ctil y la eyaculaci\u00f3n precoz.<\/p>\n\n\n\n<h2 class=\"wp-block-heading\"><strong>Servicio de env\u00edo r\u00e1pido y seguro<\/strong><\/h2>\n\n\n\n<p>El env\u00edo r\u00e1pido y seguro le permite recibir su pedido de Shakti Enjofil r\u00e1pidamente y sin que nadie lo sepa. Empleamos t\u00e9cnicas de embalaje seguras para garantizar que los clientes reciban nuestros productos en las mejores condiciones posibles. Nos aseguramos de que todos los sistemas de seguimiento utilizados en esta empresa sean precisos y de que todos los servicios de mensajer\u00eda asociados con esta empresa sean de buena reputaci\u00f3n para garantizar que todos los pedidos se entreguen a nivel internacional. Nuestro personal capacitado supervisa muchas formalidades aduaneras para reducir el tiempo de espera. Dependiendo de sus limitaciones de tiempo y de costos, tendr\u00e1 varias opciones con respecto al tipo de env\u00edo que desee realizar.<\/p>\n\n\n\n<h2 class=\"wp-block-heading\"><strong>\u00bfCu\u00e1les son las condiciones de almacenamiento recomendadas para las tabletas de Shakti Enjofil?<\/strong><\/h2>\n\n\n\n<p>Debe conservarse a temperatura ambiente, es decir, entre 68 y 74 grados Fahrenheit. Adem\u00e1s, no debe exponerse a la luz solar directa, al calor ni a la humedad.<\/p>\n\n\n\n<h2 class=\"wp-block-heading\"><strong>Atenci\u00f3n al cliente 24 horas al d\u00eda, 7 d\u00edas a la semana<\/strong><\/h2>\n\n\n\n<p>En cuanto a la atenci\u00f3n al cliente, contamos con un servicio disponible las 24 horas del d\u00eda, los 7 d\u00edas de la semana. Nuestro equipo est\u00e1 siempre dispuesto a ayudarte si tienes alguna pregunta o inquietud. Nuestros servicios est\u00e1n pensados \u200b\u200bpara tu comodidad e incluyen una resoluci\u00f3n de problemas r\u00e1pida y eficiente durante todo el d\u00eda.<\/p>\n\n\n\n<h2 class=\"wp-block-heading\"><strong>Sustitutos de Shakti Enjofil<\/strong><\/h2>\n\n\n\n<p>Cenforce D<br>Cenforce LD<br>Suhagra Force<br>Super Force Oral Jelly<br>DA Zeagra<br>Super Begma<br>Super Enjofil<br>Extra Super Enjofil<\/p>\n\n\n\n<h2 class=\"wp-block-heading\"><strong>Preguntas frecuentes<\/strong><\/h2>\n\n\n\n<h3 class=\"wp-block-heading\"><strong>\u00bfCu\u00e1nto tiempo se tarda en ver resultados con las tabletas de Shakti Enjofil?<\/strong><\/h3>\n\n\n\n<p>La mayor\u00eda de los hombres pueden comenzar a ver resultados una hora despu\u00e9s de tomar el medicamento.<\/p>\n\n\n\n<h3 class=\"wp-block-heading\"><strong>\u00bfC\u00f3mo ayuda a tratar la eyaculaci\u00f3n precoz?<\/strong><\/h3>\n\n\n\n<p>Shakti Enjofil contiene dos ingredientes principales, sildenafil y dapoxetina, que funcionan de dos maneras. Pero su mecanismo de acci\u00f3n no comienza hasta que el hombre intenta los juegos previos y experimenta estimulaci\u00f3n sexual.<\/p>\n\n\n\n<h3 class=\"wp-block-heading\"><strong>\u00bfEs segura la tableta Shakti Enjofil para uso a largo plazo?<\/strong><\/h3>\n\n\n\n<p>S\u00ed, la mayor\u00eda de los hombres pueden tomar Shakti Enjofil de forma segura, seg\u00fan los m\u00e9dicos, siempre que respeten estrictamente las dosis. Consulte a su m\u00e9dico si est\u00e1 tomando otros medicamentos o si tiene alguna otra afecci\u00f3n m\u00e9dica.<\/p>\n\n\n\n<h3 class=\"wp-block-heading\"><strong>\u00bfCuanto tiempo dura?<\/strong><\/h3>\n\n\n\n<p>El efecto de Shakti Enjofil puede durar de 4 a 5 horas.<\/p>\n\n\n\n<h3 class=\"wp-block-heading\"><strong>\u00bfPuede ser utilizado por todas?<\/strong><\/h3>\n\n\n\n<p>Este medicamento puede ser utilizado por cualquier hombre al que se le haya diagnosticado disfunci\u00f3n er\u00e9ctil y eyaculaci\u00f3n precoz al mismo tiempo. Sin embargo, se recomienda tomarlo solo si lo indica un m\u00e9dico.<\/p>\n\n\n\n<h3 class=\"wp-block-heading\"><strong>\u00bfQu\u00e9 m\u00e9todos de pago aceptan?<\/strong><\/h3>\n\n\n\n<p>La transferencia bancaria es nuestro m\u00e9todo de pago preferido.<\/p>\n\n\n\n<h3 class=\"wp-block-heading\"><strong>\u00bfC\u00f3mo puedo rastrear mi pedido?<\/strong><\/h3>\n\n\n\n<p>Los clientes recibir\u00e1n n\u00fameros de seguimiento por correo electr\u00f3nico y en nuestro portal despu\u00e9s de realizar un pedido. Pueden usarlos para rastrear su env\u00edo desde nuestro almac\u00e9n hasta el momento de la entrega.<\/p>\n","protected":false},"excerpt":{"rendered":"Breve descripci\u00f3n general de la tableta Shakti Enjofil La tableta Shakti Enjofil es uno de los medicamentos m\u00e1s destacados para la disfunci\u00f3n er\u00e9ctil y el flujo prematuro. Al combinar los ingredientes de acci\u00f3n r\u00e1pida Sildenafil y Dapoxetina, estas tabletas de doble acci\u00f3n son un remedio perfecto para los problemas que afectan la salud sexual masculina. [&hellip;]","protected":false},"featured_media":51863,"template":"","meta":{"_glsr_average":0,"_glsr_ranking":0,"_glsr_reviews":0},"product_brand":[],"product_cat":[3957,4043,4011],"product_tag":[],"product_form":[4097],"class_list":{"0":"post-52048","1":"product","2":"type-product","3":"status-publish","4":"has-post-thumbnail","6":"product_cat-fabricante-de-medicamentos-para-la-disfuncion-erectil-en-india","7":"product_cat-medicina-para-la-eyaculacion-precoz-fabricantes-en-india","8":"product_cat-medicamentos-para-la-salud-masculina-fabricante-en-india","9":"product_form-fabricante-de-tabletas-en-india","11":"first","12":"instock","13":"shipping-taxable","14":"product-type-simple"},"_links":{"self":[{"href":"https:\/\/www.medsexporter.com\/es\/wp-json\/wp\/v2\/product\/52048","targetHints":{"allow":["GET"]}}],"collection":[{"href":"https:\/\/www.medsexporter.com\/es\/wp-json\/wp\/v2\/product"}],"about":[{"href":"https:\/\/www.medsexporter.com\/es\/wp-json\/wp\/v2\/types\/product"}],"wp:featuredmedia":[{"embeddable":true,"href":"https:\/\/www.medsexporter.com\/es\/wp-json\/wp\/v2\/media\/51863"}],"wp:attachment":[{"href":"https:\/\/www.medsexporter.com\/es\/wp-json\/wp\/v2\/media?parent=52048"}],"wp:term":[{"taxonomy":"product_brand","embeddable":true,"href":"https:\/\/www.medsexporter.com\/es\/wp-json\/wp\/v2\/product_brand?post=52048"},{"taxonomy":"product_cat","embeddable":true,"href":"https:\/\/www.medsexporter.com\/es\/wp-json\/wp\/v2\/product_cat?post=52048"},{"taxonomy":"product_tag","embeddable":true,"href":"https:\/\/www.medsexporter.com\/es\/wp-json\/wp\/v2\/product_tag?post=52048"},{"taxonomy":"product_form","embeddable":true,"href":"https:\/\/www.medsexporter.com\/es\/wp-json\/wp\/v2\/product_form?post=52048"}],"curies":[{"name":"wp","href":"https:\/\/api.w.org\/{rel}","templated":true}]}}