{"id":52043,"date":"2024-05-23T05:13:48","date_gmt":"2024-05-23T05:13:48","guid":{"rendered":"https:\/\/medsexporter.com\/product\/silditop-sildenafil-citrate\/"},"modified":"2024-09-23T09:46:55","modified_gmt":"2024-09-23T09:46:55","slug":"silditop-citrato-de-sildenafil","status":"publish","type":"product","link":"https:\/\/www.medsexporter.com\/es\/product\/silditop-citrato-de-sildenafil\/","title":{"rendered":"Silditop (citrato de sildenafil)"},"content":{"rendered":"\n<h2 class=\"wp-block-heading\"><strong>Introducci\u00f3n de la tableta Silditop<\/strong><\/h2>\n\n\n\n<p>Silditop, un producto de la marca Viagra disponible en todo el mundo, proporciona uno de los tratamientos m\u00e1s eficaces para el trastorno er\u00e9ctil masculino. Ayuda a restablecer la funci\u00f3n sexual a trav\u00e9s del flujo sangu\u00edneo al pene durante la estimulaci\u00f3n sexual. Con capacidad para suministrar 1 mill\u00f3n de comprimidos al mes y respaldado por una s\u00f3lida red internacional, la p\u00edldora Silditop ED est\u00e1 lista para cubrir la necesidad mundial de un tratamiento eficaz para la disfunci\u00f3n er\u00e9ctil.<\/p>\n\n\n\n<h2 class=\"wp-block-heading\"><strong>\u00bfC\u00f3mo funciona?<\/strong><\/h2>\n\n\n\n<p>Silditop Tableta es un inhibidor de la fosfodiesterasa-5 (PDE-5). La PDE-5, una prote\u00edna que se encuentra en el cuerpo, descompone las sustancias que provocan una erecci\u00f3n. Silditop facilita la erecci\u00f3n al relajar m\u00fasculos espec\u00edficos del pene y hacer que el pene se llene de sangre cuando inhibe la PDE-5.<\/p>\n\n\n\n<h2 class=\"wp-block-heading\"><strong>Silditop &#8211; Tableta de citrato de sildenafil: un tratamiento eficaz para la disfunci\u00f3n er\u00e9ctil<\/strong><\/h2>\n\n\n\n<p>Para los hombres con disfunci\u00f3n er\u00e9ctil, Silditop (comprimido de citrato de sildenafil) es un medicamento muy eficaz con un perfil favorable de seguridad y tolerabilidad.<\/p>\n\n\n\n<h2 class=\"wp-block-heading\"><strong>Beneficios de Silditop<\/strong><\/h2>\n\n\n\n<ul class=\"wp-block-list\">\n<li>Uno de los medicamentos de primera elecci\u00f3n para el tratamiento de la DE<\/li>\n\n\n\n<li>Se puede tomar solo seg\u00fan sea necesario.<\/li>\n\n\n\n<li>Puede esperar entre 30 minutos y 4 horas antes de tener actividad sexual.<\/li>\n\n\n\n<li>Viene en dos concentraciones (50 mg y 100 mg), para que puedas determinar cu\u00e1l es mejor para ti.<\/li>\n<\/ul>\n\n\n\n<h2 class=\"wp-block-heading\"><strong>Concentraciones disponibles de la p\u00edldora Silditop ED<\/strong><\/h2>\n\n\n\n<ul class=\"wp-block-list\">\n<li><a href=\"https:\/\/medsexporter.com\/product\/silditop-50mg\/\">Silditop 50 mg<\/a><\/li>\n\n\n\n<li><a href=\"https:\/\/medsexporter.com\/product\/silditop-100mg\/\">Silditop 100 mg<\/a><\/li>\n\n\n\n<li>Silditop Soft (citrato de sildenafil)<\/li>\n\n\n\n<li><a href=\"https:\/\/medsexporter.com\/product\/silditop-super-active\/\">Silditop Super Active<\/a><\/li>\n\n\n\n<li>Silditop Professional<\/li>\n<\/ul>\n\n\n\n<h2 class=\"wp-block-heading\"><strong>Compre tabletas de Silditop en l\u00ednea a nuestro proveedor mayorista<\/strong><\/h2>\n\n\n\n<p>Compre Silditop 50 mg o 100 mg en tabletas en l\u00ednea a trav\u00e9s de nuestro proveedor mayorista de confianza en medsexporter.com. Compre tabletas de sildenafil de calidad a un precio econ\u00f3mico con entrega gratuita y r\u00e1pida y un excelente servicio de atenci\u00f3n al cliente.<\/p>\n\n\n\n<h2 class=\"wp-block-heading\"><strong>Disponibilidad de opciones de compra al por mayor de Silditop con descuentos<\/strong><\/h2>\n\n\n\n<p>Medsexporter.com ofrece Silditop a la venta al por mayor con descuentos especiales que lo hacen m\u00e1s econ\u00f3mico para el mayorista de Silditop o para quienes deseen comprarlo en los centros de salud. Un suministro colosal para su negocio est\u00e1 bien con precios competitivos para ellos.<\/p>\n\n\n\n<h2 class=\"wp-block-heading\"><strong>Opciones de embalaje personalizables para mercados globales<\/strong><\/h2>\n\n\n\n<p>Despu\u00e9s de comprar Silditop en l\u00ednea, nuestros servicios de empaque incluyen flexibilidad en el tipo de empaque correspondiente a los diferentes mercados globales, lo que permite que nuestras marcas se ajusten a estas leyes y al mismo tiempo satisfagan las diversas demandas de los clientes objetivo de otras regiones.<\/p>\n\n\n\n<h2 class=\"wp-block-heading\"><strong>Informaci\u00f3n sobre tiempos de env\u00edo y opciones de entrega internacional<\/strong><\/h2>\n\n\n\n<p>En cuanto a la entrega, como exportadores de Silditop, le ofrecemos el plazo de env\u00edo m\u00e1s breve y varias posibilidades de entrega en todo el mundo. Algunos aspectos incluyen soluciones de entrega flexibles para m\u00faltiples regiones y servicios de seguimiento eficientes.<\/p>\n\n\n\n<h2 class=\"wp-block-heading\"><strong>Almacenamiento recomendado (en grandes cantidades)<\/strong><\/h2>\n\n\n\n<p>Respecto al almacenamiento de productos en grandes cantidades, es aconsejable almacenar la tableta de citrato de sildenafil en un ambiente libre de humedad y calor, sin exposici\u00f3n a la luz solar directa, lo que est\u00e1 en l\u00ednea con las regulaciones de almacenamiento establecidas sobre temperaturas.<\/p>\n\n\n\n<h2 class=\"wp-block-heading\"><strong>Atenci\u00f3n al cliente 24 horas al d\u00eda, 7 d\u00edas a la semana<\/strong><\/h2>\n\n\n\n<p>Si tiene alguna pregunta o experimenta alg\u00fan problema con respecto a nuestros servicios, contamos con soporte al cliente disponible las 24 horas del d\u00eda; esto se debe a que nuestro objetivo es brindar soluciones las 24 horas del d\u00eda, todo con el fin de mejorar su experiencia y garantizar un servicio oportuno, profesional y confiable en todo momento.<\/p>\n\n\n\n<h2 class=\"wp-block-heading\"><strong>Preguntas frecuentes<\/strong><\/h2>\n\n\n\n<h3 class=\"wp-block-heading\"><strong>1. \u00bfPueden utilizar Silditop las mujeres?<\/strong><\/h3>\n\n\n\n<p>No, Silditop no se prescribe a mujeres; no hay datos suficientes para respaldar el uso de Silditop en mujeres con problemas sexuales.<\/p>\n\n\n\n<h3 class=\"wp-block-heading\"><strong>2. \u00bfCu\u00e1l es la dosis recomendada de Silditop para potenciar el rendimiento sexual?<\/strong><\/h3>\n\n\n\n<p>En caso de disfunci\u00f3n er\u00e9ctil, a menudo se recomienda una dosis inicial de 50 mg de Silditop, que debe tomarse seg\u00fan sea necesario aproximadamente una hora antes de la actividad sexual.<\/p>\n\n\n\n<h3 class=\"wp-block-heading\"><strong>3. \u00bfSe puede utilizar Silditop para otras afecciones adem\u00e1s de la disfunci\u00f3n er\u00e9ctil?<\/strong><\/h3>\n\n\n\n<p>Silditop se utiliza para tratar la disfunci\u00f3n er\u00e9ctil en hombres. Adem\u00e1s, la hipertensi\u00f3n pulmonar (presi\u00f3n arterial alta en las arterias que irrigan los pulmones) se trata ocasionalmente con Silditop.<\/p>\n\n\n\n<h3 class=\"wp-block-heading\"><strong>4. \u00bfTiene alg\u00fan efecto el comprimido de Silditop sobre la infertilidad?<\/strong><\/h3>\n\n\n\n<p>No existen pruebas suficientes para concluir que el uso de Silditop reduzca la fertilidad en hombres o mujeres. Si est\u00e1 intentando quedarse embarazada, consulte a su m\u00e9dico antes de tomarlo.<\/p>\n\n\n\n<h3 class=\"wp-block-heading\"><strong>5. \u00bfTiene Silditop efectos secundarios?<\/strong><\/h3>\n\n\n\n<p>Busque atenci\u00f3n m\u00e9dica de emergencia si tiene alguno de los siguientes s\u00edntomas de una reacci\u00f3n a Silditop:<\/p>\n\n\n\n<ul class=\"wp-block-list\">\n<li>Urticaria<\/li>\n\n\n\n<li>Dificultad para respirar<\/li>\n\n\n\n<li>Hinchaz\u00f3n en la cara, los labios, la lengua o la garganta<\/li>\n\n\n\n<li>N\u00e1useas<\/li>\n\n\n\n<li>Sudoraci\u00f3n<\/li>\n\n\n\n<li>Cambios en la visi\u00f3n o p\u00e9rdida repentina de la visi\u00f3n<\/li>\n\n\n\n<li>Erecci\u00f3n inc\u00f3moda o prolongada<\/li>\n\n\n\n<li>P\u00e9rdida repentina de la audici\u00f3n o zumbido en los o\u00eddos<\/li>\n\n\n\n<li>Ritmo card\u00edaco irregular<\/li>\n\n\n\n<li>Hinchaz\u00f3n en las manos, los tobillos o los pies<\/li>\n\n\n\n<li>Dificultad para respirar<\/li>\n\n\n\n<li>Dolor de cabeza<\/li>\n\n\n\n<li>Mareos<\/li>\n\n\n\n<li>Enrojecimiento<\/li>\n<\/ul>\n\n\n\n<h3 class=\"wp-block-heading\"><strong>6. \u00bfC\u00f3mo puedo rastrear mi pedido?<\/strong><\/h3>\n\n\n\n<p>Recibir\u00e1 un n\u00famero de seguimiento tan pronto como complete su pedido. Utilice este n\u00famero de seguimiento para realizar el seguimiento de su pedido.<\/p>\n","protected":false},"excerpt":{"rendered":"Introducci\u00f3n de la tableta Silditop Silditop, un producto de la marca Viagra disponible en todo el mundo, proporciona uno de los tratamientos m\u00e1s eficaces para el trastorno er\u00e9ctil masculino. Ayuda a restablecer la funci\u00f3n sexual a trav\u00e9s del flujo sangu\u00edneo al pene durante la estimulaci\u00f3n sexual. Con capacidad para suministrar 1 mill\u00f3n de comprimidos al [&hellip;]","protected":false},"featured_media":52041,"template":"","meta":{"_glsr_average":0,"_glsr_ranking":0,"_glsr_reviews":0},"product_brand":[],"product_cat":[3957,4011],"product_tag":[],"product_form":[4097],"class_list":{"0":"post-52043","1":"product","2":"type-product","3":"status-publish","4":"has-post-thumbnail","6":"product_cat-fabricante-de-medicamentos-para-la-disfuncion-erectil-en-india","7":"product_cat-medicamentos-para-la-salud-masculina-fabricante-en-india","8":"product_form-fabricante-de-tabletas-en-india","10":"first","11":"outofstock","12":"shipping-taxable","13":"product-type-simple"},"_links":{"self":[{"href":"https:\/\/www.medsexporter.com\/es\/wp-json\/wp\/v2\/product\/52043","targetHints":{"allow":["GET"]}}],"collection":[{"href":"https:\/\/www.medsexporter.com\/es\/wp-json\/wp\/v2\/product"}],"about":[{"href":"https:\/\/www.medsexporter.com\/es\/wp-json\/wp\/v2\/types\/product"}],"wp:featuredmedia":[{"embeddable":true,"href":"https:\/\/www.medsexporter.com\/es\/wp-json\/wp\/v2\/media\/52041"}],"wp:attachment":[{"href":"https:\/\/www.medsexporter.com\/es\/wp-json\/wp\/v2\/media?parent=52043"}],"wp:term":[{"taxonomy":"product_brand","embeddable":true,"href":"https:\/\/www.medsexporter.com\/es\/wp-json\/wp\/v2\/product_brand?post=52043"},{"taxonomy":"product_cat","embeddable":true,"href":"https:\/\/www.medsexporter.com\/es\/wp-json\/wp\/v2\/product_cat?post=52043"},{"taxonomy":"product_tag","embeddable":true,"href":"https:\/\/www.medsexporter.com\/es\/wp-json\/wp\/v2\/product_tag?post=52043"},{"taxonomy":"product_form","embeddable":true,"href":"https:\/\/www.medsexporter.com\/es\/wp-json\/wp\/v2\/product_form?post=52043"}],"curies":[{"name":"wp","href":"https:\/\/api.w.org\/{rel}","templated":true}]}}