{"id":52029,"date":"2024-05-23T04:47:40","date_gmt":"2024-05-23T04:47:40","guid":{"rendered":"https:\/\/medsexporter.com\/product\/buy-ribavirin-capsule-ribavirin\/"},"modified":"2024-09-20T10:51:28","modified_gmt":"2024-09-20T10:51:28","slug":"comprar-ribavirina","status":"publish","type":"product","link":"https:\/\/www.medsexporter.com\/es\/product\/comprar-ribavirina\/","title":{"rendered":"Comprar c\u00e1psula de ribavirina (Ribavirina)"},"content":{"rendered":"\n<h2 class=\"wp-block-heading\"><strong>C\u00e1psula de ribavirina: descripci\u00f3n general<\/strong><\/h2>\n\n\n\n<p>La c\u00e1psula de ribavirina es un tratamiento de venta con receta para la infecci\u00f3n cr\u00f3nica por el virus de la hepatitis C (VHC). Este remedio oral contiene ribavirina como ingrediente principal y se comercializa como Rebetol. A menudo se prescribe en combinaci\u00f3n con otros medicamentos antivirales, lo que mejora su eficacia.<\/p>\n\n\n\n<p>Hasta ahora, este medicamento ha mejorado millones de vidas al ser un tratamiento muy confiable contra el VHC. El objetivo principal de este f\u00e1rmaco es eliminar la carga viral del cuerpo y, al mismo tiempo, prevenir la progresi\u00f3n de la enfermedad.<\/p>\n\n\n\n<p>Elegir un mayorista autorizado de c\u00e1psulas de ribavirina puede desempe\u00f1ar un papel fundamental en el proceso general del tratamiento, ya que la calidad y la eficacia del f\u00e1rmaco est\u00e1n garantizadas.<\/p>\n\n\n\n<h2 class=\"wp-block-heading\"><strong>\u00bfC\u00f3mo funciona en tu cuerpo?<\/strong><\/h2>\n\n\n\n<p>La c\u00e1psula de ribavirina es un f\u00e1rmaco antiviral que se prescribe principalmente a pacientes que no han recibido tratamiento con interfer\u00f3n anteriormente. Pertenece a la clase de f\u00e1rmacos an\u00e1logos de nucle\u00f3sidos. Este f\u00e1rmaco act\u00faa atacando a los virus de la hepatitis C en el torrente sangu\u00edneo y bloqueando su replicaci\u00f3n. De este modo, el sistema inmunitario tiene la oportunidad de combatir los virus y proteger al organismo de las infecciones.<\/p>\n\n\n\n<p>La c\u00e1psula de ribavirina de 200 mg es la dosis est\u00e1ndar que resulta muy eficaz para mejorar la eficacia del interfer\u00f3n (o de f\u00e1rmacos combinados similares). Gradualmente, este medicamento disminuye la presencia de virus del VHC en el organismo. Desempe\u00f1a un papel importante en la eliminaci\u00f3n del da\u00f1o a largo plazo al h\u00edgado, mejorando as\u00ed la calidad de vida en general.<\/p>\n\n\n\n<h2 class=\"wp-block-heading\"><strong>Ribavirina 200 mg: tratamiento de la infecci\u00f3n cr\u00f3nica por el virus de la hepatitis C (VHC)<\/strong><\/h2>\n\n\n\n<p>La hepatitis C cr\u00f3nica (VHC) es una infecci\u00f3n viral cr\u00f3nica que puede causar da\u00f1o hep\u00e1tico, denominado en t\u00e9rminos m\u00e9dicos cirrosis. Si no se trata o se ignora, tambi\u00e9n puede causar c\u00e1ncer de h\u00edgado. Este medicamento desempe\u00f1a un papel importante en la prevenci\u00f3n de mayores da\u00f1os al cuerpo causados \u200b\u200bpor los virus, bloqueando as\u00ed su replicaci\u00f3n. Se prefiere principalmente como terapia combinada con otros antivirales para aumentar su eficacia.<\/p>\n\n\n\n<h2 class=\"wp-block-heading\"><strong>\u00bfCu\u00e1les son los beneficios de la c\u00e1psula de ribavirina?<\/strong><\/h2>\n\n\n\n<ul class=\"wp-block-list\">\n<li>Ribavirina 200 mg es un antiviral m\u00e1s fuerte<\/li>\n\n\n\n<li>Aumenta la eliminaci\u00f3n de virus del organismo<\/li>\n\n\n\n<li>Medicamento combinado altamente eficaz para otros antivirales<\/li>\n\n\n\n<li>Disminuye el riesgo de da\u00f1o hep\u00e1tico<\/li>\n\n\n\n<li>Mejora las funciones generales del h\u00edgado<\/li>\n<\/ul>\n\n\n\n<h2 class=\"wp-block-heading\"><strong>C\u00e1psula de ribavirina \u2013 Medsexporter.com | Proveedor mayorista y exportador<\/strong><\/h2>\n\n\n\n<p>Medsexporter es un antiguo exportador de ribavirina que satisface las necesidades de suministro al por mayor de distribuidores y proveedores de atenci\u00f3n m\u00e9dica de todo el mundo. Asumimos la responsabilidad de adquirir medicamentos 100 % aut\u00e9nticos de fabricantes reconocidos y garantizar una entrega segura para que pueda satisfacer las demandas de sus clientes.<\/p>\n\n\n\n<p>Tenga la seguridad de que los medicamentos de alta calidad y los precios competitivos llegar\u00e1n a su almac\u00e9n de manera segura. Como exportamos medicamentos a nivel mundial, contamos con los mejores socios log\u00edsticos.<\/p>\n\n\n\n<h2 class=\"wp-block-heading\"><strong>Embalaje personalizable de c\u00e1psulas de Ribavirina<\/strong><\/h2>\n\n\n\n<p>Por ahora, tenemos este medicamento disponible en envases de 140 c\u00e1psulas en 1 frasco. En caso de que tenga alg\u00fan requisito de personalizaci\u00f3n especial, no dude en comentarlo con nuestro servicio de atenci\u00f3n al cliente. Nuestros ejecutivos le informar\u00e1n sobre las mejores opciones y si se pueden satisfacer sus necesidades de paquete personalizado.<\/p>\n\n\n\n<h2 class=\"wp-block-heading\"><strong>\u00bfCuales son las condiciones de pago?<\/strong><\/h2>\n\n\n\n<p>Aceptamos transferencias bancarias como el m\u00e9todo de pago m\u00e1s r\u00e1pido y preferido por nuestros clientes. Es mejor realizar el pago completo en una sola operaci\u00f3n para que el proceso sea m\u00e1s r\u00e1pido y conveniente. Puede pagar en l\u00ednea a trav\u00e9s de nuestro sitio web, ya que es totalmente seguro.<\/p>\n\n\n\n<h2 class=\"wp-block-heading\"><strong>Opciones de env\u00edo disponibles<\/strong><\/h2>\n\n\n\n<p>Todos nuestros pedidos se env\u00edan por orden de llegada con env\u00edo expr\u00e9s en un plazo de 6 a 15 d\u00edas. El plazo de entrega estimado se enviar\u00e1 por correo electr\u00f3nico tras la confirmaci\u00f3n del pago. En caso de que tengas alguna urgencia o esperes recibir el pedido antes de nuestro plazo de entrega est\u00e1ndar, comun\u00edcate con nuestro servicio de atenci\u00f3n al cliente para obtener asistencia relacionada.<\/p>\n\n\n\n<h2 class=\"wp-block-heading\"><strong>Condiciones recomendadas de almacenamiento a granel<\/strong><\/h2>\n\n\n\n<p>Est\u00e1 invirtiendo en la compra de Ribavirina en l\u00ednea al por mayor, por lo que es importante garantizar las condiciones de almacenamiento adecuadas para preservar la calidad de los medicamentos.<\/p>\n\n\n\n<p>Mantenga el paquete a una temperatura entre 20 y 25 grados cent\u00edgrados, lejos de la luz solar directa, la luz y la humedad.<\/p>\n\n\n\n<h2 class=\"wp-block-heading\"><strong>Atenci\u00f3n al cliente 24 horas al d\u00eda, 7 d\u00edas a la semana<\/strong><\/h2>\n\n\n\n<p>Estamos aqu\u00ed para atender sus consultas e inquietudes en cualquier momento que desee comunicarse con nosotros. Ll\u00e1menos u opte por el soporte de chat en vivo disponible las 24 horas, los 7 d\u00edas de la semana.<\/p>\n\n\n\n<h2 class=\"wp-block-heading\"><strong>Preguntas frecuentes<\/strong><\/h2>\n\n\n\n<h3 class=\"wp-block-heading\"><strong>\u00bfSe puede utilizar ribavirina para otras infecciones virales?<\/strong><\/h3>\n\n\n\n<p>La ribavirina para el VHC es el primer uso, pero tambi\u00e9n se ha comprobado que es eficaz por sus propiedades antivirales. Por ejemplo, se puede recetar para el virus respiratorio sincitial (VSR) si el profesional sanitario lo considera adecuado.<\/p>\n\n\n\n<h3 class=\"wp-block-heading\"><strong>\u00bfEs segura usar Ribavirin Capsule durante la lactancia?<\/strong><\/h3>\n\n\n\n<p>Este medicamento no es seguro para el consumo durante la lactancia porque la ribavirina pasa a trav\u00e9s de la leche materna y es perjudicial para el ni\u00f1o. Informe a su m\u00e9dico sobre la lactancia antes de utilizar este medicamento.<\/p>\n\n\n\n<h3 class=\"wp-block-heading\"><strong>\u00bfQu\u00e9 medicamentos o sustancias pueden interactuar con la c\u00e1psula de ribavirina?<\/strong><\/h3>\n\n\n\n<p>Com\u00fanmente, los medicamentos como los anti\u00e1cidos y los f\u00e1rmacos que afectan las funciones hep\u00e1ticas son los principales medicamentos que interact\u00faan con la ribavirina. Aseg\u00farese de informar al m\u00e9dico sobre los medicamentos que est\u00e9 tomando antes de tomar este medicamento.<\/p>\n\n\n\n<h3 class=\"wp-block-heading\"><strong>\u00bfQu\u00e9 debo hacer si accidentalmente tomo demasiadas c\u00e1psulas de Ribavirina?<\/strong><\/h3>\n\n\n\n<p>Busque atenci\u00f3n m\u00e9dica de inmediato si accidentalmente toma una sobredosis de c\u00e1psulas de Ribavirina de 200 mg. Si se ignora, la sobredosis aumenta el riesgo de sufrir efectos secundarios graves.<\/p>\n\n\n\n<h3 class=\"wp-block-heading\"><strong>\u00bfTiene efectos secundarios?<\/strong><\/h3>\n\n\n\n<p>S\u00ed, al inicio del tratamiento pueden aparecer algunos efectos secundarios. Generalmente, s\u00edntomas leves o moderados como n\u00e1useas, insomnio, dolor de cabeza, fatiga, etc. Si aparecen s\u00edntomas persistentes o graves, contacte con su m\u00e9dico lo antes posible.<\/p>\n\n\n\n<h3 class=\"wp-block-heading\"><strong>\u00bfC\u00f3mo puedo realizar un pedido de c\u00e1psulas de Ribavirina?<\/strong><\/h3>\n\n\n\n<p>Compre Ribavirina 200 mg de proveedores genuinos como medsexporter, donde obtendr\u00e1 una calidad de medicamento garantizada, un cat\u00e1logo en l\u00ednea, instalaciones de procesamiento de pedidos personalizados, cotizaciones personalizadas y m\u00e1s. Simplemente env\u00ede sus consultas o utilice el soporte de chat en vivo para realizar su pedido de inmediato.<\/p>\n","protected":false},"excerpt":{"rendered":"C\u00e1psula de ribavirina: descripci\u00f3n general La c\u00e1psula de ribavirina es un tratamiento de venta con receta para la infecci\u00f3n cr\u00f3nica por el virus de la hepatitis C (VHC). Este remedio oral contiene ribavirina como ingrediente principal y se comercializa como Rebetol. A menudo se prescribe en combinaci\u00f3n con otros medicamentos antivirales, lo que mejora su [&hellip;]","protected":false},"featured_media":48736,"template":"","meta":{"_glsr_average":0,"_glsr_ranking":0,"_glsr_reviews":0},"product_brand":[],"product_cat":[3989,3942],"product_tag":[],"product_form":[4147],"class_list":{"0":"post-52029","1":"product","2":"type-product","3":"status-publish","4":"has-post-thumbnail","6":"product_cat-fabricante-de-medicamentos-contra-la-hepatitis-c-en-la-india","7":"product_cat-medicina-para-mielofibrosis-idiopatica-cronica-fabricante-en-india","8":"product_form-fabricante-de-capsulas-en-la-india","10":"first","11":"instock","12":"shipping-taxable","13":"product-type-simple"},"_links":{"self":[{"href":"https:\/\/www.medsexporter.com\/es\/wp-json\/wp\/v2\/product\/52029","targetHints":{"allow":["GET"]}}],"collection":[{"href":"https:\/\/www.medsexporter.com\/es\/wp-json\/wp\/v2\/product"}],"about":[{"href":"https:\/\/www.medsexporter.com\/es\/wp-json\/wp\/v2\/types\/product"}],"wp:featuredmedia":[{"embeddable":true,"href":"https:\/\/www.medsexporter.com\/es\/wp-json\/wp\/v2\/media\/48736"}],"wp:attachment":[{"href":"https:\/\/www.medsexporter.com\/es\/wp-json\/wp\/v2\/media?parent=52029"}],"wp:term":[{"taxonomy":"product_brand","embeddable":true,"href":"https:\/\/www.medsexporter.com\/es\/wp-json\/wp\/v2\/product_brand?post=52029"},{"taxonomy":"product_cat","embeddable":true,"href":"https:\/\/www.medsexporter.com\/es\/wp-json\/wp\/v2\/product_cat?post=52029"},{"taxonomy":"product_tag","embeddable":true,"href":"https:\/\/www.medsexporter.com\/es\/wp-json\/wp\/v2\/product_tag?post=52029"},{"taxonomy":"product_form","embeddable":true,"href":"https:\/\/www.medsexporter.com\/es\/wp-json\/wp\/v2\/product_form?post=52029"}],"curies":[{"name":"wp","href":"https:\/\/api.w.org\/{rel}","templated":true}]}}