{"id":52018,"date":"2024-05-23T05:19:02","date_gmt":"2024-05-23T05:19:02","guid":{"rendered":"https:\/\/medsexporter.com\/product\/erex-100mg-sildenafil-citrate\/"},"modified":"2024-09-19T10:53:36","modified_gmt":"2024-09-19T10:53:36","slug":"erex-100mg","status":"publish","type":"product","link":"https:\/\/www.medsexporter.com\/es\/product\/erex-100mg\/","title":{"rendered":"Erex 100mg (citrato de sildenafil)"},"content":{"rendered":"\n<h2 class=\"wp-block-heading\"><strong>Erex 100 mg: descripci\u00f3n general<\/strong><\/h2>\n\n\n\n<p>Erex 100 mg contiene citrato de sildenafil y es una soluci\u00f3n disponible en todo el mundo para tratar situaciones de disfunci\u00f3n er\u00e9ctil. Con el mismo nombre que Viagra, tiene una potencia de 100 mg por comprimido, una capacidad de producci\u00f3n de un mill\u00f3n de comprimidos al mes y se presenta en tiras de diez.<\/p>\n\n\n\n<h2 class=\"wp-block-heading\"><strong>\u00bfC\u00f3mo ayuda la tableta Erex 100 mg a tratar la disfunci\u00f3n er\u00e9ctil?<\/strong><\/h2>\n\n\n\n<p>Un hombre con disfunci\u00f3n er\u00e9ctil no puede conseguir o mantener una erecci\u00f3n lo suficientemente firme para la actividad sexual. Esto se debe a la disminuci\u00f3n del flujo sangu\u00edneo provocada por enfermedades, lesiones y problemas psicol\u00f3gicos, como el estr\u00e9s, la ansiedad, la tristeza y similares. La tableta Erex ayuda a aumentar el flujo sangu\u00edneo al pene al relajar los vasos sangu\u00edneos.<\/p>\n\n\n\n<h2 class=\"wp-block-heading\"><strong>Rendimiento sexual mejorado con el uso de comprimidos Erex 100 mg (citrato de sildenafil)<\/strong><\/h2>\n\n\n\n<p>La pastilla Erex de 100 mg, m\u00e1s conocida como la \u00abp\u00edldora azul\u00bb, es un medicamento eficaz para tratar la disfunci\u00f3n er\u00e9ctil (DE) en los hombres.<\/p>\n\n\n\n<h2 class=\"wp-block-heading\"><strong>Beneficios potenciales &#8211; Tableta Erex 100 mg<\/strong><\/h2>\n\n\n\n<p>El citrato de sildenafil Erex es un miembro del grupo de medicamentos conocidos como inhibidores de la fosfodiesterasa (PDE). Durante la estimulaci\u00f3n sexual, el comprimido de citrato de sildenafil aumenta el flujo sangu\u00edneo al pene, lo que ayuda a curar la disfunci\u00f3n er\u00e9ctil. El resultado del aumento del flujo sangu\u00edneo es una erecci\u00f3n.<\/p>\n\n\n\n<h2 class=\"wp-block-heading\"><strong>Dosis disponibles de la tableta Erex<\/strong><\/h2>\n\n\n\n<p>Esta lista presenta la tableta Erex en todas sus dosis disponibles:<\/p>\n\n\n\n<ul class=\"wp-block-list\">\n<li>Erex 100mg<\/li>\n\n\n\n<li><a href=\"https:\/\/medsexporter.com\/product\/erex-150-mg\/\">Erex 120mg<\/a><\/li>\n\n\n\n<li><a href=\"https:\/\/medsexporter.com\/product\/erex-150-mg\/\">Erex 150mg<\/a><\/li>\n<\/ul>\n\n\n\n<h2 class=\"wp-block-heading\"><strong>Descuentos disponibles para pedidos de tabletas Erex de gran volumen<\/strong><\/h2>\n\n\n\n<p>Al realizar pedidos grandes a proveedores de Erex, ahorre m\u00e1s solicitando nuestra p\u00edldora Erex a un costo menor que el precio por comprimido. A medida que aumentan sus pedidos, tiene el privilegio de obtener un \u00abprecio basado en el volumen\u00bb, un concepto que hace que el precio por unidad sea m\u00e1s asequible. Los servicios para comprar grandes cantidades est\u00e1n disponibles para satisfacer los grandes vol\u00famenes en el mercado y, al mismo tiempo, lograr los mejores retornos.<\/p>\n\n\n\n<h2 class=\"wp-block-heading\"><strong>Obtenga un embalaje personalizable de pastillas Erex<\/strong><\/h2>\n\n\n\n<p>Experimente el embalaje personalizado para Erex para la disfunci\u00f3n er\u00e9ctil. Personal\u00edcelo para brindar soluciones a segmentos de mercado espec\u00edficos o para abordar algunas necesidades regulatorias. Ofrecemos soluciones de etiquetado altamente personalizadas y contenedores particulares que se adaptan mejor a las necesidades de marca de su env\u00edo de Erex y al gusto de su audiencia.<\/p>\n\n\n\n<h2 class=\"wp-block-heading\"><strong>Condiciones de pago disponibles<\/strong><\/h2>\n\n\n\n<p>Preferimos un m\u00e9todo de pago mediante transferencia bancaria, aunque puede aprovechar cualquier otro m\u00e9todo de pago popular cuando compra Erex en l\u00ednea en MedsExporter.com.<\/p>\n\n\n\n<h2 class=\"wp-block-heading\"><strong>Medicamentos para la disfunci\u00f3n er\u00e9ctil Erex 100 mg: env\u00edo internacional<\/strong><\/h2>\n\n\n\n<p>Las tabletas Erex 100 mg, un remedio confiable para la disfunci\u00f3n er\u00e9ctil, ahora est\u00e1n disponibles para env\u00edo a varios pa\u00edses. Nosotros, como mayoristas de tabletas Erex, tenemos una cadena log\u00edstica bien conectada mediante la cual nuestros productos se entregan de manera eficiente y segura a cualquier parte del mundo. Para obtener el tratamiento efectivo para la disfunci\u00f3n er\u00e9ctil ahora, debe probar nuestros servicios: entrega internacional r\u00e1pida, precios razonables y la oportunidad de rastrear sus env\u00edos en l\u00ednea.<\/p>\n\n\n\n<h2 class=\"wp-block-heading\"><strong>Condici\u00f3n de almacenamiento recomendada (en grandes cantidades)<\/strong><\/h2>\n\n\n\n<p>Los comprimidos de Erex 100 mg, sensibles a la temperatura, deben almacenarse en grandes cantidades para garantizar su eficacia a la temperatura deseada. Gu\u00e1rdelos a temperatura ambiente por debajo de los 25 \u00b0C (77 \u00b0F); no los exponga a la luz solar directa ni a la humedad. Gu\u00e1rdelos en recipientes herm\u00e9ticos y aseg\u00farese de regular los niveles de humedad. Rote el producto para garantizar su frescura y eficacia.<\/p>\n\n\n\n<h2 class=\"wp-block-heading\"><strong>Atenci\u00f3n al cliente 24 horas al d\u00eda, 7 d\u00edas a la semana<\/strong><\/h2>\n\n\n\n<p>Contamos con un equipo de atenci\u00f3n al cliente activo que trabaja por turnos para el beneficio de nuestros clientes. Puede comunicarse con nosotros f\u00e1cilmente por tel\u00e9fono, correo electr\u00f3nico o incluso a trav\u00e9s del chat en vivo si tiene alg\u00fan problema con su cuenta en cualquier momento.<\/p>\n\n\n\n<h2 class=\"wp-block-heading\"><strong>Preguntas frecuentes<\/strong><\/h2>\n\n\n\n<h3 class=\"wp-block-heading\"><strong>1. \u00bfSe puede tomar Erex 100 mg diariamente?<\/strong><\/h3>\n\n\n\n<p>Se sugiere que siga la dosis est\u00e1ndar del medicamento para la disfunci\u00f3n er\u00e9ctil de un Erex 100 mg al d\u00eda, ya que esto provocar\u00eda una erecci\u00f3n debido al aumento del flujo sangu\u00edneo.<\/p>\n\n\n\n<h3 class=\"wp-block-heading\"><strong>2. \u00bfLa tableta Erex es segura para las mujeres?<\/strong><\/h3>\n\n\n\n<p>En la mayor\u00eda de los casos, las mujeres no son consideradas consumidoras seguras del medicamento.<\/p>\n\n\n\n<h3 class=\"wp-block-heading\"><strong>3. \u00bfPuedo tomar una tableta de Erex 100 mg con alcohol?<\/strong><\/h3>\n\n\n\n<p>Se aconseja a las personas bajo medicaci\u00f3n para la disfunci\u00f3n er\u00e9ctil que reduzcan o eviten por completo el consumo de alcohol.<\/p>\n\n\n\n<h3 class=\"wp-block-heading\"><strong>4. \u00bfEs seguro tomar Erex 100 mg para uso a largo plazo?<\/strong><\/h3>\n\n\n\n<p>El uso prolongado de Erex 100 mg es seguro. Tomarlo durante varios meses o a\u00f1os no tiene consecuencias negativas a largo plazo.<\/p>\n\n\n\n<h3 class=\"wp-block-heading\"><strong>5. \u00bfExisten efectos secundarios?<\/strong><\/h3>\n\n\n\n<p><strong>Efectos secundarios comunes y raros de la tableta Erex 100 MG:<\/strong><\/p>\n\n\n\n<p><strong>Com\u00fan:<\/strong><\/p>\n\n\n\n<ul class=\"wp-block-list\">\n<li>Dolor de cabeza<\/li>\n\n\n\n<li>Indigesti\u00f3n<\/li>\n\n\n\n<li>Hemorragia nasal<\/li>\n\n\n\n<li>Dificultad para dormir<\/li>\n\n\n\n<li>Mareos<\/li>\n\n\n\n<li>Diarrea<\/li>\n\n\n\n<li>Orina turbia y con sangre<\/li>\n\n\n\n<li>Alteraciones visuales<\/li>\n\n\n\n<li>Ardor, entumecimiento y hormigueo en los pies y los brazos<\/li>\n\n\n\n<li>Sensibilidad a la luz<\/li>\n\n\n\n<li>Dolor al orinar<\/li>\n\n\n\n<li>Lagrimeo excesivo en los ojos<\/li>\n\n\n\n<li>Zumbido o pitidos en los o\u00eddos<\/li>\n\n\n\n<li>N\u00e1useas<\/li>\n\n\n\n<li>Congesti\u00f3n nasal<\/li>\n\n\n\n<li>Enrojecimiento de la piel, especialmente en el cuello y la cara<\/li>\n<\/ul>\n\n\n\n<p><strong>Raros:<\/strong><\/p>\n\n\n\n<ul class=\"wp-block-list\">\n<li>Erecci\u00f3n prolongada y dolorosa<\/li>\n\n\n\n<li>Sordera<\/li>\n<\/ul>\n\n\n\n<h3 class=\"wp-block-heading\"><strong>6. \u00bfC\u00f3mo puedo rastrear mi pedido?<\/strong><\/h3>\n\n\n\n<p>El estado de entrega del pedido se puede consultar iniciando sesi\u00f3n en la cuenta de usuario, navegando hacia el historial de pedidos y, por \u00faltimo, haciendo clic en la opci\u00f3n de seguimiento. Tambi\u00e9n puede hacerlo desde el correo electr\u00f3nico que le enviamos.<\/p>\n","protected":false},"excerpt":{"rendered":"Erex 100 mg: descripci\u00f3n general Erex 100 mg contiene citrato de sildenafil y es una soluci\u00f3n disponible en todo el mundo para tratar situaciones de disfunci\u00f3n er\u00e9ctil. Con el mismo nombre que Viagra, tiene una potencia de 100 mg por comprimido, una capacidad de producci\u00f3n de un mill\u00f3n de comprimidos al mes y se presenta [&hellip;]","protected":false},"featured_media":0,"template":"","meta":{"_glsr_average":0,"_glsr_ranking":0,"_glsr_reviews":0},"product_brand":[],"product_cat":[3957],"product_tag":[],"product_form":[4097],"class_list":{"0":"post-52018","1":"product","2":"type-product","3":"status-publish","5":"product_cat-fabricante-de-medicamentos-para-la-disfuncion-erectil-en-india","6":"product_form-fabricante-de-tabletas-en-india","8":"first","9":"outofstock","10":"shipping-taxable","11":"product-type-simple"},"_links":{"self":[{"href":"https:\/\/www.medsexporter.com\/es\/wp-json\/wp\/v2\/product\/52018","targetHints":{"allow":["GET"]}}],"collection":[{"href":"https:\/\/www.medsexporter.com\/es\/wp-json\/wp\/v2\/product"}],"about":[{"href":"https:\/\/www.medsexporter.com\/es\/wp-json\/wp\/v2\/types\/product"}],"wp:attachment":[{"href":"https:\/\/www.medsexporter.com\/es\/wp-json\/wp\/v2\/media?parent=52018"}],"wp:term":[{"taxonomy":"product_brand","embeddable":true,"href":"https:\/\/www.medsexporter.com\/es\/wp-json\/wp\/v2\/product_brand?post=52018"},{"taxonomy":"product_cat","embeddable":true,"href":"https:\/\/www.medsexporter.com\/es\/wp-json\/wp\/v2\/product_cat?post=52018"},{"taxonomy":"product_tag","embeddable":true,"href":"https:\/\/www.medsexporter.com\/es\/wp-json\/wp\/v2\/product_tag?post=52018"},{"taxonomy":"product_form","embeddable":true,"href":"https:\/\/www.medsexporter.com\/es\/wp-json\/wp\/v2\/product_form?post=52018"}],"curies":[{"name":"wp","href":"https:\/\/api.w.org\/{rel}","templated":true}]}}