{"id":52000,"date":"2024-05-23T05:14:41","date_gmt":"2024-05-23T05:14:41","guid":{"rendered":"https:\/\/medsexporter.com\/product\/tadalista-tadalafil\/"},"modified":"2024-09-16T08:15:23","modified_gmt":"2024-09-16T08:15:23","slug":"tadalista-tadalafilo","status":"publish","type":"product","link":"https:\/\/www.medsexporter.com\/es\/product\/tadalista-tadalafilo\/","title":{"rendered":"Tadalista \u00a0(Tadalafilo)"},"content":{"rendered":"\n<h2 class=\"wp-block-heading\"><strong>Introducci\u00f3n de la tableta Tadalista (Tadalafilo)<\/strong><\/h2>\n\n\n\n<p><strong>Tadalista (Tadalafilo) <\/strong>es uno de los medicamentos para la impotencia m\u00e1s recomendados. Tambi\u00e9n conocido como potenciador del deseo sexual masculino, este medicamento tambi\u00e9n se vende popularmente como Cialis. Es un medicamento que se vende solo con receta m\u00e9dica, cuya dosis comienza en tan solo 5 mg y es extremadamente asequible, lo que hace que los tratamientos para la disfunci\u00f3n er\u00e9ctil sean accesibles para todos los hombres adultos.<\/p>\n\n\n\n<p><strong>MedsExporter.com <\/strong>es un mayorista reconocido de Tadalista con el que puede comprar medicamentos para la disfunci\u00f3n er\u00e9ctil de calidad 100 % garantizada a precios inigualables. Todos los proveedores, distribuidores y profesionales de la salud son bienvenidos para realizar pedidos al por mayor a precios incre\u00edbles.<\/p>\n\n\n\n<h2 class=\"wp-block-heading\"><strong>\u00bfC\u00f3mo ayuda a curar la disfunci\u00f3n er\u00e9ctil?<\/strong><\/h2>\n\n\n\n<p>Tadalista (Tadalafilo) no puede curar la disfunci\u00f3n er\u00e9ctil, pero mejora los s\u00edntomas subyacentes, minimizando as\u00ed la sensaci\u00f3n de impotencia durante el tiempo que se utilice. Una vez que el hombre deja de usar este medicamento, su salud er\u00e9ctil ser\u00e1 la misma que en la fase previa al tratamiento. Como este medicamento es seguro para su uso a largo plazo, los hombres pueden optar por continuar el tratamiento bajo el control regular de profesionales de la salud.<\/p>\n\n\n\n<h2 class=\"wp-block-heading\"><strong>Fortalezas disponibles de Tadalista<\/strong><\/h2>\n\n\n\n<ul class=\"wp-block-list\">\n<li>Tadalista 5 mg (tadalafilo)<\/li>\n\n\n\n<li>Tadalista 10 mg (tadalafilo)<\/li>\n\n\n\n<li>Tadalista 20 mg (tadalafilo)<\/li>\n\n\n\n<li>Tadalista 40 mg (tadalafilo)<\/li>\n\n\n\n<li>Tadalista 60 mg (tadalafilo)<\/li>\n\n\n\n<li>Tadalista CT 20 mg (tadalafilo)<\/li>\n\n\n\n<li>Tadalista Professional 20 mg (tadalafilo)<\/li>\n\n\n\n<li>Tadalista Super Active 20 mg (tadalafilo) \u2013 C\u00e1psulas de gelatina blanda<\/li>\n<\/ul>\n\n\n\n<h2 class=\"wp-block-heading\"><strong>Beneficios de Tadalista<\/strong><\/h2>\n\n\n\n<ul class=\"wp-block-list\">\n<li>Se hace efectiva en solo 30 minutos<\/li>\n\n\n\n<li>Mejora el rendimiento sexual hasta por 36 horas.<\/li>\n\n\n\n<li>Uno de los mejores potenciadores de la libido para los hombres.<\/li>\n\n\n\n<li>Segura y efectiva cuando se usa seg\u00fan la prescripci\u00f3n<\/li>\n\n\n\n<li>Menos efectos secundarios y resultados prometedores.<\/li>\n<\/ul>\n\n\n\n<h2 class=\"wp-block-heading\"><strong>Con\u00e9ctese con el proveedor mayorista, exportador y distribuidor de medicamentos Tadalista<\/strong><\/h2>\n\n\n\n<p>Si alguna vez encuentra el mejor exportador de Tadalafilo Tadalista, \u00a1no deje pasar la oportunidad! Por ejemplo, MedsExporter.com ofrece la comodidad de realizar pedidos al por mayor a su alcance. No solo puede realizar un pedido de Tadalista en l\u00ednea en la cantidad deseada, sino que tambi\u00e9n puede hacerlo con un proceso de compra de autoservicio con calidad de medicamento garantizada. Adem\u00e1s, todos nuestros productos se entregan a tiempo en condiciones seguras, perfectas para su almac\u00e9n y listas para su posterior entrega a sus clientes.<\/p>\n\n\n\n<p>Ponte en contacto con nosotros si tienes alguna duda o inquietud. Nuestros expertos te ayudar\u00e1n para que puedas mejorar tu reputaci\u00f3n en la industria farmac\u00e9utica como mayorista\/distribuidor\/proveedor de atenci\u00f3n m\u00e9dica de confianza.<\/p>\n\n\n\n<h2 class=\"wp-block-heading\"><strong>Obtenga precios con descuento y ofertas en pedidos al por mayor de pastillas Tadalista ED<\/strong><\/h2>\n\n\n\n<p>\u00a1Ofertas! \u00a1Ofertas! \u00a1Ofertas! Hacemos que llueva un mont\u00f3n de descuentos durante todo el a\u00f1o para ofrecer experiencias de compra personalizadas. Solicite la cantidad de pedido que necesite y nuestros ejecutivos le ofrecer\u00e1n la cotizaci\u00f3n m\u00e1s competitiva, dise\u00f1ada exclusivamente para usted.<\/p>\n\n\n\n<p>Estamos dispuestos a mejorar la satisfacci\u00f3n del cliente cuando compra Tadalista con nosotros. \u00bfQuiere saber cu\u00e1l es la mejor oferta para usted hoy?<\/p>\n\n\n\n<h2 class=\"wp-block-heading\"><strong>Informaci\u00f3n para pedidos de Tadalista<\/strong><\/h2>\n\n\n\n<p><strong>Cantidad m\u00ednima de pedido: <\/strong>Podemos encargarnos de cualquier volumen de pedido inferior a 1 mill\u00f3n de comprimidos\/c\u00e1psulas al mes. No dude en enviarnos sus consultas de inmediato o solicitar un cat\u00e1logo en l\u00ednea para obtener informaci\u00f3n precisa.<\/p>\n\n\n\n<p><strong>Cadena de suministro: <\/strong>Para mantener un suministro constante, le recomendamos que revise su cronograma de pedidos actual y el tiempo de respuesta para los pedidos recurrentes con nosotros. De esta manera, puede satisfacer las demandas de sus usuarios finales o proveedores\/distribuidores\/proveedores de atenci\u00f3n m\u00e9dica sin inconvenientes.<\/p>\n\n\n\n<p><strong>Atenci\u00f3n al cliente: <\/strong>Facilitamos soporte al cliente 24 horas al d\u00eda, 7 d\u00edas a la semana para una respuesta r\u00e1pida para que sus consultas o inquietudes ya no ocupen su mente.<\/p>\n\n\n\n<h2 class=\"wp-block-heading\"><strong>Requisitos de almacenamiento<\/strong><\/h2>\n\n\n\n<p>Teniendo en cuenta su mayor vida \u00fatil y su valor como inversi\u00f3n, nuestras tabletas de Tadalafilo tienen una mayor duraci\u00f3n de caducidad y pueden permanecer en \u00f3ptimas condiciones si se almacenan correctamente. Mantenga los paquetes a temperatura ambiente normal, lejos de la luz solar, el calor directo y la humedad. Evite el f\u00e1cil acceso de los ni\u00f1os o las mascotas.<\/p>\n\n\n\n<h2 class=\"wp-block-heading\"><strong>Preguntas frecuentes<\/strong><\/h2>\n\n\n\n<h3 class=\"wp-block-heading\"><strong>\u00bfQui\u00e9n puede usar la tableta Tadalista (Tadalafilo)?<\/strong><\/h3>\n\n\n\n<p><strong>Tadalista (Tadalafilo) <\/strong>puede ser utilizado por hombres adultos a quienes se les haya diagnosticado impotencia y a quienes se les haya recetado este medicamento despu\u00e9s de examinar sus condiciones m\u00e9dicas generales.<\/p>\n\n\n\n<h3 class=\"wp-block-heading\"><strong>\u00bfSe puede tomar Tadalista con otros medicamentos?<\/strong><\/h3>\n\n\n\n<p><strong>Tadalista 20 mg <\/strong>no debe utilizarse con determinados medicamentos que interaccionan con Tadalafilo. Por ejemplo, pastillas para dormir, antidepresivos, betabloqueantes, algunas vitaminas y suplementos herbales, otros medicamentos para la disfunci\u00f3n er\u00e9ctil, etc.<\/p>\n\n\n\n<h3 class=\"wp-block-heading\"><strong>\u00bfQu\u00e9 dosis de Tadalista es eficaz para tratar la disfunci\u00f3n er\u00e9ctil?<\/strong><\/h3>\n\n\n\n<p>Cualquier dosis de esta p\u00edldora para la disfunci\u00f3n er\u00e9ctil puede ser eficaz para tratar los s\u00edntomas subyacentes de la impotencia en los hombres. Sin embargo, es mejor consumir la dosis recomendada por su m\u00e9dico para lograr mejoras \u00f3ptimas.<\/p>\n\n\n\n<h3 class=\"wp-block-heading\"><strong>\u00bfC\u00f3mo mejora el rendimiento sexual?<\/strong><\/h3>\n\n\n\n<p>Incluso la dosis m\u00e1s baja (comprimido de Tadalista 10 mg) mejora el rendimiento sexual al estimular el flujo sangu\u00edneo hacia los genitales. Provoca una r\u00e1pida aparici\u00f3n de erecciones y una duraci\u00f3n de hasta 36 horas para una vida rom\u00e1ntica plena.<\/p>\n\n\n\n<h3 class=\"wp-block-heading\"><strong>\u00bfPuedo beber alcohol mientras tomo Tadalista?<\/strong><\/h3>\n\n\n\n<p>La tableta de Tadalista tiene reacciones conflictivas con el alcohol (etanol), lo que provoca mareos y somnolencia intensos. Por lo tanto, se recomienda evitar las bebidas alcoh\u00f3licas junto con este medicamento.<\/p>\n\n\n\n<h3 class=\"wp-block-heading\"><strong>\u00bfQu\u00e9 m\u00e9todos de pago aceptan?<\/strong><\/h3>\n\n\n\n<p>La transferencia bancaria es el m\u00e9todo de pago preferido en <strong>MedsExporter.com<\/strong>. Aseg\u00farese de que el procesamiento de pedidos y las entregas sean m\u00e1s r\u00e1pidas al aceptar este m\u00e9todo de pago para sus compras tambi\u00e9n.<\/p>\n","protected":false},"excerpt":{"rendered":"<p>Si alguna vez encuentra el mejor exportador de Tadalafilo Tadalista, \u00a1no deje pasar la oportunidad! Por ejemplo, MedsExporter.com ofrece la comodidad de realizar pedidos al por mayor a su alcance.<\/p>","protected":false},"featured_media":49046,"template":"","meta":{"_glsr_average":0,"_glsr_ranking":0,"_glsr_reviews":0},"product_brand":[],"product_cat":[3957,4011],"product_tag":[],"product_form":[4147,4097],"class_list":{"0":"post-52000","1":"product","2":"type-product","3":"status-publish","4":"has-post-thumbnail","6":"product_cat-fabricante-de-medicamentos-para-la-disfuncion-erectil-en-india","7":"product_cat-medicamentos-para-la-salud-masculina-fabricante-en-india","8":"product_form-fabricante-de-capsulas-en-la-india","9":"product_form-fabricante-de-tabletas-en-india","11":"first","12":"instock","13":"shipping-taxable","14":"product-type-simple"},"_links":{"self":[{"href":"https:\/\/www.medsexporter.com\/es\/wp-json\/wp\/v2\/product\/52000","targetHints":{"allow":["GET"]}}],"collection":[{"href":"https:\/\/www.medsexporter.com\/es\/wp-json\/wp\/v2\/product"}],"about":[{"href":"https:\/\/www.medsexporter.com\/es\/wp-json\/wp\/v2\/types\/product"}],"wp:featuredmedia":[{"embeddable":true,"href":"https:\/\/www.medsexporter.com\/es\/wp-json\/wp\/v2\/media\/49046"}],"wp:attachment":[{"href":"https:\/\/www.medsexporter.com\/es\/wp-json\/wp\/v2\/media?parent=52000"}],"wp:term":[{"taxonomy":"product_brand","embeddable":true,"href":"https:\/\/www.medsexporter.com\/es\/wp-json\/wp\/v2\/product_brand?post=52000"},{"taxonomy":"product_cat","embeddable":true,"href":"https:\/\/www.medsexporter.com\/es\/wp-json\/wp\/v2\/product_cat?post=52000"},{"taxonomy":"product_tag","embeddable":true,"href":"https:\/\/www.medsexporter.com\/es\/wp-json\/wp\/v2\/product_tag?post=52000"},{"taxonomy":"product_form","embeddable":true,"href":"https:\/\/www.medsexporter.com\/es\/wp-json\/wp\/v2\/product_form?post=52000"}],"curies":[{"name":"wp","href":"https:\/\/api.w.org\/{rel}","templated":true}]}}