{"id":51996,"date":"2024-05-23T05:11:38","date_gmt":"2024-05-23T05:11:38","guid":{"rendered":"https:\/\/medsexporter.com\/product\/cenforce-200-mg-sildenafil-citrate-tablet\/"},"modified":"2025-04-01T03:56:31","modified_gmt":"2025-04-01T03:56:31","slug":"cenforce-200-mg-2","status":"publish","type":"product","link":"https:\/\/www.medsexporter.com\/es\/product\/cenforce-200-mg-2\/","title":{"rendered":"Tableta de Cenforce 200 mg (citrato de sildenafil)"},"content":{"rendered":"\n<h2 class=\"wp-block-heading\"><strong>Introducci\u00f3n de comprimidos de Cenforce 200 mg (Sildenafil) para hombres<\/strong><\/h2>\n\n\n\n<p>Cenforce 200 mg es una marca basada en una mol\u00e9cula o elemento central llamado citrato de sildenafil, que es conocido por tratar eficazmente la disfunci\u00f3n er\u00e9ctil. La disfunci\u00f3n er\u00e9ctil es una afecci\u00f3n que se ha vuelto tan com\u00fan que 1 de cada 5 hombres tiene problemas de erecci\u00f3n leves o graves. Aparte de esto, Viagra tambi\u00e9n es una marca que se utiliza para el mismo prop\u00f3sito y es una marca m\u00e1s antigua. Cenforce 200 mg es fabricado por Centurion Laboratories Private Limited y MedsExporter.com es el proveedor mundial de este medicamento, con 1 mill\u00f3n de tabletas por mes.<\/p>\n\n\n\n<h2 class=\"wp-block-heading\"><strong>\u00bfC\u00f3mo funciona?<\/strong><\/h2>\n\n\n\n<p>La enzima fosfodiesterasa 5 que se crea en el cuerpo congestiona, debilita y estrecha las arterias y los m\u00fasculos del pene, lo que no permite que la sangre pase al pene en cantidades suficientes. Esta afecci\u00f3n se llama disfunci\u00f3n er\u00e9ctil; muchas personas piensan que la DE significa falta de libido o estimulaci\u00f3n sexual. Cuando esta enzima se trata con un inhibidor de la PDE 5 llamado citrato de sildenafil, que es el ingrediente activo de Cenforce 200, las arterias y los m\u00fasculos del pene se calman, se fortalecen y se ensanchan y hay una gran cantidad de flujo sangu\u00edneo en el pene, lo que proporciona una erecci\u00f3n firme y prolongada para una relaci\u00f3n sexual satisfactoria. A partir de la siguiente imagen, puede comprender c\u00f3mo funciona Cenforce para la DE en el pene.<\/p>\n\n\n<div class=\"wp-block-image\">\n<figure class=\"aligncenter size-full is-resized\"><img loading=\"lazy\" decoding=\"async\" width=\"588\" height=\"751\" src=\"https:\/\/medsexporter.com\/wp-content\/uploads\/2024\/05\/image.png\" alt=\"\" class=\"wp-image-51903\" style=\"width:345px;height:auto\" srcset=\"https:\/\/www.medsexporter.com\/wp-content\/uploads\/2024\/05\/image.png 588w, https:\/\/www.medsexporter.com\/wp-content\/uploads\/2024\/05\/image-235x300.png 235w, https:\/\/www.medsexporter.com\/wp-content\/uploads\/2024\/05\/image-64x82.png 64w\" sizes=\"auto, (max-width: 588px) 100vw, 588px\" \/><\/figure>\n<\/div>\n\n\n<h2 class=\"wp-block-heading\"><strong>Beneficios de la tableta Cenforce 200 mg<\/strong><\/h2>\n\n\n<div class=\"wp-block-image\">\n<figure class=\"aligncenter size-full is-resized\"><img loading=\"lazy\" decoding=\"async\" width=\"731\" height=\"491\" src=\"https:\/\/medsexporter.com\/wp-content\/uploads\/2024\/05\/image-1.png\" alt=\"\" class=\"wp-image-51907\" style=\"width:753px;height:auto\" srcset=\"https:\/\/www.medsexporter.com\/wp-content\/uploads\/2024\/05\/image-1.png 731w, https:\/\/www.medsexporter.com\/wp-content\/uploads\/2024\/05\/image-1-300x202.png 300w, https:\/\/www.medsexporter.com\/wp-content\/uploads\/2024\/05\/image-1-600x403.png 600w, https:\/\/www.medsexporter.com\/wp-content\/uploads\/2024\/05\/image-1-64x43.png 64w\" sizes=\"auto, (max-width: 731px) 100vw, 731px\" \/><\/figure>\n<\/div>\n\n\n<p>Existen m\u00faltiples beneficios f\u00edsicos y psicol\u00f3gicos al tomar tabletas de Cenforce 200 mg.<\/p>\n\n\n\n<p><strong>Beneficios f\u00edsicos:<\/strong><\/p>\n\n\n\n<ul class=\"wp-block-list\">\n<li>Se consigue una erecci\u00f3n firme y prolongada.<\/li>\n\n\n\n<li>Tiempo de relaci\u00f3n sexual m\u00e1s prolongado<\/li>\n\n\n\n<li>Efectos secundarios m\u00ednimos<\/li>\n\n\n\n<li>Medicamento en forma de comprimidos de f\u00e1cil uso.<\/li>\n\n\n\n<li>Medicamentos f\u00e1cilmente disponibles con receta m\u00e9dica.<\/li>\n<\/ul>\n\n\n\n<p><strong>Beneficios psicol\u00f3gicos:<\/strong><\/p>\n\n\n\n<ul class=\"wp-block-list\">\n<li>La verg\u00fcenza y la culpa por no rendir en la cama desaparecen<\/li>\n\n\n\n<li>La ansiedad por tener sexo se supera<\/li>\n\n\n\n<li>Salud sexual lograda<\/li>\n\n\n\n<li>La salud de las relaciones aumenta<\/li>\n\n\n\n<li>La concentraci\u00f3n en el trabajo diario aumenta<\/li>\n\n\n\n<li>La felicidad general aumenta en la vida.<\/li>\n<\/ul>\n\n\n\n<h2 class=\"wp-block-heading\"><strong>Exportador mayorista confiable y eficiente de tabletas Cenforce<\/strong><\/h2>\n\n\n\n<p>Las entidades comerciales farmac\u00e9uticas, los hospitales, las cl\u00ednicas, los m\u00e9dicos y todos los compradores al por mayor quieren un exportador mayorista confiable y eficiente cuando se trata de comprar cualquier medicamento, y las tabletas Cenforce no son una excepci\u00f3n. MedsExporter.com es una plataforma que ha sido proveedor mayorista de Cenforce 200 y todos los dem\u00e1s medicamentos y productos relacionados durante m\u00e1s de diez a\u00f1os. Es una subsidiaria de Actiza Pharmaceutical Private Limited, una empresa de fabricaci\u00f3n con sede en la India que ofrece fabricaci\u00f3n por contrato, fabricaci\u00f3n de terceros, etiquetado privado y al mismo tiempo, y todos los servicios relacionados con la fabricaci\u00f3n junto con la exportaci\u00f3n y el suministro de productos farmac\u00e9uticos.<\/p>\n\n\n\n<p><strong>MedsExporter.com, <\/strong>como exportador de Cenforce 200 mg, garantiza la seguridad, la calidad y la entrega a tiempo de nuestros clientes. Tenemos un enfoque sistem\u00e1tico en todos los pedidos que recibimos. Todos los departamentos, desde la compra hasta la entrega, est\u00e1n sincronizados entre s\u00ed a un nivel tal que no hay lugar para ning\u00fan obst\u00e1culo. Esta es la raz\u00f3n por la que nuestra plataforma se ha ganado el respeto, la confianza y la eficiencia como exportador mayorista en todo el mundo.&nbsp;<\/p>\n\n\n\n<h2 class=\"wp-block-heading\"><strong>Obtenga descuentos en pedidos al por mayor de Cenforce 200 mg<\/strong><\/h2>\n\n\n\n<p>Nuestro objetivo no es solo vender Cenforce 200 mg; queremos crear una situaci\u00f3n beneficiosa para todos nuestros clientes que quieran comprar Cenforce 200 y, para ello, ofrecemos grandes descuentos en pedidos al por mayor. Si realiza un pedido superior a una determinada cantidad, podr\u00e1 obtener este descuento. Para obtener m\u00e1s informaci\u00f3n al respecto, visite la p\u00e1gina de nuestro sitio web.<\/p>\n\n\n\n<h2 class=\"wp-block-heading\"><strong>Condiciones de pago disponibles<\/strong><\/h2>\n\n\n\n<p>Para la seguridad de nuestros clientes y de nuestra empresa durante las transacciones, solo realizamos transacciones mediante transferencia bancaria. Es un m\u00e9todo encriptado y no hay posibilidad de p\u00e9rdida para ninguna de las partes, por lo que recomendamos a nuestros clientes que utilicen \u00fanicamente transferencias bancarias.<\/p>\n\n\n\n<h2 class=\"wp-block-heading\"><strong>Cadena de suministro y distribuci\u00f3n de tabletas Cenforce<\/strong><\/h2>\n\n\n\n<p><strong>Nuestra capacidad de suministro:<\/strong> Cenforce 200 est\u00e1 a la venta durante todo el a\u00f1o, ya que nuestra capacidad de suministro es de 1 mill\u00f3n de tabletas al mes.<\/p>\n\n\n\n<p><strong>Opciones de env\u00edo confiables:<\/strong> Esto depender\u00e1 de la regi\u00f3n en la que se realiz\u00f3 el pedido, la cantidad del pedido, el momento del pedido, etc.<\/p>\n\n\n\n<h2 class=\"wp-block-heading\"><strong>Condici\u00f3n de almacenamiento recomendada (en grandes cantidades)<\/strong><\/h2>\n\n\n\n<p>Las tabletas de Cenforce 200 mg requieren una temperatura inferior a 30 grados Celsius; los productos deben mantenerse alejados de la luz solar directa y de la humedad. En Medsexporter nos encargamos de esto y tambi\u00e9n enviamos los requisitos de las condiciones de almacenamiento a nuestros clientes.<\/p>\n\n\n\n<h2 class=\"wp-block-heading\"><strong>Atenci\u00f3n al cliente 24 horas al d\u00eda, 7 d\u00edas a la semana<\/strong><\/h2>\n\n\n\n<p>Nuestros clientes son nuestra columna vertebral y no los ponemos en situaciones en las que tengan que preguntarse por nada. Contamos con un servicio de atenci\u00f3n al cliente disponible las 24 horas, los 7 d\u00edas de la semana, que ayudar\u00e1 a nuestros clientes en cualquier etapa del proceso.<\/p>\n\n\n\n<h2 class=\"wp-block-heading\"><strong>Preguntas frecuentes<\/strong><\/h2>\n\n\n\n<h3 class=\"wp-block-heading\"><strong>1. \u00bfC\u00f3mo mejora el rendimiento sexual?<\/strong><\/h3>\n\n\n\n<p>Mejora el rendimiento sexual creando una situaci\u00f3n para una gran cantidad de flujo sangu\u00edneo en el pene al calmar, fortalecer y ensanchar las arterias y los m\u00fasculos del pene.<\/p>\n\n\n\n<h3 class=\"wp-block-heading\"><strong>2. \u00bfCu\u00e1nto tiempo durar\u00e1n los efectos de Cenforce 200?<\/strong><\/h3>\n\n\n\n<p>Los efectos de este medicamento durar\u00e1n hasta 4 a 6 horas, pero pueden variar de persona a persona.<\/p>\n\n\n\n<h3 class=\"wp-block-heading\"><strong>3. \u00bfPueden las mujeres usar la tableta Cenforce 200 mg?<\/strong><\/h3>\n\n\n\n<p>La respuesta a esta pregunta es no, ya que est\u00e1 hecho solo para hombres. Como contiene citrato de sildenafil, algunos proveedores de atenci\u00f3n m\u00e9dica pueden usarlo para la hipertensi\u00f3n arterial pulmonar en mujeres, pero eso es poco com\u00fan.<\/p>\n\n\n\n<h3 class=\"wp-block-heading\"><strong>4. \u00bfPuedo beber alcohol mientras tomo comprimidos de Cenforce 200 mg?<\/strong><\/h3>\n\n\n\n<p>Los proveedores de salud de todo el mundo no recomiendan beber alcohol con este medicamento.<\/p>\n\n\n\n<h3 class=\"wp-block-heading\"><strong>5. \u00bfPuede utilizarse para otras afecciones adem\u00e1s de la disfunci\u00f3n er\u00e9ctil?<\/strong><\/h3>\n\n\n\n<p>Su componente principal es el citrato de sildenafil, por lo que puede utilizarse en casos de hipertensi\u00f3n arterial pulmonar o hipertensi\u00f3n arterial, pero solo bajo estricta supervisi\u00f3n del m\u00e9dico.<\/p>\n\n\n\n<h3 class=\"wp-block-heading\"><strong>6. \u00bfCu\u00e1les son los posibles efectos secundarios de la tableta Cenforce?<\/strong><\/h3>\n\n\n\n<p>V\u00f3mitos, n\u00e1useas, dolor de cabeza, indigesti\u00f3n, mareos, dolor de cuerpo, visi\u00f3n normal y borrosa, p\u00e9rdida de audici\u00f3n, priapismo, etc., son los efectos secundarios graves de este medicamento.<\/p>\n\n\n\n<h2 class=\"wp-block-heading\"><strong>Fortalezas y sustitutos<\/strong><\/h2>\n\n\n\n<p>Cenforce est\u00e1 disponible en una dosis m\u00e1xima de 200 mg. Su m\u00e9dico puede modificar esta dosis en funci\u00f3n de sus necesidades y su respuesta al medicamento.<\/p>\n\n\n\n<p>MedsExporter ofrece distintas concentraciones y variaciones de Cenforce (Sildenafil)<\/p>\n\n\n\n<p>Cenforce 25 mg | Cenforce 50 mg | Cenforce 100 mg | Cenforce 120 mg | Cenforce 130 mg | Cenforce 150 mg<\/p>\n","protected":false},"excerpt":{"rendered":"<p>Cenforce 200 mg contiene citrato de sildenafil como ingrediente activo. Cenforce 200 es un medicamento gen\u00e9rico potente que se utiliza para tratar la impotencia en los hombres. MedsExporter es un conocido fabricante, exportador y proveedor de comprimidos de Cenforce 200 mg en la India.<\/p>","protected":false},"featured_media":50799,"template":"","meta":{"_glsr_average":0,"_glsr_ranking":0,"_glsr_reviews":0},"product_brand":[],"product_cat":[3957,3150,4011],"product_tag":[],"product_form":[1227,4097],"class_list":{"0":"post-51996","1":"product","2":"type-product","3":"status-publish","4":"has-post-thumbnail","6":"product_cat-fabricante-de-medicamentos-para-la-disfuncion-erectil-en-india","7":"product_cat-erectile-dysfunction-medicine-manufacturer-in-india","8":"product_cat-medicamentos-para-la-salud-masculina-fabricante-en-india","9":"product_form-tablet-manufacturer-in-india","10":"product_form-fabricante-de-tabletas-en-india","12":"first","13":"instock","14":"shipping-taxable","15":"product-type-simple"},"_links":{"self":[{"href":"https:\/\/www.medsexporter.com\/es\/wp-json\/wp\/v2\/product\/51996","targetHints":{"allow":["GET"]}}],"collection":[{"href":"https:\/\/www.medsexporter.com\/es\/wp-json\/wp\/v2\/product"}],"about":[{"href":"https:\/\/www.medsexporter.com\/es\/wp-json\/wp\/v2\/types\/product"}],"wp:featuredmedia":[{"embeddable":true,"href":"https:\/\/www.medsexporter.com\/es\/wp-json\/wp\/v2\/media\/50799"}],"wp:attachment":[{"href":"https:\/\/www.medsexporter.com\/es\/wp-json\/wp\/v2\/media?parent=51996"}],"wp:term":[{"taxonomy":"product_brand","embeddable":true,"href":"https:\/\/www.medsexporter.com\/es\/wp-json\/wp\/v2\/product_brand?post=51996"},{"taxonomy":"product_cat","embeddable":true,"href":"https:\/\/www.medsexporter.com\/es\/wp-json\/wp\/v2\/product_cat?post=51996"},{"taxonomy":"product_tag","embeddable":true,"href":"https:\/\/www.medsexporter.com\/es\/wp-json\/wp\/v2\/product_tag?post=51996"},{"taxonomy":"product_form","embeddable":true,"href":"https:\/\/www.medsexporter.com\/es\/wp-json\/wp\/v2\/product_form?post=51996"}],"curies":[{"name":"wp","href":"https:\/\/api.w.org\/{rel}","templated":true}]}}