{"id":51990,"date":"2024-05-23T05:11:40","date_gmt":"2024-05-23T05:11:40","guid":{"rendered":"https:\/\/medsexporter.com\/product\/malegra-100-mg-tablet-exporter\/"},"modified":"2024-09-13T11:17:34","modified_gmt":"2024-09-13T11:17:34","slug":"malegra-100-mg","status":"publish","type":"product","link":"https:\/\/www.medsexporter.com\/es\/product\/malegra-100-mg\/","title":{"rendered":"Exportador de tableta Malegra 100 mg"},"content":{"rendered":"\n<h2 class=\"wp-block-heading\"><strong>\u00bfQu\u00e9 es Malegra 100 mg (citrato de sildenafil)?<\/strong><\/h2>\n\n\n\n<p>Un medicamento para la disfunci\u00f3n er\u00e9ctil o DE masculina es Malegra 100 mg. Malegra, un medicamento de venta con receta que pertenece a la clase de medicamentos que estimulan la fosfodiesterasa tipo 5 (PDE-5), contiene citrato de sildenafil como ingrediente principal.<\/p>\n\n\n\n<p>Administramos Malegra 100 mg en comprimidos para tratar la disfunci\u00f3n er\u00e9ctil bajo la marca Viagra. Con una capacidad de producci\u00f3n mensual de 1 mill\u00f3n de comprimidos, nuestros productos est\u00e1n disponibles en todo el mundo en paquetes f\u00e1ciles de usar: una tira de 10 comprimidos.<\/p>\n\n\n\n<h2 class=\"wp-block-heading\"><strong>\u00bfC\u00f3mo funciona?<\/strong><\/h2>\n\n\n\n<p>Malegra es un inhibidor de la fosfodiesterasa-5 (PDE-5). El cuerpo tiene una prote\u00edna llamada PDE-5, que degrada las sustancias qu\u00edmicas que suelen provocar una erecci\u00f3n. Malegra act\u00faa sobre la erecci\u00f3n relajando los m\u00fasculos inequ\u00edvocos del pene y haciendo que el pene se llene de sangre cuando inhibe la PDE-5.<\/p>\n\n\n\n<h2 class=\"wp-block-heading\"><strong>Rendimiento sexual mejorado con el uso de comprimidos de Malegra<\/strong><\/h2>\n\n\n\n<p>Desde su verdadera libertad para uso cl\u00ednico en el p\u00fablico en general en 1998, se han compuesto en todo el mundo una gran cantidad de remedios a base de sildenafil (entre algunos otros inhibidores de la PDE5 pr\u00e1cticamente id\u00e9nticos o relacionados) que han ayudado a los hombres a mejorar su rendimiento sexual.<\/p>\n\n\n\n<h2 class=\"wp-block-heading\"><strong>Malegra 100 mg &#8211; Citrato de sildenafil &#8211; Beneficios potenciales<\/strong><\/h2>\n\n\n\n<p>Malegra 100 mg (sildenafil) ayuda a los usuarios a lograr y mantener una erecci\u00f3n al aumentar el flujo sangu\u00edneo al pene. Al ser un inhibidor de la PDE-5, esta p\u00edldora para la disfunci\u00f3n er\u00e9ctil previene una enzima llamada PDE-5, que puede provocar la descomposici\u00f3n del monofosfato de guanosina c\u00edclico (cGMP).<\/p>\n\n\n\n<p>Al restablecer los niveles de GMPc, los m\u00fasculos y los vasos sangu\u00edneos del pene se relajan y dilatan. Esta dilataci\u00f3n provoca la erecci\u00f3n, lo que aumenta el flujo sangu\u00edneo.<\/p>\n\n\n\n<h2 class=\"wp-block-heading\"><strong>Fortalezas y sustitutos<\/strong><\/h2>\n\n\n\n<p>Malegra tiene una dosis m\u00e1xima de 200 mg. Los m\u00e9dicos determinan la dosis en funci\u00f3n de sus necesidades.<\/p>\n\n\n\n<p>Puede encontrar varias concentraciones y variaciones de Malegra (Sildenafil) en MedsExporter.<\/p>\n\n\n\n<p><a href=\"https:\/\/medsexporter.com\/product\/malegra-25mg\/\">Malegra 25 Mg<\/a><br><a href=\"https:\/\/medsexporter.com\/product\/malegra-50mg\/\">Malegra 50 Mg<\/a><br>Malegra 100 Mg<br>Malegra 120 Mg<br><a href=\"https:\/\/medsexporter.com\/product\/malegra-200mg\/\">Malegra 200 Mg<\/a><br>Pastillas Malegra Professional<\/p>\n\n\n\n<h2 class=\"wp-block-heading\"><strong>Conexi\u00f3n con Mayoristas y Distribuidores de Malegra 100 mg tabletas<\/strong><\/h2>\n\n\n\n<p>Establezca una conexi\u00f3n s\u00f3lida con un mayorista y distribuidor de Malegra de renombre, MedsExporter.com. Obtendr\u00e1 un suministro de calidad, precios razonables y ofertas de productos garantizadas en el mercado.<\/p>\n\n\n\n<h2 class=\"wp-block-heading\"><strong>Informaci\u00f3n para pedidos de Malegra 100 mg<\/strong><\/h2>\n\n\n\n<p>Encontrar\u00e1 toda la informaci\u00f3n de pedidos de Malegra 100 mg que necesita, incluidos costos, accesibilidad y opciones de compra de paquetes para comprar el producto y asegurarse de que llegue a tiempo.<\/p>\n\n\n\n<h2 class=\"wp-block-heading\"><strong>Cantidad m\u00ednima de pedido<\/strong><\/h2>\n\n\n\n<p>Nosotros, como exportador reconocido de tabletas Malegra, no tenemos una cantidad base de solicitud; sin embargo, si decide comprar en grandes cantidades, puede beneficiarse de los l\u00edmites.<\/p>\n\n\n\n<h2 class=\"wp-block-heading\"><strong>Condiciones de pago<\/strong><\/h2>\n\n\n\n<p>Cuando compre Malegra 100 con nosotros, no se preocupe por los pagos. Aceptamos todo tipo de pagos, aunque preferimos las transferencias bancarias.<\/p>\n\n\n\n<h2 class=\"wp-block-heading\"><strong>Opciones de env\u00edo<\/strong><\/h2>\n\n\n\n<p>Inf\u00f3rmese sobre las diferentes t\u00e9cnicas de transporte y traslado que hemos creado para adaptarnos a los horarios de cada cliente y a las medidas de seguridad establecidas para cada env\u00edo.<\/p>\n\n\n\n<h2 class=\"wp-block-heading\"><strong>Condiciones de almacenamiento recomendadas<\/strong><\/h2>\n\n\n\n<p>Los comprimidos que contienen sildenafil deben conservarse secos y fr\u00edos en un compartimento herm\u00e9ticamente cerrado.<\/p>\n\n\n\n<h2 class=\"wp-block-heading\"><strong>24*7 &#8211; Atenci\u00f3n al cliente<\/strong><\/h2>\n\n\n\n<p>Aprecie el servicio al cliente ininterrumpido, disponible cada minuto de cada d\u00eda para ayudar con las consultas, garantizando una experiencia consistente y satisfactoria.<\/p>\n\n\n\n<h2 class=\"wp-block-heading\"><strong>Preguntas frecuentes<\/strong><\/h2>\n\n\n\n<h3 class=\"wp-block-heading\"><strong>1. \u00bfSe puede utilizar Malegra 100 mg para la eyaculaci\u00f3n precoz?<\/strong><\/h3>\n\n\n\n<p>No, solo est\u00e1 destinado a tratar la disfunci\u00f3n er\u00e9ctil.<\/p>\n\n\n\n<h3 class=\"wp-block-heading\"><strong>2. \u00bfSe puede tomar la tableta Malegra con otros medicamentos?<\/strong><\/h3>\n\n\n\n<p>El sildenafil, el malegra, reacciona con muchos medicamentos y sustancias. Los nitratos, los alfabloqueantes y los f\u00e1rmacos para la presi\u00f3n arterial son algunos de ellos. Tambi\u00e9n puede interactuar con el jugo de pomelo, el licor y los medicamentos que alteran las prote\u00ednas del h\u00edgado.<\/p>\n\n\n\n<h3 class=\"wp-block-heading\"><strong>3. \u00bfQu\u00e9 debo hacer si me olvido de tomar una dosis?<\/strong><\/h3>\n\n\n\n<p>En la mayor\u00eda de los casos, no tomar una dosis de este medicamento para la disfunci\u00f3n er\u00e9ctil no genera ning\u00fan problema. T\u00f3melo antes de tener relaciones sexuales y trate de no tomar m\u00e1s de una dosis en un d\u00eda.<\/p>\n\n\n\n<h3 class=\"wp-block-heading\"><strong>4. \u00bfExisten posibles efectos secundarios de Malegra 100 mg?<\/strong><\/h3>\n\n\n\n<p>Los siguientes efectos adversos podr\u00edan mejorar a medida que su cuerpo se adapta al medicamento con el tiempo. Si contin\u00faa teniendo estos s\u00edntomas o empeoran con el tiempo, notifique a su m\u00e9dico de inmediato.<\/p>\n\n\n\n<p><strong>Efectos secundarios normales:<\/strong><\/p>\n\n\n\n<ul class=\"wp-block-list\">\n<li>Enrojecimiento<\/li>\n\n\n\n<li>Acidez de est\u00f3mago<\/li>\n\n\n\n<li>Migra\u00f1a<\/li>\n\n\n\n<li>Agrandamiento de la nariz<\/li>\n<\/ul>\n\n\n\n<p><strong>Efectos secundarios adicionales:<\/strong><\/p>\n\n\n\n<ul class=\"wp-block-list\">\n<li>Dolor de espalda<\/li>\n\n\n\n<li>Inestabilidad<\/li>\n\n\n\n<li>Dolor muscular<\/li>\n\n\n\n<li>Sarpullido\u00a0<\/li>\n<\/ul>\n\n\n\n<h3 class=\"wp-block-heading\"><strong>5. \u00bfCu\u00e1nto dura el efecto de Malegra 100 mg?<\/strong><\/h3>\n\n\n\n<p>Adem\u00e1s, algunas personas pueden experimentar varias erecciones durante este per\u00edodo, pero esto no significa que la erecci\u00f3n deba durar tanto tiempo. Debe buscar atenci\u00f3n m\u00e9dica de inmediato si dura m\u00e1s de 4 horas. Esto se debe a la posibilidad de que se produzcan da\u00f1os en los tejidos del pene debido a erecciones que duren m\u00e1s de este tiempo.<\/p>\n\n\n\n<h3 class=\"wp-block-heading\"><strong>6. \u00bfC\u00f3mo puedo rastrear mi pedido?<\/strong><\/h3>\n\n\n\n<p>Puede rastrear su pedido c\u00f3modamente; inicie sesi\u00f3n en su cuenta, vaya al historial de pedidos y elija la opci\u00f3n de seguimiento.<\/p>\n","protected":false},"excerpt":{"rendered":"<p>\u00bfEst\u00e1 buscando un fabricante y proveedor confiable de tabletas de citrato de sildenafil? MedsExporter es uno de los principales fabricantes y proveedores de tabletas de Malegra 100 mg en la India.<\/p>","protected":false},"featured_media":49331,"template":"","meta":{"_glsr_average":0,"_glsr_ranking":0,"_glsr_reviews":0},"product_brand":[],"product_cat":[3957,4011],"product_tag":[],"product_form":[4097],"class_list":{"0":"post-51990","1":"product","2":"type-product","3":"status-publish","4":"has-post-thumbnail","6":"product_cat-fabricante-de-medicamentos-para-la-disfuncion-erectil-en-india","7":"product_cat-medicamentos-para-la-salud-masculina-fabricante-en-india","8":"product_form-fabricante-de-tabletas-en-india","10":"first","11":"instock","12":"shipping-taxable","13":"product-type-simple"},"_links":{"self":[{"href":"https:\/\/www.medsexporter.com\/es\/wp-json\/wp\/v2\/product\/51990","targetHints":{"allow":["GET"]}}],"collection":[{"href":"https:\/\/www.medsexporter.com\/es\/wp-json\/wp\/v2\/product"}],"about":[{"href":"https:\/\/www.medsexporter.com\/es\/wp-json\/wp\/v2\/types\/product"}],"wp:featuredmedia":[{"embeddable":true,"href":"https:\/\/www.medsexporter.com\/es\/wp-json\/wp\/v2\/media\/49331"}],"wp:attachment":[{"href":"https:\/\/www.medsexporter.com\/es\/wp-json\/wp\/v2\/media?parent=51990"}],"wp:term":[{"taxonomy":"product_brand","embeddable":true,"href":"https:\/\/www.medsexporter.com\/es\/wp-json\/wp\/v2\/product_brand?post=51990"},{"taxonomy":"product_cat","embeddable":true,"href":"https:\/\/www.medsexporter.com\/es\/wp-json\/wp\/v2\/product_cat?post=51990"},{"taxonomy":"product_tag","embeddable":true,"href":"https:\/\/www.medsexporter.com\/es\/wp-json\/wp\/v2\/product_tag?post=51990"},{"taxonomy":"product_form","embeddable":true,"href":"https:\/\/www.medsexporter.com\/es\/wp-json\/wp\/v2\/product_form?post=51990"}],"curies":[{"name":"wp","href":"https:\/\/api.w.org\/{rel}","templated":true}]}}