{"id":51956,"date":"2024-05-23T05:08:26","date_gmt":"2024-05-23T05:08:26","guid":{"rendered":"https:\/\/medsexporter.com\/product\/zopiclone-10-mg-tablet\/"},"modified":"2024-09-10T11:42:04","modified_gmt":"2024-09-10T11:42:04","slug":"zopiclona-10-mg","status":"publish","type":"product","link":"https:\/\/www.medsexporter.com\/es\/product\/zopiclona-10-mg\/","title":{"rendered":"Tableta de zopiclona de 10 mg"},"content":{"rendered":"\n<h2 class=\"wp-block-heading\">\u00bfQu\u00e9 es Zopiclona 10 mg?<\/h2>\n\n\n\n<p>Zopiclona 10 mg es un sedante-hipn\u00f3tico conocido internacionalmente que se utiliza para el tratamiento de la ansiedad y el insomnio. Nuestras instalaciones farmac\u00e9uticas mantienen una capacidad de envasado de un mill\u00f3n de comprimidos al mes para garantizar la disponibilidad. Cada tira incluye catorce comprimidos para ofrecer un tratamiento de dos semanas para personas con problemas relacionados con la calidad del sue\u00f1o y la ansiedad.<\/p>\n\n\n\n<h2 class=\"wp-block-heading\">\u00bfC\u00f3mo act\u00faa Zopiclona 10 mg?<\/h2>\n\n\n\n<p>La modulaci\u00f3n de los receptores de benzodiazepinas es la base del mecanismo de acci\u00f3n de la zopiclona. Por sus caracter\u00edsticas farmacol\u00f3gicas, la zopiclona posee varios atributos similares a los de los barbit\u00faricos.<\/p>\n\n\n\n<h2 class=\"wp-block-heading\">Beneficios de las pastillas para dormir Zopiclona 10 mg<\/h2>\n\n\n\n<p>A continuaci\u00f3n se enumeran algunos de los principales beneficios de las pastillas para dormir <strong>Zopiclona 10 mg<\/strong>:<\/p>\n\n\n\n<ul class=\"wp-block-list\">\n<li>El efecto calmante comienza a notarse entre media hora y una hora despu\u00e9s.<\/li>\n\n\n\n<li>Se ha observado que esto favorece un sue\u00f1o m\u00e1s profundo y tranquilo durante toda la noche.<\/li>\n\n\n\n<li>Puede ayudar a reducir la ansiedad causada por los trastornos del sue\u00f1o.<\/li>\n<\/ul>\n\n\n\n<h2 class=\"wp-block-heading\">Compre Zopiclona 10 comprimidos de un mayorista exportador confiable<\/h2>\n\n\n\n<p>En <strong>MedsExporter.com<\/strong>, suministramos tabletas genuinas a mayoristas de Zopiclona para exportaci\u00f3n. Como proveedores confiables, garantizamos una entrega oportuna, precios asequibles y alta calidad. Puede realizar su pedido y recibirlo r\u00e1pidamente para satisfacer sus necesidades de distribuci\u00f3n farmac\u00e9utica.<\/p>\n\n\n\n<h2 class=\"wp-block-heading\">Dosis de Zopiclona<\/h2>\n\n\n\n<p>Las siguientes son las dosis de Zopiclona, \u200b\u200bas\u00ed que consulte con su m\u00e9dico antes de tomar la dosis de este medicamento:<\/p>\n\n\n\n<p>Zopiclona 7,5 mg<\/p>\n\n\n\n<p>Zopiclona 10 mg<\/p>\n\n\n\n<h2 class=\"wp-block-heading\">Precios competitivos y descuentos en pedidos al por mayor<\/h2>\n\n\n\n<p>En MedsExporter.com, como exportador de Zopiclona de renombre, ofrecemos los precios m\u00e1s favorables para las tabletas de Zopiclona de 10 mg. Puede obtener una buena oferta en compras al por mayor y disfrutar de buenos ingresos al abastecer adecuadamente a sus clientes.<\/p>\n\n\n\n<h2 class=\"wp-block-heading\">Tabletas de Zopiclona Embalaje personalizable:<\/h2>\n\n\n\n<p><strong>MedsExporter.com <\/strong>ofrece servicios de embalaje flexible para tabletas de Zopiclona, \u200b\u200blo que significa que las soluciones son espec\u00edficas para los requisitos del cliente mientras que la funcionalidad y la calidad del producto se preservan durante el env\u00edo para que los clientes puedan comprar Zopiclona 10 mg sin ninguna preocupaci\u00f3n.<\/p>\n\n\n\n<h2 class=\"wp-block-heading\">Obtenga un valioso descuento<\/h2>\n\n\n\n<p>Hay grandes ofertas en pedidos al por mayor si compra Zopiclona en l\u00ednea. Ofrecemos amplias oportunidades para obtener los productos necesarios a precios bajos.<\/p>\n\n\n\n<h2 class=\"wp-block-heading\">Informaci\u00f3n para pedidos de comprimidos de Zopiclona 10 mg<\/h2>\n\n\n\n<p>Por favor visite nuestro sitio web; realizar pedidos a trav\u00e9s de MedsExporter.com es muy sencillo: seleccione el producto, mu\u00e9valo al carrito y luego realice el pago.<\/p>\n\n\n\n<h2 class=\"wp-block-heading\">Cantidad m\u00ednima de pedido:<\/h2>\n\n\n\n<p>No tenemos restricciones en pedidos m\u00ednimos de Zopiclona (Tableta Imovane), pero puede realizar pedidos al por mayor para obtener grandes descuentos.<\/p>\n\n\n\n<h2 class=\"wp-block-heading\">Opciones de env\u00edo disponibles:<\/h2>\n\n\n\n<p>Consulta las posibilidades de env\u00edo intermodal con MedsExporter.com para obtener el producto que necesitas con una entrega f\u00e1cil y r\u00e1pida cuando te resulte conveniente. Hay opciones de env\u00edo est\u00e1ndar, expr\u00e9s e internacional disponibles.<\/p>\n\n\n\n<h2 class=\"wp-block-heading\">Plazo de entrega:<\/h2>\n\n\n\n<p>Como norma general, el plazo de entrega es de 7 a 14 d\u00edas laborables desde el pedido, excluida la fecha de confirmaci\u00f3n.<\/p>\n\n\n\n<h2 class=\"wp-block-heading\">Hay opciones aceleradas disponibles<\/h2>\n\n\n\n<p>Existen alternativas de env\u00edo urgente para garantizar una entrega m\u00e1s r\u00e1pida. Elija este servicio durante el proceso de pago para asegurarse de que su pedido llegue r\u00e1pidamente.<\/p>\n\n\n\n<h2 class=\"wp-block-heading\">Informaci\u00f3n del contacto:<\/h2>\n\n\n\n<ul class=\"wp-block-list\">\n<li><strong>Correo electr\u00f3nico: <\/strong>sales@medsexporter.com<\/li>\n\n\n\n<li><strong>N\u00famero de tel\u00e9fono: <\/strong>+91 98 98972449<\/li>\n\n\n\n<li><strong>Sitio web: <\/strong>https:\/\/medsexporter.com\/<\/li>\n<\/ul>\n\n\n\n<h2 class=\"wp-block-heading\">Zopiclona &#8211; Requisitos de almacenamiento<\/h2>\n\n\n\n<p>Guarde los envases de la pastilla para dormir Zopiclona a temperatura ambiente, evitando la exposici\u00f3n directa a la luz solar. Los envases deben estar bien cerrados y colocados en \u00e1reas de acceso limitado para reducir los casos de contaminaci\u00f3n del compuesto.<\/p>\n\n\n\n<h2 class=\"wp-block-heading\">Atenci\u00f3n al cliente 24 horas al d\u00eda, 7 d\u00edas a la semana<\/h2>\n\n\n\n<p>Brindamos un servicio de atenci\u00f3n al cliente que funciona las 24 horas del d\u00eda, los 7 d\u00edas de la semana para garantizar la prestaci\u00f3n del servicio seg\u00fan el deseo del cliente en cualquier momento del d\u00eda o de la noche.<\/p>\n\n\n\n<h2 class=\"wp-block-heading\">Preguntas frecuentes<\/h2>\n\n\n\n<h3 class=\"wp-block-heading\">1. \u00bfSe puede utilizar Zopiclona para el tratamiento a largo plazo del insomnio?<\/h3>\n\n\n\n<p>No, es un tratamiento a corto plazo y lo habitual es dejar de tomar Zopiclona despu\u00e9s de tomarlo durante dos a cuatro semanas.<\/p>\n\n\n\n<h3 class=\"wp-block-heading\">2. \u00bfSe puede tomar la tableta de Zopiclona 10 mg todas las noches?<\/h3>\n\n\n\n<p>Por lo general, la zopiclona se usa durante unos d\u00edas o dos semanas, pero nunca m\u00e1s de cuatro semanas.<\/p>\n\n\n\n<h3 class=\"wp-block-heading\">3. \u00bfCu\u00e1nto tiempo tarda Zopiclona (Imovane comprimido) en hacer efecto?<\/h3>\n\n\n\n<p>Se utiliza el t\u00e9rmino \u00abhipn\u00f3tico de acci\u00f3n corta\u00bb debido a su r\u00e1pida eliminaci\u00f3n del organismo. Su \u00abvida media\u00bb es de alrededor de 5 horas (3,5-6,5 horas).<\/p>\n\n\n\n<h3 class=\"wp-block-heading\">4. \u00bfQui\u00e9n no debe tomar comprimidos de Zopiclona?<\/h3>\n\n\n\n<p>Algunas personas no deben usar Zopiclona. Comun\u00edquese con su m\u00e9dico para asegurarse de que sea seguro para usted si:<\/p>\n\n\n\n<ul class=\"wp-block-list\">\n<li>\u00bfAlguna vez ha experimentado una respuesta al\u00e9rgica a alg\u00fan medicamento?<\/li>\n\n\n\n<li>Poseer miastenia gravis.<\/li>\n\n\n\n<li>Tiene problemas respiratorios o apnea del sue\u00f1o.<\/li>\n\n\n\n<li>\u00bfAlguna vez has experimentado problemas de salud mental?<\/li>\n\n\n\n<li>Poseer antecedentes de abuso de alcohol o drogas.<\/li>\n\n\n\n<li>\u00bfEst\u00e1 intentando quedar embarazada?<\/li>\n\n\n\n<li>Ya est\u00e1 embarazada o amamantando a un ni\u00f1o.<\/li>\n<\/ul>\n\n\n\n<h3 class=\"wp-block-heading\">5. \u00bfCu\u00e1les son los efectos secundarios de la tableta de Zopiclona?<\/h3>\n\n\n\n<p>Puede causar mareos, sequedad de boca, sabor amargo, v\u00e9rtigo o malestar estomacal. Informe a su farmac\u00e9utico o m\u00e9dico inmediatamente si estos efectos secundarios persisten o empeoran.<\/p>\n\n\n\n<p>Busque atenci\u00f3n m\u00e9dica inmediata si experimenta alguno de los siguientes s\u00edntomas de una reacci\u00f3n al\u00e9rgica grave:<\/p>\n\n\n\n<ul class=\"wp-block-list\">\n<li>Sarpullido, especialmente en la cara, la lengua o la garganta.<\/li>\n\n\n\n<li>Picaz\u00f3n<\/li>\n\n\n\n<li>Hinchaz\u00f3n<\/li>\n\n\n\n<li>Mareos intensos<\/li>\n\n\n\n<li>Dificultad para respirar<\/li>\n<\/ul>\n\n\n\n<p>Esta no es una lista completa de todas las posibles consecuencias negativas. Si tiene alg\u00fan efecto adverso que no est\u00e9 enumerado aqu\u00ed, consulte a su m\u00e9dico o farmac\u00e9utico.<\/p>\n\n\n\n<h3 class=\"wp-block-heading\">6. \u00bfC\u00f3mo puedo rastrear mi pedido?<\/h3>\n\n\n\n<p>Con el n\u00famero de seguimiento que enviamos a tu correo electr\u00f3nico una vez verificada tu transacci\u00f3n, podr\u00e1s rastrear f\u00e1cilmente tu pedido en nuestro sitio web.<\/p>\n","protected":false},"excerpt":{"rendered":"\u00bfQu\u00e9 es Zopiclona 10 mg? Zopiclona 10 mg es un sedante-hipn\u00f3tico conocido internacionalmente que se utiliza para el tratamiento de la ansiedad y el insomnio. Nuestras instalaciones farmac\u00e9uticas mantienen una capacidad de envasado de un mill\u00f3n de comprimidos al mes para garantizar la disponibilidad. Cada tira incluye catorce comprimidos para ofrecer un tratamiento de dos [&hellip;]","protected":false},"featured_media":51695,"template":"","meta":{"_glsr_average":0,"_glsr_ranking":0,"_glsr_reviews":0},"product_brand":[],"product_cat":[3923],"product_tag":[],"product_form":[4097],"class_list":{"0":"post-51956","1":"product","2":"type-product","3":"status-publish","4":"has-post-thumbnail","6":"product_cat-fabricante-de-medicamentos-para-la-ansiedad-en-la-india","7":"product_form-fabricante-de-tabletas-en-india","9":"first","10":"instock","11":"shipping-taxable","12":"product-type-simple"},"_links":{"self":[{"href":"https:\/\/www.medsexporter.com\/es\/wp-json\/wp\/v2\/product\/51956","targetHints":{"allow":["GET"]}}],"collection":[{"href":"https:\/\/www.medsexporter.com\/es\/wp-json\/wp\/v2\/product"}],"about":[{"href":"https:\/\/www.medsexporter.com\/es\/wp-json\/wp\/v2\/types\/product"}],"wp:featuredmedia":[{"embeddable":true,"href":"https:\/\/www.medsexporter.com\/es\/wp-json\/wp\/v2\/media\/51695"}],"wp:attachment":[{"href":"https:\/\/www.medsexporter.com\/es\/wp-json\/wp\/v2\/media?parent=51956"}],"wp:term":[{"taxonomy":"product_brand","embeddable":true,"href":"https:\/\/www.medsexporter.com\/es\/wp-json\/wp\/v2\/product_brand?post=51956"},{"taxonomy":"product_cat","embeddable":true,"href":"https:\/\/www.medsexporter.com\/es\/wp-json\/wp\/v2\/product_cat?post=51956"},{"taxonomy":"product_tag","embeddable":true,"href":"https:\/\/www.medsexporter.com\/es\/wp-json\/wp\/v2\/product_tag?post=51956"},{"taxonomy":"product_form","embeddable":true,"href":"https:\/\/www.medsexporter.com\/es\/wp-json\/wp\/v2\/product_form?post=51956"}],"curies":[{"name":"wp","href":"https:\/\/api.w.org\/{rel}","templated":true}]}}