{"id":51940,"date":"2024-07-08T09:56:52","date_gmt":"2024-07-08T09:56:52","guid":{"rendered":"https:\/\/medsexporter.com\/product\/buy-cabergoline\/"},"modified":"2024-09-09T08:48:34","modified_gmt":"2024-09-09T08:48:34","slug":"comprar-cabergolina","status":"publish","type":"product","link":"https:\/\/www.medsexporter.com\/es\/product\/comprar-cabergolina\/","title":{"rendered":"Comprar cabergolina"},"content":{"rendered":"\n<h2 class=\"wp-block-heading\"><strong>\u00bfQu\u00e9 es la cabergolina?<\/strong><\/h2>\n\n\n\n<p>La cabergolina es un medicamento para el culturismo que se utiliza espec\u00edficamente para aumentar la masa muscular. Tambi\u00e9n se conoce con el nombre comercial Dostinex y el nombre gen\u00e9rico Cabanex. Este medicamento est\u00e1 disponible en dosis de 0,5 mg y 1 mg, que se prescriben seg\u00fan los objetivos de fitness y las condiciones m\u00e9dicas de cada persona.<\/p>\n\n\n\n<p><strong>MedsExporter.com<\/strong> es una de las mejores fuentes para comprar Cabergolina 0,5 mg en l\u00ednea. Si est\u00e1 interesado en compras al por mayor, \u00a1env\u00ede sus consultas hoy mismo!<\/p>\n\n\n\n<h2 class=\"wp-block-heading\"><strong>Usos de la cabergolina<\/strong><\/h2>\n\n\n\n<p><strong>La cabergolina de Dostinex se utiliza principalmente para:<\/strong><\/p>\n\n\n\n<ul class=\"wp-block-list\">\n<li>Culturismo<\/li>\n<\/ul>\n\n\n\n<p><strong>Los usos secundarios de este medicamento incluyen:<\/strong><\/p>\n\n\n\n<ul class=\"wp-block-list\">\n<li>Acromegalia<\/li>\n\n\n\n<li>Aumento de los niveles de prolactina<\/li>\n\n\n\n<li>Enfermedad de Parkinson<\/li>\n<\/ul>\n\n\n\n<h2 class=\"wp-block-heading\"><strong>\u00bfC\u00f3mo ayuda la Cabergolina en el culturismo?<\/strong><\/h2>\n\n\n\n<p>La tableta de cabergolina es un agonista del receptor de dopamina que act\u00faa disminuyendo los niveles excesivos de prolactina en el cuerpo. Los niveles altos de prolactina a menudo interfieren con la producci\u00f3n de testosterona (hormona) en los hombres. Si bien la testosterona desempe\u00f1a un papel vital en el aumento de la energ\u00eda, la libido y el crecimiento muscular general, sus niveles bajos impiden que los hombres alcancen sus objetivos de culturismo deseados. Por lo tanto, este medicamento reduce el recuento de prolactina, lo que permite que la testosterona se regule a niveles normales para apoyar el crecimiento y el desarrollo muscular.<\/p>\n\n\n\n<h2 class=\"wp-block-heading\"><strong>Beneficios de la cabergolina<\/strong><\/h2>\n\n\n\n<p>Al comprar Dostinex, usted tambi\u00e9n merece conocer sus beneficios.<\/p>\n\n\n\n<ul class=\"wp-block-list\">\n<li>Reduce eficazmente los niveles de prolactina<\/li>\n\n\n\n<li>Permite que la testosterona funcione a su m\u00e1ximo potencial<\/li>\n\n\n\n<li>Deje que culturistas participen en sesiones de HIIT<\/li>\n\n\n\n<li>Promueve la energ\u00eda y la resistencia durante todo el entrenamiento<\/li>\n\n\n\n<li>Aumenta la confianza y la libido en los hombres<\/li>\n\n\n\n<li>Mejora la masa muscular<\/li>\n\n\n\n<li>Apoya el f\u00edsico esculpido<\/li>\n<\/ul>\n\n\n\n<h2 class=\"wp-block-heading\"><strong>Experiencia en la fabricaci\u00f3n de Cabergoline Tablet<\/strong><\/h2>\n\n\n\n<p>MedsExporter.com es una filial de renombre de Actiza Pharmaceutical. Por lo tanto, la fabricaci\u00f3n de comprimidos de cabergolina para culturismo ser\u00e1 de alta calidad.<\/p>\n\n\n\n<p>La fabricaci\u00f3n de comprimidos de Cabanex es un arte y requiere mucho m\u00e1s esfuerzo del que se pueda imaginar. Nuestro departamento de control de calidad est\u00e1 supervisado por expertos para garantizar la eficacia intacta de los medicamentos. Adem\u00e1s, nuestra unidad de fabricaci\u00f3n est\u00e1 equipada con maquinaria ultramoderna para satisfacer las crecientes demandas del producto. Tambi\u00e9n contamos con un equipo dedicado de t\u00e9cnicos de laboratorio que son expertos en el manejo de maquinaria de \u00faltima tecnolog\u00eda para una producci\u00f3n eficiente y sin problemas.<\/p>\n\n\n\n<h2 class=\"wp-block-heading\"><strong>Capacidad de fabricaci\u00f3n de comprimidos de cabergolina<\/strong><\/h2>\n\n\n\n<p>Podemos producir tabletas de cabergolina de 0,5 mg al mes, que es una medida estandarizada determinada por nuestros expertos en funci\u00f3n del an\u00e1lisis de investigaci\u00f3n de mercado. Esta cantidad de producci\u00f3n satisface perfectamente las crecientes demandas del producto, manteniendo as\u00ed un suministro sostenible del medicamento. Tambi\u00e9n le ayuda a evitar desabastecimientos, reducir el tiempo de respuesta y mantener la liquidez del producto.<\/p>\n\n\n\n<h2 class=\"wp-block-heading\"><strong>Nuestros servicios relacionados con la fabricaci\u00f3n de Cabergolina<\/strong><\/h2>\n\n\n\n<p>Como fabricante reconocido de cabergolina, aqu\u00ed est\u00e1 nuestra amplia gama de servicios para nuestros compradores.<\/p>\n\n\n\n<ul class=\"wp-block-list\">\n<li><strong>Servicio de fabricaci\u00f3n por contrato \u2013 <\/strong>Nos encargamos de la fabricaci\u00f3n por contrato de este producto en concentraciones de 0,5 mg o 1 mg de cabergolina, seg\u00fan sus requisitos.<\/li>\n\n\n\n<li><strong>Fabricaci\u00f3n por terceros &#8211; MedsExporter.com <\/strong>puede ser su socio de confianza en la fabricaci\u00f3n de productos farmac\u00e9uticos, a quien puede subcontratar la producci\u00f3n sin tener que hacerlo todo usted mismo. Puede centrarse f\u00e1cilmente en las actividades comerciales principales, crear estrategias de marketing y aumentar las ventas.<\/li>\n\n\n\n<li><strong>Almacenamiento \u2013 <\/strong>Ofrecemos servicios de almacenamiento eficientes que incluyen almacenamiento, gesti\u00f3n y distribuci\u00f3n de tabletas Dostinex en su nombre.<\/li>\n\n\n\n<li><strong>Embalaje \u2013 <\/strong>Como antiguo fabricante de Cabergolina, ofrecemos opciones de embalaje innovadoras seg\u00fan las necesidades del comprador.<\/li>\n\n\n\n<li><strong>Servicio de env\u00edo \u2013 <\/strong>Como tambi\u00e9n somos exportadores de Cabergolina, podemos intentar ofrecerle servicios de env\u00edo globales con la ayuda de nuestras amplias redes log\u00edsticas.<\/li>\n\n\n\n<li><strong>Servicio de soporte regulatorio \u2013 <\/strong>Adem\u00e1s de producir y suministrar medicamentos de alta calidad, tambi\u00e9n nos dedicamos a servicios de cumplimiento normativo. Nuestro amplio apoyo contin\u00faa en el registro y la concesi\u00f3n de licencias de productos farmac\u00e9uticos para cumplir con los est\u00e1ndares regulatorios.<\/li>\n<\/ul>\n\n\n\n<h2 class=\"wp-block-heading\"><strong>Preguntas frecuentes<\/strong><\/h2>\n\n\n\n<h3 class=\"wp-block-heading\"><strong>\u00bfC\u00f3mo tomar una tableta de Cabergolina?<\/strong><\/h3>\n\n\n\n<p>El m\u00e9dico determinar\u00e1 la dosis perfecta seg\u00fan los requisitos del culturista. Por lo general, esta pastilla se toma dos o tres veces por semana durante aproximadamente 8 a 12 semanas. Tr\u00e1guela como una pastilla (entera solamente) por dosis con un vaso de agua antes o despu\u00e9s de una comida.<\/p>\n\n\n\n<h3 class=\"wp-block-heading\"><strong>\u00bfEs \u00fatil en el tratamiento de la acromegalia?<\/strong><\/h3>\n\n\n\n<p>Aunque hay investigaciones limitadas que respaldan esta afirmaci\u00f3n, se cree que es eficaz en el tratamiento de la acromegalia hasta cierto punto.<\/p>\n\n\n\n<h3 class=\"wp-block-heading\"><strong>\u00bfCu\u00e1l es la dosis recomendada de Cabergolina para desarrollar m\u00fasculo?<\/strong><\/h3>\n\n\n\n<p>Las recomendaciones de dosis var\u00edan entre los culturistas seg\u00fan sus objetivos y la respuesta metab\u00f3lica al medicamento. Por lo general, se recomienda comenzar con una dosis baja (Caberlin 0,25 mg o Caberlin 0,5 mg) y aumentarla a 1 mg (solo por parte del profesional de la salud) si es necesario.<\/p>\n\n\n\n<h3 class=\"wp-block-heading\"><strong>\u00bfC\u00f3mo se asegura la pureza de la Cabergolina?<\/strong><\/h3>\n\n\n\n<p>Solo hay una manera de garantizar la pureza de la cabergolina (Dostinex): el medicamento debe contar con una garant\u00eda de calidad del 100 %. Opte por fuentes confiables que proporcionen medicamentos garantizados y tambi\u00e9n puede verificar la autenticidad a trav\u00e9s de las opiniones de los usuarios. \u00a1Tenga cuidado con las falsificaciones!<\/p>\n\n\n\n<h3 class=\"wp-block-heading\"><strong>\u00bfC\u00f3mo se distribuye la cabergolina despu\u00e9s de su fabricaci\u00f3n?<\/strong><\/h3>\n\n\n\n<p>Contamos con un departamento de distribuci\u00f3n de ventas dedicado que se encarga de esta tarea una vez finalizada la fabricaci\u00f3n. Seg\u00fan sus requisitos, podemos optar por la entrega o facilitar servicios de almacenamiento.<\/p>\n\n\n\n<h3 class=\"wp-block-heading\"><strong>\u00bfPor qu\u00e9 MedsExporter.com es la mejor opci\u00f3n para comprar Cabergolina?<\/strong><\/h3>\n\n\n\n<p><strong>MedsExporter.com <\/strong>es un nombre de confianza en la industria farmac\u00e9utica por sus medicamentos genuinos a precios incre\u00edbles. Las instalaciones de 5 estrellas que ofrecemos por s\u00ed solas dif\u00edcilmente se encontrar\u00e1n al comprar Cabergolina en l\u00ednea.<\/p>\n\n\n\n<h3 class=\"wp-block-heading\"><strong>\u00bfCu\u00e1les son las condiciones de almacenamiento recomendadas para Cabanex (Cabergolina)?<\/strong><\/h3>\n\n\n\n<p>Se puede almacenar a una temperatura entre 15 y 25 grados cent\u00edgrados. Mant\u00e9ngalo alejado de la humedad y la luz solar directa. Cabanex debe colocarse fuera del alcance de los ni\u00f1os y las mascotas.<\/p>\n","protected":false},"excerpt":{"rendered":"<p>Los culturistas utilizan la cabergolina por su potencial para mejorar el crecimiento muscular y el rendimiento atl\u00e9tico. MedsExporter.com: el mejor lugar para comprar cabergolina en l\u00ednea en EE. UU., Reino Unido y Australia.<\/p>","protected":false},"featured_media":49558,"template":"","meta":{"_glsr_average":0,"_glsr_ranking":0,"_glsr_reviews":0},"product_brand":[],"product_cat":[3936],"product_tag":[],"product_form":[],"class_list":{"0":"post-51940","1":"product","2":"type-product","3":"status-publish","4":"has-post-thumbnail","6":"product_cat-medicina-de-musculacion-fabricantes-en-india","8":"first","9":"instock","10":"shipping-taxable","11":"product-type-simple"},"_links":{"self":[{"href":"https:\/\/www.medsexporter.com\/es\/wp-json\/wp\/v2\/product\/51940","targetHints":{"allow":["GET"]}}],"collection":[{"href":"https:\/\/www.medsexporter.com\/es\/wp-json\/wp\/v2\/product"}],"about":[{"href":"https:\/\/www.medsexporter.com\/es\/wp-json\/wp\/v2\/types\/product"}],"wp:featuredmedia":[{"embeddable":true,"href":"https:\/\/www.medsexporter.com\/es\/wp-json\/wp\/v2\/media\/49558"}],"wp:attachment":[{"href":"https:\/\/www.medsexporter.com\/es\/wp-json\/wp\/v2\/media?parent=51940"}],"wp:term":[{"taxonomy":"product_brand","embeddable":true,"href":"https:\/\/www.medsexporter.com\/es\/wp-json\/wp\/v2\/product_brand?post=51940"},{"taxonomy":"product_cat","embeddable":true,"href":"https:\/\/www.medsexporter.com\/es\/wp-json\/wp\/v2\/product_cat?post=51940"},{"taxonomy":"product_tag","embeddable":true,"href":"https:\/\/www.medsexporter.com\/es\/wp-json\/wp\/v2\/product_tag?post=51940"},{"taxonomy":"product_form","embeddable":true,"href":"https:\/\/www.medsexporter.com\/es\/wp-json\/wp\/v2\/product_form?post=51940"}],"curies":[{"name":"wp","href":"https:\/\/api.w.org\/{rel}","templated":true}]}}