{"id":51931,"date":"2024-05-23T05:21:18","date_gmt":"2024-05-23T05:21:18","guid":{"rendered":"https:\/\/medsexporter.com\/product\/sildigra-citrato-de-sildenafil\/"},"modified":"2024-09-07T06:36:58","modified_gmt":"2024-09-07T06:36:58","slug":"sildigra-citrato-de-sildenafil","status":"publish","type":"product","link":"https:\/\/www.medsexporter.com\/es\/product\/sildigra-citrato-de-sildenafil\/","title":{"rendered":"Sildigra (citrato de sildenafil)"},"content":{"rendered":"\n<h2 class=\"wp-block-heading\"><strong>Sildigra (comprimido de sildenafil): usos, efectos secundarios y precio<\/strong><\/h2>\n\n\n\n<p>La tableta Sildigra es un medicamento del grupo Sildenafil y se prescribe para el tratamiento de la disfunci\u00f3n er\u00e9ctil. Contiene el mismo compuesto qu\u00edmico llamado citrato de sildenafil, pero es mucho m\u00e1s barato que el Viagra. Actualmente, Sildigra posee una gran capacidad de suministro de producci\u00f3n de 1 mill\u00f3n de tabletas por mes y se distribuye r\u00e1pidamente en todas las regiones del mundo para ayudar a los hombres a recuperar su potencia sexual.<\/p>\n\n\n\n<h2 class=\"wp-block-heading\"><strong>\u00bfC\u00f3mo act\u00faa en el cuerpo?<\/strong><\/h2>\n\n\n\n<p>El compuesto activo de la tableta Sildigra es el sildenafil, que se clasifica como un inhibidor de la fosfodiesterasa 5 (PDE5). Si tiene disfunci\u00f3n er\u00e9ctil, la estimulaci\u00f3n sexual provoca un aumento temporal del flujo sangu\u00edneo al pene, lo que resulta bastante ventajoso. Alivia la hipertensi\u00f3n pulmonar al permitir que los vasos sangu\u00edneos del pecho se relajen.<\/p>\n\n\n\n<h2 class=\"wp-block-heading\"><strong>\u00bfCu\u00e1les son los beneficios del medicamento Sildigra?<\/strong><\/h2>\n\n\n\n<ul class=\"wp-block-list\">\n<li>La tableta Sildigra ayuda a los hombres a conseguir y mantener las erecciones necesarias para la actividad sexual, lo que mejora su confianza y bienestar sexual.<\/li>\n\n\n\n<li>Al abordar la causa principal de la disfunci\u00f3n er\u00e9ctil, Sildigra puede reducir considerablemente los s\u00edntomas e incluso mejorar la calidad de vida general de ambas parejas.<\/li>\n\n\n\n<li>Cuando un encuentro sexual va bien, la persona puede experimentar una disminuci\u00f3n de la ansiedad relacionada con la disfunci\u00f3n er\u00e9ctil y un aumento de la felicidad y la confianza en s\u00ed mismo.<\/li>\n<\/ul>\n\n\n\n<h2 class=\"wp-block-heading\"><strong>Puntos fuertes disponibles<\/strong><\/h2>\n\n\n\n<ul class=\"wp-block-list\">\n<li><strong>Sildigra 25 mg:<\/strong> Sildigra 25 mg es una dosis suave para el tratamiento de la DE con efectos secundarios insignificantes.<\/li>\n\n\n\n<li><strong>Sildigra 50 mg (citrato de sildenafil):<\/strong> La tableta de Sildigra 50 mg est\u00e1 dise\u00f1ada para una concentraci\u00f3n est\u00e1ndar para un tratamiento potente de la disfunci\u00f3n er\u00e9ctil y un mejor desempe\u00f1o sexual.<\/li>\n\n\n\n<li><strong>Sildigra 75 mg:<\/strong> Sildigra 75 mg es una dosis ligeramente m\u00e1s alta que proporciona mayor potencia para lograr erecciones a\u00fan mejores para una funci\u00f3n er\u00e9ctil mejorada.<\/li>\n\n\n\n<li><strong>Sildigra 120 mg:<\/strong> Ideal para quienes necesitan otra forma de tratamiento para la disfunci\u00f3n er\u00e9ctil que sea un poco m\u00e1s natural.<\/li>\n\n\n\n<li><strong>Comprimido de Sildigra 225 mg (citrato de sildenafil):<\/strong> Sildigra 225 mg es una tableta de alta potencia para casos extremos de DE.<\/li>\n\n\n\n<li><strong>Sildigra 250 mg (citrato de sildenafil):<\/strong> La fuerza m\u00e1s extrema para quienes requieren una respuesta potente para la disfunci\u00f3n er\u00e9ctil.<\/li>\n\n\n\n<li><strong>Sildigra Profesional 100 MG:<\/strong> Tableta eficaz con grado de eficacia competente para obtener resultados confiables.<\/li>\n\n\n\n<li><strong>Sildigra Gold 200 mg (citrato de sildenafil):<\/strong> Fuerza superior para un desempe\u00f1o y satisfacci\u00f3n sexual predominante.<\/li>\n\n\n\n<li><strong>Sildigra CT 100Mg:<\/strong> Oferta de dosis de resultado r\u00e1pido que ofrece acomodaci\u00f3n y un inicio r\u00e1pido para un tratamiento convincente de la DE.<\/li>\n\n\n\n<li><strong>Sildigra Black Force 200mg (Citrato de Sildenafil):<\/strong> Definici\u00f3n extra s\u00f3lida pensada para impactos fuertes y penetrantes.<\/li>\n<\/ul>\n\n\n\n<h2 class=\"wp-block-heading\"><strong>Sildigra tabletas es un exportador en l\u00ednea al por mayor en la India<\/strong><\/h2>\n\n\n\n<p>Como mayorista l\u00edder de Sildigra, nos esforzamos mucho para que los sectores empresariales de todo el mundo tengan acceso a las pastillas de Sildigra. Nuestro alcance abarca varias dimensiones, garantizando soluciones personalizadas para la disfunci\u00f3n er\u00e9ctil. Con un compromiso con la calidad, un ojo cr\u00edtico para los detalles y un servicio fiable, ayudamos a las instituciones y a los profesionales de la salud a satisfacer sus necesidades farmac\u00e9uticas.<\/p>\n\n\n\n<h2 class=\"wp-block-heading\"><strong>Consiga las mejores ofertas en Sildigra tablet (Citrato de Sildenafilo) pedidos al por mayor<\/strong><\/h2>\n\n\n\n<p>Reciba incre\u00edbles ahorros al comprar al por mayor a los exportadores de Sildigra. Ofrecemos un valor sustancial, por lo que puede estar seguro de obtener productos de alta calidad a los mejores precios. Independientemente de su funci\u00f3n como proveedor de atenci\u00f3n m\u00e9dica, distribuidor o minorista, nuestros pedidos al por mayor brindan varios beneficios, un servicio al cliente confiable y una entrega sencilla.<\/p>\n\n\n\n<h2 class=\"wp-block-heading\"><strong>Precios personalizados y basados \u200b\u200ben la ciencia de datos de la tableta Sildigra<\/strong><\/h2>\n\n\n\n<p>La fijaci\u00f3n de precios personalizada y asistida por la ciencia de datos para las tabletas de Sildigra utiliza c\u00e1lculos sofisticados para modificar los precios en respuesta al comportamiento del consumidor, las tendencias del mercado y los patrones de compra. La motivaci\u00f3n del comprador y del distribuidor aumenta con esta t\u00e9cnica, que garantiza m\u00e9todos de estimaci\u00f3n \u00f3ptimos que tienen en cuenta el inter\u00e9s sostenido. Nosotros, como proveedor l\u00edder de Sildigra en l\u00ednea, ofrecemos precios altos y din\u00e1micos mediante el an\u00e1lisis de grandes datos y la mejora de los beneficios y la lealtad del consumidor.<\/p>\n\n\n\n<h2 class=\"wp-block-heading\"><strong>Realice pagos f\u00e1cilmente y sin complicaciones<\/strong><\/h2>\n\n\n\n<p>Actualmente disponemos de todos los m\u00e9todos de pago, pero recomendamos la transferencia bancaria ya que es el m\u00e9todo m\u00e1s seguro.<\/p>\n\n\n\n<h2 class=\"wp-block-heading\"><strong>Servicio de env\u00edo r\u00e1pido y preciso.<\/strong><\/h2>\n\n\n\n<p>Nuestro servicio r\u00e1pido y preciso garantiza que cuando compre una tableta de Sildigra, sus pedidos se entreguen de manera oportuna y en \u00f3ptimas condiciones. Nos centramos en la productividad y la precisi\u00f3n, utilizando estrategias s\u00f3lidas, socios y marcos de posicionamiento global de alto nivel. Ya sea local o internacional, nuestra gesti\u00f3n de env\u00edos garantiza una entrega r\u00e1pida, lo que le brinda tranquilidad y confianza genuinas en cada compra.<\/p>\n\n\n\n<h2 class=\"wp-block-heading\"><strong>Preguntas frecuentes<\/strong><\/h2>\n\n\n\n<h3 class=\"wp-block-heading\"><strong>\u00bfCu\u00e1nto tarda Sildigra en hacer efecto?<\/strong><\/h3>\n\n\n\n<p>Se observa que la acci\u00f3n habitual del comprimido de Sildigra se produce entre 30 y 60 minutos despu\u00e9s de su consumo. Sin embargo, el inicio puede cambiar dependiendo de los aspectos espec\u00edficos, tales como tener una comida, c\u00f3mo se digiri\u00f3 la comida, y el estado general de salud.<\/p>\n\n\n\n<h3 class=\"wp-block-heading\"><strong>\u00bfQu\u00e9 dosis de Sildigra ayuda a aumentar el rendimiento sexual?<\/strong><\/h3>\n\n\n\n<p>La dosis adecuada de Sildigra para apoyar la ejecuci\u00f3n sexual cambia dependiendo de las necesidades individuales y la exhortaci\u00f3n cl\u00ednica. Regularmente, Sildigra 50 mg o 100 mg se sugiere como una dosis inicial.<\/p>\n\n\n\n<h3 class=\"wp-block-heading\"><strong>\u00bfQu\u00e9 debo hacer si me salto una dosis?<\/strong><\/h3>\n\n\n\n<p>Si olvida tomar una dosis de Sildigra Comprimido, t\u00f3mela en cuanto se acuerde, pero preferiblemente justo antes de tener relaciones sexuales.<\/p>\n\n\n\n<h3 class=\"wp-block-heading\"><strong>\u00bfPueden las mujeres tomar Sildigra Comprimidos?<\/strong><\/h3>\n\n\n\n<p>Las mujeres no deben usar Sildigra, ya que s\u00f3lo est\u00e1 destinado a los hombres con disfunci\u00f3n er\u00e9ctil. No es aconsejable para la mujer casada a usarlo, ya que puede causar da\u00f1o y resultados adversos.<\/p>\n\n\n\n<h3 class=\"wp-block-heading\"><strong>\u00bfC\u00f3mo puedo hacer el seguimiento de mi pedido?<\/strong><\/h3>\n\n\n\n<p>Utilice el n\u00famero de seguimiento que se le envi\u00f3 por correo electr\u00f3nico para realizar el seguimiento de su pedido.<\/p>\n\n\n\n<h3 class=\"wp-block-heading\"><strong>\u00bfOfrecen apoyo de marketing a los distribuidores de Sildigra?<\/strong><\/h3>\n\n\n\n<p>S\u00ed, apoyamos la comercializaci\u00f3n y promoci\u00f3n de Sildigra. Respaldamos productos tanto a largo como a corto plazo, incluidas campa\u00f1as publicitarias espec\u00edficas, distribuci\u00f3n gestionada y asesoramiento espec\u00edfico para cada mercado. Esto significa comunicarse con los distribuidores para ayudarles a crear un plan de marketing para la marca \u00fanica Sildigra, impulsando las ventas y la visibilidad en general.<\/p>\n","protected":false},"excerpt":{"rendered":"<p>La tableta de Sildigra (citrato de sildenafil) se utiliza para el tratamiento de la disfunci\u00f3n er\u00e9ctil (impotencia) en los hombres. MedsExporter es una empresa que act\u00faa como mayorista, fabricante, exportador y proveedor de productos Sildigra en la India.<\/p>","protected":false},"featured_media":51099,"template":"","meta":{"_glsr_average":0,"_glsr_ranking":0,"_glsr_reviews":0},"product_brand":[],"product_cat":[3957],"product_tag":[],"product_form":[4097],"class_list":{"0":"post-51931","1":"product","2":"type-product","3":"status-publish","4":"has-post-thumbnail","6":"product_cat-fabricante-de-medicamentos-para-la-disfuncion-erectil-en-india","7":"product_form-fabricante-de-tabletas-en-india","9":"first","10":"outofstock","11":"shipping-taxable","12":"product-type-simple"},"_links":{"self":[{"href":"https:\/\/www.medsexporter.com\/es\/wp-json\/wp\/v2\/product\/51931","targetHints":{"allow":["GET"]}}],"collection":[{"href":"https:\/\/www.medsexporter.com\/es\/wp-json\/wp\/v2\/product"}],"about":[{"href":"https:\/\/www.medsexporter.com\/es\/wp-json\/wp\/v2\/types\/product"}],"wp:featuredmedia":[{"embeddable":true,"href":"https:\/\/www.medsexporter.com\/es\/wp-json\/wp\/v2\/media\/51099"}],"wp:attachment":[{"href":"https:\/\/www.medsexporter.com\/es\/wp-json\/wp\/v2\/media?parent=51931"}],"wp:term":[{"taxonomy":"product_brand","embeddable":true,"href":"https:\/\/www.medsexporter.com\/es\/wp-json\/wp\/v2\/product_brand?post=51931"},{"taxonomy":"product_cat","embeddable":true,"href":"https:\/\/www.medsexporter.com\/es\/wp-json\/wp\/v2\/product_cat?post=51931"},{"taxonomy":"product_tag","embeddable":true,"href":"https:\/\/www.medsexporter.com\/es\/wp-json\/wp\/v2\/product_tag?post=51931"},{"taxonomy":"product_form","embeddable":true,"href":"https:\/\/www.medsexporter.com\/es\/wp-json\/wp\/v2\/product_form?post=51931"}],"curies":[{"name":"wp","href":"https:\/\/api.w.org\/{rel}","templated":true}]}}