{"id":51925,"date":"2024-05-23T05:15:12","date_gmt":"2024-05-23T05:15:12","guid":{"rendered":"https:\/\/medsexporter.com\/product\/tadarise-tadalafilo\/"},"modified":"2024-09-10T10:52:46","modified_gmt":"2024-09-10T10:52:46","slug":"tadarise-tadalafilo","status":"publish","type":"product","link":"https:\/\/www.medsexporter.com\/es\/product\/tadarise-tadalafilo\/","title":{"rendered":"Tadarise (Tadalafilo) Comprimidos Proveedor a granel"},"content":{"rendered":"\n<h2 class=\"wp-block-heading\"><strong>Introducci\u00f3n de la tableta Tadarise (Tadalafilo)<\/strong><\/h2>\n\n\n\n<p>Tadarise, comercializado como Cialis, pertenece a la clase de inhibidores de la fosfodiesterasa tipo 5 y es un medicamento popular utilizado para tratar la disfunci\u00f3n er\u00e9ctil en todo el mundo. La empresa ha asegurado una capacidad de suministro de un mill\u00f3n de comprimidos al mes y cada paquete contiene diez comprimidos, para satisfacer las necesidades de las personas que necesitan un aumento del rendimiento sexual.<\/p>\n\n\n\n<h2 class=\"wp-block-heading\"><strong>\u00bfC\u00f3mo funciona la tableta Tadarise?<\/strong><\/h2>\n\n\n\n<p>La impotencia sexual masculina, a menudo conocida como disfunci\u00f3n er\u00e9ctil, se trata con un comprimido de Tadarise. Estos medicamentos impiden que la fosfodiesterasa tipo 5 funcione demasiado r\u00e1pido. Al aumentar el flujo sangu\u00edneo al pene, Tadarise aumenta el mantenimiento de la erecci\u00f3n regulando la enzima. Tadalafilo no producir\u00e1 una erecci\u00f3n en ausencia de estimulaci\u00f3n f\u00edsica.<\/p>\n\n\n\n<h2 class=\"wp-block-heading\"><strong>Tadarise &#8211; Fortalezas disponibles<\/strong><\/h2>\n\n\n\n<ul class=\"wp-block-list\">\n<li>Tadarise 2.5mg<\/li>\n\n\n\n<li>Tadarisa 5 mg<\/li>\n\n\n\n<li><strong>Tadarise 10mg<\/strong><\/li>\n\n\n\n<li><strong>Tadarise 20 mg<\/strong><\/li>\n\n\n\n<li><strong><a href=\"https:\/\/medsexporter.com\/product\/tadarise-40mg\/\"><\/a>Tadarise 40mg<\/strong><\/li>\n\n\n\n<li>Tadarise 60mg<\/li>\n\n\n\n<li>Tabletas de Tadarise Pro de 20 mg<\/li>\n\n\n\n<li><strong><a href=\"https:\/\/medsexporter.com\/product\/tadarise-oral-jelly\/\"><\/a>Jalea oral Tadarise<\/strong><\/li>\n\n\n\n<li>Tadarise Effervescent<\/li>\n\n\n\n<li>Tadarise Pro 40 mg (tadalafilo) \u2013 Comprimidos sublinguales<\/li>\n\n\n\n<li>Tabletas sublinguales de Tadarise, 20 mg<\/li>\n<\/ul>\n\n\n\n<h2 class=\"wp-block-heading\"><strong>Exportadora confiable<\/strong><\/h2>\n\n\n\n<p>Como exportador de Tadarise, garantizamos una calidad constante, una entrega oportuna y una coherencia con los principios internacionales, brindando un acceso seguro y efectivo a tabletas de Tadarise de alta calidad.<\/p>\n\n\n\n<h2 class=\"wp-block-heading\"><strong>Distribuci\u00f3n de Tadarise &#8211; Tabletas de Tadalafilo<\/strong><\/h2>\n\n\n\n<p>En cuanto a la distribuci\u00f3n de las tabletas de Tadarise \u2013 Tadalafilo, nos enorgullecemos de nuestra eficacia y nuestros productos llegan a todo el mundo. Entregamos nuestros productos a tiempo a varios mercados y, al mismo tiempo, controlamos de cerca la calidad de nuestros productos. Con la visi\u00f3n de alcanzar la excelencia, ofrecemos cadenas de suministro altamente eficientes y confiables para proveedores y distribuidores de atenci\u00f3n m\u00e9dica de todo el mundo.<\/p>\n\n\n\n<h3 class=\"wp-block-heading\"><strong>Cantidad m\u00ednima de pedido de Tadarise (MOQ):<\/strong><\/h3>\n\n\n\n<p>No hay una cantidad m\u00ednima para comprar, pero obtendr\u00e1s las mejores ofertas de Tadarise si compras al por mayor.<\/p>\n\n\n\n<h3 class=\"wp-block-heading\"><strong>Opciones de env\u00edo:<\/strong><\/h3>\n\n\n\n<p>El mayorista de Tadarise ofrece flexibilidad en los m\u00e9todos de env\u00edo para satisfacer los requisitos globales. En cuanto al env\u00edo, utilizamos las opciones de env\u00edo est\u00e1ndar y expr\u00e9s para garantizar la entrega segura y r\u00e1pida de los art\u00edculos pedidos. Nuestro departamento de log\u00edstica insiste en los est\u00e1ndares internacionales para garantizar que cualquier env\u00edo que nos entreguen le llegue en el mejor estado posible.<\/p>\n\n\n\n<h3 class=\"wp-block-heading\"><strong>Condiciones de pago:<\/strong><\/h3>\n\n\n\n<p>MedsExporter.com tiene todas las opciones de pago disponibles si compra Tadarise en l\u00ednea, pero preferimos la transferencia bancaria ya que es el m\u00e9todo m\u00e1s seguro.<\/p>\n\n\n\n<h2 class=\"wp-block-heading\"><strong>Requisitos de almacenamiento para medicamentos de Tadarise a granel<\/strong><\/h2>\n\n\n\n<p>Se ha comprobado que las pastillas Tadarise ED a granel son sensibles a la luz y la humedad; por lo tanto, el almacenamiento debe realizarse en un lugar fresco y seco, libre de luz solar directa y humedad. Se recomienda tanto a los proveedores como a los mayoristas mantener la temperatura ambiente entre 15 \u00b0C y 30 \u00b0C. Para preservar la calidad del medicamento y mejorar su estabilidad, debe envasarse y almacenarse en recipientes sellados.<\/p>\n\n\n\n<h2 class=\"wp-block-heading\"><strong>Obtenga asistencia al cliente las 24 horas, los 7 d\u00edas de la semana<\/strong><\/h2>\n\n\n\n<p>Contamos con soporte al cliente las 24 horas, lo que significa que el cliente tiene la seguridad de recibir ayuda en todo momento. Ya sea que tenga pedidos que realizar, preguntas sobre un producto o est\u00e9 experimentando problemas, nuestro personal profesional est\u00e1 disponible para ayudarlo en cualquier momento del d\u00eda o de la noche.<\/p>\n\n\n\n<h2 class=\"wp-block-heading\"><strong>Preguntas frecuentes<\/strong><\/h2>\n\n\n\n<h3 class=\"wp-block-heading\"><strong>\u00bfC\u00f3mo debo tomar Tadarise?<\/strong><\/h3>\n\n\n\n<p>Tome las pastillas enteras, preferiblemente con jugo o agua (evite el jugo de pomelo). Tome una pastilla de Tadarise al menos 30 minutos antes de tener relaciones sexuales.<\/p>\n\n\n\n<h3 class=\"wp-block-heading\"><strong>\u00bfCu\u00e1l es la dosis recomendada de Tadarise para mejorar el rendimiento sexual?<\/strong><\/h3>\n\n\n\n<h4 class=\"wp-block-heading\"><strong>Utilizar para la disfunci\u00f3n er\u00e9ctil seg\u00fan sea necesario:<\/strong><\/h4>\n\n\n\n<ul class=\"wp-block-list\">\n<li><strong>Dosis inicial:<\/strong> 2,5 mg tomados una vez al d\u00eda, por v\u00eda oral, seg\u00fan sea necesario, antes de tener relaciones sexuales.<\/li>\n\n\n\n<li><strong>Dosis de mantenimiento:<\/strong> Dependiendo de la eficacia y tolerancia individual, se toman de 5 a 20 mg una vez al d\u00eda por v\u00eda oral, seg\u00fan sea necesario, antes de tener relaciones sexuales.<\/li>\n\n\n\n<li><strong>Observaci\u00f3n:<\/strong> Se ha demostrado que tomar este medicamento seg\u00fan sea necesario alivia la disfunci\u00f3n er\u00e9ctil hasta 36 horas despu\u00e9s de la dosis.<\/li>\n<\/ul>\n\n\n\n<h4 class=\"wp-block-heading\"><strong>Para la disfunci\u00f3n er\u00e9ctil, utilizar una vez al d\u00eda:<\/strong><\/h4>\n\n\n\n<ul class=\"wp-block-list\">\n<li><strong>Primera dosis:<\/strong> 2,5 mg tomados por v\u00eda oral una vez al d\u00eda aproximadamente a la misma hora, independientemente de cu\u00e1ndo tenga relaciones sexuales.<\/li>\n\n\n\n<li><strong>Dosis de mantenimiento:<\/strong> Depending on tolerance and individual effectiveness, 2.5-5 mg is taken daily by mouth.<\/li>\n<\/ul>\n\n\n\n<h3 class=\"wp-block-heading\"><strong>\u00bfQui\u00e9n no debe tomarlo?<\/strong><\/h3>\n\n\n\n<p>Tadarise no debe ser utilizado por personas que tengan una alergia conocida al medicamento, que est\u00e9n tomando nitratos para el dolor de pecho o que tengan ciertas afecciones card\u00edacas. Tampoco se recomienda para personas con enfermedades hep\u00e1ticas o renales graves o a quienes se les ha desaconsejado la actividad sexual debido a problemas de salud.<\/p>\n\n\n\n<h3 class=\"wp-block-heading\"><strong>\u00bfCu\u00e1nto dura el efecto de Tadarise?<\/strong><\/h3>\n\n\n\n<p>Puede funcionar hasta 36 horas seguidas.<\/p>\n\n\n\n<h3 class=\"wp-block-heading\"><strong>\u00bfExisten efectos secundarios de la pastilla Tadarise para la disfunci\u00f3n er\u00e9ctil?<\/strong><\/h3>\n\n\n\n<p>Como todo medicamento, Tadarise tambi\u00e9n tiene efectos secundarios:<\/p>\n\n\n\n<h4 class=\"wp-block-heading\"><strong>Efectos secundarios no graves:<\/strong><\/h4>\n\n\n\n<ul class=\"wp-block-list\">\n<li>Malestar estomacal<\/li>\n\n\n\n<li>Dolor de cabeza<\/li>\n\n\n\n<li>Dolor de espalda<\/li>\n\n\n\n<li>Enrojecimiento<\/li>\n\n\n\n<li>Dolores musculares<\/li>\n\n\n\n<li>Nariz congestionada o que gotea<\/li>\n<\/ul>\n\n\n\n<h4 class=\"wp-block-heading\"><strong>Efectos secundarios graves:<\/strong><\/h4>\n\n\n\n<ul class=\"wp-block-list\">\n<li>P\u00e9rdida repentina de la visi\u00f3n<\/li>\n\n\n\n<li>Dolor en el pecho<\/li>\n\n\n\n<li>P\u00e9rdida repentina de audici\u00f3n<\/li>\n\n\n\n<li>Arritmia<\/li>\n\n\n\n<li>Mareos intensos<\/li>\n\n\n\n<li>Dificultad para respirar<\/li>\n\n\n\n<li>Erecci\u00f3n dolorosa o prolongada (priapismo)<\/li>\n\n\n\n<li>Desmayo<\/li>\n<\/ul>\n\n\n\n<h3 class=\"wp-block-heading\"><strong>\u00bfPodemos obtener un embalaje personalizado para las tabletas de Tadarise?<\/strong><\/h3>\n\n\n\n<p>S\u00ed, las tabletas de Tadarise se pueden envasar seg\u00fan las especificaciones del consumidor. Esto garantiza que los productos tengan la marca correcta y tambi\u00e9n cumplan con los requisitos de la ley, al mismo tiempo que garantiza una presentaci\u00f3n eficaz de los productos a los clientes.<\/p>\n","protected":false},"excerpt":{"rendered":"Introducci\u00f3n de la tableta Tadarise (Tadalafilo) Tadarise, comercializado como Cialis, pertenece a la clase de inhibidores de la fosfodiesterasa tipo 5 y es un medicamento popular utilizado para tratar la disfunci\u00f3n er\u00e9ctil en todo el mundo. La empresa ha asegurado una capacidad de suministro de un mill\u00f3n de comprimidos al mes y cada paquete contiene [&hellip;]","protected":false},"featured_media":51310,"template":"","meta":{"_glsr_average":0,"_glsr_ranking":0,"_glsr_reviews":0},"product_brand":[],"product_cat":[3957,4011],"product_tag":[],"product_form":[4097],"class_list":{"0":"post-51925","1":"product","2":"type-product","3":"status-publish","4":"has-post-thumbnail","6":"product_cat-fabricante-de-medicamentos-para-la-disfuncion-erectil-en-india","7":"product_cat-medicamentos-para-la-salud-masculina-fabricante-en-india","8":"product_form-fabricante-de-tabletas-en-india","10":"first","11":"instock","12":"shipping-taxable","13":"product-type-simple"},"_links":{"self":[{"href":"https:\/\/www.medsexporter.com\/es\/wp-json\/wp\/v2\/product\/51925","targetHints":{"allow":["GET"]}}],"collection":[{"href":"https:\/\/www.medsexporter.com\/es\/wp-json\/wp\/v2\/product"}],"about":[{"href":"https:\/\/www.medsexporter.com\/es\/wp-json\/wp\/v2\/types\/product"}],"wp:featuredmedia":[{"embeddable":true,"href":"https:\/\/www.medsexporter.com\/es\/wp-json\/wp\/v2\/media\/51310"}],"wp:attachment":[{"href":"https:\/\/www.medsexporter.com\/es\/wp-json\/wp\/v2\/media?parent=51925"}],"wp:term":[{"taxonomy":"product_brand","embeddable":true,"href":"https:\/\/www.medsexporter.com\/es\/wp-json\/wp\/v2\/product_brand?post=51925"},{"taxonomy":"product_cat","embeddable":true,"href":"https:\/\/www.medsexporter.com\/es\/wp-json\/wp\/v2\/product_cat?post=51925"},{"taxonomy":"product_tag","embeddable":true,"href":"https:\/\/www.medsexporter.com\/es\/wp-json\/wp\/v2\/product_tag?post=51925"},{"taxonomy":"product_form","embeddable":true,"href":"https:\/\/www.medsexporter.com\/es\/wp-json\/wp\/v2\/product_form?post=51925"}],"curies":[{"name":"wp","href":"https:\/\/api.w.org\/{rel}","templated":true}]}}