{"id":51899,"date":"2024-05-23T05:15:37","date_gmt":"2024-05-23T05:15:37","guid":{"rendered":"https:\/\/medsexporter.com\/product\/vidalista-tadalafilo\/"},"modified":"2024-09-05T07:33:42","modified_gmt":"2024-09-05T07:33:42","slug":"vidalista-tadalafilo","status":"publish","type":"product","link":"https:\/\/www.medsexporter.com\/es\/product\/vidalista-tadalafilo\/","title":{"rendered":"Vidalista (Tadalafilo)"},"content":{"rendered":"\n<h2 class=\"wp-block-heading\"><strong>\u00bfQu\u00e9 es la tableta Vidalista?<\/strong><\/h2>\n\n\n\n<p>Tableta Vidalista, que se comercializa con licencia y se comercializa como Cialis, es uno de los tratamientos m\u00e1s eficaces para la disfunci\u00f3n er\u00e9ctil que contiene tadalafilo. Este medicamento est\u00e1 disponible en todo el mundo para aliviar el sufrimiento de millones de personas que padecen disfunci\u00f3n er\u00e9ctil.<\/p>\n\n\n\n<p>La planta de producci\u00f3n farmac\u00e9utica de nuestra empresa tiene una alta tasa de producci\u00f3n mensual de 1 mill\u00f3n de comprimidos para garantizar la disponibilidad de existencias. Tambi\u00e9n se producen paquetes individuales de 10 comprimidos para responder a la necesidad de un mejor rendimiento sexual.<\/p>\n\n\n\n<h2 class=\"wp-block-heading\"><strong>\u00bfC\u00f3mo funciona la tableta Vidalista Tadalafil?<\/strong><\/h2>\n\n\n\n<p>La disfunci\u00f3n er\u00e9ctil es el t\u00e9rmino que se utiliza para describir la incapacidad de un hombre para mantener una erecci\u00f3n despu\u00e9s de tener relaciones sexuales. Una erecci\u00f3n es el efecto normal del cuerpo de un hombre en respuesta a las relaciones sexuales al facilitar el flujo sangu\u00edneo a su pene. Al facilitar el flujo sangu\u00edneo al pene, la tableta Vidalista aumenta el mantenimiento de la erecci\u00f3n al regular el compuesto. La tableta Vidalista no funcionar\u00e1 para producir una erecci\u00f3n en ausencia de estimulaci\u00f3n f\u00edsica del pene, como la que ocurre durante las relaciones sexuales.<\/p>\n\n\n\n<h2 class=\"wp-block-heading\"><strong>Beneficios de la tableta Vidalista<\/strong><\/h2>\n\n\n\n<p>Estos son los principales beneficios de Vidalista 20:<\/p>\n\n\n\n<ul class=\"wp-block-list\">\n<li>La duraci\u00f3n de este efecto es de hasta 36 horas.<\/li>\n\n\n\n<li>Ayuda a mejorar la calidad de la funci\u00f3n er\u00e9ctil.<\/li>\n\n\n\n<li>Permite relaciones sexuales frecuentes y no planificadas.<\/li>\n\n\n\n<li>Mejora la circulaci\u00f3n de la sangre al \u00f3rgano masculino.<\/li>\n\n\n\n<li>Est\u00e1 disponible como r\u00e9gimen de una vez al d\u00eda para algunos pacientes.<\/li>\n\n\n\n<li>Puede facilitar el retorno a la normalidad corporal del impulso sexual.<\/li>\n<\/ul>\n\n\n\n<h2 class=\"wp-block-heading\"><strong>Puntos fuertes disponibles<\/strong><\/h2>\n\n\n\n<ul class=\"wp-block-list\">\n<li><strong>Vidalista 2.5mg<\/strong><\/li>\n\n\n\n<li>Vidalista 5mg<\/li>\n\n\n\n<li>Vidalista 10 mg<\/li>\n\n\n\n<li><strong>Vidalista 20 mg<\/strong><\/li>\n\n\n\n<li>Vidalista 40mg<\/li>\n\n\n\n<li><strong>Vidalista 60 mg<\/strong><\/li>\n\n\n\n<li>Vidalista 80<\/li>\n\n\n\n<li>Vidalista Negro 80 mg<\/li>\n\n\n\n<li>Vidalista Profesional 20 mg<\/li>\n\n\n\n<li>Vidalista CT 20 mg<\/li>\n\n\n\n<li>Extra Super Vidalista<\/li>\n<\/ul>\n\n\n\n<h2 class=\"wp-block-heading\"><strong>Envasado y personalizaci\u00f3n Vidalista Tadalafil Comprimidos<\/strong><\/h2>\n\n\n\n<p>Veamos los tipos de envase del proveedor de Vidalista Comprimidos:<\/p>\n\n\n\n<ul class=\"wp-block-list\">\n<li><strong>Embalaje est\u00e1ndar:<\/strong> El envase est\u00e1ndar de Vidalista es de diez comprimidos en una tira en bl\u00edsteres de alta calidad. F\u00e1cil de etiquetar y con etiquetas separables, precintos inviolables, portabilidad y su peque\u00f1o tama\u00f1o ayudan a mantener la seguridad y el cumplimiento para el consumidor.<\/li>\n\n\n\n<li><strong>Opciones de personalizaci\u00f3n:<\/strong> Las opciones de personalizaci\u00f3n son dise\u00f1os, marcas y tama\u00f1os especiales para pedidos individuales. Mejore los atributos de marca y proporcione atractivo al producto con nuestros vers\u00e1tiles envases.<\/li>\n<\/ul>\n\n\n\n<h2 class=\"wp-block-heading\">Distribuci\u00f3n y env\u00edo global de comprimidos Vidalista ED<\/h2>\n\n\n\n<p>Como mayorista en l\u00ednea de Vidalista con buena reputaci\u00f3n, ofrecemos distribuci\u00f3n confiable y transporte mundial de p\u00edldoras Vidalista ED, asegurando una entrega ideal a sectores comerciales globales con empaquetado seguro y operaciones planificadas efectivas.<\/p>\n\n\n\n<h3 class=\"wp-block-heading\"><strong>Precios y condiciones de pago<\/strong><\/h3>\n\n\n\n<ul class=\"wp-block-list\">\n<li><strong>Cantidad m\u00ednima de pedido de Vidalista:<\/strong> No existe un monto base de solicitud si desea comprar Vidalista, sin embargo, puede beneficiarse de l\u00edmites cr\u00edticos para pedidos al por mayor.<\/li>\n\n\n\n<li><strong>Modelo de precios:<\/strong> Las estrategias de precios son relativamente bajas y la empresa puede ofrecer condiciones de pago flexibles.<\/li>\n\n\n\n<li><strong>Condiciones de pago:<\/strong> Preferimos el m\u00e9todo de transferencia bancaria.<\/li>\n<\/ul>\n\n\n\n<h3 class=\"wp-block-heading\"><strong>Condiciones de almacenamiento recomendadas<\/strong><\/h3>\n\n\n\n<p>Las tabletas de Vidalista deben almacenarse a temperatura ambiente y en un ambiente seco o sin exposici\u00f3n directa al calor o la humedad. El exportador, proveedor y mayorista de Vidalista debe mantener la temperatura ambiente adecuada para conservar la potencia del producto y garantizar su seguridad.<\/p>\n\n\n\n<h2 class=\"wp-block-heading\"><strong>Preguntas frecuentes<\/strong><\/h2>\n\n\n\n<h2 class=\"wp-block-heading\"><strong>\u00bfC\u00f3mo mejorar el rendimiento sexual mediante el uso de una tableta Vidalista?<\/strong><\/h2>\n\n\n\n<p>Tome un comprimido para la disfunci\u00f3n er\u00e9ctil al menos media hora antes de tener relaciones sexuales. Los comprimidos de Vidalista deben tomarse de forma habitual. Puede tomarlos a primera hora del d\u00eda o a \u00faltima hora de la noche, pero mantenga una pr\u00e1ctica diaria similar.<\/p>\n\n\n\n<h3 class=\"wp-block-heading\"><strong>\u00bfSe puede utilizar Vidalista para tratar afecciones distintas a la disfunci\u00f3n er\u00e9ctil?<\/strong><\/h3>\n\n\n\n<p>La HBP tambi\u00e9n se puede tratar con Vidalista. Tadalafil tambi\u00e9n se prescribe a personas para tratar la hipertensi\u00f3n pulmonar, aumentando as\u00ed su capacidad para hacer ejercicio.<\/p>\n\n\n\n<h3 class=\"wp-block-heading\"><strong>\u00bfCu\u00e1les son los efectos secundarios de Vidalista comprimidos?<\/strong><\/h3>\n\n\n\n<p>En caso de que sufra alguno de los siguientes efectos secundarios de un comprimido de Vidalista: urticaria, dificultad para respirar, hinchaz\u00f3n de la cara, labios, lengua o garganta, solicite ayuda urgente.<\/p>\n\n\n\n<p><br>Si durante el acto sexual siente n\u00e1useas, mareos o molestias en el pecho, interrumpa la actividad y obtenga atenci\u00f3n m\u00e9dica de inmediato. Podr\u00eda estar experimentando un efecto adverso potencialmente mortal.<\/p>\n\n\n\n<h3 class=\"wp-block-heading\"><strong>\u00bfEs seguro para las mujeres?<\/strong><\/h3>\n\n\n\n<p>No, no puedes tomar esta pastilla porque s\u00f3lo la usan los hombres.<\/p>\n\n\n\n<h3 class=\"wp-block-heading\"><strong>\u00bfC\u00f3mo puedo hacer el seguimiento de mi pedido?<\/strong><\/h3>\n\n\n\n<p>Realice el seguimiento de su pedido utilizando el n\u00famero de seguimiento enviado al correo electr\u00f3nico una vez efectuado el env\u00edo. Para mayor comodidad, la informaci\u00f3n actualizada est\u00e1 disponible veinticuatro horas al d\u00eda a trav\u00e9s de nuestro seguimiento en l\u00ednea.<\/p>\n\n\n\n<h3 class=\"wp-block-heading\"><strong>\u00bfDe qu\u00e9 tipo de atenci\u00f3n al cliente disponen los distribuidores?<\/strong><\/h3>\n\n\n\n<p>Los distribuidores disponen de servicios de asistencia las 24 horas del d\u00eda para atender sus pedidos, env\u00edos y necesidades de asistencia t\u00e9cnica para mejorar sus operaciones y resolver sus problemas r\u00e1pidamente.<\/p>\n","protected":false},"excerpt":{"rendered":"<p>\u00bfEst\u00e1 buscando un proveedor mayorista de Vidalista? Vidalista, conocido por tratar la disfunci\u00f3n er\u00e9ctil (DE), est\u00e1 disponible a granel a trav\u00e9s de proveedores de confianza. MedsExporter es un proveedor mayorista l\u00edder de tabletas de Vidalista (Tadalafilo).<\/p>","protected":false},"featured_media":51702,"template":"","meta":{"_glsr_average":0,"_glsr_ranking":0,"_glsr_reviews":0},"product_brand":[],"product_cat":[3957,4011],"product_tag":[],"product_form":[4097],"class_list":{"0":"post-51899","1":"product","2":"type-product","3":"status-publish","4":"has-post-thumbnail","6":"product_cat-fabricante-de-medicamentos-para-la-disfuncion-erectil-en-india","7":"product_cat-medicamentos-para-la-salud-masculina-fabricante-en-india","8":"product_form-fabricante-de-tabletas-en-india","10":"first","11":"instock","12":"shipping-taxable","13":"product-type-simple"},"_links":{"self":[{"href":"https:\/\/www.medsexporter.com\/es\/wp-json\/wp\/v2\/product\/51899","targetHints":{"allow":["GET"]}}],"collection":[{"href":"https:\/\/www.medsexporter.com\/es\/wp-json\/wp\/v2\/product"}],"about":[{"href":"https:\/\/www.medsexporter.com\/es\/wp-json\/wp\/v2\/types\/product"}],"wp:featuredmedia":[{"embeddable":true,"href":"https:\/\/www.medsexporter.com\/es\/wp-json\/wp\/v2\/media\/51702"}],"wp:attachment":[{"href":"https:\/\/www.medsexporter.com\/es\/wp-json\/wp\/v2\/media?parent=51899"}],"wp:term":[{"taxonomy":"product_brand","embeddable":true,"href":"https:\/\/www.medsexporter.com\/es\/wp-json\/wp\/v2\/product_brand?post=51899"},{"taxonomy":"product_cat","embeddable":true,"href":"https:\/\/www.medsexporter.com\/es\/wp-json\/wp\/v2\/product_cat?post=51899"},{"taxonomy":"product_tag","embeddable":true,"href":"https:\/\/www.medsexporter.com\/es\/wp-json\/wp\/v2\/product_tag?post=51899"},{"taxonomy":"product_form","embeddable":true,"href":"https:\/\/www.medsexporter.com\/es\/wp-json\/wp\/v2\/product_form?post=51899"}],"curies":[{"name":"wp","href":"https:\/\/api.w.org\/{rel}","templated":true}]}}