{"id":51893,"date":"2024-05-23T05:17:42","date_gmt":"2024-05-23T05:17:42","guid":{"rendered":"https:\/\/medsexporter.com\/product\/zhewitra-vardenafilo\/"},"modified":"2024-09-05T06:14:57","modified_gmt":"2024-09-05T06:14:57","slug":"zhewitra-vardenafilo","status":"publish","type":"product","link":"https:\/\/www.medsexporter.com\/es\/product\/zhewitra-vardenafilo\/","title":{"rendered":"Zhewitra (vardenafilo)"},"content":{"rendered":"\n<h2 class=\"wp-block-heading\"><strong>\u00bfQu\u00e9 es Zhewitra (Vardenafilo) Comprimido?<\/strong><\/h2>\n\n\n\n<p>Zhewitra es un medicamento recetado para tratar la disfunci\u00f3n er\u00e9ctil. La disfunci\u00f3n er\u00e9ctil es la incapacidad para lograr y mantener una erecci\u00f3n razonable para el sexo. Este medicamento funciona mediante la ampliaci\u00f3n del torrente sangu\u00edneo a su pene, que le ayuda a mantener una erecci\u00f3n.<\/p>\n\n\n\n<h2 class=\"wp-block-heading\"><strong>\u00bfC\u00f3mo funciona?<\/strong><\/h2>\n\n\n\n<p>Vardenafilo, el ingrediente principal de Zhewitra, inhibe la enzima PDE5, que separa el cGMP. Al inhibir esta enzima, puede aumentar la cantidad de cGMP a la que puede acceder en sus venas, lo que a su vez desarrolla a\u00fan m\u00e1s el flujo de sangre hacia su pene.<\/p>\n\n\n\n<h2 class=\"wp-block-heading\"><strong>Zhewitra tabletas &#8211; Un tratamiento eficaz para la disfunci\u00f3n er\u00e9ctil<\/strong><\/h2>\n\n\n\n<p>La tableta de Zhewitra aumenta la probabilidad de que una persona logre y mantenga una erecci\u00f3n durante la actividad sexual. Tambi\u00e9n aumentan otros aspectos de la funci\u00f3n sexual, incluida la confianza general, la actividad org\u00e1smica y la seguridad en uno mismo. Adem\u00e1s, las personas con diabetes o que se han sometido a una cirug\u00eda de pr\u00f3stata pueden recibir tratamiento para la disfunci\u00f3n er\u00e9ctil con este medicamento.<br>Beneficios potenciales de la tableta Zhewitra<\/p>\n\n\n\n<ul class=\"wp-block-list\">\n<li>Funci\u00f3n er\u00e9ctil<\/li>\n\n\n\n<li>Mayor duraci\u00f3n de las relaciones sexuales<\/li>\n\n\n\n<li>Mayor confianza en el sexo<\/li>\n\n\n\n<li>Comienzo r\u00e1pido<\/li>\n<\/ul>\n\n\n\n<h2 class=\"wp-block-heading\"><strong>Tableta Zhewitra (vardenafilo): concentraci\u00f3n disponible<\/strong><\/h2>\n\n\n\n<ul class=\"wp-block-list\">\n<li><strong>Zhewitra 10 mg: <\/strong>Ayuda a mejorar el rendimiento de un hombre y proporciona asistencia valiosa para problemas er\u00e9ctiles leves a moderados que pueden obstaculizar el rendimiento sexual.<\/li>\n\n\n\n<li><strong>Zhewitra 20 mg:<\/strong> Para trabajar la capacidad er\u00e9ctil y apoyar el placer sexual, Zhewitra 20 es su mejor opci\u00f3n.<\/li>\n\n\n\n<li><strong>Zhewitra 40 mg (vardenafilo):<\/strong> Si tiene una disfunci\u00f3n er\u00e9ctil m\u00e1s grave, Zhewitra 40 mg garantiza mejoras fundamentales en la actividad excitante.<\/li>\n\n\n\n<li><strong>Zhewitra 60 mg: <\/strong>Este medicamento se utiliza para mejorar considerablemente la disfunci\u00f3n er\u00e9ctil. Es ideal para personas que necesitan ayuda m\u00e1s pr\u00e1ctica.<\/li>\n\n\n\n<li><strong>Gelatina de Zhewitra 20 mg:<\/strong> Combina un potente <strong>vardenafilo <\/strong>con un gel eficaz para tratar r\u00e1pidamente la DE.<\/li>\n\n\n\n<li><strong>S\u00faper Zhewitra: <\/strong>Elabora una amplia ecuaci\u00f3n para la ayuda m\u00e1s ideal para la erecci\u00f3n y la eyaculaci\u00f3n que cualquiera podr\u00eda esperar encontrar, brindando un rendimiento y una satisfacci\u00f3n mejorados.<\/li>\n\n\n\n<li><strong>Zhewitra extra s\u00faper: <\/strong>Combina algunas piezas \u00fanicas para obtener resultados ideales, brindando la mejor capacidad de supervivencia para DE y EP graves.<\/li>\n<\/ul>\n\n\n\n<h2 class=\"wp-block-heading\"><strong>Distribuci\u00f3n y Log\u00edstica de comprimidos de Zhewitra &#8211; vardenafilo<\/strong><\/h2>\n\n\n\n<p>La tableta de Zhewitra vardenafilo se env\u00eda a trav\u00e9s de una organizaci\u00f3n optimizada de operaciones coordinadas para garantizar un transporte \u00fatil. Estas tabletas se env\u00edan de manera segura y se entregan con acceso general. Los canales de distribuci\u00f3n eficientes de un mayorista de Zhewitra son fundamentales para mantener la respetabilidad del producto y garantizar que las agencias de atenci\u00f3n m\u00e9dica acepten sus medicamentos de manera r\u00e1pida y segura. <br><br>Como fabricante de Zhewitra, producimos 1 mill\u00f3n de tabletas al mes para satisfacer las demandas globales.<\/p>\n\n\n\n<h3 class=\"wp-block-heading\"><strong>Gesti\u00f3n eficiente de la cadena de suministro<\/strong><\/h3>\n\n\n\n<p>El grado de optimizaci\u00f3n de la cadena de suministro se conoce como eficiencia de la cadena de suministro. Al emplear una gesti\u00f3n eficaz de la cadena de suministro a trav\u00e9s del proveedor de tabletas Zhewitra, reducimos el desperdicio de tiempo y recursos, y las empresas pueden reducir los gastos de la cadena de suministro y aumentar los ingresos.<\/p>\n\n\n\n<h3 class=\"wp-block-heading\"><strong>Red de distribuci\u00f3n global<\/strong><\/h3>\n\n\n\n<p>No se puede negar la importancia de la cadena de suministro global para el sector farmac\u00e9utico. Garantiza la calidad, mejora la eficiencia de la producci\u00f3n y la circulaci\u00f3n, supervisa los riesgos, fomenta el desarrollo y afecta al futuro del negocio en lo que respecta a la capacidad de gesti\u00f3n y la innovaci\u00f3n.<\/p>\n\n\n\n<h3 class=\"wp-block-heading\"><strong>Embalaje seguro<\/strong><\/h3>\n\n\n\n<p>El envasado de medicamentos es una pieza b\u00e1sica para garantizar la seguridad, estabilidad y viabilidad de los medicamentos.<\/p>\n\n\n\n<ul class=\"wp-block-list\">\n<li><strong>Protecci\u00f3n:<\/strong> El embalaje adecuado se utiliza para proteger los productos de da\u00f1os, luz, humedad y cambios de temperatura, protegi\u00e9ndolos mientras se trasladan y almacenan.<\/li>\n\n\n\n<li><strong>Consistencia:<\/strong> El embalaje farmac\u00e9utico cumple con estrictas normas, garantizando que los medicamentos aprobados por los m\u00e9dicos sean seguros y viables para todos.<\/li>\n\n\n\n<li><strong>Correspondencia:<\/strong> El embalaje comunica datos fundamentales, como propuestas de uso leg\u00edtimo y detalles de consistencia, a profesionales capacitados en atenci\u00f3n m\u00e9dica.<\/li>\n<\/ul>\n\n\n\n<h2 class=\"wp-block-heading\"><strong>Condiciones de pago disponibles<\/strong><\/h2>\n\n\n\n<p>Si desea comprar Zhewitra en l\u00ednea, tenemos la mayor\u00eda de las opciones de pago disponibles, pero preferimos la transferencia bancaria, que es el m\u00e9todo m\u00e1s seguro.<\/p>\n\n\n\n<h2 class=\"wp-block-heading\"><strong>Obtenga ofertas para comprar tabletas Zhewitra al por mayor<\/strong><\/h2>\n\n\n\n<p>Benef\u00edciese de incre\u00edbles descuentos y ahorros al comprar pastillas Zhewitra en grandes cantidades.<\/p>\n\n\n\n<h2 class=\"wp-block-heading\"><strong>Condiciones de almacenamiento recomendadas <\/strong><\/h2>\n\n\n\n<p>Grandes cantidades de Zhewitra deben mantenerse alejadas de la luz solar directa y de la humedad en un lugar fresco y seco para garantizar la m\u00e1xima vitalidad y vida \u00fatil.<\/p>\n\n\n\n<h2 class=\"wp-block-heading\"><strong>Preguntas frecuentes<\/strong><\/h2>\n\n\n\n<h3 class=\"wp-block-heading\"><strong>\u00bfSe puede tomar Zhewitra con otros medicamentos?<\/strong><\/h3>\n\n\n\n<p>No se deben utilizar medicamentos recetados como nitratos, otros inhibidores de la PDE5 y otros antihipertensivos junto con Zhewitra, ya que pueden tener interacciones adversas o reducir su eficacia.<\/p>\n\n\n\n<h2 class=\"wp-block-heading\"><strong>\u00bfEs Zhewitra adecuado para su uso en adultos mayores?<\/strong><\/h2>\n\n\n\n<p>Los pacientes mayores pueden beneficiarse de Zhewitra; pero recuerde tambi\u00e9n que se requiere una administraci\u00f3n cautelosa y calificada.<\/p>\n\n\n\n<h2 class=\"wp-block-heading\"><strong>\u00bfExisten efectos secundarios asociados con Zhewitra?<\/strong><\/h2>\n\n\n\n<p>Alrededor del 40% de las personas experimentan efectos secundarios que, en general, son leves. Los s\u00edntomas m\u00e1s conocidos del Vardenafil incluyen:<\/p>\n\n\n\n<ul class=\"wp-block-list\">\n<li>Enrojecimiento<\/li>\n\n\n\n<li>Dolor de cabeza<\/li>\n\n\n\n<li>Mareo<\/li>\n\n\n\n<li>Nariz que moquea o est\u00e1 congestionada<\/li>\n\n\n\n<li>Presi\u00f3n arterial baja leve<\/li>\n\n\n\n<li>Indigesti\u00f3n<\/li>\n<\/ul>\n\n\n\n<p>En raras ocasiones, el Vardenafil puede causar priapismo, que es una erecci\u00f3n dolorosa que dura m\u00e1s de 6 horas. Si su erecci\u00f3n dura m\u00e1s de 4 horas, debe buscar una intervenci\u00f3n m\u00e9dica para evitar da\u00f1os permanentes en el pene.<\/p>\n\n\n\n<h2 class=\"wp-block-heading\"><strong>\u00bfCu\u00e1nto dura el efecto de Zhewitra?<\/strong><\/h2>\n\n\n\n<p>T\u00edpicamente, el efecto de Zhewitra tiene lugar en 4-6 horas. Las reacciones individuales, sin embargo, podr\u00edan diferir en funci\u00f3n de cosas tales como las condiciones de salud, la dosis del medicamento y otras drogas.<\/p>\n\n\n\n<h2 class=\"wp-block-heading\"><strong>\u00bfPuede tomarse Zhewitra a diario?<\/strong><\/h2>\n\n\n\n<p>Zhewitra se prescribe principalmente en funci\u00f3n de las necesidades. Uno puede tomarlo diariamente s\u00f3lo si es sugerido por un m\u00e9dico.<\/p>\n\n\n\n<h2 class=\"wp-block-heading\"><strong>\u00bfC\u00f3mo puedo hacer el seguimiento de mi pedido?<\/strong><\/h2>\n\n\n\n<p>Para seguir el progreso de su pedido, utilice el servicio de seguimiento de pedidos accediendo a su cuenta mediante el enlace de seguimiento enviado a su correo electr\u00f3nico.<\/p>\n","protected":false},"excerpt":{"rendered":"<p>Zhewitra es un medicamento que se utiliza para tratar la disfunci\u00f3n er\u00e9ctil (DE) en los hombres. Suministros a granel de comprimidos de Zhewitra (vardenafilo) de mayoristas y proveedores de MedsExporter. Solicite Zhewitra 20 mg a granel a precios mayoristas.<\/p>","protected":false},"featured_media":49490,"template":"","meta":{"_glsr_average":0,"_glsr_ranking":0,"_glsr_reviews":0},"product_brand":[],"product_cat":[3957,3973,4011],"product_tag":[],"product_form":[4097],"class_list":{"0":"post-51893","1":"product","2":"type-product","3":"status-publish","4":"has-post-thumbnail","6":"product_cat-fabricante-de-medicamentos-para-la-disfuncion-erectil-en-india","7":"product_cat-generico-levitra-fabricante-en-india","8":"product_cat-medicamentos-para-la-salud-masculina-fabricante-en-india","9":"product_form-fabricante-de-tabletas-en-india","11":"first","12":"instock","13":"shipping-taxable","14":"product-type-simple"},"_links":{"self":[{"href":"https:\/\/www.medsexporter.com\/es\/wp-json\/wp\/v2\/product\/51893","targetHints":{"allow":["GET"]}}],"collection":[{"href":"https:\/\/www.medsexporter.com\/es\/wp-json\/wp\/v2\/product"}],"about":[{"href":"https:\/\/www.medsexporter.com\/es\/wp-json\/wp\/v2\/types\/product"}],"wp:featuredmedia":[{"embeddable":true,"href":"https:\/\/www.medsexporter.com\/es\/wp-json\/wp\/v2\/media\/49490"}],"wp:attachment":[{"href":"https:\/\/www.medsexporter.com\/es\/wp-json\/wp\/v2\/media?parent=51893"}],"wp:term":[{"taxonomy":"product_brand","embeddable":true,"href":"https:\/\/www.medsexporter.com\/es\/wp-json\/wp\/v2\/product_brand?post=51893"},{"taxonomy":"product_cat","embeddable":true,"href":"https:\/\/www.medsexporter.com\/es\/wp-json\/wp\/v2\/product_cat?post=51893"},{"taxonomy":"product_tag","embeddable":true,"href":"https:\/\/www.medsexporter.com\/es\/wp-json\/wp\/v2\/product_tag?post=51893"},{"taxonomy":"product_form","embeddable":true,"href":"https:\/\/www.medsexporter.com\/es\/wp-json\/wp\/v2\/product_form?post=51893"}],"curies":[{"name":"wp","href":"https:\/\/api.w.org\/{rel}","templated":true}]}}