{"id":51876,"date":"2024-05-23T05:13:47","date_gmt":"2024-05-23T05:13:47","guid":{"rendered":"https:\/\/medsexporter.com\/product\/penegra-citrato-de-sildenafil\/"},"modified":"2024-09-04T10:01:10","modified_gmt":"2024-09-04T10:01:10","slug":"penegra-citrato-de-sildenafil","status":"publish","type":"product","link":"https:\/\/www.medsexporter.com\/es\/product\/penegra-citrato-de-sildenafil\/","title":{"rendered":"Penegra (citrato de sildenafil)"},"content":{"rendered":"\n<h2 class=\"wp-block-heading\"><strong>Descripci\u00f3n general de la tableta Penegra<\/strong><\/h2>\n\n\n\n<p>La tableta Penegra es principalmente un medicamento para la disfunci\u00f3n er\u00e9ctil y est\u00e1 dirigida al mercado global. Tambi\u00e9n se comercializa para la disfunci\u00f3n er\u00e9ctil bajo el nombre comercial Viagra y ayuda a aumentar el flujo sangu\u00edneo al pene. La tira tiene una capacidad de suministro mensual de 1 mill\u00f3n de tabletas y contiene cuatro tabletas, lo que facilita su suministro a proveedores de todo el mundo.<\/p>\n\n\n\n<h2 class=\"wp-block-heading\"><strong>\u00bfC\u00f3mo act\u00faa Penegra (citrato de sildenafil) en el cuerpo para tratar la disfunci\u00f3n er\u00e9ctil?<\/strong><\/h2>\n\n\n\n<p>Penegra (citrato de sildenafil) es un inhibidor reconocido de la fosfodiesterasa (PDE). Durante la estimulaci\u00f3n sexual, el sildenafil aumenta el flujo sangu\u00edneo al pene, lo que ayuda a curar la disfunci\u00f3n er\u00e9ctil. Como resultado del aumento del flujo sangu\u00edneo se produce una erecci\u00f3n.<\/p>\n\n\n\n<h2 class=\"wp-block-heading\"><strong>Beneficios potenciales de Penegra<\/strong><\/h2>\n\n\n\n<ul class=\"wp-block-list\">\n<li><strong>Tratamiento de la disfunci\u00f3n er\u00e9ctil:<\/strong> Penegra 100 se utiliza principalmente en el tratamiento de la disfunci\u00f3n er\u00e9ctil y ayuda al hombre a tener y mantener una erecci\u00f3n.<\/li>\n\n\n\n<li><strong>Rendimiento sexual mejorado:<\/strong> La p\u00edldora Penegra ED ayuda a corregir el s\u00edndrome al llevar el suministro de sangre al falo.<\/li>\n\n\n\n<li><strong>Acci\u00f3n r\u00e1pida:<\/strong> Los efectos de Penegra 50 se pueden notar entre media hora y una hora despu\u00e9s de tomar los comprimidos.<\/li>\n\n\n\n<li><strong>Impacto positivo en las relaciones:<\/strong> Puede mejorar la confianza, as\u00ed como la satisfacci\u00f3n en el aspecto sexual de una relaci\u00f3n.<\/li>\n<\/ul>\n\n\n\n<h2 class=\"wp-block-heading\"><strong>Pastilla para la disfunci\u00f3n er\u00e9ctil Penegra disponible<\/strong><\/h2>\n\n\n\n<ul class=\"wp-block-list\">\n<li><a href=\"https:\/\/medsexporter.com\/product\/penegra-25mg\/\"><\/a>Penegra 25mg<\/li>\n\n\n\n<li><a href=\"https:\/\/medsexporter.com\/product\/penegra-50mg\/\"><\/a>Penegra 50mg<\/li>\n\n\n\n<li><a href=\"https:\/\/medsexporter.com\/product\/penegra-100-mg\/\"><\/a>Penegra 100 mg<\/li>\n\n\n\n<li><a href=\"https:\/\/medsexporter.com\/product\/penegra-xpress\/\"><\/a>Penegra Xpress<\/li>\n<\/ul>\n\n\n\n<h2 class=\"wp-block-heading\"><strong>Un distribuidor mayorista y exportador confiable de Penegra &#8211; Tabletas de citrato de sildenafil<\/strong><\/h2>\n\n\n\n<p><strong>MedsExporter.com<\/strong> es un distribuidor mayorista y exportador confiable de Penegra, tabletas de citrato de sildenafil. Mantenemos un estricto control de calidad, ofrecemos precios razonables de los productos y realizamos env\u00edos a todo el mundo. Nos adherimos estrictamente a la calidad de nuestro trabajo y a la satisfacci\u00f3n del cliente.<\/p>\n\n\n\n<h2 class=\"wp-block-heading\"><strong>Tabletas de Penegra: embalaje y env\u00edo<\/strong><\/h2>\n\n\n\n<p>Las tabletas de Penegra se envasan correctamente en un material controlado, se ha demostrado que son seguras y mostrar\u00e1n signos si se las manipula. Para mantener la privacidad de la informaci\u00f3n m\u00e9dica, como distribuidor confiable de citrato de sildenafil, nos aseguramos de que est\u00e9 bien embalada cuando se la transporta de un lugar a otro. El transporte se realiza de manera eficaz y los art\u00edculos se distribuyen bien por todo el mundo, a tiempo e intactos. Nuestro proceso garantiza que, cuando las tabletas de Penegra lleguen a usted, est\u00e9n en perfectas condiciones, de ah\u00ed nuestras normas de calidad y entrega del servicio.<\/p>\n\n\n\n<h2 class=\"wp-block-heading\"><strong>Informaci\u00f3n de pedidos<\/strong><\/h2>\n\n\n\n<p>Para comprar Penegra en l\u00ednea, aseg\u00farese de que la informaci\u00f3n proporcionada sea correcta para facilitar el procesamiento del pedido. A continuaci\u00f3n, se muestra una selecci\u00f3n del plan de pago preferido y la opci\u00f3n de env\u00edo. Verifique nuevamente la confirmaci\u00f3n del pedido para evitar errores. Haga clic en el seguimiento y rastreo del env\u00edo para rastrear su paradero. Contamos con un segmento de atenci\u00f3n al cliente para preguntas que ayuda a los clientes a solicitar nuestros servicios sin problemas.<\/p>\n\n\n\n<h3 class=\"wp-block-heading\"><strong>Cantidad m\u00ednima de pedido:<\/strong><\/h3>\n\n\n\n<p>No existe una cantidad base solicitada para comprar con nosotros, sin embargo, puede obtener grandes descuentos si compra al por mayor.<\/p>\n\n\n\n<h3 class=\"wp-block-heading\"><strong>Condiciones de pago disponibles:<\/strong><\/h3>\n\n\n\n<p>Todas las opciones de pago est\u00e1n accesibles para nosotros, sin embargo preferimos la transferencia bancaria.<\/p>\n\n\n\n<h3 class=\"wp-block-heading\"><strong>Plazo de entrega:<\/strong><\/h3>\n\n\n\n<p>El tiempo de entrega de Penegra Exporter se mide desde la realizaci\u00f3n del pedido hasta la entrega del producto, el procesamiento, la fabricaci\u00f3n y la entrega. En cuanto al tiempo de entrega, la anticipaci\u00f3n del momento de la entrega es vital para evitar comprometer las expectativas. El tiempo de entrega es fundamental para garantizar la accesibilidad de los art\u00edculos y una gesti\u00f3n eficaz de la red de producci\u00f3n al organizar los pedidos.<\/p>\n\n\n\n<h2 class=\"wp-block-heading\"><strong>Condiciones recomendadas de almacenamiento a granel<\/strong><\/h2>\n\n\n\n<p>En cuanto al mayorista y exportador de tabletas de Penegra, se recomienda almacenar los art\u00edculos en grandes cantidades en lugares frescos y secos. Las condiciones fundamentales preservan la calidad del producto y aumentan su vida \u00fatil.<\/p>\n\n\n\n<h2 class=\"wp-block-heading\"><strong>Atenci\u00f3n al cliente 24 horas al d\u00eda, 7 d\u00edas a la semana<\/strong><\/h2>\n\n\n\n<p>A los clientes se les ofrece asistencia las 24 horas del d\u00eda cuando necesitan una respuesta a una pregunta o enfrentan un problema relacionado con una tarea. Quer\u00edamos crear una ayuda confiable que funcione en cualquier momento del d\u00eda o de la noche, y lo logramos.<\/p>\n\n\n\n<h2 class=\"wp-block-heading\"><strong>Preguntas frecuentes<\/strong><\/h2>\n\n\n\n<h3 class=\"wp-block-heading\"><strong>1. \u00bfCu\u00e1nto tiempo se tarda en ver resultados?<\/strong><\/h3>\n\n\n\n<p>El tiempo est\u00e1ndar para que Penegra empiece a hacer efecto despu\u00e9s de tomar una pastilla es de entre 30 y 60 minutos. En cualquier caso, no se puede lograr una erecci\u00f3n con Penegra solo. Para que el medicamento produzca resultados, debe estar f\u00edsicamente excitado.<\/p>\n\n\n\n<h3 class=\"wp-block-heading\"><strong>2. \u00bfEs efectiva la pastilla Penegra para las mujeres con disfunci\u00f3n sexual?<\/strong><\/h3>\n\n\n\n<p>La FDA no ha aprobado el uso de Viagra en mujeres. No obstante, su m\u00e9dico podr\u00eda recomendar su uso fuera de lo indicado.<\/p>\n\n\n\n<h3 class=\"wp-block-heading\"><strong>3. \u00bfQu\u00e9 dosis de tableta de Penegra es m\u00e1s efectiva para tratar la DE?<\/strong><\/h3>\n\n\n\n<p>En caso necesario, se administra un \u00fanico comprimido de Penegra. No exceda nunca la dosis recomendada por su m\u00e9dico.<\/p>\n\n\n\n<h3 class=\"wp-block-heading\"><strong>4. \u00bfExisten efectos secundarios de la tableta Penegra?<\/strong><\/h3>\n\n\n\n<p>Al igual que con cualquier otro medicamento, pueden producirse efectos secundarios si toma comprimidos de Penegra 100 mg.<\/p>\n\n\n\n<ul class=\"wp-block-list\">\n<li>Dolor de cabeza<\/li>\n\n\n\n<li>Indigesti\u00f3n<\/li>\n\n\n\n<li>Diarrea<\/li>\n\n\n\n<li>Dificultad para dormir<\/li>\n\n\n\n<li>Mareo<\/li>\n\n\n\n<li>Numbness, burning, and tingling in the feet and arms<\/li>\n\n\n\n<li>Orina turbia y con sangre<\/li>\n\n\n\n<li>Sensibilidad a la luz<\/li>\n\n\n\n<li>Alteraciones visuales<\/li>\n\n\n\n<li>Erecci\u00f3n prolongada y dolorosa<\/li>\n\n\n\n<li>Lagrimeo excesivo del ojo<\/li>\n\n\n\n<li>Dolor al orinar<\/li>\n\n\n\n<li>Zumbidos en los o\u00eddos<\/li>\n\n\n\n<li>Congesti\u00f3n nasal<\/li>\n\n\n\n<li>Deafness<\/li>\n\n\n\n<li>Enrojecimiento, especialmente en la cara y el cuello.<\/li>\n\n\n\n<li>N\u00e1useas<\/li>\n<\/ul>\n\n\n\n<h3 class=\"wp-block-heading\"><strong>5. \u00bfExisten ofertas en compras al por mayor de tabletas de Penegra?<\/strong><\/h3>\n\n\n\n<p>En el caso de que compre tabletas de Penegra al por mayor, podr\u00eda obtener un descuento considerable.<\/p>\n","protected":false},"excerpt":{"rendered":"Descripci\u00f3n general de la tableta Penegra La tableta Penegra es principalmente un medicamento para la disfunci\u00f3n er\u00e9ctil y est\u00e1 dirigida al mercado global. Tambi\u00e9n se comercializa para la disfunci\u00f3n er\u00e9ctil bajo el nombre comercial Viagra y ayuda a aumentar el flujo sangu\u00edneo al pene. La tira tiene una capacidad de suministro mensual de 1 mill\u00f3n [&hellip;]","protected":false},"featured_media":51718,"template":"","meta":{"_glsr_average":0,"_glsr_ranking":0,"_glsr_reviews":0},"product_brand":[],"product_cat":[3957,4011],"product_tag":[],"product_form":[4097],"class_list":{"0":"post-51876","1":"product","2":"type-product","3":"status-publish","4":"has-post-thumbnail","6":"product_cat-fabricante-de-medicamentos-para-la-disfuncion-erectil-en-india","7":"product_cat-medicamentos-para-la-salud-masculina-fabricante-en-india","8":"product_form-fabricante-de-tabletas-en-india","10":"first","11":"instock","12":"shipping-taxable","13":"product-type-simple"},"_links":{"self":[{"href":"https:\/\/www.medsexporter.com\/es\/wp-json\/wp\/v2\/product\/51876","targetHints":{"allow":["GET"]}}],"collection":[{"href":"https:\/\/www.medsexporter.com\/es\/wp-json\/wp\/v2\/product"}],"about":[{"href":"https:\/\/www.medsexporter.com\/es\/wp-json\/wp\/v2\/types\/product"}],"wp:featuredmedia":[{"embeddable":true,"href":"https:\/\/www.medsexporter.com\/es\/wp-json\/wp\/v2\/media\/51718"}],"wp:attachment":[{"href":"https:\/\/www.medsexporter.com\/es\/wp-json\/wp\/v2\/media?parent=51876"}],"wp:term":[{"taxonomy":"product_brand","embeddable":true,"href":"https:\/\/www.medsexporter.com\/es\/wp-json\/wp\/v2\/product_brand?post=51876"},{"taxonomy":"product_cat","embeddable":true,"href":"https:\/\/www.medsexporter.com\/es\/wp-json\/wp\/v2\/product_cat?post=51876"},{"taxonomy":"product_tag","embeddable":true,"href":"https:\/\/www.medsexporter.com\/es\/wp-json\/wp\/v2\/product_tag?post=51876"},{"taxonomy":"product_form","embeddable":true,"href":"https:\/\/www.medsexporter.com\/es\/wp-json\/wp\/v2\/product_form?post=51876"}],"curies":[{"name":"wp","href":"https:\/\/api.w.org\/{rel}","templated":true}]}}