{"id":51872,"date":"2024-05-23T05:12:14","date_gmt":"2024-05-23T05:12:14","guid":{"rendered":"https:\/\/medsexporter.com\/product\/fildena-sildenafilo\/"},"modified":"2024-09-13T11:01:53","modified_gmt":"2024-09-13T11:01:53","slug":"fildena-sildenafilo","status":"publish","type":"product","link":"https:\/\/www.medsexporter.com\/es\/product\/fildena-sildenafilo\/","title":{"rendered":"Fildena (Sildenafilo)"},"content":{"rendered":"\n<h2 class=\"wp-block-heading\"><strong>\u00bfQu\u00e9 es la tableta Fildena? Fabricante y proveedor de tabletas Fildena en India<\/strong><\/h2>\n\n\n\n<p>Fildena es un comprimido gen\u00e9rico de citrato de sildenafilo que se utiliza por v\u00eda oral para tratar la disfunci\u00f3n er\u00e9ctil (DE) o impotencia en los hombres. Tambi\u00e9n es un remedio preferido para aumentar el deseo sexual en los hombres al tiempo que disminuye las quejas relativas a la disminuci\u00f3n de la libido. Este medicamento asegura la aparici\u00f3n instant\u00e1nea de erecciones (dentro de 30 a 60 minutos) y permite a los hombres hacer el amor durante un m\u00e1ximo de 5 horas.<\/p>\n\n\n\n<p>Compre comprimidos de Fildena (a menudo con la marca Viagra) a distribuidores de renombre para que los usuarios finales obtengan una mayor eficacia con sus medicamentos, inclinando as\u00ed su gr\u00e1fico de retorno de la inversi\u00f3n.<\/p>\n\n\n\n<h2 class=\"wp-block-heading\"><strong>\u00bfC\u00f3mo funciona la pastilla Fildena?<\/strong><\/h2>\n\n\n\n<p>Funciona en un mecanismo de acci\u00f3n simple &#8211; impulsar el ciclo de la enzima cGMP para aumentar la circulaci\u00f3n sangu\u00ednea hacia el pene para erecciones m\u00e1s fuertes, naturalmente.<\/p>\n\n\n\n<h2 class=\"wp-block-heading\"><strong>\u00bfC\u00f3mo trata Fildena (Sildenafilo) la disfunci\u00f3n er\u00e9ctil?<\/strong><\/h2>\n\n\n\n<p>Este medicamento contiene sildenafilo, un inhibidor de la PDE-5, como ingrediente principal. Tras la excitaci\u00f3n sexual, dirige m\u00e1s suministro de sangre hacia el pene para apoyar y mantener erecciones m\u00e1s fuertes durante m\u00e1s tiempo. Dado que tambi\u00e9n libera la tensi\u00f3n de los m\u00fasculos del suelo p\u00e9lvico esponjoso y desbloquea las arterias que suministran sangre al pene, este medicamento aumenta el ciclo de la enzima cGMP para la transferencia de sangre inquebrantable. Como los genitales masculinos reciben abundante sangre en las c\u00e1maras, erecciones m\u00e1s duras se promueven en cuesti\u00f3n de minutos despu\u00e9s de la dosis y se espera que dure alrededor de 5 horas para m\u00faltiples rondas de sexo, incluso si vienen una vez.<\/p>\n\n\n\n<p>Para la mayor\u00eda de los hombres, Fildena 150 mg podr\u00eda ser prescrito como una dosis est\u00e1ndar, mientras que a otros se les podr\u00eda sugerir una dosis m\u00e1s suave o m\u00e1s fuerte.<\/p>\n\n\n\n<h2 class=\"wp-block-heading\"><strong>Beneficios potenciales de Fildena<\/strong><\/h2>\n\n\n\n<ul class=\"wp-block-list\">\n<li>Aliviar los s\u00edntomas de impotencia<\/li>\n\n\n\n<li>Trata el bajo deseo sexual masculino<\/li>\n\n\n\n<li>Estimula erecciones m\u00e1s fuertes de forma natural<\/li>\n\n\n\n<li>El inicio se experimenta s\u00f3lo en 30 a 60 minutos<\/li>\n\n\n\n<li>Las erecciones pueden durar hasta 4 \u00f3 5 horas.<\/li>\n\n\n\n<li>Refuerzo del apetito sexual masculino de uso regular<\/li>\n\n\n\n<li>Efectos secundarios m\u00ednimos (s\u00edntomas leves o moderados)<\/li>\n<\/ul>\n\n\n\n<h2 class=\"wp-block-heading\"><strong>Fuerza disponible<\/strong><\/h2>\n\n\n\n<ul class=\"wp-block-list\">\n<li>Fildena 25 mg (Citrato de Sildenafilo)<\/li>\n\n\n\n<li>Fildena 50mg<\/li>\n\n\n\n<li>Fildena 100 mg (Sildenafilo)<\/li>\n\n\n\n<li>Fildena 120 mg (Citrato de Sildenafilo)<\/li>\n\n\n\n<li>Fildena 150 mg (Citrato de Sildenafilo)<\/li>\n\n\n\n<li>Fildena Profesional 100 mg (Citrato de Sildenafilo)<\/li>\n\n\n\n<li>Fildena CT 100 mg (comprimido masticable)<\/li>\n\n\n\n<li>Fildena Super Active (Citrato de Sildenafil) &#8211; C\u00e1psulas de gelatina blanda<\/li>\n\n\n\n<li><strong>Fildena XXX<\/strong><\/li>\n<\/ul>\n\n\n\n<h2 class=\"wp-block-heading\"><strong>Compre tabletas Fildena en l\u00ednea a granel &#8211; Exportador mayorista de citrato de sildenafil<\/strong><\/h2>\n\n\n\n<p>Cualquier mayorista, proveedor o distribuidor es bienvenido para realizar pedidos al por mayor o consultas. Llevamos a\u00f1os entregando medicamentos para la disfunci\u00f3n er\u00e9ctil con una calidad 100 % garantizada en todo el mundo. Ser\u00eda un placer hacer que sus usuarios finales experimenten lo que se siente al consumir medicamentos de alta calidad. Despu\u00e9s de todo, su reputaci\u00f3n crece y tambi\u00e9n lo hace la lealtad de sus clientes hacia su farmacia.<\/p>\n\n\n\n<p>Tenemos descuentos incre\u00edbles en compras de grandes cantidades. \u00bfEst\u00e1 dispuesto a consultar sobre las mejores ofertas de Fildena al por mayor ahora?<\/p>\n\n\n\n<h2 class=\"wp-block-heading\"><strong>Cantidades m\u00ednimas de pedido y descuentos de comprimidos de Fildena<\/strong><\/h2>\n\n\n\n<p>Somos uno de los antiguos distribuidores de comprimidos Fildena que prioriza las distintas demandas de los clientes. Nuestra capacidad de producci\u00f3n mensual es de 1 mill\u00f3n de comprimidos\/c\u00e1psulas Fildena. No dude en pedir cualquier cantidad m\u00ednima dentro de este l\u00edmite para obtener tiempos de entrega \u00f3ptimos.<\/p>\n\n\n\n<h2 class=\"wp-block-heading\"><strong>Condiciones de pago f\u00e1ciles<\/strong><\/h2>\n\n\n\n<p>Tenemos una pol\u00edtica de pagos sencilla y transparente sin cargos ocultos que te sorprendan m\u00e1s adelante. Realiza el pago completo mediante transferencia bancaria de una sola vez para un procesamiento de pedidos sencillo y conveniente. No tendr\u00e1s que estar pendiente de los pagos mientras nosotros nos encargamos de procesar tu pedido lo antes posible.<\/p>\n\n\n\n<h2 class=\"wp-block-heading\"><strong>Obtenga una entrega r\u00e1pida y oportuna en pedidos al por mayor<\/strong><\/h2>\n\n\n\n<p>Hemos trabajado como proveedores globales de Fildena durante a\u00f1os. Por lo tanto, contamos con una amplia red log\u00edstica con socios de servicio de confianza que garantizan entregas m\u00e1s r\u00e1pidas, precisas y oportunas. Espere que sus pedidos lleguen a tiempo, como lo prometimos.<\/p>\n\n\n\n<h2 class=\"wp-block-heading\"><strong>Condiciones de almacenamiento requeridas para la tableta Fildena (citrato de sildenafil)<\/strong><\/h2>\n\n\n\n<ul class=\"wp-block-list\">\n<li>Guarde su reserva de Fildena en un lugar fresco y seco, lejos de la luz solar directa y la humedad.<\/li>\n\n\n\n<li>Guarde el paquete en un lugar conveniente para que se puedan rastrear f\u00e1cilmente las fechas de fabricaci\u00f3n y vencimiento.<\/li>\n\n\n\n<li>Gestionar eficientemente el recambio de medicamentos para evitar desabastecimientos y medicamentos caducados.<\/li>\n<\/ul>\n\n\n\n<h2 class=\"wp-block-heading\"><strong>Preguntas frecuentes<\/strong><\/h2>\n\n\n\n<h3 class=\"wp-block-heading\"><strong>\u00bfCu\u00e1nto tiempo tarda en empezar a hacer efecto Fildena?<\/strong><\/h3>\n\n\n\n<p>Esta tableta de citrato de sildenafil solo tarda entre 30 y 60 minutos en ayudar a los hombres a lograr la dureza deseada.<\/p>\n\n\n\n<h3 class=\"wp-block-heading\"><strong>\u00bfPueden las mujeres usar Fildena?<\/strong><\/h3>\n\n\n\n<p>Las tabletas de Fildena no son para mujeres debido a posibles riesgos para la salud, espec\u00edficamente durante el embarazo (posible sangrado excesivo durante el parto) y la lactancia (Sildenafil pasa a trav\u00e9s de la leche materna).<\/p>\n\n\n\n<h3 class=\"wp-block-heading\"><strong>\u00bfQu\u00e9 dosis de Fildena es eficaz para el tratamiento de la disfunci\u00f3n er\u00e9ctil?<\/strong><\/h3>\n\n\n\n<p>Promete eficacia tanto si se toma la dosis adecuada para principiantes como una m\u00e1s fuerte (comprimido de Fildena de 200 mg). Sin embargo, la dosis se puede prescribir o modificar en funci\u00f3n de las preferencias y los requisitos del hombre para tratar la disfunci\u00f3n er\u00e9ctil.<\/p>\n\n\n\n<h3 class=\"wp-block-heading\"><strong>\u00bfEs seguro consumir alcohol mientras se toma Fildena?<\/strong><\/h3>\n\n\n\n<p>No, no es seguro beber alcohol mientras se toma este medicamento para la impotencia debido al mareo excesivo que puede producirse. Por lo tanto, evite cualquier bebida con contenido de alcohol, como el jugo de pomelo. Evite tambi\u00e9n las bebidas con cafe\u00edna.<\/p>\n\n\n\n<h3 class=\"wp-block-heading\"><strong>\u00bfInteract\u00faa con otros medicamentos para la disfunci\u00f3n er\u00e9ctil?<\/strong><\/h3>\n\n\n\n<p>S\u00ed, puede interactuar con otras pastillas para la disfunci\u00f3n er\u00e9ctil y viceversa. Los principales medicamentos con los que interact\u00faa son las pastillas para dormir, los antidepresivos, los medicamentos contra el VIH\/SIDA, Riociguat, los antivirales, etc.<\/p>\n\n\n\n<h3 class=\"wp-block-heading\"><strong>\u00bfC\u00f3mo puedo rastrear mi pedido?<\/strong><\/h3>\n\n\n\n<p>El seguimiento del pedido es muy sencillo gracias al enlace que se env\u00eda por correo electr\u00f3nico al momento del env\u00edo. Si tiene alguna pregunta, comun\u00edquese con nuestro servicio de atenci\u00f3n al cliente disponible las 24 horas, los 7 d\u00edas de la semana.<\/p>\n","protected":false},"excerpt":{"rendered":"<p><strong>MedsExporter<\/strong> es uno de los principales fabricantes y proveedores de comprimidos de Fildena en la India. La disfunci\u00f3n er\u00e9ctil ha sido un problema persistente que ha afectado a los hombres durante siglos. Fildena (Sildenafil) est\u00e1 disponible al por mayor en l\u00ednea a los mejores precios en EE. UU., Reino Unido, Australia y m\u00e1s.<\/p>","protected":false},"featured_media":49267,"template":"","meta":{"_glsr_average":0,"_glsr_ranking":0,"_glsr_reviews":0},"product_brand":[],"product_cat":[3957,4011],"product_tag":[],"product_form":[4147,4097],"class_list":{"0":"post-51872","1":"product","2":"type-product","3":"status-publish","4":"has-post-thumbnail","6":"product_cat-fabricante-de-medicamentos-para-la-disfuncion-erectil-en-india","7":"product_cat-medicamentos-para-la-salud-masculina-fabricante-en-india","8":"product_form-fabricante-de-capsulas-en-la-india","9":"product_form-fabricante-de-tabletas-en-india","11":"first","12":"instock","13":"shipping-taxable","14":"product-type-simple"},"_links":{"self":[{"href":"https:\/\/www.medsexporter.com\/es\/wp-json\/wp\/v2\/product\/51872","targetHints":{"allow":["GET"]}}],"collection":[{"href":"https:\/\/www.medsexporter.com\/es\/wp-json\/wp\/v2\/product"}],"about":[{"href":"https:\/\/www.medsexporter.com\/es\/wp-json\/wp\/v2\/types\/product"}],"wp:featuredmedia":[{"embeddable":true,"href":"https:\/\/www.medsexporter.com\/es\/wp-json\/wp\/v2\/media\/49267"}],"wp:attachment":[{"href":"https:\/\/www.medsexporter.com\/es\/wp-json\/wp\/v2\/media?parent=51872"}],"wp:term":[{"taxonomy":"product_brand","embeddable":true,"href":"https:\/\/www.medsexporter.com\/es\/wp-json\/wp\/v2\/product_brand?post=51872"},{"taxonomy":"product_cat","embeddable":true,"href":"https:\/\/www.medsexporter.com\/es\/wp-json\/wp\/v2\/product_cat?post=51872"},{"taxonomy":"product_tag","embeddable":true,"href":"https:\/\/www.medsexporter.com\/es\/wp-json\/wp\/v2\/product_tag?post=51872"},{"taxonomy":"product_form","embeddable":true,"href":"https:\/\/www.medsexporter.com\/es\/wp-json\/wp\/v2\/product_form?post=51872"}],"curies":[{"name":"wp","href":"https:\/\/api.w.org\/{rel}","templated":true}]}}