{"id":51837,"date":"2024-04-12T12:22:47","date_gmt":"2024-04-12T12:22:47","guid":{"rendered":"https:\/\/medsexporter.com\/product\/slim-trim-activo\/"},"modified":"2024-08-30T10:03:54","modified_gmt":"2024-08-30T10:03:54","slug":"slim-trim-activo","status":"publish","type":"product","link":"https:\/\/www.medsexporter.com\/es\/product\/slim-trim-activo\/","title":{"rendered":"Slim Trim Activo (Orlistat)"},"content":{"rendered":"\n<h2 class=\"wp-block-heading\"><strong>Presentaci\u00f3n de la c\u00e1psula activa Slim Trim<\/strong><\/h2>\n\n\n\n<p>Slim Trim Activo es uno de los mejores medicamentos de p\u00e9rdida de peso para adultos. Tambi\u00e9n se conoce como un medicamento contra la obesidad. Con Orlistat como el principal contenido activo, tambi\u00e9n lo ver\u00e1 por el nombre de marca Xenical.<\/p>\n\n\n\n<p>Las dosis est\u00e1ndar de esta droga est\u00e1n disponibles en 60mg (principiante-amistoso) y 120mg (moderado) fuerzas, prescritas seg\u00fan las metas de la p\u00e9rdida del peso del individuo, el estado de salud total, y el metabolismo. Si usted es un dietista o un proveedor\/distribuidor farmac\u00e9utico dispuesto a comprar al por mayor esta c\u00e1psula de p\u00e9rdida de peso, MedsExporter.com podr\u00eda ser su socio de confianza.<\/p>\n\n\n\n<h2 class=\"wp-block-heading\"><strong>\u00bfPara qu\u00e9 sirve la c\u00e1psula Slim Trim Activo?<\/strong><\/h2>\n\n\n\n<p><strong>Slim Trim Activo c\u00e1psula<\/strong> promueve principalmente la p\u00e9rdida de peso, lo que significa que indirectamente se dirige a la obesidad. Por lo tanto, aqu\u00ed es lo que se utiliza para:<\/p>\n\n\n\n<ul class=\"wp-block-list\">\n<li>P\u00e9rdida de peso<\/li>\n\n\n\n<li>Obesidad<\/li>\n<\/ul>\n\n\n\n<h2 class=\"wp-block-heading\"><strong>\u00bfC\u00f3mo act\u00faa en el control del peso?<\/strong><\/h2>\n\n\n\n<p>Esta c\u00e1psula de Orlistat contribuye a los objetivos de p\u00e9rdida y control de peso al actuar sobre la lipasa (la enzima digestiva) y reducir la absorci\u00f3n de grasas alimentarias en los intestinos. La lipasa se encuentra en el tracto digestivo y es la principal responsable de la descomposici\u00f3n de las grasas alimentarias en porciones m\u00e1s peque\u00f1as, lo que permite que las grasas se conviertan en energ\u00eda. Esto hace que el usuario pierda peso con ejercicio regular y un plan de dieta adecuado.<\/p>\n\n\n\n<h2 class=\"wp-block-heading\"><strong>Beneficios potenciales de Slim Trim Activo<\/strong><\/h2>\n\n\n\n<ol class=\"wp-block-list\">\n<li>Ayuda a controlar eficazmente el peso<\/li>\n\n\n\n<li>Sirve tanto para hombres como para mujeres<\/li>\n\n\n\n<li>Previene el dep\u00f3sito excesivo de grasa<\/li>\n\n\n\n<li>Ayuda a convertir la grasa en energ\u00eda<\/li>\n\n\n\n<li>Permite que el cuerpo conserve s\u00f3lo las grasas buenas<\/li>\n\n\n\n<li>Gestiona bien la obesidad<\/li>\n\n\n\n<li>Una buena opci\u00f3n para un r\u00e9gimen de p\u00e9rdida de peso a largo plazo<\/li>\n<\/ol>\n\n\n\n<h2 class=\"wp-block-heading\"><strong>\u00a1Contacte directamente con el mayorista, el proveedor y el exportador de Slim Trim Activo!<\/strong><\/h2>\n\n\n\n<p>Conectando con el mejor mayorista de <strong>Slim Trim Activo<\/strong> <strong>60mg<\/strong> se obtienen abundantes beneficios, incluyendo productos de calidad 100% asegurada, experiencia de compra fiable, ofertas exclusivas de compra al por mayor, gesti\u00f3n sostenida del suministro, etc.<\/p>\n\n\n\n<p>La primera ventaja es que no tendr\u00e1 que atender ninguna queja sobre la mala calidad de los medicamentos o la inseguridad del envase, ya que los productos que recibe est\u00e1n en perfectas condiciones, listos para enviar a sus clientes. Todo lo que obtiene es la satisfacci\u00f3n del usuario final y las mejoras de salud deseadas, con lo que usted tambi\u00e9n sale ganando.<\/p>\n\n\n\n<h2 class=\"wp-block-heading\"><strong>Obtenga las mejores ofertas en Slim Trim Activo &#8211; Orlistat C\u00e1psula<\/strong><\/h2>\n\n\n\n<p>Puesto que somos el <strong>exportador mundial de Slim Trim Activo<\/strong>, le instamos a crear una experiencia de compra memorable para nuestros compradores. Esto nos inspira a mantener los descuentos que llueven durante todo el a\u00f1o en las compras a granel.<\/p>\n\n\n\n<p>En \u00faltima instancia, reduce su coste por unidad y convierte el medicamento en una opci\u00f3n econ\u00f3micamente viable para farmacias, dietistas y proveedores de atenci\u00f3n sanitaria. Puede pensar en maximizar su inversi\u00f3n y disponer de existencias suficientes para satisfacer la creciente demanda de los usuarios finales. Mant\u00e9ngase a la cabeza de la competitividad del sector con un planteamiento tan avanzado. Para obtener las mejores ofertas, p\u00f3ngase en contacto con nuestro servicio de atenci\u00f3n al cliente o env\u00edenos sus consultas detalladas.<\/p>\n\n\n\n<h2 class=\"wp-block-heading\"><strong>MedsExporter.com ofrece un servicio de env\u00edo r\u00e1pido y preciso<\/strong><\/h2>\n\n\n\n<p>Gracias a nuestros eficaces socios log\u00edsticos de confianza, garantizamos el env\u00edo r\u00e1pido y preciso de su pedido a todo el mundo. Lo recibir\u00e1s en el plazo estimado con actualizaciones de seguimiento a medida que se desplaza.<\/p>\n\n\n\n<h2 class=\"wp-block-heading\"><strong>Condiciones ideales de almacenamiento<\/strong><\/h2>\n\n\n\n<p>Las c\u00e1psulas de Slim Trim Activo deben almacenarse en un lugar fresco y seco, lejos de la humedad y las altas temperaturas. Asegurar un almacenamiento adecuado evitar\u00e1 cualquier da\u00f1o y retener la potencia de la droga para el consumo seguro.<\/p>\n\n\n\n<h2 class=\"wp-block-heading\"><strong>Atenci\u00f3n al cliente 24*7<\/strong><\/h2>\n\n\n\n<p>Un servicio de atenci\u00f3n al cliente ininterrumpido es lo m\u00ednimo que prometemos y facilitamos de forma excelente. Nuestros ejecutivos de atenci\u00f3n al cliente est\u00e1n a su disposici\u00f3n para ayudarle con cualquier duda o consulta relacionada con el producto para que su experiencia de compra sea perfecta.<\/p>\n\n\n\n<h2 class=\"wp-block-heading\"><strong>Preguntas frecuentes<\/strong><\/h2>\n\n\n\n<h3 class=\"wp-block-heading\"><strong>\u00bfEs seguro utilizar Slim Trim Activo a largo plazo?<\/strong><\/h3>\n\n\n\n<p>S\u00ed, puede utilizarlo a largo plazo bajo la supervisi\u00f3n de un profesional sanitario. Este medicamento est\u00e1 dise\u00f1ado para apoyar la p\u00e9rdida de peso a largo plazo y los objetivos de control de peso.<\/p>\n\n\n\n<h3 class=\"wp-block-heading\"><strong>\u00bfCu\u00e1nto peso puedo perder en 3 meses utilizando Slim Trim Activo (Orlistat)?<\/strong><\/h3>\n\n\n\n<p>El uso de Orlistat para perder peso durante 3 meses seguidos puede dar resultados diferentes seg\u00fan los usuarios. Normalmente, los usuarios pierden hasta un 10% de su peso corporal total en 3 meses de uso regular. Sin embargo, uno debe emparejarlo con una dieta nutritiva y h\u00e1bitos de vida saludables para lograr este resultado.<\/p>\n\n\n\n<h3 class=\"wp-block-heading\"><strong>\u00bfCu\u00e1ntas c\u00e1psulas puedo tomar al d\u00eda para perder grasa?<\/strong><\/h3>\n\n\n\n<p>Su profesional sanitario le indicar\u00e1 la dosis adecuada de estas c\u00e1psulas de Orlistat seg\u00fan sus objetivos de p\u00e9rdida de grasa. Se utiliza sobre todo tres veces al d\u00eda con sus comidas gordo-ricas.<\/p>\n\n\n\n<h3 class=\"wp-block-heading\"><strong>\u00bfCu\u00e1l es la dosis recomendada de Slim Trim Activo para tratar la Obesidad?<\/strong><\/h3>\n\n\n\n<p>La c\u00e1psula Slim Trim Activo de 120 mg es la dosis m\u00e1s recomendada entre las personas obesas. \u00dasela tres veces al d\u00eda justo despu\u00e9s de la comida para una p\u00e9rdida de peso \u00f3ptima.<\/p>\n\n\n\n<h3 class=\"wp-block-heading\"><strong>\u00bfEs seguro usarlo durante el embarazo?<\/strong><\/h3>\n\n\n\n<p>No se recomienda el uso de las c\u00e1psulas para adelgazar Slim Trim Activo durante el embarazo. Habla con tu m\u00e9dico si est\u00e1s embarazada y quieres adelgazar.<\/p>\n\n\n\n<h3 class=\"wp-block-heading\"><strong>\u00bfQu\u00e9 m\u00e9todos de pago aceptan?<\/strong><\/h3>\n\n\n\n<p>La transferencia bancaria es nuestro m\u00e9todo de pago preferido, ya que garantiza un procesamiento m\u00e1s r\u00e1pido de las transacciones y tambi\u00e9n nos permite procesar los pedidos con facilidad. Aseg\u00farese de realizar su pago en l\u00ednea para disfrutar de la mejor experiencia. Para cualquier consulta relacionada con los pagos, comun\u00edquese con nuestro servicio de atenci\u00f3n al cliente disponible las 24 horas, los 7 d\u00edas de la semana.<\/p>\n","protected":false},"excerpt":{"rendered":"<p>Compre c\u00e1psulas activas Slim Trim (60 mg y 120 mg) para bajar de peso. Puede encontrar medicamentos para bajar de peso a un precio asequible en MedsExporter.com. Somos un fabricante, proveedor y exportador l\u00edder de c\u00e1psulas Slim Trim Activo (Orlistat) de la India.<\/p>","protected":false},"featured_media":48357,"template":"","meta":{"_glsr_average":0,"_glsr_ranking":0,"_glsr_reviews":0},"product_brand":[],"product_cat":[4083,4081],"product_tag":[],"product_form":[4147],"class_list":{"0":"post-51837","1":"product","2":"type-product","3":"status-publish","4":"has-post-thumbnail","6":"product_cat-medicina-para-el-gestion-del-peso-fabricante-en-india","7":"product_cat-perdida-de-peso-de-drogas-fabricante-en-la-india","8":"product_form-fabricante-de-capsulas-en-la-india","10":"first","11":"instock","12":"shipping-taxable","13":"product-type-simple"},"_links":{"self":[{"href":"https:\/\/www.medsexporter.com\/es\/wp-json\/wp\/v2\/product\/51837","targetHints":{"allow":["GET"]}}],"collection":[{"href":"https:\/\/www.medsexporter.com\/es\/wp-json\/wp\/v2\/product"}],"about":[{"href":"https:\/\/www.medsexporter.com\/es\/wp-json\/wp\/v2\/types\/product"}],"wp:featuredmedia":[{"embeddable":true,"href":"https:\/\/www.medsexporter.com\/es\/wp-json\/wp\/v2\/media\/48357"}],"wp:attachment":[{"href":"https:\/\/www.medsexporter.com\/es\/wp-json\/wp\/v2\/media?parent=51837"}],"wp:term":[{"taxonomy":"product_brand","embeddable":true,"href":"https:\/\/www.medsexporter.com\/es\/wp-json\/wp\/v2\/product_brand?post=51837"},{"taxonomy":"product_cat","embeddable":true,"href":"https:\/\/www.medsexporter.com\/es\/wp-json\/wp\/v2\/product_cat?post=51837"},{"taxonomy":"product_tag","embeddable":true,"href":"https:\/\/www.medsexporter.com\/es\/wp-json\/wp\/v2\/product_tag?post=51837"},{"taxonomy":"product_form","embeddable":true,"href":"https:\/\/www.medsexporter.com\/es\/wp-json\/wp\/v2\/product_form?post=51837"}],"curies":[{"name":"wp","href":"https:\/\/api.w.org\/{rel}","templated":true}]}}