{"id":51822,"date":"2024-04-12T12:22:48","date_gmt":"2024-04-12T12:22:48","guid":{"rendered":"https:\/\/medsexporter.com\/product\/slimtop-60-mg\/"},"modified":"2024-08-29T09:50:42","modified_gmt":"2024-08-29T09:50:42","slug":"slimtop-60-mg","status":"publish","type":"product","link":"https:\/\/www.medsexporter.com\/es\/product\/slimtop-60-mg\/","title":{"rendered":"Slimtop 60 mg"},"content":{"rendered":"\n<h2 class=\"wp-block-heading\"><strong>Slimtop 60 mg C\u00e1psula (orlistat) | Medicina para la p\u00e9rdida de peso<\/strong><\/h2>\n\n\n\n<p><strong>Slimtop 60 mg (orlistat)<\/strong> es el medicamento utilizado para tratar los problemas de p\u00e9rdida de peso y obesidad. Se vende bajo la marca <strong>Xenical<\/strong> y ayuda a las personas a reducir su peso de forma eficaz. Est\u00e1 compuesto por el principio activo orlistat.<\/p>\n\n\n\n<p>Act\u00faa en el intestino delgado y el est\u00f3mago y reduce la acci\u00f3n de las enzimas. Se dirige a la descomposici\u00f3n de la grasa, reduce el proceso de absorci\u00f3n, y reduce los antojos de alimentos. La reducci\u00f3n de las ansias de comer ayuda a perder peso.<\/p>\n\n\n\n<p>Nosotros, como los fabricantes de confianza de <strong>Slimtop 60mg c\u00e1psulas<\/strong>, tenemos la capacidad de suministro de 1 mill\u00f3n de c\u00e1psulas \/ mes y garantizar su entrega a los clientes en todo el mundo.<\/p>\n\n\n\n<h2 class=\"wp-block-heading\"><strong>Aplicaciones de Slimtop 60 mg<\/strong><\/h2>\n\n\n\n<p>Slimtop 60mg es eficaz para las personas que luchan contra la obesidad y los problemas relacionados con la p\u00e9rdida de peso. Tanto hombres como mujeres pueden tomar este medicamento para perder peso. Estos son los usos de Slimtop 60 mg (orlistat).<\/p>\n\n\n\n<ul class=\"wp-block-list\">\n<li><strong>P\u00e9rdida de peso:<\/strong><\/li>\n<\/ul>\n\n\n\n<p>Inhibe la absorci\u00f3n de grasas en el organismo. Reduce los antojos del pie, reduce la ingesta de alimentos y ayuda en el viaje de p\u00e9rdida de peso. Se sigue un plan de control de peso, una dieta baja en calor\u00edas y se mejora la actividad f\u00edsica.<\/p>\n\n\n\n<ul class=\"wp-block-list\">\n<li><strong>Obesidad:<\/strong><\/li>\n<\/ul>\n\n\n\n<p>Este medicamento ayuda con el alto \u00edndice de masa corporal y ayuda a las personas a alcanzar un peso saludable. Al controlar los problemas relacionados con el peso, ayuda a reducir la obesidad.<\/p>\n\n\n\n<h2 class=\"wp-block-heading\"><strong>Beneficios potenciales de Slimtop 60 mg c\u00e1psula<\/strong><\/h2>\n\n\n\n<p>From reducing weight to treating obesity problems, there are many benefits of taking this medicine.<\/p>\n\n\n\n<ul class=\"wp-block-list\">\n<li>Slimtop, c\u00e1psula de 60 mg, reduce las ansias de comer de las personas. La reducci\u00f3n de los antojos de alimentos permite reducir las calor\u00edas que son la raz\u00f3n para aumentar de peso con el tiempo.<\/li>\n\n\n\n<li>Este medicamento ayuda a tratar la obesidad y a prevenir las afecciones y enfermedades asociadas a ella.<\/li>\n\n\n\n<li>Tambi\u00e9n ayuda a tratar la tensi\u00f3n arterial y otros problemas de salud graves.<\/li>\n\n\n\n<li>Aumenta la confianza de la persona y mejora su calidad de vida.<\/li>\n<\/ul>\n\n\n\n<h2 class=\"wp-block-heading\"><strong>\u00bfC\u00f3mo la c\u00e1psula Slimtop 60 mg Orlistat reduce el exceso de peso?<\/strong><\/h2>\n\n\n\n<p>Las c\u00e1psulas Slimtop contienen orlistat, que act\u00faa sobre el intestino delgado y el est\u00f3mago. Inhibe la acci\u00f3n de las enzimas que rompen las grasas en el cuerpo. Por lo tanto, se dirige a la absorci\u00f3n de grasas de la ingesta de alimentos. Reduce la absorci\u00f3n de grasas.<\/p>\n\n\n\n<p>Permite que las grasas pasen a trav\u00e9s del intestino y se excreten en las heces, lo que hace que el cuerpo no pueda utilizar la grasa como fuente de energ\u00eda y la convierta en tejidos grasos. De esta manera, este medicamento ayuda en el viaje de p\u00e9rdida de peso.<\/p>\n\n\n\n<h2 class=\"wp-block-heading\"><strong>Conexi\u00f3n con un mayorista confiable de la p\u00edldora adelgazante Slimtop 60<\/strong><\/h2>\n\n\n\n<p>Es importante para todos encontrar un mayorista fiable de Slimtop 60 mg. La fiabilidad del trabajo muestra el nivel de calidad de los productos. Nuestra empresa tiene conexiones con mayoristas fiables a trav\u00e9s de los cuales entregamos este medicamento a cl\u00ednicas y farmacias de todo el mundo. Proporcionamos medicamentos de calidad a nuestros clientes a precios competitivos. Nuestra conexi\u00f3n con mayoristas fiables garantiza la calidad, satisface las demandas de los clientes a tiempo y ampl\u00eda nuestro alcance en el mercado.<\/p>\n\n\n\n<h2 class=\"wp-block-heading\"><strong>Dosis disponibles<\/strong><\/h2>\n\n\n\n<ul class=\"wp-block-list\">\n<li>Slimtop 60 mg<\/li>\n\n\n\n<li><strong>Slimtop 120 mg<\/strong><\/li>\n<\/ul>\n\n\n\n<h2 class=\"wp-block-heading\"><strong>M\u00e9todo de pago seguro y confiable<\/strong><\/h2>\n\n\n\n<p>Ofrecemos pasarelas de pago seguras a nuestros clientes. Nuestras opciones de pago por transferencia bancaria permiten a los clientes realizar transacciones r\u00e1pidas y sin problemas. Todas sus transacciones y datos bancarios personales se mantienen seguros gracias a nuestras tecnolog\u00edas de encriptaci\u00f3n y enfoques avanzados. Tambi\u00e9n adoptamos el proceso de verificaci\u00f3n multicapa que a\u00f1ade una capa de protecci\u00f3n y reduce el riesgo de fraude.<\/p>\n\n\n\n<h2 class=\"wp-block-heading\"><strong>Obtenga un servicio de entrega r\u00e1pido y preciso<\/strong><\/h2>\n\n\n\n<p>Disponemos de una red log\u00edstica que permite realizar env\u00edos r\u00e1pidos a todo el mundo. Nuestros servicios de entrega precisos y r\u00e1pidos entregan este medicamento a nuestros clientes en las condiciones adecuadas, sin retrasos. Utilizamos materiales de embalaje profesionales para empaquetar los pedidos y mantenerlos protegidos durante el env\u00edo. Por lo tanto, cuando nos hace un pedido de una p\u00edldora de p\u00e9rdida de peso Orlistat, siempre obtiene una entrega r\u00e1pida y precisa.<\/p>\n\n\n\n<h2 class=\"wp-block-heading\"><strong>Requisito de condici\u00f3n de almacenamiento<\/strong><\/h2>\n\n\n\n<p>Se sugiere almacenar el Slimtop orlistat a menos de 25\u00b0C. Mant\u00e9ngalo alejado de los ni\u00f1os. Tambi\u00e9n se sugiere que se mantenga alejado de la humedad y la luz. Almac\u00e9nelo en un lugar seco y fresco y mant\u00e9ngalo en su embalaje original.<\/p>\n\n\n\n<h2 class=\"wp-block-heading\"><strong>Atenci\u00f3n al cliente 24 horas al d\u00eda, 7 d\u00edas a la semana<\/strong><\/h2>\n\n\n\n<p>Disponemos de un sistema de atenci\u00f3n al cliente 24\/7 para ofrecer asistencia puntual a todos los clientes. Entendemos que cada cliente es diferente y necesita una respuesta r\u00e1pida a sus preguntas e inquietudes. Por eso, nuestro equipo les asiste con prontitud y responde a sus preguntas. Estamos disponibles las 24 horas del d\u00eda para resolver los problemas r\u00e1pidamente y garantizar una experiencia perfecta desde la reserva hasta la entrega.<\/p>\n\n\n\n<h2 class=\"wp-block-heading\"><strong>Preguntas frecuentes<\/strong><\/h2>\n\n\n\n<h3 class=\"wp-block-heading\"><strong>\u00bfCon qu\u00e9 frecuencia debo tomar la c\u00e1psula Slimtop 60 mg?<\/strong><\/h3>\n\n\n\n<p>Se sugiere tomar Slimtop 60mg c\u00e1psula 3 veces al d\u00eda. Los pacientes deben tomar estos medicamentos con un vaso de agua. Se recomienda tomar este medicamento justo antes, durante y despu\u00e9s de 1 hora de las comidas.<\/p>\n\n\n\n<h3 class=\"wp-block-heading\"><strong>\u00bfCu\u00e1l es la dosis recomendada de Slimtop para el control de peso?<\/strong><\/h3>\n\n\n\n<p>La dosis recomendada de Slimtop es de 60 mg. La dosis puede ser ajustada por un m\u00e9dico de acuerdo con la salud de la persona.<\/p>\n\n\n\n<h3 class=\"wp-block-heading\"><strong>\u00bfPuedo tomar una c\u00e1psula de Slimtop durante la lactancia?<\/strong><\/h3>\n\n\n\n<p>No, no se aconseja tomar Slimtop orlistat c\u00e1psulas durante la lactancia porque afecta a la salud de los lactantes.<\/p>\n\n\n\n<h3 class=\"wp-block-heading\"><strong>\u00bfPor qu\u00e9 la gente toma c\u00e1psulas Slimtop?<\/strong><\/h3>\n\n\n\n<p>Slimtop 60 mg c\u00e1psula es tomada por las personas cuando quieren reducir su consumo de calor\u00edas y tratar la obesidad.<\/p>\n\n\n\n<h3 class=\"wp-block-heading\"><strong>\u00bfQu\u00e9 m\u00e9todos de pago aceptan?<\/strong><\/h3>\n\n\n\n<p>S\u00f3lo aceptamos transferencias bancarias. Por lo tanto, si usted compra la c\u00e1psula Orlistat de nosotros, usted debe hacer pagos bancarios en l\u00ednea y obtener su pedido.<\/p>\n\n\n\n<h3 class=\"wp-block-heading\"><strong>\u00bfC\u00f3mo puedo rastrear mi pedido?<\/strong><\/h3>\n\n\n\n<p>Hemos ofrecido a nuestros clientes un sistema de seguimiento en tiempo real. Con esto, pueden obtener f\u00e1cilmente los detalles del env\u00edo y hacer un seguimiento de sus pedidos desde el env\u00edo hasta la entrega.<\/p>\n","protected":false},"excerpt":{"rendered":"Slimtop 60 mg C\u00e1psula (orlistat) | Medicina para la p\u00e9rdida de peso Slimtop 60 mg (orlistat) es el medicamento utilizado para tratar los problemas de p\u00e9rdida de peso y obesidad. Se vende bajo la marca Xenical y ayuda a las personas a reducir su peso de forma eficaz. Est\u00e1 compuesto por el principio activo orlistat. [&hellip;]","protected":false},"featured_media":48370,"template":"","meta":{"_glsr_average":0,"_glsr_ranking":0,"_glsr_reviews":0},"product_brand":[],"product_cat":[4083,4081],"product_tag":[],"product_form":[4147],"class_list":{"0":"post-51822","1":"product","2":"type-product","3":"status-publish","4":"has-post-thumbnail","6":"product_cat-medicina-para-el-gestion-del-peso-fabricante-en-india","7":"product_cat-perdida-de-peso-de-drogas-fabricante-en-la-india","8":"product_form-fabricante-de-capsulas-en-la-india","10":"first","11":"instock","12":"shipping-taxable","13":"purchasable","14":"product-type-variable"},"_links":{"self":[{"href":"https:\/\/www.medsexporter.com\/es\/wp-json\/wp\/v2\/product\/51822","targetHints":{"allow":["GET"]}}],"collection":[{"href":"https:\/\/www.medsexporter.com\/es\/wp-json\/wp\/v2\/product"}],"about":[{"href":"https:\/\/www.medsexporter.com\/es\/wp-json\/wp\/v2\/types\/product"}],"wp:featuredmedia":[{"embeddable":true,"href":"https:\/\/www.medsexporter.com\/es\/wp-json\/wp\/v2\/media\/48370"}],"wp:attachment":[{"href":"https:\/\/www.medsexporter.com\/es\/wp-json\/wp\/v2\/media?parent=51822"}],"wp:term":[{"taxonomy":"product_brand","embeddable":true,"href":"https:\/\/www.medsexporter.com\/es\/wp-json\/wp\/v2\/product_brand?post=51822"},{"taxonomy":"product_cat","embeddable":true,"href":"https:\/\/www.medsexporter.com\/es\/wp-json\/wp\/v2\/product_cat?post=51822"},{"taxonomy":"product_tag","embeddable":true,"href":"https:\/\/www.medsexporter.com\/es\/wp-json\/wp\/v2\/product_tag?post=51822"},{"taxonomy":"product_form","embeddable":true,"href":"https:\/\/www.medsexporter.com\/es\/wp-json\/wp\/v2\/product_form?post=51822"}],"curies":[{"name":"wp","href":"https:\/\/api.w.org\/{rel}","templated":true}]}}