{"id":51801,"date":"2024-04-26T07:10:36","date_gmt":"2024-04-26T07:10:36","guid":{"rendered":"https:\/\/medsexporter.com\/product\/trenarix-a-1-ml\/"},"modified":"2024-08-29T07:01:19","modified_gmt":"2024-08-29T07:01:19","slug":"trenarix-a-1-ml","status":"publish","type":"product","link":"https:\/\/www.medsexporter.com\/es\/product\/trenarix-a-1-ml\/","title":{"rendered":"Trenarix-a 1 ml"},"content":{"rendered":"\n<h2 class=\"wp-block-heading\"><strong>Introducci\u00f3n a Trenarix-a 1 ml (100 mg)<\/strong><\/h2>\n\n\n\n<p>Trenarix-a 1 ml (100 mg), tambi\u00e9n conocido por su nombre comercial Finajet, es una de las mejores inyecciones de esteroides utilizadas entre los culturistas y los hombres que sufren de hipogonadismo. Es una soluci\u00f3n de vanguardia para aumentar el rendimiento atl\u00e9tico, promover el crecimiento muscular r\u00e1pido, mejorar la fuerza y \u200b\u200bsuperar la deficiencia de testosterona entre los pacientes masculinos con hipogonadismo.<\/p>\n\n\n\n<p>Este medicamento contiene acetato de trembolona como ingrediente principal, que pertenece a la clase de f\u00e1rmacos esteroides anab\u00f3licos. Debe utilizarse seg\u00fan las indicaciones del m\u00e9dico para obtener resultados \u00f3ptimos. El per\u00edodo de tratamiento con este medicamento es de aproximadamente 8 a 12 semanas y se inyecta dos o tres veces por semana \u00fanicamente.<\/p>\n\n\n\n<h2 class=\"wp-block-heading\"><strong>\u00bfCu\u00e1les son los usos de Trenarix-a 1ml?<\/strong><\/h2>\n\n\n\n<p>A continuaci\u00f3n se presentan los principales usos de esta inyecci\u00f3n de esteroides anab\u00f3licos:<\/p>\n\n\n\n<ul class=\"wp-block-list\">\n<li>P\u00e9rdida de grasa<\/li>\n\n\n\n<li>Crecimiento muscular<\/li>\n\n\n\n<li>Resistencia a la fuerza<\/li>\n\n\n\n<li>Recuperaci\u00f3n r\u00e1pida<\/li>\n\n\n\n<li>Reducir la fatiga<\/li>\n<\/ul>\n\n\n\n<h2 class=\"wp-block-heading\"><strong>\u00bfC\u00f3mo funciona?<\/strong><\/h2>\n\n\n\n<p>Trenarix-a 1ml contiene acetato de trembolona, \u200b\u200bun potente esteroide anab\u00f3lico que se une de manera efectiva a los receptores de andr\u00f3genos en los tejidos musculares. Esta uni\u00f3n desencadena la s\u00edntesis de prote\u00ednas y mejora la capacidad de retenci\u00f3n de nitr\u00f3geno de los m\u00fasculos. Como resultado, el crecimiento muscular es visiblemente m\u00e1s r\u00e1pido y la fuerza general tambi\u00e9n mejora. Adem\u00e1s, este ingrediente activo mejora la producci\u00f3n de gl\u00f3bulos rojos, mejorando as\u00ed el suministro de ox\u00edgeno a los m\u00fasculos para aumentar la resistencia y acelerar la recuperaci\u00f3n.<\/p>\n\n\n\n<p>Compre Trenarix-a 1ml, el esteroide confiable para culturismo, con alta eficacia de los mejores proveedores como MedsExporter.com.<\/p>\n\n\n\n<h2 class=\"wp-block-heading\"><strong>Trenarix-a 1ml &#8211; Beneficios<\/strong><\/h2>\n\n\n\n<ul class=\"wp-block-list\">\n<li><a href=\"https:\/\/www.betterhealth.vic.gov.au\/health\/healthyliving\/weight-and-muscle-gain\" target=\"_blank\" rel=\"noreferrer noopener nofollow\"><\/a>Ganancia muscular m\u00e1s r\u00e1pida<\/li>\n\n\n\n<li>Retiene m\u00e1s energ\u00eda durante entrenamientos extenuantes.<\/li>\n\n\n\n<li>Quema grasa para un f\u00edsico m\u00e1s delgado y definido.<\/li>\n\n\n\n<li>Promueve una recuperaci\u00f3n m\u00e1s r\u00e1pida de lo habitual.<\/li>\n\n\n\n<li>Aumenta la resistencia y la aguante para sesiones de entrenamiento efectivas.<\/li>\n<\/ul>\n\n\n\n<p>Si te gusta el culturismo, los beneficios mencionados anteriormente seguramente te impresionar\u00e1n. Pero espera, hay m\u00e1s beneficios de este medicamento espec\u00edfico para pacientes con hipogonadismo masculino:<\/p>\n\n\n\n<ul class=\"wp-block-list\">\n<li>Aumenta los niveles de testosterona.<\/li>\n\n\n\n<li>Mejora la densidad \u00f3sea<\/li>\n\n\n\n<li>Mejora la libido masculina y el rendimiento sexual.<\/li>\n\n\n\n<li>Mejora el estado de \u00e1nimo y las funciones cognitivas.<\/li>\n\n\n\n<li>Promueve la producci\u00f3n de gl\u00f3bulos rojos.<\/li>\n<\/ul>\n\n\n\n<h2 class=\"wp-block-heading\"><strong>Proveedor confiable para comprar Trenarix-a 1Ml en l\u00ednea<\/strong><\/h2>\n\n\n\n<p>Es obvio que los compradores deben buscar proveedores confiables de Trenarix-a 1Ml en l\u00ednea, ya que este medicamento no est\u00e1 disponible f\u00e1cilmente con calidad genuina. Teniendo esto en cuenta, lo ayudamos con inyecciones de esteroides de alta calidad para que no se conforme con las de precio econ\u00f3mico pero falsas.<\/p>\n\n\n\n<h2 class=\"wp-block-heading\"><strong>M\u00e9todo de pago seguro y confiable<\/strong><\/h2>\n\n\n\n<p>Hemos protegido nuestras pasarelas de pago para que puedas realizar transacciones sin preocupaciones. <strong>Medsexporter.com<\/strong> tiene un certificado SSL y se han integrado modos de pago de terceros para mantener la privacidad de tus datos. Adem\u00e1s, facilitamos numerosas opciones de pago, incluidas transferencias bancarias, tarjetas de d\u00e9bito, transferencias bancarias y m\u00e1s para que sea m\u00e1s c\u00f3modo.<\/p>\n\n\n\n<h2 class=\"wp-block-heading\"><strong>Entrega r\u00e1pida y precisa<\/strong><\/h2>\n\n\n\n<p>Somos uno de los principales mayoristas de Trenarix-a 1ml que creemos en una pol\u00edtica de no espera cuando se trata de nuestros productos. Adem\u00e1s, los productos se entregan en su domicilio sin ning\u00fan error, ya sea en el embalaje o en la entrega de los respectivos medicamentos.<\/p>\n\n\n\n<h2 class=\"wp-block-heading\"><strong>Atenci\u00f3n al cliente 24 horas al d\u00eda, 7 d\u00edas a la semana<\/strong><\/h2>\n\n\n\n<p>Recibir\u00e1 asistencia las 24 horas, los 7 d\u00edas de la semana para cualquier consulta o inquietud relacionada con productos, consultas sobre compras al por mayor, detalles de seguimiento de pedidos, etc. No lo dejaremos confundido en ning\u00fan momento mientras compre con nosotros.<\/p>\n\n\n\n<h2 class=\"wp-block-heading\"><strong>Preguntas frecuentes<\/strong><\/h2>\n\n\n\n<h3 class=\"wp-block-heading\"><strong>\u00bfCu\u00e1nto tiempo tarda en hacer efecto Trenarix-a 1 ml?<\/strong><\/h3>\n\n\n\n<p>La inyecci\u00f3n de Trenarix-a de 1 ml tiene una vida media de 1 a 2 d\u00edas. Su eficacia puede durar alrededor de una semana despu\u00e9s de la \u00faltima dosis del tratamiento.<\/p>\n\n\n\n<h3 class=\"wp-block-heading\"><strong>\u00bfEs seguro para personas mayores?<\/strong><\/h3>\n\n\n\n<p>La mayor\u00eda de las personas mayores ya padecen problemas de salud relacionados con la edad (ri\u00f1ones, h\u00edgado, coraz\u00f3n, etc.). El uso de esteroides como Trenarix-a puede provocar complicaciones de salud y, por lo tanto, no se recomienda entre las personas mayores.<\/p>\n\n\n\n<h3 class=\"wp-block-heading\"><strong>\u00bfEs seguro para mujeres embarazadas?<\/strong><\/h3>\n\n\n\n<p>No se recomienda el uso de inyecciones de esteroides a las mujeres embarazadas, ya que pueden provocar complicaciones graves para la salud del feto. Incluso es inseguro para las mujeres, independientemente de si est\u00e1n embarazadas o amamantando, debido al riesgo de virilizaci\u00f3n.<\/p>\n\n\n\n<h3 class=\"wp-block-heading\"><strong>\u00bfPuedo tomarlo con otros medicamentos?<\/strong><\/h3>\n\n\n\n<p>Si se utiliza para el culturismo, se puede combinar con otros esteroides solo si lo recomienda un profesional de la salud. Entre los pacientes que reciben terapia de reemplazo hormonal, este medicamento se puede combinar para mejorar la eficacia solo bajo supervisi\u00f3n m\u00e9dica.<\/p>\n\n\n\n<h3 class=\"wp-block-heading\"><strong>\u00bfC\u00f3mo puedo rastrear mi pedido?<\/strong><\/h3>\n\n\n\n<p>Se le proporcionar\u00e1 un enlace de seguimiento del pedido por correo electr\u00f3nico desde el momento en que se env\u00ede. Todas las actualizaciones se enviar\u00e1n por correo electr\u00f3nico para que pueda controlar su pedido a medida que avanza.<\/p>\n\n\n\n<h3 class=\"wp-block-heading\"><strong>\u00bfC\u00f3mo conservar la inyecci\u00f3n de Trenarix-A?<\/strong><\/h3>\n\n\n\n<p>Mant\u00e9ngalo a una temperatura inferior a 30 grados cent\u00edgrados y fuera del alcance de los ni\u00f1os. Gu\u00e1rdelo de forma segura, lejos del calor directo y la luz solar. No lo refrigere ni lo congele.<\/p>\n","protected":false},"excerpt":{"rendered":"Introducci\u00f3n a Trenarix-a 1 ml (100 mg) Trenarix-a 1 ml (100 mg), tambi\u00e9n conocido por su nombre comercial Finajet, es una de las mejores inyecciones de esteroides utilizadas entre los culturistas y los hombres que sufren de hipogonadismo. Es una soluci\u00f3n de vanguardia para aumentar el rendimiento atl\u00e9tico, promover el crecimiento muscular r\u00e1pido, mejorar la [&hellip;]","protected":false},"featured_media":48705,"template":"","meta":{"_glsr_average":0,"_glsr_ranking":0,"_glsr_reviews":0},"product_brand":[],"product_cat":[3936],"product_tag":[],"product_form":[4133],"class_list":{"0":"post-51801","1":"product","2":"type-product","3":"status-publish","4":"has-post-thumbnail","6":"product_cat-medicina-de-musculacion-fabricantes-en-india","7":"product_form-inyeccion-fabricante-en-india","9":"first","10":"instock","11":"shipping-taxable","12":"purchasable","13":"product-type-variable"},"_links":{"self":[{"href":"https:\/\/www.medsexporter.com\/es\/wp-json\/wp\/v2\/product\/51801","targetHints":{"allow":["GET"]}}],"collection":[{"href":"https:\/\/www.medsexporter.com\/es\/wp-json\/wp\/v2\/product"}],"about":[{"href":"https:\/\/www.medsexporter.com\/es\/wp-json\/wp\/v2\/types\/product"}],"wp:featuredmedia":[{"embeddable":true,"href":"https:\/\/www.medsexporter.com\/es\/wp-json\/wp\/v2\/media\/48705"}],"wp:attachment":[{"href":"https:\/\/www.medsexporter.com\/es\/wp-json\/wp\/v2\/media?parent=51801"}],"wp:term":[{"taxonomy":"product_brand","embeddable":true,"href":"https:\/\/www.medsexporter.com\/es\/wp-json\/wp\/v2\/product_brand?post=51801"},{"taxonomy":"product_cat","embeddable":true,"href":"https:\/\/www.medsexporter.com\/es\/wp-json\/wp\/v2\/product_cat?post=51801"},{"taxonomy":"product_tag","embeddable":true,"href":"https:\/\/www.medsexporter.com\/es\/wp-json\/wp\/v2\/product_tag?post=51801"},{"taxonomy":"product_form","embeddable":true,"href":"https:\/\/www.medsexporter.com\/es\/wp-json\/wp\/v2\/product_form?post=51801"}],"curies":[{"name":"wp","href":"https:\/\/api.w.org\/{rel}","templated":true}]}}