{"id":51750,"date":"2024-05-06T12:13:26","date_gmt":"2024-05-06T12:13:26","guid":{"rendered":"https:\/\/medsexporter.com\/product\/testorix-c\/"},"modified":"2024-08-28T07:39:03","modified_gmt":"2024-08-28T07:39:03","slug":"testorix-c","status":"publish","type":"product","link":"https:\/\/www.medsexporter.com\/es\/product\/testorix-c\/","title":{"rendered":"Test\u00f3rix C"},"content":{"rendered":"\n<h2 class=\"wp-block-heading\"><strong>Introducci\u00f3n de Test\u00f3rix C<\/strong><\/h2>\n\n\n\n<p><strong>Test\u00f3rix C<\/strong> se toma para el culturismo y se prescribe a pacientes varones con deficiencias hormonales. El andr\u00f3geno desempe\u00f1a un papel vital en la fisiolog\u00eda masculina, est\u00e1 relacionado con el desarrollo genital, \u00f3seo y muscular y desencadena la pubertad. Dependiendo de la clasificaci\u00f3n de Test\u00f3rix C como andr\u00f3geno, influye en varias estructuras del cuerpo. Tambi\u00e9n se puede utilizar para iniciar la pubertad en ni\u00f1os con madurez sexual retrasada y tambi\u00e9n se administra en el tratamiento de algunas formas de c\u00e1ncer de mama en mujeres.<\/p>\n\n\n\n<h2 class=\"wp-block-heading\"><strong>Formas y dosis de Test\u00f3rix C<\/strong><\/h2>\n\n\n\n<ul class=\"wp-block-list\">\n<li><strong>Estructura qu\u00edmica:<\/strong> Los \u00e1tomos constituyentes del esteroide cipionato de testosterona son 27 carbonos, 40 hidr\u00f3genos y tres ox\u00edgenos. Es testosterona que ha sido esterificada.<\/li>\n\n\n\n<li><strong>Dosificaci\u00f3n:<\/strong> El cipionato de testosterona solo debe inyectarse profundamente en el m\u00fasculo gl\u00fateo durante el uso intramuscular. La edad, el sexo y el diagn\u00f3stico del paciente afectan la dosis.<\/li>\n<\/ul>\n\n\n\n<h2 class=\"wp-block-heading\"><strong>\u00bfCu\u00e1les son los usos de Testorix C?<\/strong><\/h2>\n\n\n\n<ul class=\"wp-block-list\">\n<li><strong>terapia hormonal sustitutiva:<\/strong> Testorix C 250 mg\/ml se utiliza cuando el nivel de testosterona es bajo. Esto ayuda a controlar s\u00edntomas como fatiga, cambios de humor, disminuci\u00f3n de la libido y debilidad muscular.<\/li>\n\n\n\n<li><strong>Pubertad retrasada: <\/strong>Testorix C 250 se utiliza en adolescentes con niveles bajos de testosterona y que a\u00fan no est\u00e1n desarrollados sexualmente para permitirles tener las caracter\u00edsticas sexuales deseadas.<\/li>\n<\/ul>\n\n\n\n<h2 class=\"wp-block-heading\"><strong>\u00bfC\u00f3mo funciona?<\/strong><\/h2>\n\n\n\n<p>Cuando la testosterona interact\u00faa con los receptores de andr\u00f3genos, se transforma en DHT para la acci\u00f3n y en estr\u00f3geno para las funciones estrog\u00e9nicas. Puede conectarse al receptor de andr\u00f3genos o transformarse en DHT en las c\u00e9lulas diana. Como suplemento para el culturismo, es una hormona androg\u00e9nica potente que se combina con los receptores T o DHT para producir complejos. Produce efectos androg\u00e9nicos al unirse a los elementos de respuesta hormonal (HRE) e iniciar la transcripci\u00f3n gen\u00e9tica.<\/p>\n\n\n\n<h2 class=\"wp-block-heading\"><strong>\u00bfC\u00f3mo mejora Testorix C el rendimiento del culturismo?<\/strong><\/h2>\n\n\n\n<p>Al igual que los esteroides anab\u00f3licos, las infusiones de Testorix C promueven el crecimiento muscular al ayudar a las c\u00e9lulas sat\u00e9lite a crecer o producir nuevos m\u00fasculos. Mejora los sitios de los receptores de andr\u00f3genos y agrega n\u00facleos mi\u00f3nicos a las fibras musculares. Mejora el efecto de la testosterona en el crecimiento muscular al aumentar la eficiencia del receptor y la utilizaci\u00f3n de amino\u00e1cidos cuando se combina con el ejercicio. Testorix C tambi\u00e9n ayuda con el crecimiento, el mantenimiento y la recuperaci\u00f3n muscular al bloquear las sustancias qu\u00edmicas catab\u00f3licas como el cortisol.<\/p>\n\n\n\n<h2 class=\"wp-block-heading\"><strong>MedsExporter.com es un proveedor confiable y confiable de Testorix C<\/strong><\/h2>\n\n\n\n<p><strong>MedsExporter.com<\/strong> es un proveedor confiable de <strong>Testorix C<\/strong> porque:<\/p>\n\n\n\n<ul class=\"wp-block-list\">\n<li>Somos una organizaci\u00f3n mundial con certificados y registros leg\u00edtimos para proveedores cl\u00ednicos en India. Nuestros certificados incluyen licencias vitales de los reguladores estatales de medicamentos, inscripci\u00f3n en GST y una IEC cuando se trata de importaciones\/comercios. Tambi\u00e9n estamos registrados en afiliaciones industriales y cumplimos con las normas de calidad.<\/li>\n\n\n\n<li>Contamos con controles de adquisiciones impecables y una divisi\u00f3n de control de calidad dedicada.<\/li>\n\n\n\n<li>Nuestro personal est\u00e1 completamente preparado y utilizamos el hardware m\u00e1s moderno.<\/li>\n\n\n\n<li>Realizamos potentes convenciones de seguridad para los env\u00edos de art\u00edculos.<\/li>\n\n\n\n<li>Nuestro grupo de supervisi\u00f3n tiene una amplia experiencia en la industria m\u00e9dica.<\/li>\n\n\n\n<li>Analizamos las ocasiones del mercado y mantenemos a los clientes informados sobre las mejoras de la red de producci\u00f3n.<\/li>\n<\/ul>\n\n\n\n<h2 class=\"wp-block-heading\"><strong>MedsExporter.com ofrece un servicio de env\u00edo r\u00e1pido y preciso<\/strong><\/h2>\n\n\n\n<p>Como proveedores de Testorix, transportamos medicamentos sensibles a temperatura controlada. <strong>MedsExporter.com<\/strong> proporciona an\u00e1lisis de datos continuos y seguimiento de entregas para obtener actualizaciones del mercado. Al ayudar a los proveedores a satisfacer las necesidades del negocio de servicios m\u00e9dicos y mejorar la calidad y la productividad, estos acuerdos promueven el crecimiento B2B.<\/p>\n\n\n\n<h2 class=\"wp-block-heading\"><strong>Precio personalizable con dosis.<\/strong><\/h2>\n\n\n\n<ul class=\"wp-block-list\">\n<li>Dosificaci\u00f3n: Testorix C contiene cipionato de testosterona y est\u00e1 disponible habitualmente en dosis de 250 mg\/ml.<\/li>\n\n\n\n<li>Precio: El costo de las inyecciones de Testorix C en la India en general var\u00eda entre INR 80 y 500 por vial, dependiendo del tama\u00f1o solicitado y la ubicaci\u00f3n del cliente.<\/li>\n<\/ul>\n\n\n\n<p>La dosificaci\u00f3n personalizada de medicamentos de <strong>MedsExporter.com<\/strong> reduce los costos al adaptarse a las necesidades del paciente y minimizar el desperdicio. Ofrece ahorros significativos mediante compras al por mayor y una distribuci\u00f3n eficiente, manteniendo altos est\u00e1ndares de atenci\u00f3n.<\/p>\n\n\n\n<h2 class=\"wp-block-heading\"><strong>M\u00e9todo de pago seguro y que ahorra tiempo<\/strong><\/h2>\n\n\n\n<p>Para su comodidad, <strong>MedsExporter.com<\/strong> ofrece una variedad de m\u00e9todos de pago flexibles, como transferencias bancarias, cheques digitales, tarjetas y servicios de terceros. Por razones de seguridad, nuestro sistema emplea un cifrado s\u00f3lido y actualizaciones frecuentes. Todos los m\u00e9todos son seguros, pero las transferencias bancarias son nuestras favoritas.<\/p>\n\n\n\n<h2 class=\"wp-block-heading\"><strong>Atenci\u00f3n al cliente disponible las 24 horas, los 7 d\u00edas de la semana<\/strong><\/h2>\n\n\n\n<p>El servicio de atenci\u00f3n al cliente de MedsExporter.com est\u00e1 disponible las 24 horas, los 7 d\u00edas de la semana. Esto refuerza nuestro compromiso con la calidad constante y la transici\u00f3n segura, lo que permite una reacci\u00f3n m\u00e1s h\u00e1bil ante eventos adversos y contribuye a la mejora continua.<\/p>\n\n\n\n<h2 class=\"wp-block-heading\"><strong>Preguntas frecuentes<\/strong><\/h2>\n\n\n\n<h3 class=\"wp-block-heading\"><strong>\u00bfC\u00f3mo tomo Testorix C?<\/strong><\/h3>\n\n\n\n<p>Este medicamento se administra mediante infusi\u00f3n en la nalga seg\u00fan la composici\u00f3n de su m\u00e9dico, principalmente cada 1 a 4 semanas.<\/p>\n\n\n\n<h3 class=\"wp-block-heading\"><strong>\u00bfCu\u00e1nto tiempo se tarda en ver resultados de la inyecci\u00f3n de Testorix C?<\/strong><\/h3>\n\n\n\n<p>La infusi\u00f3n de Testorix C empieza a hacer efecto justo despu\u00e9s de que te administren una dosis. No obstante, pueden pasar tres semanas o m\u00e1s antes de que empiece a notar los efectos de la mejora de su enfermedad.<\/p>\n\n\n\n<h3 class=\"wp-block-heading\"><strong>\u00bfEs seguro para un uso prolongado?<\/strong><\/h3>\n\n\n\n<p>Para los varones con enfermedades cardiovasculares o c\u00e1ncer de pr\u00f3stata, la utilizaci\u00f3n a largo plazo de Testorix C puede resultar arriesgada. Sin embargo, las investigaciones cl\u00ednicas en hombres con deficiencia de testosterona que reciben este medicamento no parecen indicar un aumento del riesgo de infarto de miocardio, accidente cerebrovascular o nuevo c\u00e1ncer de pr\u00f3stata.<\/p>\n\n\n\n<h3 class=\"wp-block-heading\"><strong>\u00bfQu\u00e9 m\u00e9todos de pago aceptan?<\/strong><\/h3>\n\n\n\n<p>Preferimos la transferencia bancaria, que es uno de los procesos de transferencia de dinero m\u00e1s seguros que existen.<\/p>\n\n\n\n<h3 class=\"wp-block-heading\"><strong>\u00bfPuedo hacer un seguimiento de mi pedido?<\/strong><\/h3>\n\n\n\n<p>S\u00ed, puede hacerlo. S\u00f3lo tiene que utilizar su n\u00famero de pedido.<\/p>\n\n\n\n<h3 class=\"wp-block-heading\"><strong>\u00bfCu\u00e1les son las condiciones de conservaci\u00f3n recomendadas para Testorix C?<\/strong><\/h3>\n\n\n\n<p>Conservar a (68\u00b0-77\u00b0F (20\u00b0-25\u00b0C) [consultar USP Temperatura ambiente controlada]. Proteger de la luz.<\/p>\n","protected":false},"excerpt":{"rendered":"Introducci\u00f3n de Test\u00f3rix C Test\u00f3rix C se toma para el culturismo y se prescribe a pacientes varones con deficiencias hormonales. El andr\u00f3geno desempe\u00f1a un papel vital en la fisiolog\u00eda masculina, est\u00e1 relacionado con el desarrollo genital, \u00f3seo y muscular y desencadena la pubertad. Dependiendo de la clasificaci\u00f3n de Test\u00f3rix C como andr\u00f3geno, influye en varias [&hellip;]","protected":false},"featured_media":48703,"template":"","meta":{"_glsr_average":0,"_glsr_ranking":0,"_glsr_reviews":0},"product_brand":[],"product_cat":[3936],"product_tag":[],"product_form":[4133],"class_list":{"0":"post-51750","1":"product","2":"type-product","3":"status-publish","4":"has-post-thumbnail","6":"product_cat-medicina-de-musculacion-fabricantes-en-india","7":"product_form-inyeccion-fabricante-en-india","9":"first","10":"instock","11":"shipping-taxable","12":"purchasable","13":"product-type-variable"},"_links":{"self":[{"href":"https:\/\/www.medsexporter.com\/es\/wp-json\/wp\/v2\/product\/51750","targetHints":{"allow":["GET"]}}],"collection":[{"href":"https:\/\/www.medsexporter.com\/es\/wp-json\/wp\/v2\/product"}],"about":[{"href":"https:\/\/www.medsexporter.com\/es\/wp-json\/wp\/v2\/types\/product"}],"wp:featuredmedia":[{"embeddable":true,"href":"https:\/\/www.medsexporter.com\/es\/wp-json\/wp\/v2\/media\/48703"}],"wp:attachment":[{"href":"https:\/\/www.medsexporter.com\/es\/wp-json\/wp\/v2\/media?parent=51750"}],"wp:term":[{"taxonomy":"product_brand","embeddable":true,"href":"https:\/\/www.medsexporter.com\/es\/wp-json\/wp\/v2\/product_brand?post=51750"},{"taxonomy":"product_cat","embeddable":true,"href":"https:\/\/www.medsexporter.com\/es\/wp-json\/wp\/v2\/product_cat?post=51750"},{"taxonomy":"product_tag","embeddable":true,"href":"https:\/\/www.medsexporter.com\/es\/wp-json\/wp\/v2\/product_tag?post=51750"},{"taxonomy":"product_form","embeddable":true,"href":"https:\/\/www.medsexporter.com\/es\/wp-json\/wp\/v2\/product_form?post=51750"}],"curies":[{"name":"wp","href":"https:\/\/api.w.org\/{rel}","templated":true}]}}