{"id":51727,"date":"2024-04-26T07:07:03","date_gmt":"2024-04-26T07:07:03","guid":{"rendered":"https:\/\/medsexporter.com\/product\/testorix-e-1-ampolla\/"},"modified":"2024-08-24T07:45:29","modified_gmt":"2024-08-24T07:45:29","slug":"testorix-e-1-ampolla","status":"publish","type":"product","link":"https:\/\/www.medsexporter.com\/es\/product\/testorix-e-1-ampolla\/","title":{"rendered":"Testorix-e 1 Ampolla"},"content":{"rendered":"\n<h2 class=\"wp-block-heading\">Testorix &#8211; E &#8211; Enato de testosterona 250 mg\/ml<\/h2>\n\n\n\n<p>Testorix-e 1 Ampolla es un medicamento utilizado para tratar los niveles bajos de testosterona en los hombres y para el culturismo. Se compone de un ingrediente activo, Enantato de Testosterona. Se comercializa bajo la marca Delatestryl y se utiliza para aumentar la fuerza, la masa muscular y el rendimiento.<\/p>\n\n\n\n<p>Con una capacidad de producci\u00f3n de 1 mill\u00f3n de ampollas al mes, Testorix-e 1 Ampolla garantiza un suministro suficiente de estos medicamentos a los sectores sanitarios y a los particulares y satisface sus necesidades de atenci\u00f3n sanitaria.<\/p>\n\n\n\n<h2 class=\"wp-block-heading\"><strong>Descripci\u00f3n general de Testorix-e 1 ampolla<\/strong><\/h2>\n\n\n\n<p>Testorix-e es la f\u00f3rmula de enantato de testosterona que se utiliza durante el culturismo y para tratar los niveles bajos de testosterona en el cuerpo de los hombres. Este medicamento es reconocido por su capacidad para mejorar la fuerza, el rendimiento y la masa muscular.<\/p>\n\n\n\n<p>Es un esteroide anab\u00f3lico que marca los efectos de la testosterona natural en el cuerpo y proporciona beneficios a los culturistas y personas que sufren de niveles bajos de testosterona.<\/p>\n\n\n\n<h2 class=\"wp-block-heading\"><strong>Informaci\u00f3n sobre la patente de Testorix-e 1 ampolla<\/strong><\/h2>\n\n\n\n<p>Testorix-e 1 Ampolla es un medicamento asociado con el enantato de testosterona. Aqu\u00ed le brindamos la informaci\u00f3n de la patente de Testorix-e 1 Ampolla, incluida la f\u00f3rmula qu\u00edmica y la estructura.<\/p>\n\n\n\n<h3 class=\"wp-block-heading\"><strong>Informaci\u00f3n de patentes<\/strong><\/h3>\n\n\n\n<ul class=\"wp-block-list\">\n<li>Nombre qu\u00edmico: Enantato de testosterona<\/li>\n\n\n\n<li>Nombre IUPAC: Heptanoato de (17\u03b2)-3-oxoandrost-4-en-17-ilo<\/li>\n\n\n\n<li>N\u00famero CAS: 315-37-7<\/li>\n\n\n\n<li>F\u00f3rmula molecular: C26H40O3<\/li>\n\n\n\n<li>Peso molecular: 400.59 g\/mol<\/li>\n<\/ul>\n\n\n\n<h3 class=\"wp-block-heading\"><strong>Estructura qu\u00edmica<\/strong><\/h3>\n\n\n\n<p>A continuaci\u00f3n se muestra la estructura qu\u00edmica del enantato de testosterona.<\/p>\n\n\n<div class=\"wp-block-image\">\n<figure class=\"aligncenter size-full\"><img loading=\"lazy\" decoding=\"async\" width=\"554\" height=\"283\" src=\"https:\/\/medsexporter.com\/wp-content\/uploads\/2024\/07\/image.png\" alt=\"\" class=\"wp-image-49239\" srcset=\"https:\/\/www.medsexporter.com\/wp-content\/uploads\/2024\/07\/image.png 554w, https:\/\/www.medsexporter.com\/wp-content\/uploads\/2024\/07\/image-300x153.png 300w, https:\/\/www.medsexporter.com\/wp-content\/uploads\/2024\/07\/image-64x33.png 64w\" sizes=\"auto, (max-width: 554px) 100vw, 554px\" \/><\/figure>\n<\/div>\n\n\n<p class=\"has-text-align-center\"><strong>C26H40O3<\/strong><\/p>\n\n\n\n<h2 class=\"wp-block-heading\"><strong>\u00bfC\u00f3mo funciona la inyecci\u00f3n de Testorix-e en su sistema?<\/strong><\/h2>\n\n\n\n<p>Si analizamos el mecanismo de acci\u00f3n de la inyecci\u00f3n de Testorix-e, funciona complementando los niveles naturales de testosterona del cuerpo. Es una forma de testosterona de liberaci\u00f3n lenta que aumenta los niveles de testosterona en el torrente sangu\u00edneo. Aumenta la s\u00edntesis de prote\u00ednas, la producci\u00f3n de gl\u00f3bulos rojos y la retenci\u00f3n de nitr\u00f3geno y contribuye a mejorar la fuerza, el crecimiento muscular y la recuperaci\u00f3n r\u00e1pida despu\u00e9s de los entrenamientos.<\/p>\n\n\n\n<h2 class=\"wp-block-heading\"><strong>Beneficios de Testorix-e 1 ampolla<\/strong><\/h2>\n\n\n\n<p>Estos son los diferentes beneficios de usar Testorix-e 1 Ampolla<\/p>\n\n\n\n<ul class=\"wp-block-list\">\n<li><strong>Aumentar la masa muscular:<\/strong><\/li>\n<\/ul>\n\n\n\n<p>Testorix-e es un medicamento patentado que promueve el crecimiento muscular y se ha convertido en el mejor f\u00e1rmaco para culturistas y atletas.<\/p>\n\n\n\n<ul class=\"wp-block-list\">\n<li><strong>Mejorar la fuerza:<\/strong><\/li>\n<\/ul>\n\n\n\n<p>Cuando usas Testorix-e 1 Ampolla de manera constante, ver\u00e1s grandes mejoras en tu fuerza y \u200b\u200bpodr\u00e1s realizar entrenamientos intensos.<\/p>\n\n\n\n<ul class=\"wp-block-list\">\n<li><strong>Mejorar la recuperaci\u00f3n:<\/strong><\/li>\n<\/ul>\n\n\n\n<p>Las propiedades anab\u00f3licas de la inyecci\u00f3n de enantato de testosterona le ayudan a recuperarse r\u00e1pidamente y reducen el tiempo de inactividad de las sesiones de entrenamiento.<\/p>\n\n\n\n<ul class=\"wp-block-list\">\n<li><strong>Tratar la testosterona baja:<\/strong><\/li>\n<\/ul>\n\n\n\n<p>Este medicamento tambi\u00e9n se utiliza para tratar los niveles bajos de testosterona en el cuerpo de los hombres y les ayuda a alcanzar niveles normales.<\/p>\n\n\n\n<ul class=\"wp-block-list\">\n<li><strong>Mejorar el rendimiento:<\/strong><\/li>\n<\/ul>\n\n\n\n<p>Al tratar los niveles bajos de testosterona en los hombres y garantizar niveles naturales de testosterona, este medicamento contribuye a una mejor resistencia y rendimiento.<\/p>\n\n\n\n<ul class=\"wp-block-list\">\n<li><strong>Pubertad:<\/strong><\/li>\n<\/ul>\n\n\n\n<p>Testorix-e 1 Ampolla contiene enantato de testosterona, que ayuda a tratar la pubertad tard\u00eda en los ni\u00f1os. Ayuda al desarrollo de las caracter\u00edsticas sexuales secundarias, como la voz, el aumento de la masa muscular y el crecimiento del vello corporal y facial.<\/p>\n\n\n\n<h2 class=\"wp-block-heading\"><strong>Exportadora Conexi\u00f3n con Testorix-e<\/strong><\/h2>\n\n\n\n<p>Si desea comprar este medicamento, es importante establecer una conexi\u00f3n con el exportador de Testorix-e 1 Ampolla. Un exportador de confianza siempre garantiza la autenticidad y la calidad del medicamento, lo entrega a tiempo y a un precio competitivo. Los exportadores tambi\u00e9n le ofrecen opciones personalizables en funci\u00f3n de la dosis y la cantidad del pedido y facilitan las compras para satisfacer sus necesidades.<\/p>\n\n\n\n<h2 class=\"wp-block-heading\"><strong>Precio personalizable con dosis.<\/strong><\/h2>\n\n\n\n<p>Testorix-e est\u00e1 disponible a un precio personalizable. Esto permite que los compradores puedan establecer la dosis y la cantidad seg\u00fan sus necesidades. Esta flexibilidad ayuda a los compradores a encontrar el plan de precios que se ajuste a su presupuesto.<\/p>\n\n\n\n<h2 class=\"wp-block-heading\"><strong>Proceso de pago seguro y que ahorra tiempo<\/strong><\/h2>\n\n\n\n<p>Comprar Testorix-e 1 Ampolla a exportadores confiables le garantiza que ahorrar\u00e1 tiempo. Le ofrecen m\u00e9todos de pago r\u00e1pidos y seguros a trav\u00e9s de los cuales puede realizar un pedido de este medicamento y realizar pagos de forma segura.<\/p>\n\n\n\n<h2 class=\"wp-block-heading\"><strong>Advertencias y precauciones<\/strong><\/h2>\n\n\n\n<p>Se recomienda a los pacientes que conozcan los efectos secundarios y las precauciones que deben tomar antes de comenzar a usar la inyecci\u00f3n de Testorix-e. Debe consultar con un m\u00e9dico para obtener una dosis precisa y asegurarse de que este medicamento sea seguro seg\u00fan su estado de salud. Adem\u00e1s, tambi\u00e9n se recomienda seguir las pautas que se mencionan en el envase de este medicamento.<\/p>\n\n\n\n<h2 class=\"wp-block-heading\">Atenci\u00f3n al cliente 24 horas al d\u00eda, 7 d\u00edas a la semana<\/h2>\n\n\n\n<p>Los exportadores de Testorix-e brindan soporte al cliente las 24 horas, los 7 d\u00edas de la semana, atienden las consultas de los clientes y las resuelven de manera oportuna. Los servicios las 24 horas garantizan que cada usuario reciba informaci\u00f3n y soporte confiables cuando lo necesite. Esto mejora la satisfacci\u00f3n del cliente y crea una conexi\u00f3n de confianza entre exportadores y clientes.<\/p>\n\n\n\n<h2 class=\"wp-block-heading\"><strong>Preguntas frecuentes<\/strong><\/h2>\n\n\n\n<h3 class=\"wp-block-heading\"><strong>\u00bfSe puede utilizar Testorix-e 1 ampolla para el tratamiento del c\u00e1ncer de mama en mujeres?<\/strong><\/h3>\n\n\n\n<p>S\u00ed, Testorix-e 1 ampolla contiene enantato de testosterona y se utiliza en algunos casos para el tratamiento del c\u00e1ncer de mama en mujeres.<\/p>\n\n\n\n<h3 class=\"wp-block-heading\"><strong>\u00bfCu\u00e1nto tiempo se tarda en ver resultados?<\/strong><\/h3>\n\n\n\n<p>Los resultados de Testorix-e 1 ampolla var\u00edan seg\u00fan la condici\u00f3n de la persona. Pero, por lo general, se determina que los resultados de Testorix-e 1 ampolla aparecer\u00e1n dentro de las 6 a 12 semanas de uso constante.<\/p>\n\n\n\n<h3 class=\"wp-block-heading\"><strong>\u00bfEs segura para los ni\u00f1os?<\/strong><\/h3>\n\n\n\n<p>S\u00ed, Testorix-e 1 ampolla es seguro para los ni\u00f1os. Pueden usarlo durante la pubertad.<\/p>\n\n\n\n<h3 class=\"wp-block-heading\"><strong>\u00bfEs seguro Testorix-e para uso a largo plazo?<\/strong><\/h3>\n\n\n\n<p>Se sugiere que una persona siga las recomendaciones del m\u00e9dico antes de comenzar a usar Testorix-e 1 ampolla a largo plazo.<\/p>\n\n\n\n<h3 class=\"wp-block-heading\"><strong>\u00bfExiste alguna oferta para comprar Testorix-e 1 ampolla al por mayor?<\/strong><\/h3>\n\n\n\n<p>S\u00ed, hay muchos mayoristas de Testorix-e que le ofrecen descuentos y ofertas en su compra al por mayor de este medicamento.<\/p>\n\n\n\n<h3 class=\"wp-block-heading\"><strong>\u00bfCu\u00e1les son las condiciones de almacenamiento recomendadas para Testorix-e 1 ampolla?<\/strong><\/h3>\n\n\n\n<p>Se recomienda conservar Testorix-e 1 ampolla en un lugar seco y fresco, alejado de la luz solar y fuera del alcance de los ni\u00f1os. La temperatura ambiente debe estar entre 20 y 25 \u00b0C para una conservaci\u00f3n ideal.<\/p>\n","protected":false},"excerpt":{"rendered":"Testorix &#8211; E &#8211; Enato de testosterona 250 mg\/ml Testorix-e 1 Ampolla es un medicamento utilizado para tratar los niveles bajos de testosterona en los hombres y para el culturismo. Se compone de un ingrediente activo, Enantato de Testosterona. Se comercializa bajo la marca Delatestryl y se utiliza para aumentar la fuerza, la masa muscular [&hellip;]","protected":false},"featured_media":0,"template":"","meta":{"_glsr_average":0,"_glsr_ranking":0,"_glsr_reviews":0},"product_brand":[],"product_cat":[3936],"product_tag":[],"product_form":[4133],"class_list":{"0":"post-51727","1":"product","2":"type-product","3":"status-publish","5":"product_cat-medicina-de-musculacion-fabricantes-en-india","6":"product_form-inyeccion-fabricante-en-india","8":"first","9":"instock","10":"shipping-taxable","11":"purchasable","12":"product-type-variable"},"_links":{"self":[{"href":"https:\/\/www.medsexporter.com\/es\/wp-json\/wp\/v2\/product\/51727","targetHints":{"allow":["GET"]}}],"collection":[{"href":"https:\/\/www.medsexporter.com\/es\/wp-json\/wp\/v2\/product"}],"about":[{"href":"https:\/\/www.medsexporter.com\/es\/wp-json\/wp\/v2\/types\/product"}],"wp:attachment":[{"href":"https:\/\/www.medsexporter.com\/es\/wp-json\/wp\/v2\/media?parent=51727"}],"wp:term":[{"taxonomy":"product_brand","embeddable":true,"href":"https:\/\/www.medsexporter.com\/es\/wp-json\/wp\/v2\/product_brand?post=51727"},{"taxonomy":"product_cat","embeddable":true,"href":"https:\/\/www.medsexporter.com\/es\/wp-json\/wp\/v2\/product_cat?post=51727"},{"taxonomy":"product_tag","embeddable":true,"href":"https:\/\/www.medsexporter.com\/es\/wp-json\/wp\/v2\/product_tag?post=51727"},{"taxonomy":"product_form","embeddable":true,"href":"https:\/\/www.medsexporter.com\/es\/wp-json\/wp\/v2\/product_form?post=51727"}],"curies":[{"name":"wp","href":"https:\/\/api.w.org\/{rel}","templated":true}]}}