{"id":51711,"date":"2024-04-26T06:46:37","date_gmt":"2024-04-26T06:46:37","guid":{"rendered":"https:\/\/medsexporter.com\/product\/winvol-100-mg-ml\/"},"modified":"2024-08-23T10:28:53","modified_gmt":"2024-08-23T10:28:53","slug":"winvol-100-mg-ml","status":"publish","type":"product","link":"https:\/\/www.medsexporter.com\/es\/product\/winvol-100-mg-ml\/","title":{"rendered":"Winvol 100 mg\/ml"},"content":{"rendered":"\n<h2 class=\"wp-block-heading\"><strong>Winvol 100 mg\/ml Comprar al por mayor en l\u00ednea<\/strong><\/h2>\n\n\n\n<p>La inyecci\u00f3n de Winvol 100 mg\/ml es ideal para culturistas y pacientes con angioedema hereditario. Su eficacia en el crecimiento y desarrollo muscular, la mejora de la fuerza y \u200b\u200bla resistencia y la construcci\u00f3n de un cuerpo definido es excelente. Esta inyecci\u00f3n tambi\u00e9n es una opci\u00f3n de tratamiento eficaz entre las personas diagnosticadas con angioedema hereditario.<\/p>\n\n\n\n<p>Antes de comprar el esteroide Stanozolol al por mayor en <strong>MedsExporter.com<\/strong>, perm\u00edtanos present\u00e1rselo.<\/p>\n\n\n\n<h2 class=\"wp-block-heading\"><strong>\u00bfQu\u00e9 es Winvol 100mg\/ml?<\/strong><\/h2>\n\n\n\n<p>Winvol 100 mg\/ml es una inyecci\u00f3n de esteroides anab\u00f3licos que se utiliza entre los culturistas para el crecimiento muscular y la consecuci\u00f3n de un f\u00edsico definido. Tambi\u00e9n se utiliza para aumentar la fuerza y \u200b\u200bla resistencia entre los atletas y los entusiastas del fitness para evitar el tiempo de inactividad durante los entrenamientos intensos. Esta inyecci\u00f3n tambi\u00e9n se utiliza para tratar el angioedema hereditario, un trastorno gen\u00e9tico poco com\u00fan que provoca casos recurrentes de hinchaz\u00f3n grave en algunas partes del cuerpo.<\/p>\n\n\n\n<h2 class=\"wp-block-heading\"><strong>\u00bfC\u00f3mo act\u00faa en el cuerpo?<\/strong><\/h2>\n\n\n\n<p>Con el estanozolol como ingrediente principal, esta inyecci\u00f3n act\u00faa mejorando la s\u00edntesis de prote\u00ednas en el cuerpo. El estanozolol es un esteroide anab\u00f3lico que tambi\u00e9n mejora la retenci\u00f3n de nitr\u00f3geno de las c\u00e9lulas musculares, acelerando as\u00ed la producci\u00f3n de gl\u00f3bulos rojos y aumentando el suministro de ox\u00edgeno a los m\u00fasculos. Todo esto da como resultado un f\u00edsico definido y estructurado, un crecimiento m\u00e1s r\u00e1pido de los m\u00fasculos y una mejor fuerza y \u200b\u200bresistencia. Adem\u00e1s, previene la fatiga y mantiene al entusiasta del fitness con energ\u00eda durante las sesiones de entrenamiento intenso. En un corto per\u00edodo de tiempo, ayuda a los culturistas a lograr el f\u00edsico deseado.<\/p>\n\n\n\n<h2 class=\"wp-block-heading\"><strong>Usos de la inyecci\u00f3n de Winvol 100 mg\/ml<\/strong><\/h2>\n\n\n\n<ul class=\"wp-block-list\">\n<li><strong>Culturismo: <\/strong>Definici\u00f3n del f\u00edsico con crecimiento muscular, desarrollo de fuerza y \u200b\u200bmejoras de resistencia.<\/li>\n\n\n\n<li><strong>Angioedema hereditario:<\/strong> Minimizar los s\u00edntomas de este raro trastorno gen\u00e9tico en el que el paciente sufre episodios de hinchaz\u00f3n severa de forma repetida en partes del cuerpo.<\/li>\n<\/ul>\n\n\n\n<h2 class=\"wp-block-heading\"><strong>Beneficios de Winvol 100mg\/ml<\/strong><\/h2>\n\n\n\n<ul class=\"wp-block-list\">\n<li>Uno de los esteroides para culturismo m\u00e1s potentes.<\/li>\n\n\n\n<li>Mejora la masa muscular magra para un f\u00edsico tonificado.<\/li>\n\n\n\n<li>Aumenta la resistencia y la aguante para un mejor rendimiento atl\u00e9tico.<\/li>\n\n\n\n<li>Conserva la energ\u00eda y el tejido muscular al tiempo que reduce la grasa.<\/li>\n\n\n\n<li>Permite una recuperaci\u00f3n r\u00e1pida despu\u00e9s de los entrenamientos HIIT.<\/li>\n\n\n\n<li>Reduce la frecuencia y la gravedad de la hinchaz\u00f3n en pacientes con angioedema hereditario.<\/li>\n<\/ul>\n\n\n\n<h2 class=\"wp-block-heading\"><strong>Conexi\u00f3n con mayoristas de inyecciones de Winvol<\/strong><\/h2>\n\n\n\n<p>P\u00f3ngase en contacto con <strong>MedsExporter.com<\/strong>, uno de los nombres m\u00e1s populares en la industria farmac\u00e9utica para inyecciones de esteroides y numerosos suplementos para el cuidado de la salud. Somos uno de los principales mayoristas de inyecciones de Winvol, conocidos por procesar pedidos al por mayor de manera eficiente. Nuestro modelo de precios impulsado por la tecnolog\u00eda lo ayuda a comprar este medicamento a precios competitivos. Tambi\u00e9n contamos con una amplia red de socios log\u00edsticos que entregan los pedidos a tiempo en todo el mundo. Estos son solo algunos ejemplos de nuestros servicios excepcionales. Perm\u00edtanos ayudarlo a mejorar la reputaci\u00f3n de su negocio con esteroides\/suplementos para culturismo de alta calidad.<\/p>\n\n\n\n<h2 class=\"wp-block-heading\"><strong>Precio personalizable con dosis.<\/strong><\/h2>\n\n\n\n<p>Actualmente, nuestra capacidad de producci\u00f3n de inyecciones de Winvol es de 1 mill\u00f3n de ampollas al mes. Puede compartir sus requisitos con nosotros y solicitar un presupuesto personalizado seg\u00fan la dosis. Facilitamos soluciones rentables adaptadas a los requisitos del cliente, garantizando as\u00ed la mejor relaci\u00f3n calidad-precio. \u00bfQuiere solicitar un presupuesto ahora mismo? \u00a1Ll\u00e1menos ahora!<\/p>\n\n\n\n<h2 class=\"wp-block-heading\"><strong>Opciones de pago seguras y m\u00faltiples<\/strong><\/h2>\n\n\n\n<p>Compre inyecciones de Winvol en grandes cantidades a precios razonables con nosotros y realice su pago a trav\u00e9s de su modo preferido. Tenga la seguridad de que las transacciones son seguras mientras navega con nosotros. Incluso si no realiza un pago, su privacidad est\u00e1 protegida.<\/p>\n\n\n\n<h2 class=\"wp-block-heading\"><strong>Atenci\u00f3n al cliente 24 horas al d\u00eda, 7 d\u00edas a la semana<\/strong><\/h2>\n\n\n\n<p>No podemos dejarte con dudas, consultas o consultas sobre el seguimiento de pedidos. D\u00e9janos despejarte con nuestros servicios de atenci\u00f3n al cliente 24 horas al d\u00eda, 7 d\u00edas a la semana. Comun\u00edcate con nosotros por tel\u00e9fono o correo electr\u00f3nico y nuestro equipo te responder\u00e1 con la mejor soluci\u00f3n posible.<\/p>\n\n\n\n<h2 class=\"wp-block-heading\"><strong>Preguntas frecuentes<\/strong><\/h2>\n\n\n\n<h3 class=\"wp-block-heading\"><strong>\u00bfQu\u00e9 tan r\u00e1pido act\u00faa Winvol?<\/strong><\/h3>\n\n\n\n<p>Despu\u00e9s de usar esta inyecci\u00f3n de manera constante durante algunas semanas, la inyecci\u00f3n de estanozolol reflejar\u00e1 los resultados deseados con el crecimiento muscular, la fuerza y \u200b\u200bla mejora de los s\u00edntomas del angioedema hereditario.<\/p>\n\n\n\n<h3 class=\"wp-block-heading\"><strong>\u00bfEs segura para los ni\u00f1os?<\/strong><\/h3>\n\n\n\n<p>No, no existe evidencia de su seguridad en ni\u00f1os por lo que no se aconseja su uso en poblaci\u00f3n menor de 18 a\u00f1os.<\/p>\n\n\n\n<h3 class=\"wp-block-heading\"><strong>\u00bfEs seguro para uso a largo plazo?<\/strong><\/h3>\n\n\n\n<p>En algunos casos, puede ser recomendable el uso a largo plazo (por ejemplo, en el tratamiento del angioedema hereditario) con un seguimiento regular. No opte por el uso prolongado por su cuenta, ya que podr\u00edan aparecer posibles efectos secundarios.<\/p>\n\n\n\n<h3 class=\"wp-block-heading\"><strong>\u00bfPuedo tomarlo con alcohol?<\/strong><\/h3>\n\n\n\n<p>No se recomienda el uso de Winvol con alcohol ni ning\u00fan tipo de bebida alcoh\u00f3lica. El motivo es que este esteroide anab\u00f3lico exacerba los efectos secundarios.<\/p>\n\n\n\n<h3 class=\"wp-block-heading\"><strong>\u00bfQu\u00e9 debo hacer si me olvido de tomar una dosis de Winvol 100 mg\/ml?<\/strong><\/h3>\n\n\n\n<p>La dosis olvidada puede tomarse tan pronto como lo recuerde. Sin embargo, no use las dosis olvidadas en horarios cercanos a la siguiente dosis programada porque la ingesta excesiva de esteroides a la vez es riesgosa para su salud.<\/p>\n\n\n\n<h3 class=\"wp-block-heading\"><strong>\u00bfCu\u00e1nto tiempo puedo conservarlo?<\/strong><\/h3>\n\n\n\n<p>Puede consultar la fecha de caducidad y la vida \u00fatil del producto en el envase. Gu\u00e1rdelo \u00fanicamente en un lugar fresco y seco. Y, por supuesto, fuera del alcance de los ni\u00f1os y las mascotas.<\/p>\n","protected":false},"excerpt":{"rendered":"<p>Winvol 100 mg\/ml (Winstrol) es un esteroide para culturismo que tambi\u00e9n trata el angioedema hereditario. Compre esta inyecci\u00f3n de estanozolol al por mayor a precios razonables y con calidad garantizada con nosotros.<\/p>","protected":false},"featured_media":48714,"template":"","meta":{"_glsr_average":0,"_glsr_ranking":0,"_glsr_reviews":0},"product_brand":[],"product_cat":[3936],"product_tag":[],"product_form":[4133],"class_list":{"0":"post-51711","1":"product","2":"type-product","3":"status-publish","4":"has-post-thumbnail","6":"product_cat-medicina-de-musculacion-fabricantes-en-india","7":"product_form-inyeccion-fabricante-en-india","9":"first","10":"instock","11":"shipping-taxable","12":"purchasable","13":"product-type-variable"},"_links":{"self":[{"href":"https:\/\/www.medsexporter.com\/es\/wp-json\/wp\/v2\/product\/51711","targetHints":{"allow":["GET"]}}],"collection":[{"href":"https:\/\/www.medsexporter.com\/es\/wp-json\/wp\/v2\/product"}],"about":[{"href":"https:\/\/www.medsexporter.com\/es\/wp-json\/wp\/v2\/types\/product"}],"wp:featuredmedia":[{"embeddable":true,"href":"https:\/\/www.medsexporter.com\/es\/wp-json\/wp\/v2\/media\/48714"}],"wp:attachment":[{"href":"https:\/\/www.medsexporter.com\/es\/wp-json\/wp\/v2\/media?parent=51711"}],"wp:term":[{"taxonomy":"product_brand","embeddable":true,"href":"https:\/\/www.medsexporter.com\/es\/wp-json\/wp\/v2\/product_brand?post=51711"},{"taxonomy":"product_cat","embeddable":true,"href":"https:\/\/www.medsexporter.com\/es\/wp-json\/wp\/v2\/product_cat?post=51711"},{"taxonomy":"product_tag","embeddable":true,"href":"https:\/\/www.medsexporter.com\/es\/wp-json\/wp\/v2\/product_tag?post=51711"},{"taxonomy":"product_form","embeddable":true,"href":"https:\/\/www.medsexporter.com\/es\/wp-json\/wp\/v2\/product_form?post=51711"}],"curies":[{"name":"wp","href":"https:\/\/api.w.org\/{rel}","templated":true}]}}