{"id":51025,"date":"2024-05-06T11:42:24","date_gmt":"2024-05-06T11:42:24","guid":{"rendered":"https:\/\/medsexporter.com\/product\/inyeccion-de-mastarix-100-mg\/"},"modified":"2024-08-08T09:08:17","modified_gmt":"2024-08-08T09:08:17","slug":"inyeccion-de-mastarix-100-mg","status":"publish","type":"product","link":"https:\/\/www.medsexporter.com\/es\/product\/inyeccion-de-mastarix-100-mg\/","title":{"rendered":"Inyecci\u00f3n de Mastarix 100 mg"},"content":{"rendered":"\n<h2 class=\"wp-block-heading\"><strong>Breve introducci\u00f3n de la inyecci\u00f3n de Mastarix 100 mg<\/strong><\/h2>\n\n\n\n<p>\u00bfEst\u00e1 buscando un suplemento de calidad para el culturismo? Si lo que busca es la inyecci\u00f3n de Mastarix 100 mg, entonces su b\u00fasqueda termina aqu\u00ed. Esta inyecci\u00f3n tiene el compuesto activo propionato de drostanolona para ayudar a los culturistas a alcanzar sus objetivos.<\/p>\n\n\n\n<h2 class=\"wp-block-heading\"><strong>\u00bfCu\u00e1les son los usos de Mastarix 100mg?<\/strong><\/h2>\n\n\n\n<p>El ingrediente principal de Mastarix 100 mg es el propionato (propionato de drostanolona). Cumple varios objetivos:<\/p>\n\n\n\n<ol class=\"wp-block-list\">\n<li><strong>Culturismo: <\/strong>Ampliamente utilizado en el entrenamiento con pesas, ayuda a desarrollar m\u00fasculos magros, mejorar la fuerza y \u200b\u200breducir la grasa corporal de los m\u00fasculos.<\/li>\n\n\n\n<li><strong>Tratamiento para el c\u00e1ncer de mama:<\/strong> Mastarix tambi\u00e9n se utiliza para tratar el c\u00e1ncer de mama. Este f\u00e1rmaco inyectable adaptable es una gran opci\u00f3n para la salud y el fitness porque ayuda a los pacientes con c\u00e1ncer y a los culturistas.<\/li>\n<\/ol>\n\n\n\n<h2 class=\"wp-block-heading\"><strong>\u00bfC\u00f3mo funciona en su sistema?<\/strong><\/h2>\n\n\n\n<p>Mastarix 100 mg contiene propionato de drostanolona, \u200b\u200bque mejora la s\u00edntesis de prote\u00ednas, ayuda a la masa muscular magra y aumenta la fuerza. Ayuda a eliminar la grasa corporal y, al mismo tiempo, hace que los m\u00fasculos se destaquen. Esto significa un mejor rendimiento y una tasa de recuperaci\u00f3n m\u00e1s r\u00e1pida. Tambi\u00e9n es un modulador de los receptores de andr\u00f3genos e influye en la formaci\u00f3n de m\u00fasculos y el acondicionamiento. En general, este esteroide Masteron mejora el proceso de acumulaci\u00f3n muscular, lo que lo convierte en un suplemento muy eficaz para el entrenamiento intenso y el culturismo.<\/p>\n\n\n\n<h2 class=\"wp-block-heading\"><strong>\u00bfExisten requisitos de entrenamiento espec\u00edficos al usar Mastarix 100Mg para culturismo?<\/strong><\/h2>\n\n\n\n<p>Si se considera la administraci\u00f3n de Mastarix 100 mg, se debe utilizar siguiendo un r\u00e9gimen de ejercicios adecuado. Conc\u00e9ntrese en desarrollar m\u00fasculos y levantar pesas m\u00e1s pesadas. Agregue esto a una dieta preparada para tener una proporci\u00f3n adecuada de prote\u00ednas. Para aprovechar al m\u00e1ximo este esteroide Masteron, es recomendable usarlo de manera constante.<\/p>\n\n\n\n<h2 class=\"wp-block-heading\"><strong>Beneficios potenciales de la inyecci\u00f3n de Mastarix 100 mg<\/strong><\/h2>\n\n\n\n<ul class=\"wp-block-list\">\n<li><strong>Ganancia de masa muscular magra:<\/strong> Ayuda a la formaci\u00f3n de m\u00fasculos magros.<\/li>\n\n\n\n<li><strong>Aumento de fuerza:<\/strong> La fuerza muscular aumenta con el funcionamiento de potencia general.<\/li>\n\n\n\n<li><strong>Fat Reduction:<\/strong> Ayuda a perder peso o, espec\u00edficamente, a disminuir el nivel de grasa corporal.<\/li>\n\n\n\n<li><strong>Definici\u00f3n mejorada:<\/strong> Prescrito en servicios y productos que hacen que los m\u00fasculos est\u00e9n m\u00e1s definidos.<\/li>\n<\/ul>\n\n\n\n<h2 class=\"wp-block-heading\"><strong>Mayorista confiable y de confianza de inyecciones de Mastarix<\/strong><\/h2>\n\n\n\n<p><strong>Exportador de Mastarix:<\/strong> Nuestra unidad de fabricaci\u00f3n produce 1 mill\u00f3n de ampollas al mes. Utilizar nuestra plataforma B2B para realizar pedidos de Mastarix es f\u00e1cil y sin complicaciones. Nos sentimos muy satisfechos de no sufrir nunca escasez de productos.<\/p>\n\n\n\n<p>Nos aseguramos de que su pedido llegue a su direcci\u00f3n a tiempo y sin incidentes. Nuestro objetivo es establecer relaciones duraderas con nuestros clientes, como lo demuestra la tasa de pedidos repetidos del 90 %, que da fe de nuestra confiabilidad y la satisfacci\u00f3n del cliente. El\u00edjanos como su fuente confiable de servicio superior y confiable.<\/p>\n\n\n\n<h2 class=\"wp-block-heading\"><strong>Precios y dosis de inyecci\u00f3n de Mastarix personalizables<\/strong><\/h2>\n\n\n\n<p>Nuestro rango de precios para la inyecci\u00f3n de Mastarix es flexible, y esto se combina con una dosificaci\u00f3n flexible. Esto significa que, sin importar la cantidad de su pedido, ya sea un pedido \u00fanico o un pedido grande, podemos adaptarnos al pedido de su elecci\u00f3n. \u00a1Cont\u00e1ctenos para obtener m\u00e1s informaci\u00f3n!<\/p>\n\n\n\n<h2 class=\"wp-block-heading\"><strong>\u00bfCu\u00e1les son las condiciones recomendadas para almacenar Mastarix?<\/strong><\/h2>\n\n\n\n<p>M\u00e1s espec\u00edficamente, la inyecci\u00f3n de Mastarix 100 mg debe almacenarse en un lugar fresco y seco. Prot\u00e9jala de la luz solar directa o de la exposici\u00f3n al calor.<\/p>\n\n\n\n<h2 class=\"wp-block-heading\"><strong>M\u00e9todo de pago r\u00e1pido y seguro<\/strong><\/h2>\n\n\n\n<p>Utilizamos transferencias bancarias como nuestra principal opci\u00f3n de pago. Esto hace que las transacciones sean relativamente r\u00e1pidas y seguras. Procesamos su pedido tan pronto como nos realiza el pago.<\/p>\n\n\n\n<h2 class=\"wp-block-heading\"><strong>Soporte a clientes 24\/7<\/strong><\/h2>\n\n\n\n<p>Para obtener m\u00e1s informaci\u00f3n, cualquier pregunta sobre el art\u00edculo que tienes o cualquier problema al gestionar tu solicitud, estamos aqu\u00ed 24 horas al d\u00eda, 7 d\u00edas a la semana para ayudarte.<\/p>\n\n\n\n<h2 class=\"wp-block-heading\"><strong>Preguntas frecuentes<\/strong><\/h2>\n\n\n\n<h3 class=\"wp-block-heading\"><strong>\u00bfCu\u00e1nto tiempo tarda en hacer efecto Mastarix 100 mg?<\/strong><\/h3>\n\n\n\n<p>El tiempo promedio que tardan las personas en notar cambios es de algunas semanas. Debes tomarlo con regularidad y hacer ejercicios con regularidad.<\/p>\n\n\n\n<h3 class=\"wp-block-heading\"><strong>\u00bfEs segura la inyecci\u00f3n de Mastarix durante el embarazo o la lactancia?<\/strong><\/h3>\n\n\n\n<p>No, durante el embarazo o la lactancia no se debe utilizar la inyecci\u00f3n de Mastarix, ya que no se sabe nada sobre sus efectos en el embri\u00f3n ni en la lactancia del beb\u00e9. Esta informaci\u00f3n debe obtenerse antes de comenzar a utilizar cualquier medicamento nuevo, ya sea que se compre sin receta o que haya sido recomendado por especialistas.<\/p>\n\n\n\n<h3 class=\"wp-block-heading\"><strong>\u00bfQu\u00e9 debo hacer si me olvido de tomar una dosis?<\/strong><\/h3>\n\n\n\n<p>Si le indicaron que tomara la dosis varias veces al d\u00eda y olvid\u00f3 tomarla, debe hacerlo cuando se acuerde. Si es pr\u00e1cticamente el momento ideal para la siguiente dosis, no debe tomar la dosis olvidada.<\/p>\n\n\n\n<h3 class=\"wp-block-heading\"><strong>\u00bfExiste alguna oferta para comprar una inyecci\u00f3n de Mastarix 100 mg al por mayor?<\/strong><\/h3>\n\n\n\n<p>S\u00ed, tenemos ofertas en determinados productos que se compran en grandes cantidades. Podemos darte m\u00e1s informaci\u00f3n al respecto haciendo referencia a nuestro grupo de ventas.<\/p>\n\n\n\n<h3 class=\"wp-block-heading\"><strong>\u00bfC\u00f3mo puedo rastrear mi pedido?<\/strong><\/h3>\n\n\n\n<p>Puede encontrar la opci\u00f3n de seguimiento de pedidos en nuestro sitio web y en su correo electr\u00f3nico. Despu\u00e9s de realizar su solicitud, recibir\u00e1 inmediatamente el n\u00famero de seguimiento cuando se env\u00ede.<\/p>\n\n\n\n<h3 class=\"wp-block-heading\"><strong>\u00bfQu\u00e9 m\u00e9todos de pago aceptan?<\/strong><\/h3>\n\n\n\n<p>Aceptamos transferencias bancarias para todas las transacciones.<\/p>\n","protected":false},"excerpt":{"rendered":"Breve introducci\u00f3n de la inyecci\u00f3n de Mastarix 100 mg \u00bfEst\u00e1 buscando un suplemento de calidad para el culturismo? Si lo que busca es la inyecci\u00f3n de Mastarix 100 mg, entonces su b\u00fasqueda termina aqu\u00ed. Esta inyecci\u00f3n tiene el compuesto activo propionato de drostanolona para ayudar a los culturistas a alcanzar sus objetivos. \u00bfCu\u00e1les son los [&hellip;]","protected":false},"featured_media":48704,"template":"","meta":{"_glsr_average":0,"_glsr_ranking":0,"_glsr_reviews":0},"product_brand":[],"product_cat":[3936],"product_tag":[],"product_form":[4133],"class_list":{"0":"post-51025","1":"product","2":"type-product","3":"status-publish","4":"has-post-thumbnail","6":"product_cat-medicina-de-musculacion-fabricantes-en-india","7":"product_form-inyeccion-fabricante-en-india","9":"first","10":"instock","11":"shipping-taxable","12":"purchasable","13":"product-type-variable"},"_links":{"self":[{"href":"https:\/\/www.medsexporter.com\/es\/wp-json\/wp\/v2\/product\/51025","targetHints":{"allow":["GET"]}}],"collection":[{"href":"https:\/\/www.medsexporter.com\/es\/wp-json\/wp\/v2\/product"}],"about":[{"href":"https:\/\/www.medsexporter.com\/es\/wp-json\/wp\/v2\/types\/product"}],"wp:featuredmedia":[{"embeddable":true,"href":"https:\/\/www.medsexporter.com\/es\/wp-json\/wp\/v2\/media\/48704"}],"wp:attachment":[{"href":"https:\/\/www.medsexporter.com\/es\/wp-json\/wp\/v2\/media?parent=51025"}],"wp:term":[{"taxonomy":"product_brand","embeddable":true,"href":"https:\/\/www.medsexporter.com\/es\/wp-json\/wp\/v2\/product_brand?post=51025"},{"taxonomy":"product_cat","embeddable":true,"href":"https:\/\/www.medsexporter.com\/es\/wp-json\/wp\/v2\/product_cat?post=51025"},{"taxonomy":"product_tag","embeddable":true,"href":"https:\/\/www.medsexporter.com\/es\/wp-json\/wp\/v2\/product_tag?post=51025"},{"taxonomy":"product_form","embeddable":true,"href":"https:\/\/www.medsexporter.com\/es\/wp-json\/wp\/v2\/product_form?post=51025"}],"curies":[{"name":"wp","href":"https:\/\/api.w.org\/{rel}","templated":true}]}}