{"id":51019,"date":"2024-05-04T09:25:36","date_gmt":"2024-05-04T09:25:36","guid":{"rendered":"https:\/\/medsexporter.com\/product\/danarix\/"},"modified":"2024-08-08T08:28:11","modified_gmt":"2024-08-08T08:28:11","slug":"danarix","status":"publish","type":"product","link":"https:\/\/www.medsexporter.com\/es\/product\/danarix\/","title":{"rendered":"Danarix"},"content":{"rendered":"\n<h2 class=\"wp-block-heading\"><strong>Informaci\u00f3n general sobre Danarix inyecci\u00f3n<\/strong><\/h2>\n\n\n\n<p>La inyecci\u00f3n de Danarix, comercializada como Dianabol, es una de las inyecciones de esteroides m\u00e1s reconocidas entre los culturistas y los atletas. Contiene metandienona como componente principal, un potente esteroide anab\u00f3lico que promueve el crecimiento muscular y la energ\u00eda, y mejora el rendimiento atl\u00e9tico.<\/p>\n\n\n\n<h2 class=\"wp-block-heading\"><strong>Usos de la inyecci\u00f3n de Danarix<\/strong><\/h2>\n\n\n\n<p>El uso principal de este medicamento es para:<\/p>\n\n\n\n<ul class=\"wp-block-list\">\n<li>Mejora del rendimiento atl\u00e9tico (m\u00e1s energ\u00eda y recuperaci\u00f3n m\u00e1s r\u00e1pida durante los entrenamientos HIIT)<\/li>\n\n\n\n<li>Apoyo a los objetivos de culturismo (crecimiento muscular m\u00e1s r\u00e1pido, f\u00edsico tonificado, p\u00e9rdida de grasa, mayor resistencia a la fuerza y \u200b\u200bprevenci\u00f3n del desgaste muscular)<\/li>\n<\/ul>\n\n\n\n<h2 class=\"wp-block-heading\"><strong>\u00bfComo funciona?<\/strong><\/h2>\n\n\n\n<p>La metandienona es un potente esteroide anab\u00f3lico que ayuda a las personas a alcanzar sus objetivos de culturismo con el impulso interno que necesitan. Estimula la s\u00edntesis de prote\u00ednas y la capacidad de retenci\u00f3n de nitr\u00f3geno de las c\u00e9lulas, lo que conduce a un r\u00e1pido crecimiento muscular y p\u00e9rdida de grasa. Adem\u00e1s, desempe\u00f1a un papel crucial en el aumento de la producci\u00f3n de gl\u00f3bulos rojos, lo que aumenta la energ\u00eda, previene la fatiga y tambi\u00e9n promueve la resistencia. En general, mejora el rendimiento atl\u00e9tico como ning\u00fan otro.<\/p>\n\n\n\n<h2 class=\"wp-block-heading\"><strong>\u00bfCu\u00e1les son los beneficios de la inyecci\u00f3n de Danarix 10 mg?<\/strong><\/h2>\n\n\n\n<p>Esta inyecci\u00f3n de esteroides tiene m\u00faltiples beneficios, ya sea que se utilice para mejorar el rendimiento atl\u00e9tico o para lograr objetivos de culturismo. Estos son los principales:<\/p>\n\n\n\n<ul class=\"wp-block-list\">\n<li>Crecimiento r\u00e1pido de la masa muscular<\/li>\n\n\n\n<li>Mejoras deseadas en fuerza y \u200b\u200bresistencia.<\/li>\n\n\n\n<li>P\u00e9rdida de grasa<\/li>\n\n\n\n<li>Prevenci\u00f3n del desgaste muscular<\/li>\n\n\n\n<li>Recuperaci\u00f3n m\u00e1s r\u00e1pida despu\u00e9s de un entrenamiento intensivo<\/li>\n<\/ul>\n\n\n\n<h3 class=\"wp-block-heading\"><strong>\u00bfD\u00f3nde pueden los atletas y culturistas obtener inyecciones de Danarix?<\/strong><\/h3>\n\n\n\n<p>La mayor\u00eda de los atletas y culturistas compran inyecciones de Danarix en l\u00ednea despu\u00e9s de obtener una receta de un profesional de la salud calificado. Usted tambi\u00e9n puede consultar a su proveedor de atenci\u00f3n m\u00e9dica hoy mismo y solicitar las suyas con una garant\u00eda de calidad del 100 % solo en MedsExporter.com.<\/p>\n\n\n\n<h2 class=\"wp-block-heading\"><strong>Proveedor confiable de compras Danarix Steroid<\/strong><\/h2>\n\n\n\n<p>\u00bfQu\u00e9 mejor lugar para comprar el esteroide Danarix que MedsExporter.com? Hemos estado en la industria farmac\u00e9utica durante m\u00e1s de una d\u00e9cada, ganando corazones y salvando vidas con nuestros medicamentos de alta calidad. Nuestra responsabilidad como fabricante autorizado, proveedor mayorista va mucho m\u00e1s all\u00e1 de su imaginaci\u00f3n. Y nos gustar\u00eda tenerlo a bordo como uno de nuestros prestigiosos clientes. Teniendo sus preferencias en el centro, le proporcionaremos una cotizaci\u00f3n personalizada ya que la satisfacci\u00f3n del cliente es nuestro objetivo final.<\/p>\n\n\n\n<h2 class=\"wp-block-heading\"><strong>\u00bfCual es el precio de Danarix?<\/strong><\/h2>\n\n\n\n<p>Ll\u00e1menos directamente para obtener las \u00faltimas consultas sobre los costos de Danarix. Si est\u00e1 interesado, tambi\u00e9n puede mencionar m\u00e1s informaci\u00f3n sobre la cantidad de su pedido y los cronogramas de pedidos regulares para aprovechar las mejores ofertas y descuentos. Haremos todo lo posible para brindarle una cotizaci\u00f3n competitiva.<\/p>\n\n\n\n<h2 class=\"wp-block-heading\"><strong>Servicio de entrega r\u00e1pido y preciso.<\/strong><\/h2>\n\n\n\n<p>Hemos sido los mejores en servicios de env\u00edo a lo largo de los a\u00f1os y no le dejamos ninguna preocupaci\u00f3n con respecto al embalaje o el manejo del transporte. En el momento en que se env\u00ede su paquete, recibir\u00e1 un correo electr\u00f3nico con los detalles de seguimiento del pedido. Su paquete le llegar\u00e1 en breve dentro del plazo de entrega aproximado que se indica en el correo electr\u00f3nico. Tenga la seguridad de que la entrega ser\u00e1 r\u00e1pida y precisa.<\/p>\n\n\n\n<h2 class=\"wp-block-heading\"><strong>M\u00e9todo de pago f\u00e1cil y que ahorra tiempo<\/strong><\/h2>\n\n\n\n<p>Entendemos el ajetreo de la vida diaria, por lo que hemos simplificado nuestro proceso de pago. Es f\u00e1cil elegir el modo de pago que te resulte viable y seguir un par de pasos que se presentan. Si todo va bien, tu pago se procesar\u00e1 en menos de un minuto.<\/p>\n\n\n\n<h2 class=\"wp-block-heading\"><strong>Asistencia al cliente 24 horas al d\u00eda, 7 d\u00edas a la semana<\/strong><\/h2>\n\n\n\n<p>Estamos aqu\u00ed para ayudarle con sus consultas e inquietudes relacionadas con los productos. Si tiene alguna pregunta espec\u00edfica para nosotros, tambi\u00e9n nos encantar\u00eda escucharla. Cont\u00e1ctenos en cualquier momento, nuestro servicio de atenci\u00f3n al cliente est\u00e1 disponible las 24 horas, los 7 d\u00edas de la semana.<\/p>\n\n\n\n<h2 class=\"wp-block-heading\"><strong>Preguntas frecuentes<\/strong><\/h2>\n\n\n\n<h3 class=\"wp-block-heading\"><strong>\u00bfC\u00f3mo ayuda a los deportistas y culturistas?<\/strong><\/h3>\n\n\n\n<p>La inyecci\u00f3n de Danarix 10 mg ayuda a los atletas y culturistas a lograr un f\u00edsico tonificado, desarrollar masa muscular y mejorar la fuerza, la resistencia y la recuperaci\u00f3n despu\u00e9s de sesiones de entrenamiento intensas.<\/p>\n\n\n\n<h3 class=\"wp-block-heading\"><strong>\u00bfC\u00f3mo puedo comprar la inyecci\u00f3n de Danarix al por mayor?<\/strong><\/h3>\n\n\n\n<p>Es f\u00e1cil realizar un pedido al por mayor de inyecci\u00f3n de Danarix cuando tiene acceso a fuentes confiables como <strong>MedsExporter.com<\/strong>. Se le proporcionar\u00e1 una cotizaci\u00f3n personalizada seg\u00fan sus requisitos. \u00a1Consulte ahora!<\/p>\n\n\n\n<h3 class=\"wp-block-heading\"><strong>\u00bfEs seguro para mujeres embarazadas?<\/strong><\/h3>\n\n\n\n<p>No, no se considera seguro para mujeres embarazadas debido a los posibles riesgos para el feto que se desarrolla en el \u00fatero.<\/p>\n\n\n\n<h3 class=\"wp-block-heading\"><strong>\u00bfPuedo usar una inyecci\u00f3n de Danarix en casa?<\/strong><\/h3>\n\n\n\n<p>No, no se recomienda aplicar esta inyecci\u00f3n de esteroides en casa. Aseg\u00farese de que se aplique solo bajo supervisi\u00f3n m\u00e9dica o por un profesional de la salud para garantizar la seguridad.<\/p>\n\n\n\n<h3 class=\"wp-block-heading\"><strong>\u00bfEsta inyecci\u00f3n es adecuada para todas las edades?<\/strong><\/h3>\n\n\n\n<p>Los suplementos para el culturismo, incluido este, no son aptos para menores de 18 a\u00f1os. Su uso est\u00e1 reservado para adultos y bajo supervisi\u00f3n m\u00e9dica.<\/p>\n\n\n\n<h3 class=\"wp-block-heading\"><strong>\u00bfC\u00f3mo puedo rastrear mi pedido?<\/strong><\/h3>\n\n\n\n<p>Le enviaremos por correo electr\u00f3nico un enlace de seguimiento de su pedido para cualquier compra realizada en <strong>MedsExporter.com<\/strong>. Haga clic en ese enlace y podr\u00e1 rastrear hasta d\u00f3nde lleg\u00f3 su pedido en tr\u00e1nsito.<\/p>\n\n\n\n<h3 class=\"wp-block-heading\"><strong>\u00bfC\u00f3mo debo conservar Danarix?<\/strong><\/h3>\n\n\n\n<p>Guarde esta inyecci\u00f3n de esteroides a una temperatura inferior a 30 grados cent\u00edgrados. Aseg\u00farese de que no quede expuesta a la humedad, al calor o a temperaturas extremas. Mant\u00e9ngala fuera del alcance de los ni\u00f1os y las mascotas.<\/p>\n","protected":false},"excerpt":{"rendered":"Informaci\u00f3n general sobre Danarix inyecci\u00f3n La inyecci\u00f3n de Danarix, comercializada como Dianabol, es una de las inyecciones de esteroides m\u00e1s reconocidas entre los culturistas y los atletas. Contiene metandienona como componente principal, un potente esteroide anab\u00f3lico que promueve el crecimiento muscular y la energ\u00eda, y mejora el rendimiento atl\u00e9tico. Usos de la inyecci\u00f3n de Danarix [&hellip;]","protected":false},"featured_media":51967,"template":"","meta":{"_glsr_average":0,"_glsr_ranking":0,"_glsr_reviews":0},"product_brand":[],"product_cat":[3936],"product_tag":[],"product_form":[4133],"class_list":{"0":"post-51019","1":"product","2":"type-product","3":"status-publish","4":"has-post-thumbnail","6":"product_cat-medicina-de-musculacion-fabricantes-en-india","7":"product_form-inyeccion-fabricante-en-india","9":"first","10":"instock","11":"shipping-taxable","12":"purchasable","13":"product-type-variable"},"_links":{"self":[{"href":"https:\/\/www.medsexporter.com\/es\/wp-json\/wp\/v2\/product\/51019","targetHints":{"allow":["GET"]}}],"collection":[{"href":"https:\/\/www.medsexporter.com\/es\/wp-json\/wp\/v2\/product"}],"about":[{"href":"https:\/\/www.medsexporter.com\/es\/wp-json\/wp\/v2\/types\/product"}],"wp:featuredmedia":[{"embeddable":true,"href":"https:\/\/www.medsexporter.com\/es\/wp-json\/wp\/v2\/media\/51967"}],"wp:attachment":[{"href":"https:\/\/www.medsexporter.com\/es\/wp-json\/wp\/v2\/media?parent=51019"}],"wp:term":[{"taxonomy":"product_brand","embeddable":true,"href":"https:\/\/www.medsexporter.com\/es\/wp-json\/wp\/v2\/product_brand?post=51019"},{"taxonomy":"product_cat","embeddable":true,"href":"https:\/\/www.medsexporter.com\/es\/wp-json\/wp\/v2\/product_cat?post=51019"},{"taxonomy":"product_tag","embeddable":true,"href":"https:\/\/www.medsexporter.com\/es\/wp-json\/wp\/v2\/product_tag?post=51019"},{"taxonomy":"product_form","embeddable":true,"href":"https:\/\/www.medsexporter.com\/es\/wp-json\/wp\/v2\/product_form?post=51019"}],"curies":[{"name":"wp","href":"https:\/\/api.w.org\/{rel}","templated":true}]}}