{"id":50987,"date":"2024-04-12T12:23:26","date_gmt":"2024-04-12T12:23:26","guid":{"rendered":"https:\/\/medsexporter.com\/product\/thyronorm-112-mcg\/"},"modified":"2024-08-07T07:34:26","modified_gmt":"2024-08-07T07:34:26","slug":"thyronorm-112-mcg","status":"publish","type":"product","link":"https:\/\/www.medsexporter.com\/es\/product\/thyronorm-112-mcg\/","title":{"rendered":"Thyronorm 112 mcg"},"content":{"rendered":"\n<h2 class=\"wp-block-heading\"><strong>\u00bfQu\u00e9 es Thyronorm 112 mcg?<\/strong><\/h2>\n\n\n\n<p>Thyronorm 112 mcg es un medicamento para la p\u00e9rdida de peso. Se receta a adultos obesos que desean perder peso de forma saludable y segura. Esta p\u00edldora de p\u00e9rdida de peso s\u00f3lo con receta contiene tiroxina s\u00f3dica como el principal ingrediente activo y se marca como Synthroid.<\/p>\n\n\n\n<p>Si usted es alguien que busca un aut\u00e9ntico distribuidor de comprimidos de Thyronorm, \u00a1ya lo ha encontrado! Comprar este medicamento con calidad garantizada y precios asequibles en los EE.UU. con nosotros y experimentar beneficios incre\u00edbles.<\/p>\n\n\n\n<h2 class=\"wp-block-heading\"><strong>\u00bfC\u00f3mo funciona?<\/strong><\/h2>\n\n\n\n<p>Tiroxina de sodio es el ingrediente h\u00e9roe de este medicamento que ayuda en la p\u00e9rdida de peso eficaz y la gesti\u00f3n. El funcionamiento de este medicamento gira en torno a equilibrar las hormonas tiroideas responsables del aumento de peso y numerosos procesos metab\u00f3licos del cuerpo. Para hacer que el usuario pierda peso, estas hormonas se equilibran para asegurar que el metabolismo est\u00e1 en las mejores condiciones, apoyando as\u00ed la gesti\u00f3n de peso saludable.<\/p>\n\n\n\n<h2 class=\"wp-block-heading\"><strong>\u00bfPara qu\u00e9 se utiliza el comprimido de 112 mcg de Thyronorm?<\/strong><\/h2>\n\n\n\n<p>Este comprimido de Tiroxina S\u00f3dica se utiliza para:<\/p>\n\n\n\n<ul class=\"wp-block-list\">\n<li><strong>Primaria: <\/strong>P\u00e9rdida de peso<\/li>\n\n\n\n<li><strong>Secundaria: <\/strong>Hipotiroidismo<\/li>\n<\/ul>\n\n\n\n<h2 class=\"wp-block-heading\"><strong>Beneficios potenciales de Thyronorm 112mcg<\/strong><\/h2>\n\n\n\n<p>La tiroxina s\u00f3dica tiene beneficios \u00fanicos entre las personas que buscan una p\u00e9rdida de peso saludable. Aqu\u00ed est\u00e1n algunos a mencionar.<\/p>\n\n\n\n<ul class=\"wp-block-list\">\n<li>Restaura el metabolismo<\/li>\n\n\n\n<li>Aumenta los niveles de energ\u00eda<\/li>\n\n\n\n<li>Previene la fatiga<\/li>\n\n\n\n<li>Acerca a los usuarios a sus objetivos de p\u00e9rdida de peso<\/li>\n\n\n\n<li>Favorece un control de peso sostenido<\/li>\n<\/ul>\n\n\n\n<h2 class=\"wp-block-heading\"><strong>\u00bfC\u00f3mo afecta un comprimido de Thyronorm a la p\u00e9rdida de peso?<\/strong><\/h2>\n\n\n\n<p>Siendo una medicina espec\u00edfica de la p\u00e9rdida del peso, esta medicina hace a usuarios perder el peso regulando las hormonas de tiroides T3 y T4 a los niveles normalizados. Estos son los principales sospechosos de causar aumento de peso, disminuci\u00f3n de los niveles de energ\u00eda, la promoci\u00f3n de la fatiga, y ralentizar el metabolismo general de la persona obesa. Por lo tanto, este medicamento trabaja para superar la deficiencia de las hormonas T3 y T4 imit\u00e1ndolas y permitiendo que el metabolismo funcione a su m\u00e1ximo potencial.<\/p>\n\n\n\n<p>Como resultado, el comprimido de 112 mcg de Thyronorm ayuda al usuario a conseguir la p\u00e9rdida de peso deseada y a mantenerla durante m\u00e1s tiempo con un metabolismo reforzado. Tambi\u00e9n mejora los niveles de energ\u00eda para garantizar una rutina activa. Sin embargo, este medicamento funciona mejor cuando se combina con la actividad f\u00edsica regular y una dieta saludable.<\/p>\n\n\n\n<h2 class=\"wp-block-heading\"><strong>Mayorista de confianza de Thyronorm 112 mcg medicina para la p\u00e9rdida de peso<\/strong><\/h2>\n\n\n\n<p>\u00bfQu\u00e9 mejor manera de comprar este medicamento de gran fiabilidad que al mejor mayorista de Thyronorm 112 mcg? Cumpliendo todos sus requisitos, le aseguramos un proceso de pedido sin complicaciones, fabricantes de confianza y una calidad de medicamento insuperable que le hace ganarse un nombre en la industria farmac\u00e9utica.<\/p>\n\n\n\n<p>Se aplica a cualquier persona dispuesta a conectar con nosotros: un mayorista, distribuidor o proveedor sanitario autorizado.<\/p>\n\n\n\n<h2 class=\"wp-block-heading\"><strong>Obtenga un m\u00e9todo de pago r\u00e1pido y seguro<\/strong><\/h2>\n\n\n\n<p>Los m\u00e9todos de pago r\u00e1pidos y seguros son b\u00e1sicos hoy en d\u00eda. Nuestra elecci\u00f3n estrat\u00e9gica de opciones de pago permite procesar los pagos de forma r\u00e1pida y segura, por lo que la espera no existe.<\/p>\n\n\n\n<h2 class=\"wp-block-heading\"><strong>Socios de transporte fiables y precisos<\/strong><\/h2>\n\n\n\n<p>Nuestros socios de transporte y log\u00edstica son tan aut\u00e9nticos como nuestros productos. Nos ayudan a mantener nuestra promesa de \u00abenv\u00edo expr\u00e9s\u00bb manipulando sus paquetes con cuidado y entreg\u00e1ndolos correctamente.<\/p>\n\n\n\n<h2 class=\"wp-block-heading\"><strong>Servicios de atenci\u00f3n al cliente 24*7<\/strong><\/h2>\n\n\n\n<p>P\u00f3ngase en contacto con nosotros en cualquier momento y espere una soluci\u00f3n\/respuesta\/resoluci\u00f3n a sus dudas. Nuestros ejecutivos est\u00e1n disponibles 24*7 para ayudarle en todo lo que desee.<\/p>\n\n\n\n<p>Adem\u00e1s de suplementos para perder peso como Thyronorm 112 mcg comprimidos, tambi\u00e9n tenemos varios suplementos para ganar peso. P\u00f3ngase en contacto con nosotros para obtener m\u00e1s informaci\u00f3n.<\/p>\n\n\n\n<h2 class=\"wp-block-heading\"><strong>Preguntas frecuentes<\/strong><\/h2>\n\n\n\n<h3 class=\"wp-block-heading\"><strong>\u00bfC\u00f3mo alivia Thyronorm 112 mg comprimido los s\u00edntomas del hipotiroidismo?<\/strong><\/h3>\n\n\n\n<p>El hipotiroidismo es un trastorno de la hormona tiroidea en el que la gl\u00e1ndula tiroides no puede producir una cantidad adecuada de hormonas T3 o T4. Este medicamento ayuda a aliviar estos s\u00edntomas imitando la hormona, regulando as\u00ed sus niveles a la normalidad. Se utiliza una vez al d\u00eda, lo que permite al paciente sentirse con energ\u00eda, tener un mejor metabolismo, prevenir la fatiga y experimentar tambi\u00e9n una p\u00e9rdida de peso.<\/p>\n\n\n\n<h3 class=\"wp-block-heading\"><strong>\u00bfCu\u00e1les son los efectos secundarios del medicamento Thyronorm 112?<\/strong><\/h3>\n\n\n\n<p>Com\u00fanmente, los usuarios experimentan efectos secundarios leves o moderados como aumento del apetito, insomnio, nerviosismo y palpitaciones. Estos efectos secundarios son normales hasta tolerables. Requerir\u00e1s ayuda m\u00e9dica si empiezan a causar molestias.<\/p>\n\n\n\n<h3 class=\"wp-block-heading\"><strong>\u00bfEs apto para embarazadas?<\/strong><\/h3>\n\n\n\n<p>S\u00ed, es seguro de usar durante el embarazo y la lactancia. Sin embargo, informe a su ginec\u00f3logo con respecto a esta p\u00edldora de la p\u00e9rdida del peso antes de usarla en medio de tales condiciones m\u00e9dicas.<\/p>\n\n\n\n<h3 class=\"wp-block-heading\"><strong>\u00bfEs seguro el uso prolongado de Thyronorm 112 mcg?<\/strong><\/h3>\n\n\n\n<p>Este medicamento para la p\u00e9rdida de peso es seguro para el uso a largo plazo, pero s\u00f3lo debe continuarse si es aconsejado por un profesional de la salud. Opte por un control regular de la salud a intervalos frecuentes para su seguridad.<\/p>\n\n\n\n<h3 class=\"wp-block-heading\"><strong>\u00bfPuedo tomar otros suplementos adelgazantes con el comprimido de Thyronorm 112mcg?<\/strong><\/h3>\n\n\n\n<p>El medicamento para el hipotiroidismo Thyronorm da los mejores resultados con una dieta nutritiva y ejercicio regular. Si ya est\u00e1 tomando alg\u00fan suplemento para adelgazar o quiere utilizar alguno, consulte antes a su profesional sanitario.<\/p>\n\n\n\n<h3 class=\"wp-block-heading\"><strong>\u00bfSe necesita receta m\u00e9dica para comprar un comprimido de Thyronorm?<\/strong><\/h3>\n\n\n\n<p>Thyronorm 112 es un medicamento sujeto a prescripci\u00f3n m\u00e9dica, por lo que deber\u00e1 seguir un plan completo de p\u00e9rdida de peso antes de empezar a utilizarlo por su cuenta.<\/p>\n\n\n\n<h3 class=\"wp-block-heading\"><strong>\u00bfC\u00f3mo puedo hacer el seguimiento de mi pedido?<\/strong><\/h3>\n\n\n\n<p>Le informamos por correo electr\u00f3nico de todas las novedades, desde la confirmaci\u00f3n del pedido hasta el env\u00edo y mucho m\u00e1s. Comprueba tu correo electr\u00f3nico para ver el enlace de seguimiento del pedido que se enviar\u00e1 tras el env\u00edo.<\/p>\n","protected":false},"excerpt":{"rendered":"\u00bfQu\u00e9 es Thyronorm 112 mcg? Thyronorm 112 mcg es un medicamento para la p\u00e9rdida de peso. Se receta a adultos obesos que desean perder peso de forma saludable y segura. Esta p\u00edldora de p\u00e9rdida de peso s\u00f3lo con receta contiene tiroxina s\u00f3dica como el principal ingrediente activo y se marca como Synthroid. Si usted es [&hellip;]","protected":false},"featured_media":48358,"template":"","meta":{"_glsr_average":0,"_glsr_ranking":0,"_glsr_reviews":0},"product_brand":[],"product_cat":[4083,4081],"product_tag":[],"product_form":[4097],"class_list":{"0":"post-50987","1":"product","2":"type-product","3":"status-publish","4":"has-post-thumbnail","6":"product_cat-medicina-para-el-gestion-del-peso-fabricante-en-india","7":"product_cat-perdida-de-peso-de-drogas-fabricante-en-la-india","8":"product_form-fabricante-de-tabletas-en-india","10":"first","11":"instock","12":"shipping-taxable","13":"purchasable","14":"product-type-variable"},"_links":{"self":[{"href":"https:\/\/www.medsexporter.com\/es\/wp-json\/wp\/v2\/product\/50987","targetHints":{"allow":["GET"]}}],"collection":[{"href":"https:\/\/www.medsexporter.com\/es\/wp-json\/wp\/v2\/product"}],"about":[{"href":"https:\/\/www.medsexporter.com\/es\/wp-json\/wp\/v2\/types\/product"}],"wp:featuredmedia":[{"embeddable":true,"href":"https:\/\/www.medsexporter.com\/es\/wp-json\/wp\/v2\/media\/48358"}],"wp:attachment":[{"href":"https:\/\/www.medsexporter.com\/es\/wp-json\/wp\/v2\/media?parent=50987"}],"wp:term":[{"taxonomy":"product_brand","embeddable":true,"href":"https:\/\/www.medsexporter.com\/es\/wp-json\/wp\/v2\/product_brand?post=50987"},{"taxonomy":"product_cat","embeddable":true,"href":"https:\/\/www.medsexporter.com\/es\/wp-json\/wp\/v2\/product_cat?post=50987"},{"taxonomy":"product_tag","embeddable":true,"href":"https:\/\/www.medsexporter.com\/es\/wp-json\/wp\/v2\/product_tag?post=50987"},{"taxonomy":"product_form","embeddable":true,"href":"https:\/\/www.medsexporter.com\/es\/wp-json\/wp\/v2\/product_form?post=50987"}],"curies":[{"name":"wp","href":"https:\/\/api.w.org\/{rel}","templated":true}]}}