{"id":50964,"date":"2024-04-26T06:55:23","date_gmt":"2024-04-26T06:55:23","guid":{"rendered":"https:\/\/medsexporter.com\/product\/sustarix-250-inyeccion-10-ampolla\/"},"modified":"2024-08-06T10:43:39","modified_gmt":"2024-08-06T10:43:39","slug":"sustarix-250-inyeccion-10-ampolla","status":"publish","type":"product","link":"https:\/\/www.medsexporter.com\/es\/product\/sustarix-250-inyeccion-10-ampolla\/","title":{"rendered":"Sustarix 250 Inyecci\u00f3n 10 Ampolla"},"content":{"rendered":"\n<h2 class=\"wp-block-heading\"><strong>Descripci\u00f3n general de Sustarix 250 Inyecci\u00f3n 10 Ampollas<\/strong><\/h2>\n\n\n\n<p><strong>Sustarix 250 Inyecci\u00f3n 10 Ampolla<\/strong> puede considerarse muy popular en el mundo del culturismo. Cada paquete tiene diez viales de una potente f\u00f3rmula para desarrollar m\u00fasculos. Es, de hecho, pura ciencia. La testosterona es una sustancia concentrada que contiene 250 mg de propionato de testosterona y enantato de testosterona. Es fuerte. Es eficaz. Los antojos van a su clase de culturistas incondicionales, al igual que otras personas con un deseo inquebrantable de tener m\u00fasculos m\u00e1s grandes.<\/p>\n\n\n\n<p>Sin embargo, esto no significa que Sustarix s\u00f3lo sea adecuado para los amantes de los m\u00fasculos. Tambi\u00e9n se aplica en la gesti\u00f3n de la anemia.<\/p>\n\n\n\n<p><strong>Sustarix 250 Inyecci\u00f3n<\/strong> es una buena elecci\u00f3n si desea resultados m\u00e1s r\u00e1pidos. M\u00e1s m\u00fasculo, m\u00e1s fuerza, menos tiempo de inactividad. Nuestra empresa es capaz de suministrar 1 Mill\u00f3n de Ampollas\/Mes.<\/p>\n\n\n\n<h2 class=\"wp-block-heading\"><strong>Informaci\u00f3n de patentes de Sustarix<\/strong><\/h2>\n\n\n\n<p>Sustarix 250 Inyecci\u00f3n es una f\u00f3rmula patentada de Deca-Durabolin. Utiliza dos o m\u00e1s \u00e9steres de testosterona simult\u00e1neamente en una sola inyecci\u00f3n. Este compuesto distintivo libera testosterona gradualmente en el cuerpo durante intervalos prolongados. Las patentes cubren su composici\u00f3n, eliminando cualquier posibilidad de falsificaci\u00f3n y asegurando la producci\u00f3n de productos de alta calidad.<\/p>\n\n\n\n<h2 class=\"wp-block-heading\"><strong>\u00bfC\u00f3mo funciona Sustarix 250?<\/strong><\/h2>\n\n\n\n<h3 class=\"wp-block-heading\">As\u00ed es como funciona Sustarix 250:<\/h3>\n\n\n\n<ul class=\"wp-block-list\">\n<li>La inyecci\u00f3n de Sustarix 250 ejerce una liberaci\u00f3n lenta de la sustancia llamada testosterona.<\/li>\n\n\n\n<li>Mantiene el equilibrio hormonal que est\u00e1 presente en el torrente sangu\u00edneo.<\/li>\n\n\n\n<li>Tiene una mezcla de \u00e9steres.<\/li>\n\n\n\n<li>Proporciona un efecto prolongado.<\/li>\n\n\n\n<li>Reducci\u00f3n de los casos en que se necesitan inyecciones m\u00e1s frecuentes.<\/li>\n<\/ul>\n\n\n\n<h2 class=\"wp-block-heading\"><strong>Beneficios potenciales<\/strong><\/h2>\n\n\n\n<h3 class=\"wp-block-heading\">Estos son los principales beneficios de la inyecci\u00f3n de Sustarix:<\/h3>\n\n\n\n<ul class=\"wp-block-list\">\n<li><strong>Hipertrofia muscular:<\/strong> Sustarix 250 Inyecci\u00f3n 10 Ampolla es eficaz para desarrollar los m\u00fasculos; por lo tanto, ayuda a los culturistas a desarrollar m\u00fasculos impresionantes. \u00a1Aumente su volumen con confianza!<\/li>\n\n\n\n<li><strong>Resistencia mejorada:<\/strong> \u00bfEntrenamientos largos? Sustarix 250 Inyecci\u00f3n 10 Ampolla te permite seguir adelante y superar tus l\u00edmites sin sacrificar tu forma ni tu nivel de energ\u00eda.<\/li>\n\n\n\n<li><strong>Tratamiento de la anemia:<\/strong> Adem\u00e1s del culturismo, Sustarix 250 Inyecci\u00f3n 10 Ampolla se ha utilizado localmente para tratar la anemia. Esta forma tambi\u00e9n es flexible para los proveedores y profesionales de la salud.<\/li>\n<\/ul>\n\n\n\n<h2 class=\"wp-block-heading\"><strong>Exportador y mayorista de Sustarix 250 Inyecci\u00f3n 10 Ampollas<\/strong><\/h2>\n\n\n\n<p>Como uno de los mejores mayoristas de Sustarix 250, nuestra obligaci\u00f3n con la excelencia va m\u00e1s all\u00e1 de la calidad del producto. Suministramos art\u00edculos de primer nivel a hospitales y cl\u00ednicas de manera impecable, lo que garantiza un acceso confiable para los expertos en atenci\u00f3n m\u00e9dica. Adem\u00e1s, como exportador confiable de Sustarix, nuestra red de transporte eficaz atraviesa el mundo y llega a clientes de todo el mundo.<\/p>\n\n\n\n<h2 class=\"wp-block-heading\"><strong>\u00bfQu\u00e9 m\u00e9todos de pago aceptan?<\/strong><\/h2>\n\n\n\n<p>En nuestra empresa aceptamos diferentes formas de pago. Para pedidos grandes, trabajamos con transferencias bancarias. Este m\u00e9todo es seguro y eficaz, lo que significa que todas las transacciones ser\u00e1n lo m\u00e1s sencillas posible.<\/p>\n\n\n\n<h2 class=\"wp-block-heading\"><strong>Entrega r\u00e1pida y segura<\/strong><\/h2>\n\n\n\n<p>Nuestra obligaci\u00f3n de ser r\u00e1pidos y seguros es nuestro orgullo. Cada pedido se envuelve cuidadosamente, asegur\u00e1ndonos de que la entrega se realice a la perfecci\u00f3n. Logramos esto con la ayuda de empresas de mensajer\u00eda excepcionalmente confiables, lo que garantiza un transporte confiable. En lo que respecta a satisfacer sus necesidades de inyecci\u00f3n de Sustarix, puede confiar en nosotros.<\/p>\n\n\n\n<h2 class=\"wp-block-heading\"><strong>\u00bfCu\u00e1l es la condici\u00f3n de almacenamiento recomendada para Sustarix 250 Inyecci\u00f3n 10 Ampollas?<\/strong><\/h2>\n\n\n\n<p>Sustarix 250 Inyecci\u00f3n 10 Ampolla debe conservarse a una temperatura inferior a 30 grados y en excelentes condiciones secas. Debe evitarse la exposici\u00f3n directa a la luz solar. Gracias a un almacenamiento adecuado, se mantiene la eficacia del producto.<\/p>\n\n\n\n<h2 class=\"wp-block-heading\"><strong>Servicio de atenci\u00f3n al cliente 24*7<\/strong><\/h2>\n\n\n\n<p>Nuestro servicio de atenci\u00f3n al cliente est\u00e1 disponible las 24 horas del d\u00eda. Si tiene alguna pregunta sobre Sustarix 250 o alguna duda sobre un pedido, no se preocupe; estamos aqu\u00ed para ayudarle. P\u00f3ngase en contacto con nosotros cuando necesite ayuda.<\/p>\n\n\n\n<h2 class=\"wp-block-heading\"><strong>Preguntas frecuentes<\/strong><\/h2>\n\n\n\n<h3 class=\"wp-block-heading\"><strong>\u00bfC\u00f3mo inyectar Sustarix 250?<\/strong><\/h3>\n\n\n\n<p>Mientras se administra la inyecci\u00f3n de Sustarix 250, siga estos medios:<\/p>\n\n\n\n<ul class=\"wp-block-list\">\n<li><strong>Desinfectar:<\/strong> Prepare el lugar de infusi\u00f3n y l\u00edmpielo.<\/li>\n\n\n\n<li><strong>Elige el m\u00fasculo:<\/strong> Los destinos normales incorporan la nalga, la parte superior de la pierna o el brazo.<\/li>\n\n\n\n<li><strong>Incrustar aguja:<\/strong> En un punto de 90 grados, introduzca la aguja completamente en el m\u00fasculo.<\/li>\n\n\n\n<li><strong>Infundir gradualmente:<\/strong> Pulse el desatascado para empujar el medicamento.<\/li>\n\n\n\n<li><strong>Organ\u00edzalo con seguridad:<\/strong> Deseche adecuadamente la aguja. Consulte siempre a su m\u00e9dico antes de iniciar cualquier terapia.<\/li>\n<\/ul>\n\n\n\n<h3 class=\"wp-block-heading\"><strong>\u00bfEs adecuado para que lo utilicen ni\u00f1os?<\/strong><\/h3>\n\n\n\n<p>La inyecci\u00f3n de Sustarix 250 est\u00e1 contraindicada en ni\u00f1os. No est\u00e1 indicada para su uso en ni\u00f1os. El producto no es apto para ellos en ning\u00fan caso. Est\u00e1 destinado principalmente a adultos.<\/p>\n\n\n\n<h3 class=\"wp-block-heading\"><strong>\u00bfCu\u00e1nto tarda en hacer efecto Sustarix 250 inyectable?<\/strong><\/h3>\n\n\n\n<p>Sustarix 250 Inyecci\u00f3n 10 Ampolla presenta signos precoces a los pocos d\u00edas de su administraci\u00f3n. El resultado puede notarse al cabo de unas semanas si se sigue estrictamente el programa de tratamiento.<\/p>\n\n\n\n<h3 class=\"wp-block-heading\"><strong>\u00bfSe puede utilizar Sustarix 250 Inyecci\u00f3n durante el embarazo o la lactancia?<\/strong><\/h3>\n\n\n\n<p>Las mujeres embarazadas o en per\u00edodo de lactancia no deben tomar Sustarix 250 Inyecciones. Consulte con un m\u00e9dico sobre otras medidas de protecci\u00f3n.<\/p>\n\n\n\n<h3 class=\"wp-block-heading\"><strong>\u00bfC\u00f3mo puedo rastrear mi pedido?<\/strong><\/h3>\n\n\n\n<p>Puede realizar el seguimiento del pedido realizado a trav\u00e9s de nuestro sitio web. Se le proporcionar\u00e1 un n\u00famero de seguimiento una vez que se haya enviado el pedido.<\/p>\n\n\n\n<h2 class=\"wp-block-heading\"><strong>M\u00e1s pastillas alternativas para el culturismo a continuaci\u00f3n:<\/strong><\/h2>\n\n\n\n<p>Masteron Inyecci\u00f3n | Stanorix Inyecci\u00f3n 1 ml | <a href=\"https:\/\/medsexporter.com\/es\/product\/testorix-e\/\">Test\u00f3rix E<\/a><\/p>\n","protected":false},"excerpt":{"rendered":"<p><strong>Sustarix 250 Inyecci\u00f3n 10 Ampolla<\/strong> puede considerarse muy popular en el mundo del culturismo. Cada paquete contiene diez viales de una potente f\u00f3rmula para desarrollar m\u00fasculos.<\/p>","protected":false},"featured_media":48373,"template":"","meta":{"_glsr_average":0,"_glsr_ranking":0,"_glsr_reviews":0},"product_brand":[],"product_cat":[3936],"product_tag":[],"product_form":[4133],"class_list":{"0":"post-50964","1":"product","2":"type-product","3":"status-publish","4":"has-post-thumbnail","6":"product_cat-medicina-de-musculacion-fabricantes-en-india","7":"product_form-inyeccion-fabricante-en-india","9":"first","10":"instock","11":"shipping-taxable","12":"purchasable","13":"product-type-variable"},"_links":{"self":[{"href":"https:\/\/www.medsexporter.com\/es\/wp-json\/wp\/v2\/product\/50964","targetHints":{"allow":["GET"]}}],"collection":[{"href":"https:\/\/www.medsexporter.com\/es\/wp-json\/wp\/v2\/product"}],"about":[{"href":"https:\/\/www.medsexporter.com\/es\/wp-json\/wp\/v2\/types\/product"}],"wp:featuredmedia":[{"embeddable":true,"href":"https:\/\/www.medsexporter.com\/es\/wp-json\/wp\/v2\/media\/48373"}],"wp:attachment":[{"href":"https:\/\/www.medsexporter.com\/es\/wp-json\/wp\/v2\/media?parent=50964"}],"wp:term":[{"taxonomy":"product_brand","embeddable":true,"href":"https:\/\/www.medsexporter.com\/es\/wp-json\/wp\/v2\/product_brand?post=50964"},{"taxonomy":"product_cat","embeddable":true,"href":"https:\/\/www.medsexporter.com\/es\/wp-json\/wp\/v2\/product_cat?post=50964"},{"taxonomy":"product_tag","embeddable":true,"href":"https:\/\/www.medsexporter.com\/es\/wp-json\/wp\/v2\/product_tag?post=50964"},{"taxonomy":"product_form","embeddable":true,"href":"https:\/\/www.medsexporter.com\/es\/wp-json\/wp\/v2\/product_form?post=50964"}],"curies":[{"name":"wp","href":"https:\/\/api.w.org\/{rel}","templated":true}]}}