{"id":50954,"date":"2024-04-25T06:26:21","date_gmt":"2024-04-25T06:26:21","guid":{"rendered":"https:\/\/medsexporter.com\/product\/masteron-beneficios-en-culturismo\/"},"modified":"2024-08-06T06:45:09","modified_gmt":"2024-08-06T06:45:09","slug":"masteron-beneficios-en-culturismo","status":"publish","type":"product","link":"https:\/\/www.medsexporter.com\/es\/product\/masteron-beneficios-en-culturismo\/","title":{"rendered":"Masteron Beneficios en culturismo"},"content":{"rendered":"\n<p><strong>Masteron (propionato de drostanolona)<\/strong> inyectablesse utilizan para el culturismo (masa muscular magra definici\u00f3n). Es una inyecci\u00f3n de esteroides s\u00f3lo con receta que puede ser sugerido para el tratamiento del c\u00e1ncer de mama tambi\u00e9n.<\/p>\n\n\n\n<h2 class=\"wp-block-heading\"><strong>Introducci\u00f3n de Masteron<\/strong><\/h2>\n\n\n\n<p><strong>Masteron<\/strong> es un esteroide anab\u00f3lico con <strong>propionato de drostanolona<\/strong> como principal ingrediente activo. Es un inyectable popular entre los culturistas para lograr un cuerpo muscular definido. Esta droga ayuda a mejorar el rendimiento atl\u00e9tico, el aumento de la fuerza y la resistencia, y el logro de un f\u00edsico esculpido para la preparaci\u00f3n previa a la competencia.<\/p>\n\n\n\n<p><strong>MedsExporter.com<\/strong> es uno de los principales fabricantes y proveedores de este medicamento. Compre Masteron online desde cualquier rinc\u00f3n del mundo y obtenga ampollas de calidad 100% garantizada. Estamos aqu\u00ed para el procesamiento de pedidos personalizados con una capacidad de producci\u00f3n de 1 mill\u00f3n de ampollas \/ mes. Si est\u00e1 interesado, env\u00edenos su consulta. Nuestro equipo de atenci\u00f3n al cliente se pondr\u00e1 en contacto con usted en breve.<\/p>\n\n\n\n<h2 class=\"wp-block-heading\"><strong>Usos de Masteron<\/strong><\/h2>\n\n\n\n<ul class=\"wp-block-list\">\n<li>Culturismo (uso principal)<\/li>\n\n\n\n<li>Tratamiento del c\u00e1ncer de mama (uso secundario o no indicado en la etiqueta)<\/li>\n<\/ul>\n\n\n\n<h2 class=\"wp-block-heading\"><strong>Formas y dosis de Masteron<\/strong><\/h2>\n\n\n\n<p>Esta dosis Masteron es considerado como corto-\u00e9ster que se aplica con m\u00e1s frecuencia (por lo general cada dos d\u00edas). Al ser un esteroide anab\u00f3lico inyectable, es un f\u00e1rmaco de acci\u00f3n m\u00e1s r\u00e1pida y encuentra su uso para los ciclos de corte. La dosis se administra por un profesional de la salud solamente. Por lo general, se aplica en los gl\u00fateos, los muslos o los hombros y el sitio de inyecci\u00f3n se gira para evitar da\u00f1os en los tejidos y el malestar.<\/p>\n\n\n\n<p>Para el culturismo y la mejora del rendimiento atl\u00e9tico, la dosis difiere entre hombres y mujeres. Adem\u00e1s, la dosis var\u00eda en funci\u00f3n de los objetivos de culturismo, la tolerancia, el historial m\u00e9dico, la edad, el sexo, etc. A los hombres se les puede recomendar una dosis de 300 a 500 mg por semana, mientras que la dosis para las mujeres puede ser de 50 a 100 mg por semana.<\/p>\n\n\n\n<p>Masteron inyectable tambi\u00e9n se utiliza para la Terapia Hormonal Sustitutiva y el C\u00e1ncer de Mama, para los que la dosis se utiliza \u00fanicamente bajo supervisi\u00f3n m\u00e9dica. La dosis se basa en las necesidades individuales y las condiciones generales de salud.<\/p>\n\n\n\n<p>El ciclo de tratamiento suele durar entre 8 y 12 semanas.<\/p>\n\n\n\n<p>Nota: <strong>Masteron esteroides<\/strong> no se recomienda para uso a largo plazo debido a la dependencia de drogas, la adicci\u00f3n riesgo de efectos secundarios.<\/p>\n\n\n\n<h2 class=\"wp-block-heading\"><strong>\u00bfC\u00f3mo funciona?<\/strong><\/h2>\n\n\n\n<p>Masteron es un esteroide anab\u00f3lico que funciona imitando las acciones de la testosterona en el cuerpo. Debido al aumento de los niveles de testosterona, el crecimiento muscular se fomenta junto con la dureza, la p\u00e9rdida de grasa aumenta, y los niveles de energ\u00eda pico tambi\u00e9n. Por lo tanto, se convierte en una opci\u00f3n superior entre los atletas y culturistas. Sin embargo, este inyectable debe administrarse \u00fanicamente bajo supervisi\u00f3n m\u00e9dica.<\/p>\n\n\n\n<h2 class=\"wp-block-heading\"><strong>Beneficios de Masteron en el culturismo<\/strong><\/h2>\n\n\n\n<ul class=\"wp-block-list\">\n<li>Aumenta la fuerza y la resistencia<\/li>\n\n\n\n<li>Ayuda a conseguir un f\u00edsico esbelto y esculpido<\/li>\n\n\n\n<li>Gran opci\u00f3n para la preparaci\u00f3n previa a la competici\u00f3n<\/li>\n\n\n\n<li>Mejora la definici\u00f3n y dureza muscular<\/li>\n\n\n\n<li>Optimiza el rendimiento atl\u00e9tico general<\/li>\n<\/ul>\n\n\n\n<h2 class=\"wp-block-heading\"><strong>Advertencias Precauciones<\/strong><\/h2>\n\n\n\n<ul class=\"wp-block-list\">\n<li>Los usuarios con problemas de salud preexistentes como c\u00e1ncer de mama, c\u00e1ncer de pr\u00f3stata, enfermedades renales o hep\u00e1ticas, diabetes y riesgos cardiovasculares deben informar antes al m\u00e9dico.<\/li>\n\n\n\n<li>Las mujeres no deben administrarse este esteroide durante el embarazo o la lactancia.<\/li>\n\n\n\n<li>Los esteroides anabolizantes pueden tener efectos negativos sobre la salud del h\u00edgado. Se recomienda realizar pruebas peri\u00f3dicas para controlar las funciones hep\u00e1ticas durante el tratamiento.<\/li>\n\n\n\n<li>Acuda r\u00e1pidamente al m\u00e9dico si detecta alguna reacci\u00f3n grave durante el tratamiento.<\/li>\n\n\n\n<li>Evite el uso indebido o excesivo de este esteroide, ya que puede tener efectos nocivos para la salud.<\/li>\n<\/ul>\n\n\n\n<h2 class=\"wp-block-heading\"><strong>Conexi\u00f3n con los proveedores de Masteron<\/strong><\/h2>\n\n\n\n<p>En el mundo de los medicamentos falsos para ganar dinero, si\u00e9ntase afortunado de encontrar un proveedor genuino como <strong>MedsExporter.com<\/strong>. Importamos medicamentos de los principales fabricantes y los suministramos directamente a su domicilio. Sin intermediarios que mastiquen los beneficios o alteren la calidad de los medicamentos, s\u00f3lo obtendr\u00e1 medicamentos 100% de primera calidad con un alto rendimiento garantizado.<\/p>\n\n\n\n<h2 class=\"wp-block-heading\"><strong>Servicio de entrega r\u00e1pido y seguro<\/strong><\/h2>\n\n\n\n<p>Entregar sus pedidos a tiempo y en un embalaje seguro es uno de nuestros objetivos. Siendo uno de los principales proveedores y distribuidores de Masteron, extendemos nuestros servicios de env\u00edo expreso en todo el mundo para su comodidad de acceso.<\/p>\n\n\n\n<h2 class=\"wp-block-heading\"><strong>Atenci\u00f3n al cliente 24*7<\/strong><\/h2>\n\n\n\n<p>Junto a experimentar <strong>Masteron Beneficios<\/strong>, \u00bfpor qu\u00e9 no presenciar los beneficios de una compra en l\u00ednea sin problemas con <strong>MedsExporter.com<\/strong>? Nuestro servicio de atenci\u00f3n al cliente est\u00e1 a su alcance 24 * 7 para que pueda llamarnos para cualquier consulta relacionada con los productos en el sitio web o sus preguntas relacionadas con la orden.<\/p>\n\n\n\n<h2 class=\"wp-block-heading\"><strong>Preguntas frecuentes<\/strong><\/h2>\n\n\n\n<h3 class=\"wp-block-heading\"><strong>\u00bfC\u00f3mo reacciona con los m\u00fasculos?<\/strong><\/h3>\n\n\n\n<p>Masteron reacciona con los m\u00fasculos uni\u00e9ndose a sus receptores de andr\u00f3genos para aumentar la s\u00edntesis de prote\u00ednas y mejorar la retenci\u00f3n de nitr\u00f3geno. Esto conduce en \u00faltima instancia al crecimiento muscular y la dureza de los m\u00fasculos.<\/p>\n\n\n\n<h3 class=\"wp-block-heading\"><strong>\u00bfEs seguro para los ni\u00f1os?<\/strong><\/h3>\n\n\n\n<p>No, no es seguro para los ni\u00f1os, ya que sigue existiendo el riesgo de desarrollar efectos secundarios graves y de alterar su crecimiento y desarrollo.<\/p>\n\n\n\n<h3 class=\"wp-block-heading\"><strong>\u00bfCu\u00e1nto tarda en reaccionar Masteron?<\/strong><\/h3>\n\n\n\n<p>La eficacia de este esteroide anab\u00f3lico se espera que comience en unas pocas semanas, pero a menudo se experimenta alrededor de 4 a 6 semanas entre la mayor\u00eda de los usuarios.<\/p>\n\n\n\n<h3 class=\"wp-block-heading\"><strong>\u00bfEs un buen reconstituyente muscular?<\/strong><\/h3>\n\n\n\n<p>S\u00ed, se encuentra entre los mejores y m\u00e1s populares esteroides de construcci\u00f3n muscular, especialmente para aquellos que buscan masa muscular magra, un f\u00edsico definido y una mejor definici\u00f3n muscular a lo largo de los ciclos de corte.<\/p>\n\n\n\n<h3 class=\"wp-block-heading\"><strong>\u00bfCu\u00e1l es el precio al por mayor de Masteron?<\/strong><\/h3>\n\n\n\n<p>Si bien el precio al por mayor Masteron es diferente entre los proveedores, usted puede encontrar los beneficios de fijaci\u00f3n de precios, mientras que la compra de <strong>MedsExporter.com<\/strong>. \u00a1Ca\u00edda de sus investigaciones ahora!<\/p>\n\n\n\n<h3 class=\"wp-block-heading\"><strong>\u00bfCu\u00e1nto tiempo permanece Masteron en el organismo?<\/strong><\/h3>\n\n\n\n<p>Los ingredientes activos de este esteroide anab\u00f3lico se espera que permanezcan activos durante alrededor de 3 a 4 semanas despu\u00e9s de administrar la \u00faltima dosis.<\/p>\n\n\n\n<h3 class=\"wp-block-heading\"><strong>\u00bfAumenta Masteron la testosterona?<\/strong><\/h3>\n\n\n\n<p>No, Masteron no es responsable de aumentar directamente los niveles de testosterona, ya que es un derivado de la DHT (dihidrotestosterona). Por el contrario, puede ser responsable de suprimir la producci\u00f3n natural de testosterona.<\/p>\n\n\n\n<h2 class=\"wp-block-heading\">Otros medicamentos para el culturismo son :<\/h2>\n\n\n\n<p>Decabol 250 inyecci\u00f3n 1ml | provibol | Mesterolona<\/p>\n","protected":false},"excerpt":{"rendered":"Masteron (propionato de drostanolona) inyectablesse utilizan para el culturismo (masa muscular magra definici\u00f3n). Es una inyecci\u00f3n de esteroides s\u00f3lo con receta que puede ser sugerido para el tratamiento del c\u00e1ncer de mama tambi\u00e9n. Introducci\u00f3n de Masteron Masteron es un esteroide anab\u00f3lico con propionato de drostanolona como principal ingrediente activo. Es un inyectable popular entre los [&hellip;]","protected":false},"featured_media":48715,"template":"","meta":{"_glsr_average":0,"_glsr_ranking":0,"_glsr_reviews":0},"product_brand":[],"product_cat":[3936],"product_tag":[],"product_form":[4149],"class_list":{"0":"post-50954","1":"product","2":"type-product","3":"status-publish","4":"has-post-thumbnail","6":"product_cat-medicina-de-musculacion-fabricantes-en-india","7":"product_form-ampolla-fabricantes-en-india","9":"first","10":"instock","11":"shipping-taxable","12":"purchasable","13":"product-type-variable"},"_links":{"self":[{"href":"https:\/\/www.medsexporter.com\/es\/wp-json\/wp\/v2\/product\/50954","targetHints":{"allow":["GET"]}}],"collection":[{"href":"https:\/\/www.medsexporter.com\/es\/wp-json\/wp\/v2\/product"}],"about":[{"href":"https:\/\/www.medsexporter.com\/es\/wp-json\/wp\/v2\/types\/product"}],"wp:featuredmedia":[{"embeddable":true,"href":"https:\/\/www.medsexporter.com\/es\/wp-json\/wp\/v2\/media\/48715"}],"wp:attachment":[{"href":"https:\/\/www.medsexporter.com\/es\/wp-json\/wp\/v2\/media?parent=50954"}],"wp:term":[{"taxonomy":"product_brand","embeddable":true,"href":"https:\/\/www.medsexporter.com\/es\/wp-json\/wp\/v2\/product_brand?post=50954"},{"taxonomy":"product_cat","embeddable":true,"href":"https:\/\/www.medsexporter.com\/es\/wp-json\/wp\/v2\/product_cat?post=50954"},{"taxonomy":"product_tag","embeddable":true,"href":"https:\/\/www.medsexporter.com\/es\/wp-json\/wp\/v2\/product_tag?post=50954"},{"taxonomy":"product_form","embeddable":true,"href":"https:\/\/www.medsexporter.com\/es\/wp-json\/wp\/v2\/product_form?post=50954"}],"curies":[{"name":"wp","href":"https:\/\/api.w.org\/{rel}","templated":true}]}}