{"id":50874,"date":"2024-04-26T06:41:42","date_gmt":"2024-04-26T06:41:42","guid":{"rendered":"https:\/\/medsexporter.com\/product\/winstrol-culturismo\/"},"modified":"2024-08-05T11:00:43","modified_gmt":"2024-08-05T11:00:43","slug":"winstrol-culturismo","status":"publish","type":"product","link":"https:\/\/www.medsexporter.com\/es\/product\/winstrol-culturismo\/","title":{"rendered":"Winstrol Culturismo"},"content":{"rendered":"\n<h2 class=\"wp-block-heading\"><strong>Acerca de Winstrol Culturismo<\/strong><\/h2>\n\n\n\n<p>Las pastillas de culturismo Winstrol no necesitan presentaci\u00f3n para aquellos que conocen su importancia. Este esteroide para mejorar el rendimiento atl\u00e9tico es tambi\u00e9n un tratamiento \u00fanico para el hipogonadismo masculino. Aprenda m\u00e1s acerca de sus usos, beneficios, trabajo, y m\u00e1s con nosotros.<\/p>\n\n\n\n<p>Mientras tanto, usted puede dejar caer las investigaciones con respecto a estas tabletas de esteroides anab\u00f3licos para la compra a granel. Si usted es un mayorista, proveedor, distribuidor o proveedor de atenci\u00f3n m\u00e9dica, no te pierdas la oportunidad.<\/p>\n\n\n\n<h2 class=\"wp-block-heading\"><strong>\u00bfEn qu\u00e9 consiste Winstrol Culturismo?<\/strong><\/h2>\n\n\n\n<p>La tableta Winstrol es sin\u00f3nimo de culturismo y mejora del rendimiento atl\u00e9tico. Es un esteroide anab\u00f3lico tableta oral con estanozolol como el principal ingrediente activo. Adem\u00e1s de centrarse en el crecimiento muscular, mejoras en la fuerza f\u00edsica definida, este f\u00e1rmaco trata el hipogonadismo masculino tambi\u00e9n. La caracter\u00edstica clave de este medicamento es promover el crecimiento muscular y la fuerza sin retener el exceso de agua.<\/p>\n\n\n\n<h2 class=\"wp-block-heading\"><strong>\u00bfPara qu\u00e9 sirve el Winstrol?<\/strong><\/h2>\n\n\n\n<h3 class=\"wp-block-heading\"><strong>Uso principal: Culturismo<\/strong><\/h3>\n\n\n\n<p>Esta tableta oral es una excelente opci\u00f3n entre los culturistas y los frikis del fitness como los atletas para aumentar la masa muscular, la fuerza y el rendimiento general. Se prefiere principalmente para los ciclos de corte y ayuda a los atletas a lograr un f\u00edsico m\u00e1s delgado y tonificado.<\/p>\n\n\n\n<h3 class=\"wp-block-heading\"><strong>Otros Usos: Hipogonadismo masculino<\/strong><\/h3>\n\n\n\n<p>El uso secundario de este f\u00e1rmaco es para el tratamiento del hipogonadismo masculino. Ayuda a aumentar los niveles de testosterona, mejorando as\u00ed la libido y la prevenci\u00f3n de la p\u00e9rdida de los m\u00fasculos.<\/p>\n\n\n\n<h2 class=\"wp-block-heading\"><strong>Informaci\u00f3n sobre la patente de Winstrol<\/strong><\/h2>\n\n\n\n<p><strong>Winstrol culturismo<\/strong> est\u00e1 patentado para regular la calidad estandarizada y la eficacia de su componente principal, el estanzolol. Para asegurar resultados \u00f3ptimos con este f\u00e1rmaco, aseg\u00farese de que se adquiere de los mejores fabricantes y proveedores solamente.<\/p>\n\n\n\n<h2 class=\"wp-block-heading\"><strong>\u00bfC\u00f3mo funciona el esteroide Winstrol?<\/strong><\/h2>\n\n\n\n<p>Este esteroide anab\u00f3lico apoya los objetivos de culturismo mediante la estimulaci\u00f3n de la s\u00edntesis de prote\u00ednas y la mejora de la retenci\u00f3n de nitr\u00f3geno en los m\u00fasculos. Estos son los requisitos b\u00e1sicos para mejorar el crecimiento muscular y la fuerza, as\u00ed como elevar el rendimiento general. Winstrol tambi\u00e9n ayuda en la p\u00e9rdida de grasa para los culturistas y entusiastas del fitness para lograr un f\u00edsico tonificado y bien definido.<\/p>\n\n\n\n<h2 class=\"wp-block-heading\"><strong>Beneficios potenciales<\/strong><\/h2>\n\n\n\n<ul class=\"wp-block-list\">\n<li>Favorece el crecimiento de la masa muscular magra entre culturistas y atletas<\/li>\n\n\n\n<li>Mejora notable de la fuerza y la resistencia<\/li>\n\n\n\n<li>Elecci\u00f3n ideal entre los deportistas para mejorar su rendimiento<\/li>\n\n\n\n<li>Ayuda a los usuarios a perder grasa sin perder masa muscular<\/li>\n\n\n\n<li>Aumenta los niveles de testosterona<\/li>\n\n\n\n<li>Aumenta la libido masculina<\/li>\n<\/ul>\n\n\n\n<h2 class=\"wp-block-heading\"><strong>Conexi\u00f3n con el proveedor de Winstrol<\/strong><\/h2>\n\n\n\n<p>Los culturistas deben utilizar Winstrol de alta calidad solamente y usted puede asegurar la autenticidad mediante la conexi\u00f3n a proveedores de confianza como <strong>MedsExporter.com<\/strong>. Hacemos que sea f\u00e1cil para nuestros compradores para hacer uso de esta droga con el 100% de calidad genuina y precios asequibles. Esta pol\u00edtica nos hizo un favorito entre numerosos mayoristas, proveedores, distribuidores y proveedores de atenci\u00f3n m\u00e9dica en todo el mundo.<\/p>\n\n\n\n<h2 class=\"wp-block-heading\"><strong>Forma de pago f\u00e1cil y segura<\/strong><\/h2>\n\n\n\n<p>Los m\u00e9todos de pago seguros y sencillos para Winstrol culturismo hacen que sea c\u00f3modo para los usuarios comprar y almacenar. Como los pedidos se adaptan a las necesidades del cliente, la demanda y el suministro pueden gestionarse sin problemas. Se evitan las roturas de stock, garantizando as\u00ed un proceso de transacci\u00f3n s\u00faper c\u00f3modo.<\/p>\n\n\n\n<h2 class=\"wp-block-heading\"><strong>Advertencias Precauciones<\/strong><\/h2>\n\n\n\n<ul class=\"wp-block-list\">\n<li>Recomendamos encarecidamente comenzar el ciclo de Winstrol s\u00f3lo con receta m\u00e9dica.<\/li>\n\n\n\n<li>Esta tableta de esteroides no se recomienda entre las mujeres embarazadas y lactantes. Podr\u00eda ser restringido por completo para las mujeres debido a la virilizaci\u00f3n y otros riesgos para la salud perjudiciales.<\/li>\n\n\n\n<li>Winstrol debe utilizarse \u00fanicamente seg\u00fan las pautas de dosificaci\u00f3n recomendadas. Si se utiliza mal o en exceso, crea reacciones potencialmente adversas para la salud.<\/li>\n\n\n\n<li>Informe al m\u00e9dico si aparece alguna reacci\u00f3n al\u00e9rgica grave durante el periodo de tratamiento.<\/li>\n\n\n\n<li>No opte por un uso prolongado de este medicamento (m\u00e1s de 8 \u00f3 12 semanas) del recomendado por el m\u00e9dico.<\/li>\n<\/ul>\n\n\n\n<h2 class=\"wp-block-heading\"><strong>Atenci\u00f3n al cliente 24*7<\/strong><\/h2>\n\n\n\n<p>Cuente con nuestro servicio de atenci\u00f3n al cliente las 24 horas del d\u00eda. Incluso si solo desea realizar una consulta, responderemos a sus preguntas las 24 horas del d\u00eda, los 7 d\u00edas de la semana.<\/p>\n\n\n\n<h2 class=\"wp-block-heading\"><strong>Preguntas frecuentes<\/strong><\/h2>\n\n\n\n<h3 class=\"wp-block-heading\"><strong>\u00bfPueden las mujeres utilizar los suplementos de culturismo Winstrol durante el embarazo?<\/strong><\/h3>\n\n\n\n<p>No, no se recomienda entre las mujeres embarazadas debido a los riesgos potenciales para el feto que se desarrolla en el \u00fatero.<\/p>\n\n\n\n<h3 class=\"wp-block-heading\"><strong>\u00bfEs seguro para un uso prolongado?<\/strong><\/h3>\n\n\n\n<p>Por lo general, esta tableta de esteroides anab\u00f3licos se utiliza durante un per\u00edodo espec\u00edfico. Si se pretende un uso prolongado, se debe utilizar para el per\u00edodo de tratamiento guiado por el profesional de la salud solamente.<\/p>\n\n\n\n<h3 class=\"wp-block-heading\"><strong>\u00bfCu\u00e1nto dura?<\/strong><\/h3>\n\n\n\n<p>Normalmente, la eficacia de este f\u00e1rmaco dura entre 4 y 6 semanas, siempre que se utilice de forma constante durante este periodo.<\/p>\n\n\n\n<h3 class=\"wp-block-heading\"><strong>\u00bfCu\u00e1les son los efectos de las pastillas de Winstrol en los m\u00fasculos?<\/strong><\/h3>\n\n\n\n<p>Los culturistas y los atletas suelen ser testigos del crecimiento de la masa muscular magra, la mejora de la fuerza y la resistencia.<\/p>\n\n\n\n<h3 class=\"wp-block-heading\"><strong>\u00bfPuedo tomarlo con otros suplementos?<\/strong><\/h3>\n\n\n\n<p>Puede o no ser adecuado para su uso con otros suplementos. D\u00edgale a su m\u00e9dico si usted ya est\u00e1 usando cualquier suplemento de culturismo y la planificaci\u00f3n para emparejar este esteroide anab\u00f3lico con el mismo. Busque orientaci\u00f3n m\u00e9dica antes de experimentar por su cuenta.<\/p>\n\n\n\n<h3 class=\"wp-block-heading\"><strong>\u00bfQu\u00e9 se debe evitar al tomar pastillas de Winstrol?<\/strong><\/h3>\n\n\n\n<p>Las bebidas alcoh\u00f3licas, la cafe\u00edna y las sustancias hepatot\u00f3xicas son s\u00f3lo algunas de las muchas posibles interacciones de los comprimidos de Winstrol. \u00c9stas deben evitarse durante el per\u00edodo de tratamiento. Obtenga m\u00e1s informaci\u00f3n sobre sus interacciones con el profesional sanitario.<\/p>\n\n\n\n<h2 class=\"wp-block-heading\">Otros medicamentos para el culturismo son :<\/h2>\n\n\n\n<p>Anavar Culturismo | Androl Comprimidos | Inyecci\u00f3n de Boldabol<\/p>\n","protected":false},"excerpt":{"rendered":"<p><strong>Winstrol culturismo<\/strong> es una tableta oral utilizado para el culturismo, mejorar el rendimiento atl\u00e9tico tratamiento del hipogonadismo masculino. Comprar Winstrol tabletas al por mayor en l\u00ednea de los mejores proveedores con calidad garantizada.<\/p>","protected":false},"featured_media":48722,"template":"","meta":{"_glsr_average":0,"_glsr_ranking":0,"_glsr_reviews":0},"product_brand":[],"product_cat":[3936],"product_tag":[],"product_form":[4097],"class_list":{"0":"post-50874","1":"product","2":"type-product","3":"status-publish","4":"has-post-thumbnail","6":"product_cat-medicina-de-musculacion-fabricantes-en-india","7":"product_form-fabricante-de-tabletas-en-india","9":"first","10":"instock","11":"shipping-taxable","12":"purchasable","13":"product-type-variable"},"_links":{"self":[{"href":"https:\/\/www.medsexporter.com\/es\/wp-json\/wp\/v2\/product\/50874","targetHints":{"allow":["GET"]}}],"collection":[{"href":"https:\/\/www.medsexporter.com\/es\/wp-json\/wp\/v2\/product"}],"about":[{"href":"https:\/\/www.medsexporter.com\/es\/wp-json\/wp\/v2\/types\/product"}],"wp:featuredmedia":[{"embeddable":true,"href":"https:\/\/www.medsexporter.com\/es\/wp-json\/wp\/v2\/media\/48722"}],"wp:attachment":[{"href":"https:\/\/www.medsexporter.com\/es\/wp-json\/wp\/v2\/media?parent=50874"}],"wp:term":[{"taxonomy":"product_brand","embeddable":true,"href":"https:\/\/www.medsexporter.com\/es\/wp-json\/wp\/v2\/product_brand?post=50874"},{"taxonomy":"product_cat","embeddable":true,"href":"https:\/\/www.medsexporter.com\/es\/wp-json\/wp\/v2\/product_cat?post=50874"},{"taxonomy":"product_tag","embeddable":true,"href":"https:\/\/www.medsexporter.com\/es\/wp-json\/wp\/v2\/product_tag?post=50874"},{"taxonomy":"product_form","embeddable":true,"href":"https:\/\/www.medsexporter.com\/es\/wp-json\/wp\/v2\/product_form?post=50874"}],"curies":[{"name":"wp","href":"https:\/\/api.w.org\/{rel}","templated":true}]}}