{"id":50863,"date":"2024-04-26T06:34:20","date_gmt":"2024-04-26T06:34:20","guid":{"rendered":"https:\/\/medsexporter.com\/product\/turinabol-culturismo\/"},"modified":"2024-08-05T09:29:59","modified_gmt":"2024-08-05T09:29:59","slug":"turinabol-culturismo","status":"publish","type":"product","link":"https:\/\/www.medsexporter.com\/es\/product\/turinabol-culturismo\/","title":{"rendered":"Turinabol Culturismo"},"content":{"rendered":"\n<h2 class=\"wp-block-heading\"><strong>Introducci\u00f3n a Turinabol comprimidos de esteroides para culturismo<\/strong><\/h2>\n\n\n\n<p>Tabletas de esteroides culturismo como Turinabol son muy de la demanda en estos d\u00edas. Gracias a la eficacia \u00f3ptima y la rentabilidad que ofrece. Si usted est\u00e1 en el culturismo, atleta o entusiasta de la aptitud, este medicamento puede ayudarle a tallar el f\u00edsico estructurado. Adem\u00e1s, es una gran oportunidad para los mayoristas, distribuidores y proveedores de atenci\u00f3n m\u00e9dica para conectarse con nosotros, ordenar cantidades a granel, y obtener beneficios saludables. Vea la informaci\u00f3n completa del producto aqu\u00ed.<\/p>\n\n\n\n<h2 class=\"wp-block-heading\"><strong>\u00bfQu\u00e9 es el Turinabol?<\/strong><\/h2>\n\n\n\n<p>Turinabol es un esteroide anab\u00f3lico en forma de comprimidos con 4-chlorodehydromethyltestosterone el ingrediente principal.<\/p>\n\n\n\n<p>Se prescribe entre culturistas y entusiastas del fitness (como los atletas) para potenciar el rendimiento f\u00edsico general. Esta tableta oral ofrece una soluci\u00f3n fiable y de bolsillo para la construcci\u00f3n de los m\u00fasculos, la mejora de la fuerza, y la promoci\u00f3n de la resistencia. Este comprimido es muy demandado entre los culturistas por su eficacia demostrada en el crecimiento y desarrollo muscular junto con la p\u00e9rdida de grasa.<\/p>\n\n\n\n<p>La duraci\u00f3n ideal del tratamiento difiere entre los culturistas en funci\u00f3n de sus objetivos de fitness, la tolerancia y la experiencia con los esteroides. Por lo tanto, no se aconseja utilizar este medicamento sin orientaci\u00f3n m\u00e9dica.<\/p>\n\n\n\n<p>\u00bfListo para comprar Turinabol online ahora mismo?<\/p>\n\n\n\n<h2 class=\"wp-block-heading\"><strong>\u00bfCu\u00e1les son los usos potenciales?<\/strong><\/h2>\n\n\n\n<h3 class=\"wp-block-heading\"><strong>Culturismo:<\/strong><\/h3>\n\n\n\n<p>Sin duda, culturismo es un t\u00e9rmino m\u00e1s amplio, esta droga se centra en la mejora de la masa muscular y la fuerza. Tambi\u00e9n se prescribe entre los fan\u00e1ticos de la aptitud que buscan mejoras en el rendimiento atl\u00e9tico, la recuperaci\u00f3n r\u00e1pida, y el tratamiento infalible para el desgaste muscular.<\/p>\n\n\n\n<h2 class=\"wp-block-heading\"><strong>Informaci\u00f3n sobre la patente de Turinabol<\/strong><\/h2>\n\n\n\n<p>Este medicamento tambi\u00e9n es conocido por su ingrediente activo (4-chlorodehydromethyltestosterone) y est\u00e1 patentado para garantizar la seguridad y eficacia. La compra de medicamentos de patente es importante para los culturistas debido a la fiabilidad, seguridad y potencia de la medicaci\u00f3n. Con esto dicho, <strong>MedsExporter.com<\/strong> s\u00f3lo tiene la mejor calidad y medicamentos patentados a bordo.<\/p>\n\n\n\n<h2 class=\"wp-block-heading\"><strong>\u00bfC\u00f3mo funciona?<\/strong><\/h2>\n\n\n\n<p>Como se mencion\u00f3, es un esteroide anab\u00f3lico que se une con los receptores de andr\u00f3genos en el cuerpo. Esto promueve la s\u00edntesis de prote\u00ednas en el cuerpo y mejora la retenci\u00f3n de nitr\u00f3geno para el crecimiento muscular, fuerza, y la duraci\u00f3n de recuperaci\u00f3n r\u00e1pida.<\/p>\n\n\n\n<h2 class=\"wp-block-heading\"><strong>Beneficios de Turinabol<\/strong><\/h2>\n\n\n\n<ul class=\"wp-block-list\">\n<li>Favorece el aumento de masa muscular magra<\/li>\n\n\n\n<li>Aumenta la fuerza y la resistencia para mejorar el rendimiento f\u00edsico<\/li>\n\n\n\n<li>Mejora la retenci\u00f3n de nitr\u00f3geno de los m\u00fasculos<\/li>\n\n\n\n<li>Previene el desgaste muscular<\/li>\n\n\n\n<li>Aumenta la energ\u00eda<\/li>\n\n\n\n<li>Provoca la p\u00e9rdida de grasa sin retenci\u00f3n de l\u00edquidos<\/li>\n<\/ul>\n\n\n\n<h2 class=\"wp-block-heading\"><strong>Coste de Turinabol personalizado y basado en la ciencia de datos<\/strong><\/h2>\n\n\n\n<p>Si hoy en d\u00eda todo est\u00e1 personalizado, \u00bfpor qu\u00e9 no tambi\u00e9n su experiencia de compra? Empleamos la ciencia de datos para optimizar los precios de Turinabol seg\u00fan sus requisitos de pedido, garantizando as\u00ed precios competitivos y rentabilidad. Nuestro modelo de precios, basado en la facilidad de uso y las tendencias del mercado, le ayuda a obtener el mejor presupuesto.<\/p>\n\n\n\n<h2 class=\"wp-block-heading\"><strong>Una plataforma fiable y segura para comprar Turinabol Tablets<\/strong><\/h2>\n\n\n\n<p><strong>MedsExporter.com<\/strong> lleva m\u00e1s de una d\u00e9cada en el negocio farmac\u00e9utico. Nuestra plataforma fiable y segura hace que sea una experiencia de compra factible para todos.<\/p>\n\n\n\n<p>Lo creas o no, una vez que pidas Turinabol en l\u00ednea con nosotros, \u00a1volver\u00e1s una y otra vez para tus pr\u00f3ximas compras!<\/p>\n\n\n\n<h2 class=\"wp-block-heading\"><strong>Servicio de pago seguro<\/strong><\/h2>\n\n\n\n<p>Dado que llevamos a\u00f1os comerciando con productos farmac\u00e9uticos, recibimos pedidos de cualquier parte del mundo. Teniendo en cuenta las distintas preferencias de pago, facilitamos varias opciones seguras. Seleccione el modo de pago que le resulte m\u00e1s c\u00f3modo, con la garant\u00eda de seguridad en el pago.<\/p>\n\n\n\n<h2 class=\"wp-block-heading\"><strong>Entrega r\u00e1pida y segura<\/strong><\/h2>\n\n\n\n<p>Nuestros socios log\u00edsticos entregan su pedido a tiempo y con responsabilidad, sabiendo que est\u00e1n trasladando medicamentos. Deben hacer que los medicamentos lleguen puntualmente y en excelentes condiciones.<\/p>\n\n\n\n<h2 class=\"wp-block-heading\"><strong>Atenci\u00f3n al cliente 24*7<\/strong><\/h2>\n\n\n\n<p>Comparte tus dudas, preocupaciones o preguntas sobre este esteroide de culturismo con nuestro servicio de atenci\u00f3n al cliente activo 24*7. Nos aseguramos de una experiencia sin problemas, ya sea navegando por nuestros productos, ordenarlos, seguimiento de pedidos, o la asistencia despu\u00e9s de la entrega.<\/p>\n\n\n\n<h2 class=\"wp-block-heading\"><strong>Preguntas frecuentes<\/strong><\/h2>\n\n\n\n<h3 class=\"wp-block-heading\"><strong>\u00bfC\u00f3mo utilizarlo?<\/strong><\/h3>\n\n\n\n<p><strong>Turinabol tableta de esteroides<\/strong> se toma como por orientaci\u00f3n m\u00e9dica solamente. Su dosis var\u00eda entre los culturistas seg\u00fan sus necesidades y preferencias. Tome su dosis seg\u00fan lo aconsejado y aseg\u00farese de que no se sobredosis.<\/p>\n\n\n\n<h3 class=\"wp-block-heading\"><strong>\u00bfCu\u00e1l es la dosis recomendada de Turinabol para el culturismo?<\/strong><\/h3>\n\n\n\n<p><strong>La dosis de Turinabol<\/strong> var\u00eda seg\u00fan los objetivos del culturismo y la experiencia con los esteroides. Por lo general, la dosis es de 20 a 50 mg por d\u00eda. Busque orientaci\u00f3n m\u00e9dica para determinar su dosis ideal y el uso de este medicamento de forma segura.<\/p>\n\n\n\n<h3 class=\"wp-block-heading\"><strong>\u00bfEs Turinabol adictivo?<\/strong><\/h3>\n\n\n\n<p>Esta pastilla de esteroides no se considera adictiva, pero debe administrarse seg\u00fan las pautas prescritas. Evite el uso indebido o excesivo para evitar efectos abusivos.<\/p>\n\n\n\n<h3 class=\"wp-block-heading\"><strong>\u00bfPueden utilizarlo las mujeres con seguridad?<\/strong><\/h3>\n\n\n\n<p>Las mujeres se prescriben selectivamente Turinabol tabletas como esteroides imponen virilizaci\u00f3n riesgos entre ellos. Especialmente, tales esteroides culturismo est\u00e1n restringidos entre las mujeres embarazadas y lactantes.<\/p>\n\n\n\n<h3 class=\"wp-block-heading\"><strong>\u00bfPuede mejorar el rendimiento deportivo?<\/strong><\/h3>\n\n\n\n<p>S\u00ed, las p\u00edldoras Turinabol son conocidas por mejorar el rendimiento atl\u00e9tico mediante el aumento de la masa muscular, la mejora de la fuerza y la mejora de la resistencia. Por lo tanto, permite a los atletas a dar lo mejor durante las sesiones de entrenamiento o eventos deportivos importantes.<\/p>\n\n\n\n<h3 class=\"wp-block-heading\"><strong>\u00bfPuedo tomar turinabol y Anavar juntos?<\/strong><\/h3>\n\n\n\n<p>Usted puede combinar la tableta Turinabol con Anavar s\u00f3lo si es aconsejado por el profesional de la salud. Es esencial para gestionar las dosis junto con el control regular de la salud para evitar efectos adversos para la salud.<\/p>\n","protected":false},"excerpt":{"rendered":"<p><strong>Comprar Turinabol online<\/strong>, una pastilla de esteroides para culturismo de alto potencial. Tenemos ofertas incre\u00edbles para mayoristas, distribuidores y proveedores sanitarios. Env\u00edanos tus preguntas o solicita un presupuesto personalizado ahora mismo.<\/p>","protected":false},"featured_media":48719,"template":"","meta":{"_glsr_average":0,"_glsr_ranking":0,"_glsr_reviews":0},"product_brand":[],"product_cat":[3936],"product_tag":[],"product_form":[4097],"class_list":{"0":"post-50863","1":"product","2":"type-product","3":"status-publish","4":"has-post-thumbnail","6":"product_cat-medicina-de-musculacion-fabricantes-en-india","7":"product_form-fabricante-de-tabletas-en-india","9":"first","10":"instock","11":"shipping-taxable","12":"purchasable","13":"product-type-variable"},"_links":{"self":[{"href":"https:\/\/www.medsexporter.com\/es\/wp-json\/wp\/v2\/product\/50863","targetHints":{"allow":["GET"]}}],"collection":[{"href":"https:\/\/www.medsexporter.com\/es\/wp-json\/wp\/v2\/product"}],"about":[{"href":"https:\/\/www.medsexporter.com\/es\/wp-json\/wp\/v2\/types\/product"}],"wp:featuredmedia":[{"embeddable":true,"href":"https:\/\/www.medsexporter.com\/es\/wp-json\/wp\/v2\/media\/48719"}],"wp:attachment":[{"href":"https:\/\/www.medsexporter.com\/es\/wp-json\/wp\/v2\/media?parent=50863"}],"wp:term":[{"taxonomy":"product_brand","embeddable":true,"href":"https:\/\/www.medsexporter.com\/es\/wp-json\/wp\/v2\/product_brand?post=50863"},{"taxonomy":"product_cat","embeddable":true,"href":"https:\/\/www.medsexporter.com\/es\/wp-json\/wp\/v2\/product_cat?post=50863"},{"taxonomy":"product_tag","embeddable":true,"href":"https:\/\/www.medsexporter.com\/es\/wp-json\/wp\/v2\/product_tag?post=50863"},{"taxonomy":"product_form","embeddable":true,"href":"https:\/\/www.medsexporter.com\/es\/wp-json\/wp\/v2\/product_form?post=50863"}],"curies":[{"name":"wp","href":"https:\/\/api.w.org\/{rel}","templated":true}]}}