{"id":50852,"date":"2024-04-26T06:29:41","date_gmt":"2024-04-26T06:29:41","guid":{"rendered":"https:\/\/medsexporter.com\/product\/trenbolon-culturismo\/"},"modified":"2024-08-05T08:29:56","modified_gmt":"2024-08-05T08:29:56","slug":"trenbolon-culturismo","status":"publish","type":"product","link":"https:\/\/www.medsexporter.com\/es\/product\/trenbolon-culturismo\/","title":{"rendered":"Trenbolon Culturismo"},"content":{"rendered":"\n<h2 class=\"wp-block-heading\"><strong>Trenbolon Esteroide Culturismo Comprar Online<\/strong><\/h2>\n\n\n\n<p><strong>Trenbolon (Trenbolone Enanthate)<\/strong> es un esteroide inyectable para culturismo con una dosis de 200mg\/ml. Popular entre los atletas y culturistas, este esteroide inyectable ofrece mejoras deseadas en el rendimiento f\u00edsico en un corto per\u00edodo. Sin embargo, es esencial para comprar medicamentos de alta calidad para una eficacia \u00f3ptima.<\/p>\n\n\n\n<h2 class=\"wp-block-heading\"><strong>Introducci\u00f3n de Trenbolon Culturismo<\/strong><\/h2>\n\n\n\n<p><strong>Trenbolon inyecci\u00f3n<\/strong> de esteroides culturismo es ampliamente utilizado entre los culturistas y atletas para mejorar el crecimiento muscular, resistencia a la fuerza. Su intenci\u00f3n es mejorar el rendimiento f\u00edsico general entre los culturistas. Trenbolon ciclo var\u00eda en funci\u00f3n de los objetivos de culturismo, las preferencias individuales, y otros esteroides en uso.<\/p>\n\n\n\n<p>Este f\u00e1rmaco se utiliza mejor entre los culturistas con un enfoque en el corte y los ciclos de aumento de volumen, junto con la p\u00e9rdida de grasa, preservando la masa muscular magra.<\/p>\n\n\n\n<h2 class=\"wp-block-heading\"><strong>Informaci\u00f3n sobre la patente de Trenbolon<\/strong><\/h2>\n\n\n\n<p>No se olvide de comprobar la informaci\u00f3n de la patente relativa a este producto farmac\u00e9utico antes de hacer su compra. Por la presente, <strong>MedsExporter.com<\/strong> s\u00f3lo vende esteroides patentados culturismo, incluyendo Trenbolon, para la m\u00e1s alta calidad y eficacia. La entrega de productos fiables y de rendimiento \u00f3ptimo es lo que hacemos para ayudar a los culturistas y atletas a alcanzar sus objetivos.<\/p>\n\n\n\n<h2 class=\"wp-block-heading\"><strong>Usos de Trenbolon<\/strong><\/h2>\n\n\n\n<p><strong>Culturismo <\/strong>&#8211; El crecimiento muscular, fuerza, resistencia, resistencia, etc son algunas de las mejoras prometedoras despu\u00e9s de usar esta inyecci\u00f3n de esteroides de acuerdo a la prescripci\u00f3n.<\/p>\n\n\n\n<h2 class=\"wp-block-heading\"><strong>\u00bfC\u00f3mo funciona?<\/strong><\/h2>\n\n\n\n<p>Trenbolon contiene Trenbolone Enanthate como ingrediente principal. Es un esteroide anab\u00f3lico de alta potencia ampliamente utilizado entre los culturistas para promover el crecimiento muscular significativo, la fuerza y la resistencia. Trenbolone Enanthate ayuda en el logro de tales objetivos de culturismo mediante el aumento de la retenci\u00f3n de nitr\u00f3geno de los m\u00fasculos y la producci\u00f3n de RBC del cuerpo. Al estimular la s\u00edntesis de prote\u00ednas de los m\u00fasculos para causar el crecimiento muscular y el desarrollo, promete resultados efectivos en un corto per\u00edodo de tiempo. La entrega de ox\u00edgeno a los m\u00fasculos mejora tambi\u00e9n, mejorando as\u00ed la resistencia.<\/p>\n\n\n\n<h2 class=\"wp-block-heading\"><strong>Beneficios potenciales de Trenbolon<\/strong><\/h2>\n\n\n\n<ul class=\"wp-block-list\">\n<li>Crecimiento visible de los m\u00fasculos<\/li>\n\n\n\n<li>Ayuda a los culturistas a conseguir un f\u00edsico tonificado<\/li>\n\n\n\n<li>M\u00e1s fuerza f\u00edsica que antes<\/li>\n\n\n\n<li>Mejora el vigor y la resistencia<\/li>\n\n\n\n<li>Se reduce la grasa corporal sin perder masa muscular<\/li>\n\n\n\n<li>Conserva la energ\u00eda para sesiones de entrenamiento intensas<\/li>\n\n\n\n<li>Acelera la recuperaci\u00f3n tras un entrenamiento HIIT<\/li>\n<\/ul>\n\n\n\n<h2 class=\"wp-block-heading\"><strong>Plataforma segura para comprar<\/strong><\/h2>\n\n\n\n<p>Mientras que los usuarios se sienten c\u00f3modos comprando en l\u00ednea, el pedido a granel de productos farmac\u00e9uticos como Trenbolon esteroides no es nada nuevo. Sin embargo, la mayor\u00eda de los compradores se sienten inseguros si sus interacciones y transacciones ser\u00e1n rastreadas y preocupados por el robo de privacidad. No hay tal miedo sigue siendo a medida que avanza con nosotros.<\/p>\n\n\n\n<p><strong>MedsExporter.com<\/strong> est\u00e1 protegido por un certificado SSL que garantiza una seguridad \u00f3ptima de los datos. La informaci\u00f3n del pedido es s\u00f3lo entre nosotros. Al realizar transacciones con nosotros, los datos de su tarjeta est\u00e1n seguros porque no guardamos ninguna informaci\u00f3n de pago en nuestro extremo. Esto se suma a la confianza y fiabilidad de nuestra plataforma.<\/p>\n\n\n\n<h2 class=\"wp-block-heading\"><strong>M\u00e9todo de pago que ahorra tiempo<\/strong><\/h2>\n\n\n\n<p>Realizar el pago de sus pedidos en <strong>MedsExporter.com<\/strong> es cuesti\u00f3n de pocos minutos. Sin temor a la seguridad de la transacci\u00f3n, usted puede hacer el pago con el modo que prefiera (tarjeta de d\u00e9bito, banca por Internet, tarjeta maestra y transferencia bancaria, etc.) Desde que recibimos pedidos de todo el mundo, tenemos numerosas opciones de pago manteniendo la comodidad del usuario en el n\u00facleo.<\/p>\n\n\n\n<p>Es muy r\u00e1pido y s\u00f3lo le llevar\u00e1 unos instantes.<\/p>\n\n\n\n<h2 class=\"wp-block-heading\"><strong>Env\u00edo r\u00e1pido y preciso<\/strong><\/h2>\n\n\n\n<p>Al pensar en Trenbolon comprar en l\u00ednea con <strong>MedsExporter.com<\/strong>, estar seguro de recibir su pedido a tiempo con nuestros servicios de env\u00edo urgente y precisa. Siempre hemos cre\u00eddo en la idea de no esperar con respecto a los pedidos en nuestras instalaciones. Nuestra amplia red de socios log\u00edsticos apoya nuestros objetivos de entrega r\u00e1pida y segura, sin importar d\u00f3nde se realice el pedido.<\/p>\n\n\n\n<h2 class=\"wp-block-heading\"><strong>Servicio de atenci\u00f3n al cliente 24*7<\/strong><\/h2>\n\n\n\n<p>\u00bfDesea m\u00e1s informaci\u00f3n sobre el producto? \u00bfNecesita ayuda con su pedido? \u00bfTiene alguna duda sobre la personalizaci\u00f3n? Podemos ayudarle. No dude en ponerse en contacto con nosotros siempre que lo desee. Nuestro servicio de atenci\u00f3n al cliente est\u00e1 disponible las 24 horas del d\u00eda y los 7 d\u00edas de la semana.<\/p>\n\n\n\n<h2 class=\"wp-block-heading\"><strong>Preguntas frecuentes<\/strong><\/h2>\n\n\n\n<h3 class=\"wp-block-heading\"><strong>\u00bfEs seguro para los ni\u00f1os?<\/strong><\/h3>\n\n\n\n<p>No, no es seguro para los ni\u00f1os menores de 18 a\u00f1os y su uso est\u00e1 restringido a ellos. S\u00f3lo los adultos pueden garantizar el uso seguro de la inyecci\u00f3n de esteroides culturismo Trenbolon bajo supervisi\u00f3n m\u00e9dica.<\/p>\n\n\n\n<h3 class=\"wp-block-heading\"><strong>\u00bfC\u00f3mo reacciona con otros suplementos de musculaci\u00f3n?<\/strong><\/h3>\n\n\n\n<p>Trenbolon puede reaccionar de manera diferente con otros suplementos de culturismo. Por lo tanto, se recomienda combinar este esteroide con otros suplementos s\u00f3lo si es aconsejado por el m\u00e9dico.<\/p>\n\n\n\n<h3 class=\"wp-block-heading\"><strong>\u00bfQu\u00e9 ocurre si me salto una dosis de Trenbolon?<\/strong><\/h3>\n\n\n\n<p>No es ning\u00fan problema. La dosis olvidada puede tomarse en cuanto te acuerdes de ella. S\u00f3lo tienes que asegurarte de no sobredosificar o utilizar las dosis olvidadas m\u00e1s cerca de la siguiente dosis programada.<\/p>\n\n\n\n<h3 class=\"wp-block-heading\"><strong>\u00bfC\u00f3mo guardarlo?<\/strong><\/h3>\n\n\n\n<p>Trenbolon 200mg inyectable puede almacenarse en un lugar fresco y seco, fuera del alcance de los ni\u00f1os. No lo exponga a altas temperaturas o humedad.<\/p>\n\n\n\n<h3 class=\"wp-block-heading\"><strong>\u00bfCu\u00e1nto dura?<\/strong><\/h3>\n\n\n\n<p>La mayor\u00eda de las inyecciones de esteroides, incluido Trenbolon, siguen siendo eficaces durante varias semanas despu\u00e9s de la \u00faltima dosis. No obstante, las respuestas individuales var\u00edan.<\/p>\n","protected":false},"excerpt":{"rendered":"<p><strong>Trenbolon esteroide culturismo<\/strong> (Trenbolone Enanthate) inyecci\u00f3n 200mg\/ml est\u00e1 en alta demanda debido a su eficacia. Hacer pedidos a granel a precios razonables si usted es un mayorista, distribuidor o proveedor de atenci\u00f3n m\u00e9dica para 100% inyectables genuinos.<\/p>","protected":false},"featured_media":0,"template":"","meta":{"_glsr_average":0,"_glsr_ranking":0,"_glsr_reviews":0},"product_brand":[],"product_cat":[3936],"product_tag":[],"product_form":[4133],"class_list":{"0":"post-50852","1":"product","2":"type-product","3":"status-publish","5":"product_cat-medicina-de-musculacion-fabricantes-en-india","6":"product_form-inyeccion-fabricante-en-india","8":"first","9":"instock","10":"shipping-taxable","11":"purchasable","12":"product-type-variable"},"_links":{"self":[{"href":"https:\/\/www.medsexporter.com\/es\/wp-json\/wp\/v2\/product\/50852","targetHints":{"allow":["GET"]}}],"collection":[{"href":"https:\/\/www.medsexporter.com\/es\/wp-json\/wp\/v2\/product"}],"about":[{"href":"https:\/\/www.medsexporter.com\/es\/wp-json\/wp\/v2\/types\/product"}],"wp:attachment":[{"href":"https:\/\/www.medsexporter.com\/es\/wp-json\/wp\/v2\/media?parent=50852"}],"wp:term":[{"taxonomy":"product_brand","embeddable":true,"href":"https:\/\/www.medsexporter.com\/es\/wp-json\/wp\/v2\/product_brand?post=50852"},{"taxonomy":"product_cat","embeddable":true,"href":"https:\/\/www.medsexporter.com\/es\/wp-json\/wp\/v2\/product_cat?post=50852"},{"taxonomy":"product_tag","embeddable":true,"href":"https:\/\/www.medsexporter.com\/es\/wp-json\/wp\/v2\/product_tag?post=50852"},{"taxonomy":"product_form","embeddable":true,"href":"https:\/\/www.medsexporter.com\/es\/wp-json\/wp\/v2\/product_form?post=50852"}],"curies":[{"name":"wp","href":"https:\/\/api.w.org\/{rel}","templated":true}]}}