{"id":50822,"date":"2024-04-26T06:13:01","date_gmt":"2024-04-26T06:13:01","guid":{"rendered":"https:\/\/medsexporter.com\/product\/prueba-e-inyeccion-1-ml\/"},"modified":"2024-08-03T12:15:56","modified_gmt":"2024-08-03T12:15:56","slug":"prueba-e-inyeccion-1-ml","status":"publish","type":"product","link":"https:\/\/www.medsexporter.com\/es\/product\/prueba-e-inyeccion-1-ml\/","title":{"rendered":"Prueba E Inyecci\u00f3n 1 ml"},"content":{"rendered":"\n<h2 class=\"wp-block-heading\"><strong>Descripci\u00f3n general de la inyecci\u00f3n de Test E de 1 ml<\/strong><\/h2>\n\n\n\n<p>Prueba E Inyecci\u00f3n 1 ml (Testosterone Enanthate) es una inyecci\u00f3n de esteroides para culturismo que se suele recetar a hombres que entrenan para estar en forma o que tienen objetivos espec\u00edficos de culturismo. Sus excelentes propiedades para estimular el crecimiento muscular, promover la fuerza y \u200b\u200bla resistencia y desarrollar un f\u00edsico tonificado lo hacen reconocido entre los amantes del fitness. Este f\u00e1rmaco es una opci\u00f3n antigua para mejorar el rendimiento atl\u00e9tico en todos los aspectos.<\/p>\n\n\n\n<h2 class=\"wp-block-heading\"><strong>Usos de la inyecci\u00f3n de Test E de 1 ml<\/strong><\/h2>\n\n\n\n<p><strong>La inyecci\u00f3n de Test E 250 mg\/ml<\/strong> se utiliza principalmente para el culturismo (crecimiento muscular, definici\u00f3n, fuerza y \u200b\u200bresistencia). Tambi\u00e9n se puede sugerir que los hombres tienen deficiencia de testosterona (hipogonadismo masculino).<\/p>\n\n\n\n<h2 class=\"wp-block-heading\"><strong>Informaci\u00f3n sobre la patente de la prueba de inyecci\u00f3n E<\/strong><\/h2>\n\n\n\n<p>Este suplemento para culturismo est\u00e1 patentado para garantizar la calidad y la consistencia del enantato de testosterona. La informaci\u00f3n de su patente cubre su composici\u00f3n qu\u00edmica, el m\u00e9todo utilizado para la producci\u00f3n y la formulaci\u00f3n. Los derechos de propiedad del fabricante est\u00e1n protegidos mediante la presentaci\u00f3n de una patente y tambi\u00e9n impide la producci\u00f3n o venta no autorizada del producto.<\/p>\n\n\n\n<p>En <strong>MedsExporter.com<\/strong>, puede comprar la inyecci\u00f3n patentada Test-E de 1 ml en l\u00ednea.<\/p>\n\n\n\n<h2 class=\"wp-block-heading\"><strong>\u00bfComo funciona?<\/strong><\/h2>\n\n\n\n<p>El enantato de testosterona es una forma sint\u00e9tica de testosterona (una hormona natural producida por el cuerpo masculino). Cuando se inyecta, este medicamento aumenta los niveles de testosterona del cuerpo al unirse a las mol\u00e9culas celulares de la hormona natural. Tambi\u00e9n asegura una liberaci\u00f3n m\u00e1s lenta pero sostenida de testosterona en el torrente sangu\u00edneo para lograr una eficacia prolongada y de alto impacto que dura alrededor de una o dos semanas.<\/p>\n\n\n\n<p>Este medicamento se une a los receptores de andr\u00f3genos en los tejidos musculares, los huesos y el sistema reproductivo. Activa varios procesos psicol\u00f3gicos en el cuerpo, mejorando as\u00ed los resultados deseados para los culturistas. El crecimiento y la definici\u00f3n muscular mejoran, y los culturistas se motivan para trabajar y alcanzar sus objetivos de fitness sin perder energ\u00eda.<\/p>\n\n\n\n<p>Con un aumento en la producci\u00f3n de gl\u00f3bulos rojos, este f\u00e1rmaco mejora la resistencia general y el rendimiento atl\u00e9tico. Crea un impacto positivo en varios aspectos de la vida al aumentar los niveles de testosterona (libido sexual, estado de \u00e1nimo, depresi\u00f3n, etc.), eliminando as\u00ed los s\u00edntomas de niveles bajos de testosterona.<\/p>\n\n\n\n<h2 class=\"wp-block-heading\"><strong>Plataforma segura para comprar Test E Inyecci\u00f3n 1 ml<\/strong><\/h2>\n\n\n\n<p>Si no sabe d\u00f3nde <strong>comprar Test E Injection<\/strong> a los mejores precios y con la mejor calidad, siempre puede contar con <strong>MedsExporter.com<\/strong>. Somos una de las empresas farmac\u00e9uticas de confianza en todo el mundo y ofrecemos medicamentos de alta calidad en todo el mundo. Nuestra misi\u00f3n es transformar la forma en que se perciben los suplementos para el culturismo y alentar a los entusiastas del fitness a alcanzar sus objetivos. No es necesario comprometer la seguridad por el bien de un f\u00edsico estructurado, \u00a1podemos ayudar!<\/p>\n\n\n\n<h2 class=\"wp-block-heading\"><strong>C\u00e1lculo de costos de la inyecci\u00f3n de Test E personalizado y basado en la ciencia de datos<\/strong><\/h2>\n\n\n\n<p>El precio de nuestro Test e no se decide manualmente, sino que se basa completamente en la ciencia de datos. Adem\u00e1s, este modelo de precios es personalizado y obtienes un cuadro de precios personalizado seg\u00fan tu ubicaci\u00f3n, volumen de pedidos, dosis, fidelidad, etc. Siempre hemos cre\u00eddo en los precios justos y esta estrategia de costos impulsada por la tecnolog\u00eda nos ayuda a lograr una satisfacci\u00f3n \u00f3ptima del cliente.<\/p>\n\n\n\n<h2 class=\"wp-block-heading\"><strong>Proceso de pago f\u00e1cil y que ahorra tiempo<\/strong><\/h2>\n\n\n\n<p>Realizar pagos con nosotros es muy c\u00f3modo. Este \u00faltimo paso del proceso de pedido se realiza en un abrir y cerrar de ojos seleccionando el modo de pago que prefieras. Adem\u00e1s, nos preocupamos por tu privacidad, por lo que nuestra pasarela de pago es segura para evitar cualquier robo de datos durante el proceso.<\/p>\n\n\n\n<h2 class=\"wp-block-heading\"><strong>Entrega r\u00e1pida y segura<\/strong><\/h2>\n\n\n\n<p>Espere una entrega r\u00e1pida y segura de su pedido en su domicilio dentro del plazo de entrega estimado que le enviaremos por correo electr\u00f3nico. Una vez que se confirme su pedido, se le enviar\u00e1n todos los detalles por correo electr\u00f3nico y se le enviar\u00e1 el enlace de seguimiento al momento del env\u00edo. Nuestros socios log\u00edsticos garantizar\u00e1n una entrega segura de su pedido para que pueda reenviarlo, administrar la cadena de suministro de manera eficaz o reabastecerlo seg\u00fan lo desee.<\/p>\n\n\n\n<h2 class=\"wp-block-heading\"><strong>Atenci\u00f3n al cliente 24 horas al d\u00eda, 7 d\u00edas a la semana<\/strong><\/h2>\n\n\n\n<p>Respondemos sus consultas y preguntas las 24 horas del d\u00eda, los 7 d\u00edas de la semana. Adem\u00e1s, comun\u00edquese con nosotros en cualquier momento para obtener m\u00e1s informaci\u00f3n sobre los productos o los detalles de seguimiento de pedidos. Nuestro ejecutivo atender\u00e1 sus llamadas o le brindar\u00e1 asistencia por chat.<\/p>\n\n\n\n<h2 class=\"wp-block-heading\"><strong>Preguntas frecuentes<\/strong><\/h2>\n\n\n\n<h3 class=\"wp-block-heading\"><strong>\u00bfCon qu\u00e9 frecuencia puedo tomar la inyecci\u00f3n de Test E por semana?<\/strong><\/h3>\n\n\n\n<p>Lo ideal es que la frecuencia de dosificaci\u00f3n se base en los objetivos de desarrollo del cuerpo, el nivel de tolerancia y la respuesta al tratamiento. La dosis se suele programar una vez por semana o una vez cada dos semanas.<\/p>\n\n\n\n<h3 class=\"wp-block-heading\"><strong>\u00bfCu\u00e1nto dura la prueba E?<\/strong><\/h3>\n\n\n\n<p>La eficacia de cada inyecci\u00f3n de Test-E dura aproximadamente entre 8 y 10 d\u00edas. Est\u00e1 formulada para absorberse lentamente, lo que permite una liberaci\u00f3n sostenida y una eficacia prolongada en el cuerpo.<\/p>\n\n\n\n<h3 class=\"wp-block-heading\"><strong>\u00bfC\u00f3mo reacciona con el cuerpo?<\/strong><\/h3>\n\n\n\n<p>Despu\u00e9s de usar este medicamento seg\u00fan la prescripci\u00f3n, el usuario es testigo de mejoras en el crecimiento y la fuerza muscular, la densidad \u00f3sea, la producci\u00f3n de gl\u00f3bulos rojos, el estado de \u00e1nimo y la energ\u00eda. Adem\u00e1s, tambi\u00e9n mejora y mantiene la libido sexual. Prueba E Inyecci\u00f3n contribuye a varios procesos psicol\u00f3gicos, lo que conduce a la regulaci\u00f3n hormonal.<\/p>\n\n\n\n<h3 class=\"wp-block-heading\"><strong>\u00bfPueden usarlo las mujeres?<\/strong><\/h3>\n\n\n\n<p>No, este suplemento para culturismo no se recomienda para mujeres debido al riesgo de virilizaci\u00f3n que presenta. Tambi\u00e9n puede tener otras reacciones adversas, por lo que no es ideal para mujeres.<\/p>\n\n\n\n<h3 class=\"wp-block-heading\"><strong>\u00bfInteract\u00faa con otros suplementos para culturismo?<\/strong><\/h3>\n\n\n\n<p>S\u00ed, interact\u00faa con ciertos suplementos para el culturismo, como creatina, BCAA, suplementos proteicos, suplementos pre y post entrenamiento, vitaminas y minerales, entre otros. Es mejor informar a su m\u00e9dico sobre los medicamentos o suplementos que toma actualmente antes de tomar este medicamento.<\/p>\n\n\n\n<h3 class=\"wp-block-heading\"><strong>\u00bfSe puede utilizar la inyecci\u00f3n de Test E de 1 ml para mejorar el rendimiento en deportistas?<\/strong><\/h3>\n\n\n\n<p>S\u00ed, se puede utilizar para mejorar el rendimiento atl\u00e9tico general. Aumenta la energ\u00eda y la resistencia necesarias para el entrenamiento deportivo competitivo, proporciona motivaci\u00f3n y fomenta un estado de \u00e1nimo activo para los preparativos.<\/p>\n\n\n\n<h3 class=\"wp-block-heading\"><strong>\u00bfC\u00f3mo almacenarlo de forma segura?<\/strong><\/h3>\n\n\n\n<p>Mant\u00e9ngalo a temperatura ambiente normal, alejado de la humedad y de temperaturas excesivas. Aseg\u00farese de mantenerlo fuera del alcance de los ni\u00f1os y las mascotas.<\/p>\n\n\n\n<h2 class=\"wp-block-heading\">Otras tabletas para culturismo son:<\/h2>\n\n\n\n<p>Trenabol | Trenarix-a 1Ml | Nandrix 1Ml<\/p>\n","protected":false},"excerpt":{"rendered":"Descripci\u00f3n general de la inyecci\u00f3n de Test E de 1 ml Prueba E Inyecci\u00f3n 1 ml (Testosterone Enanthate) es una inyecci\u00f3n de esteroides para culturismo que se suele recetar a hombres que entrenan para estar en forma o que tienen objetivos espec\u00edficos de culturismo. Sus excelentes propiedades para estimular el crecimiento muscular, promover la fuerza [&hellip;]","protected":false},"featured_media":0,"template":"","meta":{"_glsr_average":0,"_glsr_ranking":0,"_glsr_reviews":0},"product_brand":[],"product_cat":[3936],"product_tag":[],"product_form":[4133],"class_list":{"0":"post-50822","1":"product","2":"type-product","3":"status-publish","5":"product_cat-medicina-de-musculacion-fabricantes-en-india","6":"product_form-inyeccion-fabricante-en-india","8":"first","9":"instock","10":"shipping-taxable","11":"purchasable","12":"product-type-variable"},"_links":{"self":[{"href":"https:\/\/www.medsexporter.com\/es\/wp-json\/wp\/v2\/product\/50822","targetHints":{"allow":["GET"]}}],"collection":[{"href":"https:\/\/www.medsexporter.com\/es\/wp-json\/wp\/v2\/product"}],"about":[{"href":"https:\/\/www.medsexporter.com\/es\/wp-json\/wp\/v2\/types\/product"}],"wp:attachment":[{"href":"https:\/\/www.medsexporter.com\/es\/wp-json\/wp\/v2\/media?parent=50822"}],"wp:term":[{"taxonomy":"product_brand","embeddable":true,"href":"https:\/\/www.medsexporter.com\/es\/wp-json\/wp\/v2\/product_brand?post=50822"},{"taxonomy":"product_cat","embeddable":true,"href":"https:\/\/www.medsexporter.com\/es\/wp-json\/wp\/v2\/product_cat?post=50822"},{"taxonomy":"product_tag","embeddable":true,"href":"https:\/\/www.medsexporter.com\/es\/wp-json\/wp\/v2\/product_tag?post=50822"},{"taxonomy":"product_form","embeddable":true,"href":"https:\/\/www.medsexporter.com\/es\/wp-json\/wp\/v2\/product_form?post=50822"}],"curies":[{"name":"wp","href":"https:\/\/api.w.org\/{rel}","templated":true}]}}