{"id":50812,"date":"2024-04-26T06:04:05","date_gmt":"2024-04-26T06:04:05","guid":{"rendered":"https:\/\/medsexporter.com\/product\/test-c-viales-250mg-vial\/"},"modified":"2024-08-03T11:00:08","modified_gmt":"2024-08-03T11:00:08","slug":"test-c-viales-250mg-vial","status":"publish","type":"product","link":"https:\/\/www.medsexporter.com\/es\/product\/test-c-viales-250mg-vial\/","title":{"rendered":"Test-C Viales 250mg\/ vial"},"content":{"rendered":"\n<h2 class=\"wp-block-heading\">Test-C Viales 250mg\/ vial(Testosterone Cypionate)<\/h2>\n\n\n\n<p><strong>Test-C Viales 250mg\/ vial<\/strong>, conocido como cipionato de testosterona, es el medicamento esteroide utilizado para tratar el hipogonadismo en los hombres y les ayuda durante el culturismo. Est\u00e1 disponible bajo la marca Depo-Testosterona. Funciona para tratar los niveles m\u00e1s bajos de testosterona en los hombres y mejorar su rendimiento y f\u00edsico.<\/p>\n\n\n\n<p>Tambi\u00e9n se utiliza para mejorar la masa muscular y aumentar la fuerza, por lo que los culturistas prefieren este medicamento. Nuestra capacidad de suministro de 1 Mill\u00f3n de Ampollas\/Mes demuestra que tenemos el inventario a granel para gestionar las necesidades de nuestros clientes en todo el mundo.<\/p>\n\n\n\n<h2 class=\"wp-block-heading\"><strong>Descripci\u00f3n general de Test-C Viales 250mg\/ vial<\/strong><\/h2>\n\n\n\n<p><strong>Test-C Viales 250mg\/ vial<\/strong> es una soluci\u00f3n inyectable utilizada para fines de culturismo y para tratar el hipogonadismo. Es un f\u00e1rmaco autoinyectable, lo que significa que los hombres pueden utilizarlo f\u00e1cilmente despu\u00e9s de que el m\u00e9dico les administre la dosis prescrita. As\u00ed, mediante el tratamiento de los niveles de testosterona y el aumento de la cantidad, esta inyecci\u00f3n se utiliza para tratar este problema en los hombres.<\/p>\n\n\n\n<h2 class=\"wp-block-heading\"><strong>Usos de los viales Test-C<\/strong><\/h2>\n\n\n\n<p>Los principales usos de <strong>Test-C Viales<\/strong> son para tratar el hipogonadismo y ayudar a una persona en su viaje de culturismo. Se utiliza para tratar ambos tipos de hipogonadismo, primario e hipogonadotr\u00f3pico, de la siguiente manera:<\/p>\n\n\n\n<ul class=\"wp-block-list\">\n<li><strong>Culturismo:<\/strong><\/li>\n<\/ul>\n\n\n\n<p>El cipionato de testosterona se utiliza para ayudar al culturismo y aumentar la fuerza, la masa muscular y los niveles de resistencia.<\/p>\n\n\n\n<ul class=\"wp-block-list\">\n<li><strong>Hipogonadismo primario:<\/strong><\/li>\n<\/ul>\n\n\n\n<p>Se trata de una afecci\u00f3n en la que el organismo del var\u00f3n deja de producir testosterona, por lo que en este caso se utilizan los viales de test-C.<\/p>\n\n\n\n<ul class=\"wp-block-list\">\n<li><strong>Hipogonadismo hipogonadotr\u00f3pico:<\/strong><\/li>\n<\/ul>\n\n\n\n<p>Es una condici\u00f3n cuando las partes del cerebro est\u00e1n da\u00f1adas, y le dice a los test\u00edculos que liberen testosterona, por lo que este problema tambi\u00e9n se trata con Test-C Viales de 250mg.<\/p>\n\n\n\n<h2 class=\"wp-block-heading\"><strong>Informaci\u00f3n sobre la dosis<\/strong><\/h2>\n\n\n\n<p>La dosis recomendada de cipionato de testosterona es de 250 mg -300 mg cada 3 semanas. Cada persona tiene una condici\u00f3n de salud diferente. Si una persona siente una falta de testosterona despu\u00e9s de 2 semanas, entonces se sugiere tomar esta dosis despu\u00e9s de cada 2 semanas.<\/p>\n\n\n\n<h2 class=\"wp-block-heading\"><strong>\u00bfC\u00f3mo funcionan los viales de Test-C 250 mg?<\/strong><\/h2>\n\n\n\n<p>Test-C 250mg funciona afectando al sistema del cuerpo para que produzca suficiente cantidad de testosterona. La testosterona es importante para producir en cantidades suficientes en los varones adultos para causar la pubertad. La condici\u00f3n cuando la testosterona no se libera correctamente en el cuerpo retrasa la pubertad. As\u00ed pues, apuntando los niveles de la testosterona, Test-C trabaja y trata Hipogonadismo.<\/p>\n\n\n\n<h2 class=\"wp-block-heading\"><strong>Beneficios potenciales<\/strong><\/h2>\n\n\n\n<p>Aqu\u00ed est\u00e1n las varias ventajas de usar los frascos del culturismo de Test-C:<\/p>\n\n\n\n<ul class=\"wp-block-list\">\n<li>Mantiene la estabilidad de la cantidad de testosterona en los hombres.<\/li>\n\n\n\n<li>El cipionato de testosterona se compone de aceites de oliva, y una persona con alergia a los cacahuetes puede utilizar f\u00e1cilmente este medicamento.<\/li>\n\n\n\n<li>Promueve el crecimiento y el rendimiento muscular y lo convierte en el mejor medicamento para los culturistas.<\/li>\n\n\n\n<li>Es f\u00e1cil inyectar este medicamento y hacer que la administraci\u00f3n sea c\u00f3moda.<\/li>\n\n\n\n<li>Restablece el equilibrio hormonal y mejora el estado de \u00e1nimo, la energ\u00eda y la libido.<\/li>\n\n\n\n<li>Los viales de Test-C est\u00e1n disponibles en ampollas de un solo uso, que reducen el riesgo de propagaci\u00f3n de la infecci\u00f3n.<\/li>\n<\/ul>\n\n\n\n<h2 class=\"wp-block-heading\"><strong>Plataforma fiable y segura para comprar Test-C Viales 250mg<\/strong><\/h2>\n\n\n\n<p>Somos el fabricante l\u00edder y de confianza de Test-C viales 250 mg. Por lo tanto, comprar Test-C Vials 250 mg desde nuestra plataforma fiable y segura garantiza la calidad y seguridad de este medicamento. Tenemos que seguir la tecnolog\u00eda de encriptaci\u00f3n de datos robusta, proporcionar pasarelas de pago seguras a nuestros clientes, y mantener los detalles de sus transacciones seguras.<\/p>\n\n\n\n<h2 class=\"wp-block-heading\"><strong>Test-C Viales 250mg Precio al por mayor<\/strong><\/h2>\n\n\n\n<p>Si los clientes realizar un pedido a granel de Test-C Fisicoculturismo Viales de nosotros, les ofrecemos precios competitivos al por mayor. Nuestra estructura de precios personalizados proporciona el valor a sus costos con medicamentos de alta calidad. Puede ponerse en contacto con nuestro equipo de ventas directamente para obtener detalles de precios al por mayor para este medicamento esteroide.<\/p>\n\n\n\n<h2 class=\"wp-block-heading\"><strong>Proceso de pago seguro<\/strong><\/h2>\n\n\n\n<p><strong>MedsExporter.com<\/strong> ofrece m\u00e9todos de pago seguros a nuestros clientes. Permitimos a los clientes realizar pedidos y pagos a trav\u00e9s de transferencias bancarias. Se apoya en protocolos de encriptaci\u00f3n est\u00e1ndar de la industria para proteger su informaci\u00f3n financiera y mantener sus transacciones seguras. Este protocolo tambi\u00e9n ayuda a agilizar el proceso de pago.<\/p>\n\n\n\n<h2 class=\"wp-block-heading\"><strong>Entrega r\u00e1pida y segura de viales Test-C<\/strong><\/h2>\n\n\n\n<p>Nuestro equipo de log\u00edstica es responsable de manejar las necesidades de los clientes y la entrega de la medicina Test-C viales a tiempo. Esta es la raz\u00f3n por la que utilizamos m\u00e9todos de env\u00edo r\u00e1pidos y seguros para llevar este medicamento a su destino a tiempo y con seguridad.<\/p>\n\n\n\n<h2 class=\"wp-block-heading\"><strong>Atenci\u00f3n al cliente 24*7<\/strong><\/h2>\n\n\n\n<p>Contamos con un equipo de atenci\u00f3n al cliente disponible 24 horas al d\u00eda, 7 d\u00edas a la semana. Atendemos las consultas de los clientes y les ayudamos r\u00e1pidamente, tanto si tienen dudas sobre la reserva de medicamentos, el seguimiento de pedidos o el soporte t\u00e9cnico, entre otras cosas.<\/p>\n\n\n\n<h2 class=\"wp-block-heading\"><strong>Preguntas frecuentes<\/strong><\/h2>\n\n\n\n<h3 class=\"wp-block-heading\"><strong>\u00bfPueden las mujeres utilizar Test-C Viales 250 mg?<\/strong><\/h3>\n\n\n\n<p>S\u00ed, <strong>Test-C Viales 250mg<\/strong> tambi\u00e9n se prescribe a mujeres que se enfrentan a problemas de desequilibrio hormonal, como el c\u00e1ncer de mama.<\/p>\n\n\n\n<h3 class=\"wp-block-heading\"><strong>\u00bfQu\u00e9 debo hacer si me salto una dosis de Test-C Viales 250mg?<\/strong><\/h3>\n\n\n\n<p>Si una persona se olvida de la dosis de Test-C medicina, entonces se sugiere decirle al m\u00e9dico cu\u00e1nto tiempo se perdi\u00f3 la \u00faltima dosis. Ayuda a gestionar la siguiente dosis en consecuencia y mantenerse alejado de los efectos secundarios.<\/p>\n\n\n\n<h3 class=\"wp-block-heading\"><strong>\u00bfPuede provocar reacciones al\u00e9rgicas?<\/strong><\/h3>\n\n\n\n<p>S\u00ed, los viales de Test-C pueden causar alergias en algunas personas. Esto incluye picor, erupciones cut\u00e1neas, hinchaz\u00f3n, mareos y problemas respiratorios.<\/p>\n\n\n\n<h3 class=\"wp-block-heading\"><strong>\u00bfEs Test-C Viales 250 mg adictivo?<\/strong><\/h3>\n\n\n\n<p>El mal uso y la sobredosis de cipionato de testosterona se han convertido en adictivos. Por lo tanto, siempre se sugiere tomarlo en la dosis prescrita.<\/p>\n\n\n\n<h3 class=\"wp-block-heading\"><strong>\u00bfCu\u00e1nto tiempo permanece el test c en el organismo?<\/strong><\/h3>\n\n\n\n<p>Test- C permanece en el sistema durante 21-44 d\u00edas y act\u00faa eficazmente.<\/p>\n\n\n\n<h3 class=\"wp-block-heading\"><strong>\u00bfC\u00f3mo conectamos con los proveedores de viales Test-C?<\/strong><\/h3>\n\n\n\n<p>Es f\u00e1cil conectar con nuestros proveedores de Test-C en nuestras plataformas. La persona tiene que visitar nuestro sitio web y hablar directamente con nuestro equipo en l\u00ednea para comunicarse con los proveedores.<\/p>\n\n\n\n<h3 class=\"wp-block-heading\"><strong>\u00bfC\u00f3mo se puede almacenar?<\/strong><\/h3>\n\n\n\n<p>Se sugiere que los viales de Test-C 250 mg se almacenen entre 68\u00b0F y 77\u00b0F y lejos de la luz, el calor y la humedad.<\/p>\n","protected":false},"excerpt":{"rendered":"Test-C Viales 250mg\/ vial(Testosterone Cypionate) Test-C Viales 250mg\/ vial, conocido como cipionato de testosterona, es el medicamento esteroide utilizado para tratar el hipogonadismo en los hombres y les ayuda durante el culturismo. Est\u00e1 disponible bajo la marca Depo-Testosterona. Funciona para tratar los niveles m\u00e1s bajos de testosterona en los hombres y mejorar su rendimiento y [&hellip;]","protected":false},"featured_media":48726,"template":"","meta":{"_glsr_average":0,"_glsr_ranking":0,"_glsr_reviews":0},"product_brand":[],"product_cat":[3936],"product_tag":[],"product_form":[4149],"class_list":{"0":"post-50812","1":"product","2":"type-product","3":"status-publish","4":"has-post-thumbnail","6":"product_cat-medicina-de-musculacion-fabricantes-en-india","7":"product_form-ampolla-fabricantes-en-india","9":"first","10":"instock","11":"shipping-taxable","12":"purchasable","13":"product-type-variable"},"_links":{"self":[{"href":"https:\/\/www.medsexporter.com\/es\/wp-json\/wp\/v2\/product\/50812","targetHints":{"allow":["GET"]}}],"collection":[{"href":"https:\/\/www.medsexporter.com\/es\/wp-json\/wp\/v2\/product"}],"about":[{"href":"https:\/\/www.medsexporter.com\/es\/wp-json\/wp\/v2\/types\/product"}],"wp:featuredmedia":[{"embeddable":true,"href":"https:\/\/www.medsexporter.com\/es\/wp-json\/wp\/v2\/media\/48726"}],"wp:attachment":[{"href":"https:\/\/www.medsexporter.com\/es\/wp-json\/wp\/v2\/media?parent=50812"}],"wp:term":[{"taxonomy":"product_brand","embeddable":true,"href":"https:\/\/www.medsexporter.com\/es\/wp-json\/wp\/v2\/product_brand?post=50812"},{"taxonomy":"product_cat","embeddable":true,"href":"https:\/\/www.medsexporter.com\/es\/wp-json\/wp\/v2\/product_cat?post=50812"},{"taxonomy":"product_tag","embeddable":true,"href":"https:\/\/www.medsexporter.com\/es\/wp-json\/wp\/v2\/product_tag?post=50812"},{"taxonomy":"product_form","embeddable":true,"href":"https:\/\/www.medsexporter.com\/es\/wp-json\/wp\/v2\/product_form?post=50812"}],"curies":[{"name":"wp","href":"https:\/\/api.w.org\/{rel}","templated":true}]}}