{"id":50785,"date":"2024-04-25T10:30:50","date_gmt":"2024-04-25T10:30:50","guid":{"rendered":"https:\/\/medsexporter.com\/product\/propionato-de-test-ampolla\/"},"modified":"2024-08-03T07:03:25","modified_gmt":"2024-08-03T07:03:25","slug":"propionato-de-test-ampolla","status":"publish","type":"product","link":"https:\/\/www.medsexporter.com\/es\/product\/propionato-de-test-ampolla\/","title":{"rendered":"Propionato de Test Ampolla"},"content":{"rendered":"\n<h2 class=\"wp-block-heading\"><strong>Descripci\u00f3n general de las ampollas Test Prop<\/strong><\/h2>\n\n\n\n<p>El propionato de testosterona, tambi\u00e9n conocido como Propionato de Test Ampolla, es un esteroide inyectable de acci\u00f3n r\u00e1pida que pertenece a la clase de medicamentos de testosterona. Este medicamento es popular entre los entusiastas del fitness, los atletas y los culturistas por aumentar el rendimiento f\u00edsico general. Aporta importantes beneficios para el crecimiento muscular y la fuerza, adem\u00e1s de la resistencia. Como se inyecta directamente, proporciona un impulso de testosterona al cuerpo que ayuda a lograr la forma corporal deseada junto con el entrenamiento f\u00edsico.<\/p>\n\n\n\n<h2 class=\"wp-block-heading\"><strong>Usos Prop de Test<\/strong><\/h2>\n\n\n\n<ul class=\"wp-block-list\">\n<li>Aumentar la testosterona en el cuerpo \u2013 Este medicamento se recomienda sobre todo a los hombres con niveles bajos de testosterona o hipogonadismo.<\/li>\n\n\n\n<li>Promueve la masa muscular, la reparaci\u00f3n de la fuerza.<\/li>\n\n\n\n<li>Elevar el rendimiento atl\u00e9tico general del individuo.<\/li>\n<\/ul>\n\n\n\n<h2 class=\"wp-block-heading\"><strong>Dosis de Prop de prueba<\/strong><\/h2>\n\n\n\n<p>La dosis es determinada por el profesional de la salud basado en la tolerancia del usuario, la experiencia y los objetivos de fitness. Se puede inyectar en Propionato de Test 100 mg de fuerza despu\u00e9s de examinar las condiciones generales de salud y los factores compartidos aqu\u00ed. Por lo general, estas ampollas son para ser manipulados por un profesional m\u00e9dico calificado solamente. Evite auto-inyecciones a menos que est\u00e9 permitido y entrenado por un proveedor de atenci\u00f3n m\u00e9dica.<\/p>\n\n\n\n<h2 class=\"wp-block-heading\"><strong>\u00bfC\u00f3mo funcionan las Propionato de Test Ampolla?<\/strong><\/h2>\n\n\n\n<p>Estas ampollas de musculaci\u00f3n contienen testosterona sint\u00e9tica que imita la que se produce de forma natural en el organismo. Tan pronto como se inyecta, da un impulso de testosterona al cuerpo que fomenta a\u00fan m\u00e1s la s\u00edntesis de prote\u00ednas y el crecimiento del tejido muscular. Este medicamento ayuda a mejorar la fuerza muscular y la resistencia mediante la mejora de la retenci\u00f3n de nitr\u00f3geno en el cuerpo.<\/p>\n\n\n\n<h2 class=\"wp-block-heading\"><strong>Ventajas del Prop de Test<\/strong><\/h2>\n\n\n\n<ul class=\"wp-block-list\">\n<li>Prop de Test Culturismo ayuda con la masa muscular deseada y las ganancias de fuerza<\/li>\n\n\n\n<li>Favorece una recuperaci\u00f3n m\u00e1s r\u00e1pida entre los entrenamientos<\/li>\n\n\n\n<li>Mejora el rendimiento deportivo general<\/li>\n\n\n\n<li>Aumenta los niveles de energ\u00eda y resistencia, muy necesarios para los amantes del fitness<\/li>\n\n\n\n<li>Aumenta la libido en los hombres<\/li>\n<\/ul>\n\n\n\n<h2 class=\"wp-block-heading\"><strong>Precio personalizado y basado en la ciencia de datos de las Propionato de Test Ampolla<\/strong><\/h2>\n\n\n\n<p>Estamos en un mercado competitivo y sin duda sabemos lo que nuestros clientes buscan. Estos inyectables de Propionato de Testosterona est\u00e1n disponibles a precios asequibles que se ajustan mejor seg\u00fan nuestra investigaci\u00f3n impulsada por la ciencia. \u00a1Lo que se obtiene es &#8211; el mejor valor para su inversi\u00f3n y los resultados obvios!<\/p>\n\n\n\n<h2 class=\"wp-block-heading\"><strong>Proceso de pago r\u00e1pido y sencillo<\/strong><\/h2>\n\n\n\n<p><strong>MedsExporter.com<\/strong> es un fabricante y proveedor de Propionato de Test Ampolla en todo el mundo con una capacidad de 1 mill\u00f3n de Ampollas\/Mes por ahora. Si usted es un mayorista, minorista o usuario final, le damos la bienvenida con los brazos abiertos. Solic\u00edtenos la cantidad que desea y nuestro equipo le enviar\u00e1 el mejor presupuesto personalizado seg\u00fan sus necesidades. El proceso de pago es totalmente seguro y r\u00e1pido.<\/p>\n\n\n\n<h2 class=\"wp-block-heading\"><strong>F\u00e1cil manipulaci\u00f3n del carro de las Propionato de Test Ampolla<\/strong><\/h2>\n\n\n\n<p>Comprendiendo la sensibilidad de este medicamento, garantizamos un envase seguro e intacto, dise\u00f1ado para mayor comodidad. Nuestros socios log\u00edsticos entregar\u00e1n este medicamento listo para su uso con el m\u00e1ximo cuidado del paquete desde el momento en que sale de nuestro almac\u00e9n hasta que llega al suyo.<\/p>\n\n\n\n<h2 class=\"wp-block-heading\"><strong>Entrega r\u00e1pida y segura<\/strong><\/h2>\n\n\n\n<p>Al comprar un puntal de prueba aqu\u00ed, se a\u00f1ade a nuestra cola de entrega r\u00e1pida y segura. Facilitamos opciones fiables de env\u00edo seg\u00fan las preferencias del usuario.<\/p>\n\n\n\n<h2 class=\"wp-block-heading\"><strong>Asistencia al cliente<\/strong><\/h2>\n\n\n\n<p>Es posible que necesite cualquier tipo de ayuda con respecto a este producto, asistencia durante el procesamiento de su pedido, seguimiento del mismo, o cualquier otra cosa. Nuestro equipo de atenci\u00f3n al cliente est\u00e1 a su servicio, a solo una llamada o un correo electr\u00f3nico de distancia.<\/p>\n\n\n\n<h2 class=\"wp-block-heading\"><strong>Preguntas frecuentes<\/strong><\/h2>\n\n\n\n<h3 class=\"wp-block-heading\"><strong>\u00bfCu\u00e1l es la dosis recomendada de Propionato de Test Ampolla?<\/strong><\/h3>\n\n\n\n<p>Usted puede comprar Propionato de Test Ampolla en 100 mg de fuerza de acuerdo a la prescripci\u00f3n compartida por el profesional de la salud. Su prescripci\u00f3n se ver\u00e1 influida por varios factores tales como sus condiciones m\u00e9dicas actuales y pasadas, los medicamentos en curso, la tolerancia a esta droga, el nivel de experiencia con esteroides, objetivos de fitness, etc. Por lo tanto, se recomienda proceder con la dosis respectiva de acuerdo a la orientaci\u00f3n m\u00e9dica solamente.<\/p>\n\n\n\n<h3 class=\"wp-block-heading\"><strong>\u00bfD\u00f3nde inyectar Prop de Test?<\/strong><\/h3>\n\n\n\n<p>Suele inyectarse en el m\u00fasculo gl\u00fateo o en el deltoides.<\/p>\n\n\n\n<h3 class=\"wp-block-heading\"><strong>\u00bfEs seguro para menores de 18 a\u00f1os?<\/strong><\/h3>\n\n\n\n<p>No, no es seguro entre los menores de 18 a\u00f1os y los adolescentes.<\/p>\n\n\n\n<h3 class=\"wp-block-heading\"><strong>\u00bfC\u00f3mo conectar con sus proveedores?<\/strong><\/h3>\n\n\n\n<p>Usted puede conectar f\u00e1cilmente a la Propionato de Test Ampolla Proveedores con la investigaci\u00f3n web o simplemente en contacto con <strong>MedsExporter.com<\/strong>, uno de los mejores proveedores para hacer frente a.<\/p>\n\n\n\n<h3 class=\"wp-block-heading\"><strong>\u00bfC\u00f3mo reacciona con otro suplemento de musculaci\u00f3n?<\/strong><\/h3>\n\n\n\n<p>Las reacciones a otros suplementos de culturismo pueden variar y pueden ser positivas o negativas dependiendo de su tipo y contenido. Por lo tanto, se aconseja no emparejar este esteroide de testosterona con otros suplementos de culturismo sin orientaci\u00f3n m\u00e9dica. Informe al profesional sanitario si ya est\u00e1 utilizando alg\u00fan suplemento de culturismo.<\/p>\n\n\n\n<h3 class=\"wp-block-heading\"><strong>\u00bfCon qu\u00e9 frecuencia inyectar Prop de Test?<\/strong><\/h3>\n\n\n\n<p>A menudo se prescribe en inyecciones de d\u00edas alternos para mantener la estabilidad de los niveles sangu\u00edneos.<\/p>\n\n\n\n<h3 class=\"wp-block-heading\"><strong>\u00bfC\u00f3mo deben guardarse las Propionato de Test Ampolla?<\/strong><\/h3>\n\n\n\n<p>Puede almacenarse a temperatura ambiente normal, alejado de la humedad directa del sol. Mant\u00e9ngalo fuera del alcance de los ni\u00f1os y los animales dom\u00e9sticos.<\/p>\n","protected":false},"excerpt":{"rendered":"<p>Compre Propionato de Test Ampolla a los mejores precios en l\u00ednea. Estas inyecciones de propionato de testosterona est\u00e1n disponibles en una calidad de primer nivel para cumplir con sus objetivos de culturismo y acondicionamiento f\u00edsico. Tambi\u00e9n son capaces de tratar el hipogonadismo.<\/p>","protected":false},"featured_media":48721,"template":"","meta":{"_glsr_average":0,"_glsr_ranking":0,"_glsr_reviews":0},"product_brand":[],"product_cat":[3936],"product_tag":[],"product_form":[4149],"class_list":{"0":"post-50785","1":"product","2":"type-product","3":"status-publish","4":"has-post-thumbnail","6":"product_cat-medicina-de-musculacion-fabricantes-en-india","7":"product_form-ampolla-fabricantes-en-india","9":"first","10":"instock","11":"shipping-taxable","12":"purchasable","13":"product-type-variable"},"_links":{"self":[{"href":"https:\/\/www.medsexporter.com\/es\/wp-json\/wp\/v2\/product\/50785","targetHints":{"allow":["GET"]}}],"collection":[{"href":"https:\/\/www.medsexporter.com\/es\/wp-json\/wp\/v2\/product"}],"about":[{"href":"https:\/\/www.medsexporter.com\/es\/wp-json\/wp\/v2\/types\/product"}],"wp:featuredmedia":[{"embeddable":true,"href":"https:\/\/www.medsexporter.com\/es\/wp-json\/wp\/v2\/media\/48721"}],"wp:attachment":[{"href":"https:\/\/www.medsexporter.com\/es\/wp-json\/wp\/v2\/media?parent=50785"}],"wp:term":[{"taxonomy":"product_brand","embeddable":true,"href":"https:\/\/www.medsexporter.com\/es\/wp-json\/wp\/v2\/product_brand?post=50785"},{"taxonomy":"product_cat","embeddable":true,"href":"https:\/\/www.medsexporter.com\/es\/wp-json\/wp\/v2\/product_cat?post=50785"},{"taxonomy":"product_tag","embeddable":true,"href":"https:\/\/www.medsexporter.com\/es\/wp-json\/wp\/v2\/product_tag?post=50785"},{"taxonomy":"product_form","embeddable":true,"href":"https:\/\/www.medsexporter.com\/es\/wp-json\/wp\/v2\/product_form?post=50785"}],"curies":[{"name":"wp","href":"https:\/\/api.w.org\/{rel}","templated":true}]}}