{"id":50774,"date":"2024-04-25T10:24:32","date_gmt":"2024-04-25T10:24:32","guid":{"rendered":"https:\/\/medsexporter.com\/product\/prueba-e-250-mg\/"},"modified":"2024-08-02T11:02:09","modified_gmt":"2024-08-02T11:02:09","slug":"prueba-e-250-mg","status":"publish","type":"product","link":"https:\/\/www.medsexporter.com\/es\/product\/prueba-e-250-mg\/","title":{"rendered":"Prueba-E 250 mg"},"content":{"rendered":"\n<h2 class=\"wp-block-heading\"><strong>Introducci\u00f3n de Prueba-E 250 mg<\/strong><\/h2>\n\n\n\n<p>Prueba-E 250 mg, comercializado como <strong>Delatestryl<\/strong>, es una inyecci\u00f3n de esteroides para culturismo. Se utiliza ampliamente entre culturistas y atletas para mejorar el rendimiento f\u00edsico general. Quienes est\u00e9n en ciclos de definici\u00f3n o aumento de volumen y busquen un esteroide confiable pueden usar esta inyecci\u00f3n bajo la gu\u00eda de un profesional de la salud.<\/p>\n\n\n\n<p>Este esteroide inyectable contiene enantato de testosterona como ingrediente activo principal. Es una testosterona sint\u00e9tica que imita la testosterona natural producida por el cuerpo. El enantato de testosterona se utilizaba anteriormente como terapia de reemplazo hormonal para tratar los niveles bajos de testosterona en los hombres. La raz\u00f3n principal para elegir este esteroide para el culturismo son sus efectos duraderos. A medida que la liberaci\u00f3n de testosterona se mantiene en el torrente sangu\u00edneo, el crecimiento muscular y la fuerza mejoran el rendimiento f\u00edsico.<\/p>\n\n\n\n<h2 class=\"wp-block-heading\"><strong>Prueba-E 250 mg \u2013 Usos<\/strong><\/h2>\n\n\n\n<p>Principalmente, este medicamento se utiliza para:<\/p>\n\n\n\n<ul class=\"wp-block-list\">\n<li>Culturismo (crecimiento muscular, fuerza y \u200b\u200bresistencia)<\/li>\n\n\n\n<li>Mejora del rendimiento atl\u00e9tico<\/li>\n<\/ul>\n\n\n\n<p>Este medicamento tambi\u00e9n se prescribe para el tratamiento de:<\/p>\n\n\n\n<ul class=\"wp-block-list\">\n<li>Deficiencia de testosterona (hipogonadismo masculino)<\/li>\n<\/ul>\n\n\n\n<h2 class=\"wp-block-heading\"><strong>Prueba-E &#8211; Formularios<\/strong><\/h2>\n\n\n\n<p>Este medicamento est\u00e1 disponible \u00fanicamente en forma inyectable. Adem\u00e1s, debe ser administrado por profesionales m\u00e9dicos para evitar riesgos para la salud.<\/p>\n\n\n\n<h2 class=\"wp-block-heading\"><strong>\u00bfComo funciona?<\/strong><\/h2>\n\n\n\n<p>La testosterona desempe\u00f1a un papel fundamental en el culturismo. El enantato de testosterona act\u00faa de forma eficaz aumentando los niveles de testosterona en el cuerpo, lo que mejora el crecimiento muscular, la fuerza y \u200b\u200bel rendimiento f\u00edsico. Esto sucede porque la testosterona sint\u00e9tica estimula la s\u00edntesis de prote\u00ednas y aumenta la retenci\u00f3n de nitr\u00f3geno en los m\u00fasculos.<\/p>\n\n\n\n<p>En el caso del hipogonadismo masculino, los niveles de testosterona restaurados alivian la fatiga, la falta de energ\u00eda, la libido baja y la p\u00e9rdida de masa muscular. Debido a la liberaci\u00f3n sostenida de testosterona en el torrente sangu\u00edneo, los niveles hormonales se equilibran. Esto mejora la masa muscular y favorece la vitalidad.<\/p>\n\n\n\n<h2 class=\"wp-block-heading\"><strong>Beneficios potenciales<\/strong><\/h2>\n\n\n\n<ul class=\"wp-block-list\">\n<li>Mayor masa muscular y fuerza<\/li>\n\n\n\n<li>Mayor rendimiento atl\u00e9tico<\/li>\n\n\n\n<li>Tiempo de recuperaci\u00f3n m\u00e1s r\u00e1pido<\/li>\n\n\n\n<li>Niveles de energ\u00eda mejorados<\/li>\n\n\n\n<li>Aumento de la densidad \u00f3sea<\/li>\n\n\n\n<li>Niveles de testosterona equilibrados<\/li>\n\n\n\n<li>Mejor libido<\/li>\n<\/ul>\n\n\n\n<h2 class=\"wp-block-heading\"><strong>Sobredosis<\/strong><\/h2>\n\n\n\n<p><strong><u>Nota: No recomendamos el uso indebido ni la sobredosis de este medicamento, ya que puede provocar efectos potencialmente mortales. A continuaci\u00f3n, se detallan los posibles efectos secundarios que pueden producirse en caso de sobredosis.<\/u><\/strong><\/p>\n\n\n\n<ul class=\"wp-block-list\">\n<li>Toxicidad hep\u00e1tica<\/li>\n\n\n\n<li>Ginecomastia<\/li>\n\n\n\n<li>Hipertensi\u00f3n<\/li>\n\n\n\n<li>Aumento de la retenci\u00f3n de agua<\/li>\n\n\n\n<li>Desequilibrio hormonal<\/li>\n<\/ul>\n\n\n\n<h2 class=\"wp-block-heading\"><strong>Conexi\u00f3n con proveedores de Test-E 250 mg<\/strong><\/h2>\n\n\n\n<p>Compre Prueba-E 250 conect\u00e1ndose con proveedores de confianza como <strong>MedsExporter.com<\/strong>. Garantizamos medicamentos de alta calidad a precios razonables y aceptamos pedidos personalizados. Nuestros medicamentos de calidad estandarizada se entregan manteniendo intacta su seguridad y eficacia. Con m\u00e1s de una d\u00e9cada de experiencia como proveedores, suministramos este medicamento a numerosos mayoristas, distribuidores y proveedores de atenci\u00f3n m\u00e9dica.<\/p>\n\n\n\n<h2 class=\"wp-block-heading\"><strong>Entrega segura y protegida<\/strong><\/h2>\n\n\n\n<p>A diferencia de las farmac\u00e9uticas que fabrican medicamentos de la m\u00e1xima calidad pero no los entregan intactos, nosotros nos preocupamos mucho por la seguridad de su pedido hasta que le llega. Nuestros socios log\u00edsticos entregan cada paquete de forma responsable, sea cual sea el volumen del pedido.<\/p>\n\n\n\n<h2 class=\"wp-block-heading\"><strong>Atenci\u00f3n al cliente 24*7<\/strong><\/h2>\n\n\n\n<p>Incluso si tiene alguna duda en mitad de la noche, le aseguramos que recibir\u00e1 una respuesta activa. Nuestros excelentes servicios de atenci\u00f3n al cliente son tan populares como nuestros productos. No dude en ponerse en contacto con nosotros en cualquier momento, estamos disponibles 24*7.<\/p>\n\n\n\n<h2 class=\"wp-block-heading\"><strong>Preguntas frecuentes<\/strong><\/h2>\n\n\n\n<h3 class=\"wp-block-heading\"><strong>\u00bfPuede mejorar el crecimiento muscular?<\/strong><\/h3>\n\n\n\n<p>S\u00ed, Delatestryl mejora el crecimiento muscular con un aumento visible de la masa y la fuerza muscular. Promete el crecimiento y el desarrollo muscular gracias a la estimulaci\u00f3n de la s\u00edntesis de prote\u00ednas y a la mejora de la retenci\u00f3n de nitr\u00f3geno en los m\u00fasculos.<\/p>\n\n\n\n<h3 class=\"wp-block-heading\"><strong>\u00bfCu\u00e1nto dura?<\/strong><\/h3>\n\n\n\n<p>Se espera que la eficacia de la <strong>inyecci\u00f3n de Prueba-E 250 mg<\/strong> dure hasta 2 o 3 semanas despu\u00e9s de la administraci\u00f3n. Seg\u00fan los fabricantes, este esteroide puede permanecer activo en el cuerpo durante aproximadamente 10 a 14 d\u00edas solamente.<\/p>\n\n\n\n<h3 class=\"wp-block-heading\"><strong>\u00bfPueden las mujeres usarlo con seguridad?<\/strong><\/h3>\n\n\n\n<p>Por lo general, esta inyecci\u00f3n de esteroides no est\u00e1 destinada a ser utilizada por mujeres debido a sus fuertes efectos androg\u00e9nicos que provocan virilizaci\u00f3n en ellas. Si se utiliza de todos modos, se observan efectos secundarios graves, como un tono de voz m\u00e1s grave, crecimiento de vello facial y rasgos m\u00e1s masculinos.<\/p>\n\n\n\n<h3 class=\"wp-block-heading\"><strong>\u00bfCu\u00e1l es el precio al por mayor de Prueba-E 250mg?<\/strong><\/h3>\n\n\n\n<p>El proveedor, el volumen de pedidos y las tendencias de precios en el mercado son algunos de los factores que afectan el precio mayorista de <strong>Prueba-E 250 mg<\/strong>. Para obtener precios razonables y productos de calidad garantizada, haga su pedido en <strong>MedsExporter.com<\/strong>.<\/p>\n\n\n\n<h3 class=\"wp-block-heading\"><strong>\u00bfPueden utilizar Prueba-E 250 mg las personas mayores?<\/strong><\/h3>\n\n\n\n<p>Puede utilizarse en personas mayores bajo supervisi\u00f3n m\u00e9dica \u00fanicamente. En concreto, se prescribe a varones mayores para tratar la deficiencia de testosterona. Sin embargo, es recomendable tomar las precauciones necesarias para minimizar el riesgo de efectos adversos y afecciones m\u00e9dicas como agrandamiento de pr\u00f3stata y riesgos cardiovasculares.<\/p>\n","protected":false},"excerpt":{"rendered":"<p>La inyecci\u00f3n de esteroides para culturismo <strong>Prueba-E 250 mg\/ml<\/strong> (enantato de testosterona) es popular por el crecimiento muscular, la fuerza y \u200b\u200bla resistencia. Compre Delatestryl de alta calidad en l\u00ednea de los mejores proveedores para obtener los mejores precios y beneficios de calidad.<\/p>","protected":false},"featured_media":0,"template":"","meta":{"_glsr_average":0,"_glsr_ranking":0,"_glsr_reviews":0},"product_brand":[],"product_cat":[3936],"product_tag":[],"product_form":[4133],"class_list":{"0":"post-50774","1":"product","2":"type-product","3":"status-publish","5":"product_cat-medicina-de-musculacion-fabricantes-en-india","6":"product_form-inyeccion-fabricante-en-india","8":"first","9":"instock","10":"shipping-taxable","11":"purchasable","12":"product-type-variable"},"_links":{"self":[{"href":"https:\/\/www.medsexporter.com\/es\/wp-json\/wp\/v2\/product\/50774","targetHints":{"allow":["GET"]}}],"collection":[{"href":"https:\/\/www.medsexporter.com\/es\/wp-json\/wp\/v2\/product"}],"about":[{"href":"https:\/\/www.medsexporter.com\/es\/wp-json\/wp\/v2\/types\/product"}],"wp:attachment":[{"href":"https:\/\/www.medsexporter.com\/es\/wp-json\/wp\/v2\/media?parent=50774"}],"wp:term":[{"taxonomy":"product_brand","embeddable":true,"href":"https:\/\/www.medsexporter.com\/es\/wp-json\/wp\/v2\/product_brand?post=50774"},{"taxonomy":"product_cat","embeddable":true,"href":"https:\/\/www.medsexporter.com\/es\/wp-json\/wp\/v2\/product_cat?post=50774"},{"taxonomy":"product_tag","embeddable":true,"href":"https:\/\/www.medsexporter.com\/es\/wp-json\/wp\/v2\/product_tag?post=50774"},{"taxonomy":"product_form","embeddable":true,"href":"https:\/\/www.medsexporter.com\/es\/wp-json\/wp\/v2\/product_form?post=50774"}],"curies":[{"name":"wp","href":"https:\/\/api.w.org\/{rel}","templated":true}]}}