{"id":50654,"date":"2024-04-25T10:15:41","date_gmt":"2024-04-25T10:15:41","guid":{"rendered":"https:\/\/medsexporter.com\/product\/test-cipionato-inyeccion\/"},"modified":"2024-08-01T10:55:50","modified_gmt":"2024-08-01T10:55:50","slug":"test-cipionato-inyeccion","status":"publish","type":"product","link":"https:\/\/www.medsexporter.com\/es\/product\/test-cipionato-inyeccion\/","title":{"rendered":"Test-cipionato Inyecci\u00f3n"},"content":{"rendered":"\n<h2 class=\"wp-block-heading\"><strong>Informaci\u00f3n sobre el test-cipionato<\/strong><\/h2>\n\n\n\n<p>El testcipionato es un esteroide anabolizante que se utiliza para tratar el hipogonadismo en los hombres y en el culturismo. Se comercializa bajo la marca depo-testosterona. Se compone de un ingrediente activo, cipionato de testosterona, y se utiliza con eficacia para promover el rendimiento deportivo y el crecimiento muscular y hacer frente a las deficiencias de testosterona en el cuerpo. Est\u00e1 disponible en la fuerza de 250\/ml con 1 mill\u00f3n de ampollas por mes y asegura el suministro eficiente en todo el mundo.<\/p>\n\n\n\n<p>Test Cipionato Esteroide es una droga esteroide que pertenece a las clases de esteroides anab\u00f3licos. Se compone de cipionato de testosterona, que es una versi\u00f3n sint\u00e9tica de la hormona sexual natural, la testosterona en los hombres. Esta droga se produce bajo la marca, depo-testosterona y es utilizado por los culturistas y los hombres que quieren tratar los niveles de testosterona en sus cuerpos.<\/p>\n\n\n\n<h2 class=\"wp-block-heading\"><strong>\u00bfPara qu\u00e9 sirve el Test-cipionato?<\/strong><\/h2>\n\n\n\n<p>El test-cipionato se utiliza para varios fines y consiste:<\/p>\n\n\n\n<ul class=\"wp-block-list\">\n<li><strong>Culturismo<\/strong> -Test-C es utilizado por los culturistas para aumentar su fuerza, resistencia y masa muscular. Facilita la s\u00edntesis de prote\u00ednas retenci\u00f3n de nitr\u00f3geno y conduce al crecimiento muscular.<\/li>\n\n\n\n<li><strong>Hipogonadismo masculino<\/strong>&#8211; Este medicamento es utilizado por hombres con bajos niveles de testosterona debido a condiciones como el hipogonadismo primario o secundario. Les ayuda a conseguir sus niveles normales de testosterona, y mejorar el estado de \u00e1nimo, las funciones sexuales y el bienestar.<\/li>\n\n\n\n<li><strong>Rendimiento atl\u00e9tico<\/strong>&#8211; Test-C esteroide es utilizado por los atletas para impulsar su crecimiento muscular y el rendimiento y garantizar una r\u00e1pida recuperaci\u00f3n despu\u00e9s de los entrenamientos.<\/li>\n<\/ul>\n\n\n\n<h2 class=\"wp-block-heading\"><strong>Test-cipionato Formularios Informaci\u00f3n<\/strong><\/h2>\n\n\n\n<p>Los medicamentos Test-cipionato est\u00e1n disponibles en forma de ampollas inyectables, cada una de las cuales contiene 250 mg\/ml. Esta forma inyectable garantiza la r\u00e1pida absorci\u00f3n y liberaci\u00f3n de testosterona del cuerpo masculino al torrente sangu\u00edneo y brinda resultados duraderos a los usuarios.<\/p>\n\n\n\n<h2 class=\"wp-block-heading\"><strong>\u00bfC\u00f3mo funciona el Test-cipionato?<\/strong><\/h2>\n\n\n\n<p>Los esteroids de <strong>Test-cipionato<\/strong> act\u00faan iniciando la acci\u00f3n de los niveles naturales de testosterona en el organismo. Una vez que se inyecta en el cuerpo, cipionato de testosterona (Testorix C) se absorbe r\u00e1pidamente en el torrente sangu\u00edneo y se une a los receptores de andr\u00f3genos en las c\u00e9lulas musculares. Esta uni\u00f3n inicia la serie de procesos anab\u00f3licos, incluyendo la retenci\u00f3n de nitr\u00f3geno y la s\u00edntesis de prote\u00ednas, y da como resultado un gran rendimiento y crecimiento muscular.<\/p>\n\n\n\n<h2 class=\"wp-block-heading\"><strong>Beneficios potenciales<\/strong><\/h2>\n\n\n\n<p>Hay varios beneficios de usar el esteroide <strong>Test-cipionato<\/strong> como sigue:<\/p>\n\n\n\n<ul class=\"wp-block-list\">\n<li><strong>Aumentar la masa muscular<\/strong>&#8211; Test-C ayuda a promover la hipertrofia muscular y hace que sea la mejor opci\u00f3n para los culturistas y atletas.<\/li>\n\n\n\n<li><strong>Mayor fuerza<\/strong>&#8211; Los usuarios que utilizan este medicamento observan mejoras en su fuerza y energ\u00eda.<\/li>\n\n\n\n<li><strong>Mejorar la recuperaci\u00f3n r\u00e1pida<\/strong>&#8211; Este esteroide anab\u00f3lico se utiliza para mejorar la recuperaci\u00f3n de los entrenamientos pesados y le ayudar\u00e1 en su viaje de culturismo.<\/li>\n\n\n\n<li><strong>Aumentar la libido<\/strong>&#8211; <strong>Test-cipionato<\/strong> es utilizado por los hombres con bajos niveles de testosterona, ya que les ayuda a mejorar su rendimiento y deseo sexual.<\/li>\n\n\n\n<li><strong>Mejorar el estado de \u00e1nimo<\/strong>&#8211; Este medicamento ayuda a mejorar el estado de \u00e1nimo y el bienestar mediante la restauraci\u00f3n de los niveles de testosterona.<\/li>\n<\/ul>\n\n\n\n<h2 class=\"wp-block-heading\"><strong>Test-cipionato Sobredosis<\/strong><\/h2>\n\n\n\n<p>Si usted toma una sobredosis de test cipionato, entonces puede causar algunos efectos secundarios, como<\/p>\n\n\n\n<ul class=\"wp-block-list\">\n<li><strong>Desequilibrios hormonales:<\/strong> Una dosis elevada de testosterona puede alterar el equilibrio hormonal natural del cuerpo humano.<\/li>\n\n\n\n<li><strong>Problemas cardiovasculares:<\/strong> Las dosis altas pueden provocar problemas relacionados con el coraz\u00f3n.<\/li>\n\n\n\n<li><strong>Toxicidad hep\u00e1tica:<\/strong> Si utiliza el Test-cipionato en sobredosis, entonces afectar\u00e1 el funcionamiento de su h\u00edgado.<\/li>\n\n\n\n<li><strong>Efectos Psicol\u00f3gicos:<\/strong> Usted tambi\u00e9n puede enfrentar efectos secundarios, Agresi\u00f3n, cambios de humor y problemas psicol\u00f3gicos con el exceso de dosis de este medicamento.<\/li>\n<\/ul>\n\n\n\n<h2 class=\"wp-block-heading\"><strong>El precio al por mayor de Test-cipionato<\/strong><\/h2>\n\n\n\n<p>El precio al por mayor de <strong>Test-cipionato<\/strong> esteroides var\u00eda en funci\u00f3n de varios factores, como la cantidad de la orden, el proveedor y la ubicaci\u00f3n. Nosotros, como proveedores de confianza <strong>MedsExporter.com<\/strong>, le ofrecemos descuentos y ofertas en Test-C. Si usted pone una orden a granel a trav\u00e9s de nosotros, usted obtiene descuentos de nosotros y ahorrar su dinero.<\/p>\n\n\n\n<h2 class=\"wp-block-heading\"><strong>Conexi\u00f3n con los proveedores de Test-C<\/strong><\/h2>\n\n\n\n<p>Mientras se conecta con los proveedores de Test-C para realizar su pedido, debe tener en cuenta algunas cosas que se indican a continuaci\u00f3n.<\/p>\n\n\n\n<ul class=\"wp-block-list\">\n<li><strong>Directorios en l\u00ednea<\/strong>&#8211; debe utilizar los directorios en l\u00ednea para encontrar proveedores fiables.<\/li>\n\n\n\n<li><strong>Asistir a eventos<\/strong>&#8211; Se sugiere asistir a los eventos farmac\u00e9uticos para establecer contactos con proveedores de confianza.<\/li>\n\n\n\n<li><strong>Plataformas en l\u00ednea<\/strong> &#8211; Tambi\u00e9n puedes utilizar plataformas B2B para conectar con proveedores fiables de todo el mundo y asegurarte de la calidad del esteroide Test-cipionato a la hora de comprar.<\/li>\n<\/ul>\n\n\n\n<h2 class=\"wp-block-heading\"><strong>Seguridad y precauciones<\/strong><\/h2>\n\n\n\n<p>Hay algunos consejos de seguridad y precauciones que deben tomarse al empezar a usar Test-cipionato.<\/p>\n\n\n\n<ul class=\"wp-block-list\">\n<li><strong>Consulte con su m\u00e9dico<\/strong>&#8211; Se sugiere que los pacientes consulten con su m\u00e9dico antes de empezar a usar Test-cipionato.<\/li>\n\n\n\n<li><strong>Dosis correcta<\/strong>&#8211; Durante el uso de Test-cipionato, debe adherirse a las dosis adecuadas para evitar los peores efectos.<\/li>\n\n\n\n<li><strong>Evite el uso excesivo<\/strong>&#8211; El uso excesivo de cipionato de test puede causar efectos secundarios en su cuerpo y conducir a problemas de salud graves.<\/li>\n\n\n\n<li><strong>Controle su salud<\/strong>&#8211; Debe someterse a revisiones corporales peri\u00f3dicas para controlar su salud y comprobar c\u00f3mo responde a este medicamento.<\/li>\n<\/ul>\n\n\n\n<h2 class=\"wp-block-heading\"><strong>Preguntas frecuentes<\/strong><\/h2>\n\n\n\n<h3 class=\"wp-block-heading\"><strong>\u00bfC\u00f3mo reacciona el Test-cipionato en el organismo?<\/strong><\/h3>\n\n\n\n<p>Test-cipionato aumenta los niveles de testosterona en el cuerpo y mejora el crecimiento muscular, el rendimiento y la fuerza.<\/p>\n\n\n\n<h3 class=\"wp-block-heading\"><strong>\u00bfEs seguro para los ni\u00f1os?<\/strong><\/h3>\n\n\n\n<p>No, no es seguro para los ni\u00f1os, y tal vez debido a los efectos secundarios llamados \u00abs\u00edndrome de jadeo\u00bb.<\/p>\n\n\n\n<h3 class=\"wp-block-heading\"><strong>\u00bfCu\u00e1l es el precio al por mayor del Test-cipionato?<\/strong><\/h3>\n\n\n\n<p>El precio al por mayor del Test-cipionato depende del n\u00famero de pedidos y de proveedores.<\/p>\n\n\n\n<h3 class=\"wp-block-heading\"><strong>\u00bfCu\u00e1nto dura?<\/strong><\/h3>\n\n\n\n<p>Los efectos de Test-C durante 10-12 semanas.<\/p>\n\n\n\n<h3 class=\"wp-block-heading\"><strong>\u00bfEs seguro el uso de Test-cipionato a largo plazo?<\/strong><\/h3>\n\n\n\n<p>S\u00ed, puede utilizar el Test-C a largo plazo, pero antes debe consultar con su m\u00e9dico.<\/p>\n\n\n\n<h3 class=\"wp-block-heading\"><strong>\u00bfC\u00f3mo guardarlo?<\/strong><\/h3>\n\n\n\n<p>Nosotros, como fabricantes l\u00edderes de Test-cipionato, sugerimos que almacene Test-C a una temperatura de 20\u00b0 a 25\u00b0C (68\u00b0 a 77\u00b0F), lejos de la luz.<\/p>\n","protected":false},"excerpt":{"rendered":"Informaci\u00f3n sobre el test-cipionato El testcipionato es un esteroide anabolizante que se utiliza para tratar el hipogonadismo en los hombres y en el culturismo. Se comercializa bajo la marca depo-testosterona. Se compone de un ingrediente activo, cipionato de testosterona, y se utiliza con eficacia para promover el rendimiento deportivo y el crecimiento muscular y hacer [&hellip;]","protected":false},"featured_media":48718,"template":"","meta":{"_glsr_average":0,"_glsr_ranking":0,"_glsr_reviews":0},"product_brand":[],"product_cat":[3936],"product_tag":[],"product_form":[4133],"class_list":{"0":"post-50654","1":"product","2":"type-product","3":"status-publish","4":"has-post-thumbnail","6":"product_cat-medicina-de-musculacion-fabricantes-en-india","7":"product_form-inyeccion-fabricante-en-india","9":"first","10":"instock","11":"shipping-taxable","12":"purchasable","13":"product-type-variable"},"_links":{"self":[{"href":"https:\/\/www.medsexporter.com\/es\/wp-json\/wp\/v2\/product\/50654","targetHints":{"allow":["GET"]}}],"collection":[{"href":"https:\/\/www.medsexporter.com\/es\/wp-json\/wp\/v2\/product"}],"about":[{"href":"https:\/\/www.medsexporter.com\/es\/wp-json\/wp\/v2\/types\/product"}],"wp:featuredmedia":[{"embeddable":true,"href":"https:\/\/www.medsexporter.com\/es\/wp-json\/wp\/v2\/media\/48718"}],"wp:attachment":[{"href":"https:\/\/www.medsexporter.com\/es\/wp-json\/wp\/v2\/media?parent=50654"}],"wp:term":[{"taxonomy":"product_brand","embeddable":true,"href":"https:\/\/www.medsexporter.com\/es\/wp-json\/wp\/v2\/product_brand?post=50654"},{"taxonomy":"product_cat","embeddable":true,"href":"https:\/\/www.medsexporter.com\/es\/wp-json\/wp\/v2\/product_cat?post=50654"},{"taxonomy":"product_tag","embeddable":true,"href":"https:\/\/www.medsexporter.com\/es\/wp-json\/wp\/v2\/product_tag?post=50654"},{"taxonomy":"product_form","embeddable":true,"href":"https:\/\/www.medsexporter.com\/es\/wp-json\/wp\/v2\/product_form?post=50654"}],"curies":[{"name":"wp","href":"https:\/\/api.w.org\/{rel}","templated":true}]}}