{"id":50642,"date":"2024-04-25T10:06:03","date_gmt":"2024-04-25T10:06:03","guid":{"rendered":"https:\/\/medsexporter.com\/product\/tableta-t-3\/"},"modified":"2024-08-01T09:15:54","modified_gmt":"2024-08-01T09:15:54","slug":"tableta-t-3","status":"publish","type":"product","link":"https:\/\/www.medsexporter.com\/es\/product\/tableta-t-3\/","title":{"rendered":"Tableta T-3"},"content":{"rendered":"\n<h2 class=\"wp-block-heading\"><strong>\u00bfQu\u00e9 es una tableta de T-3 (liotironina s\u00f3dica)?<\/strong><\/h2>\n\n\n\n<p>La tableta T-3 es uno de los suplementos para el culturismo m\u00e1s famosos. Se comercializa con el nombre de liotironina y est\u00e1 disponible en dosis de 25 mcg. La liotironina s\u00f3dica es el principal ingrediente activo de este f\u00e1rmaco, que imita la T-3, la hormona tiroidea natural producida por el cuerpo, para proporcionar los beneficios necesarios para el culturismo. Este medicamento tambi\u00e9n es un tratamiento fiable para el hipogonadismo masculino.<\/p>\n\n\n\n<p>Para pedidos al por mayor o consultas, no dude en ponerse en contacto con uno de los mejores proveedores y mayoristas MedsExporter.com al +91 98 98972449 o sales@medsexporter.com.<\/p>\n\n\n\n<h2 class=\"wp-block-heading\"><strong>Usos de la tableta T-3<\/strong><\/h2>\n\n\n\n<ul class=\"wp-block-list\">\n<li>Los culturistas utilizan las tabletas de T-3 para aumentar el \u00edndice metab\u00f3lico y promover un f\u00edsico m\u00e1s esbelto. Se prefieren principalmente para el crecimiento de masa muscular magra y para mantener el metabolismo durante los entrenamientos.<\/li>\n\n\n\n<li>Tambi\u00e9n se utiliza en pacientes con hipogonadismo masculino (cuando el hombre tiene una deficiencia hormonal) para corregir las deficiencias de la hormona tiroidea y mejorar la calidad de vida.<\/li>\n<\/ul>\n\n\n\n<h2 class=\"wp-block-heading\"><strong>Informaci\u00f3n sobre la patente T-3<\/strong><\/h2>\n\n\n\n<p>Compre tabletas T-3 en l\u00ednea de fabricantes y proveedores confiables para asegurarse de comprar solo medicamentos patentados. Por ejemplo, MedsExporter.com ha optimizado los procesos de pedido para una comodidad \u00f3ptima y medicamentos de alta calidad enviados desde nuestro almac\u00e9n. A cada lote se le asigna una identificaci\u00f3n \u00fanica para el control de calidad y la trazabilidad de la garant\u00eda estandarizada.<\/p>\n\n\n\n<h2 class=\"wp-block-heading\"><strong>\u00bfComo funciona?<\/strong><\/h2>\n\n\n\n<p>El contenido de liotironina s\u00f3dica de este f\u00e1rmaco imita la hormona natural triyodotironina (T3) producida por la gl\u00e1ndula tiroides. Esta hormona es responsable de varios procesos metab\u00f3licos y de proporcionar la energ\u00eda necesaria al cuerpo para participar en las actividades de la vida diaria. Al imitar esta hormona y aumentar los niveles de T3 en el cuerpo, este f\u00e1rmaco proporciona una dosis de energ\u00eda instant\u00e1nea que acelera la tasa metab\u00f3lica necesaria para los entrenamientos intensivos.<\/p>\n\n\n\n<p>Los culturistas pueden participar en sesiones de HIIT con toda la energ\u00eda y avanzar hacia sus objetivos de fitness sin problemas. Por otro lado, los pacientes con hipogonadismo masculino con deficiencia de T3 pueden recibir un refuerzo y alcanzar los niveles deseados de T3 para eliminar las molestias causadas por la deficiencia de esta hormona.<\/p>\n\n\n\n<h2 class=\"wp-block-heading\"><strong>Beneficios potenciales<\/strong><\/h2>\n\n\n\n<ul class=\"wp-block-list\">\n<li>Proporciona un impulso instant\u00e1neo al metabolismo.<\/li>\n\n\n\n<li>Fomenta el crecimiento de masa muscular magra.<\/li>\n\n\n\n<li>Promueve la p\u00e9rdida de grasa<\/li>\n\n\n\n<li>Aumenta la confianza, el estado de \u00e1nimo y las funciones cognitivas.<\/li>\n\n\n\n<li>Mejora los niveles de energ\u00eda.<\/li>\n<\/ul>\n\n\n\n<h2 class=\"wp-block-heading\"><strong>Precio al por mayor de la tableta T-3<\/strong><\/h2>\n\n\n\n<p>Para obtener el precio m\u00e1s competitivo de las tabletas T-3, comun\u00edquese con nuestro equipo de ventas aqu\u00ed en sales@medsexporter.com. Somos uno de los mejores y m\u00e1s rentables mayoristas de medicamentos T-3, y facilitamos el env\u00edo a todo el mundo de medicamentos con una calidad 100 % garantizada. \u00a1Env\u00ede sus consultas para obtener cotizaciones personalizadas ahora!<\/p>\n\n\n\n<h2 class=\"wp-block-heading\"><strong>M\u00e9todo de pago seguro y confiable<\/strong><\/h2>\n\n\n\n<p>Nuestra pasarela de pago est\u00e1 protegida con un certificado SSL para que puedas realizar pagos sin ning\u00fan problema. Tus datos de pago est\u00e1n 100 % seguros y los pagos se procesan de forma r\u00e1pida y c\u00f3moda. Todo ello con la m\u00e1xima seguridad para tu tranquilidad.<\/p>\n\n\n\n<h2 class=\"wp-block-heading\"><strong>\u00bfCu\u00e1l es la condici\u00f3n de almacenamiento recomendada para una pastilla T-3?<\/strong><\/h2>\n\n\n\n<p>Este medicamento se mantiene idealmente por debajo de 25 grados cent\u00edgrados, lejos de la humedad temperaturas extremas. Aseg\u00farese de que est\u00e1 fuera del alcance de los animales dom\u00e9sticos y los ni\u00f1os.<\/p>\n\n\n\n<h2 class=\"wp-block-heading\"><strong>Precauciones y seguridad<\/strong><\/h2>\n\n\n\n<ul class=\"wp-block-list\">\n<li>No compre comprimidos de T-3 sin receta.<\/li>\n\n\n\n<li>Los culturistas deben verificar la elegibilidad discutir las expectativas antes de iniciar el tratamiento con este medicamento.<\/li>\n\n\n\n<li>Puede no ser una opci\u00f3n ideal para pacientes con enfermedades cardiovasculares preexistentes o trastornos tiroideos.<\/li>\n\n\n\n<li>Si tiene la intenci\u00f3n de utilizarlo espec\u00edficamente para la deficiencia de tiroides, p\u00f3ngase en contacto con su profesional de la salud y obtenga una orientaci\u00f3n completa antes de proceder con este medicamento.<\/li>\n\n\n\n<li>No lo utilice nunca durante el embarazo o la lactancia si no est\u00e1 aconsejado por un profesional m\u00e9dico.<\/li>\n\n\n\n<li>Evitar su uso en menores de 18 a\u00f1os.<\/li>\n<\/ul>\n\n\n\n<h2 class=\"wp-block-heading\"><strong>Preguntas frecuentes<\/strong><\/h2>\n\n\n\n<h3 class=\"wp-block-heading\"><strong>\u00bfSon seguros los suplementos de T-3 para un uso prolongado?<\/strong><\/h3>\n\n\n\n<p>En general, los suplementos de T-3 son seguros para el uso a largo plazo, pero deben preferirse para un uso prolongado s\u00f3lo bajo control regular.<\/p>\n\n\n\n<h3 class=\"wp-block-heading\"><strong>\u00bfEs bueno para la tiroides?<\/strong><\/h3>\n\n\n\n<p>T-3 suplemento de culturismo aumenta los niveles de triyodotironina (una de las hormonas tiroideas vitales) en el cuerpo. En caso de que usted es deficiente en T-3 o tiene este trastorno de la hormona tiroidea, este medicamento puede ayudar. Sin embargo, no proceda con este suplemento sin consultar a un especialista en tiroides.<\/p>\n\n\n\n<h3 class=\"wp-block-heading\"><strong>\u00bfC\u00f3mo conectar con los fabricantes y proveedores de tabletas T-3?<\/strong><\/h3>\n\n\n\n<p>Simplemente p\u00f3ngase en contacto con MedsExporter.com y todas sus consultas relacionadas con fabricantes y proveedores se disolver\u00e1n. Usted puede optar por explorar nuestro sitio y hacer un pedido a granel. O, dejar caer las investigaciones relativas a las compras a granel, si est\u00e1 interesado.<\/p>\n\n\n\n<h3 class=\"wp-block-heading\"><strong>\u00bfPuedo utilizarlo durante el embarazo?<\/strong><\/h3>\n\n\n\n<p>Informe a su m\u00e9dico de su estado de embarazo mientras le est\u00e9 recetando este medicamento. Proceda a utilizarlo s\u00f3lo si el m\u00e9dico se lo permite.<\/p>\n\n\n\n<h3 class=\"wp-block-heading\">\u00bfEs seguro para los ni\u00f1os?<\/h3>\n\n\n\n<p>Los ni\u00f1os no deben utilizar comprimidos de T-3 como suplementos de culturismo porque puede tener efectos perjudiciales para la salud.<\/p>\n","protected":false},"excerpt":{"rendered":"\u00bfQu\u00e9 es una tableta de T-3 (liotironina s\u00f3dica)? La tableta T-3 es uno de los suplementos para el culturismo m\u00e1s famosos. Se comercializa con el nombre de liotironina y est\u00e1 disponible en dosis de 25 mcg. La liotironina s\u00f3dica es el principal ingrediente activo de este f\u00e1rmaco, que imita la T-3, la hormona tiroidea natural [&hellip;]","protected":false},"featured_media":48723,"template":"","meta":{"_glsr_average":0,"_glsr_ranking":0,"_glsr_reviews":0},"product_brand":[],"product_cat":[3936],"product_tag":[],"product_form":[4097],"class_list":{"0":"post-50642","1":"product","2":"type-product","3":"status-publish","4":"has-post-thumbnail","6":"product_cat-medicina-de-musculacion-fabricantes-en-india","7":"product_form-fabricante-de-tabletas-en-india","9":"first","10":"instock","11":"shipping-taxable","12":"purchasable","13":"product-type-variable"},"_links":{"self":[{"href":"https:\/\/www.medsexporter.com\/es\/wp-json\/wp\/v2\/product\/50642","targetHints":{"allow":["GET"]}}],"collection":[{"href":"https:\/\/www.medsexporter.com\/es\/wp-json\/wp\/v2\/product"}],"about":[{"href":"https:\/\/www.medsexporter.com\/es\/wp-json\/wp\/v2\/types\/product"}],"wp:featuredmedia":[{"embeddable":true,"href":"https:\/\/www.medsexporter.com\/es\/wp-json\/wp\/v2\/media\/48723"}],"wp:attachment":[{"href":"https:\/\/www.medsexporter.com\/es\/wp-json\/wp\/v2\/media?parent=50642"}],"wp:term":[{"taxonomy":"product_brand","embeddable":true,"href":"https:\/\/www.medsexporter.com\/es\/wp-json\/wp\/v2\/product_brand?post=50642"},{"taxonomy":"product_cat","embeddable":true,"href":"https:\/\/www.medsexporter.com\/es\/wp-json\/wp\/v2\/product_cat?post=50642"},{"taxonomy":"product_tag","embeddable":true,"href":"https:\/\/www.medsexporter.com\/es\/wp-json\/wp\/v2\/product_tag?post=50642"},{"taxonomy":"product_form","embeddable":true,"href":"https:\/\/www.medsexporter.com\/es\/wp-json\/wp\/v2\/product_form?post=50642"}],"curies":[{"name":"wp","href":"https:\/\/api.w.org\/{rel}","templated":true}]}}