{"id":50630,"date":"2024-04-25T09:52:48","date_gmt":"2024-04-25T09:52:48","guid":{"rendered":"https:\/\/medsexporter.com\/product\/sustamix-250-mg-vial\/"},"modified":"2024-08-01T07:43:20","modified_gmt":"2024-08-01T07:43:20","slug":"sustamix-250-mg-vial","status":"publish","type":"product","link":"https:\/\/medsexporter.com\/es\/product\/sustamix-250-mg-vial\/","title":{"rendered":"Sustamix 250 mg \/vial"},"content":{"rendered":"\n<h2 class=\"wp-block-heading\"><strong>Sustamix 250 mg \/vial (Inyecci\u00f3n de mezcla de testosterona)<\/strong><\/h2>\n\n\n\n<p><strong>Sustamix 250mg\/vial<\/strong> es el compuesto de mezcla de testosterona que ayuda en el culturismo y trata el hipogonadismo masculino. Se hace de un compuesto de la mezcla de la testosterona y da un proceso equilibrado y sostenido del lanzamiento de la testosterona. Hace esta medicaci\u00f3n la opci\u00f3n correcta para los atletas, los culturistas, y los individuos que est\u00e1n pasando con el tratamiento del reemplazo de la hormona.<\/p>\n\n\n\n<h2 class=\"wp-block-heading\"><strong>\u00bfQu\u00e9 es Sustamix 250mg \/vial?<\/strong><\/h2>\n\n\n\n<p><strong>Sustamix 250mg \/vial<\/strong> es llamado por la marca Sustanon 250. Es un compuesto de mezcla de testosterona que trabaja para liberar la testosterona en el torrente sangu\u00edneo y ayuda a tratar el hipogonadismo en los hombres. Cada vial consiste en una mezcla de \u00e9steres de testosterona que le proporcionan efectos duraderos e inmediatos.<\/p>\n\n\n\n<h2 class=\"wp-block-heading\"><strong>Usos de Sustamix 250mg<\/strong><\/h2>\n\n\n\n<p>Sustamix 250 se utiliza para m\u00faltiples fines, como se indica a continuaci\u00f3n:<\/p>\n\n\n\n<ul class=\"wp-block-list\">\n<li><strong>Culturismo <\/strong>&#8211; Sustamix 250mg\/vial ayuda a mejorar la masa muscular, el rendimiento y la fuerza.<\/li>\n\n\n\n<li><strong>Hipogonadismo masculino<\/strong> &#8211; este medicamento se utiliza para tratar los niveles bajos de testosterona en el organismo de los hombres y mejorar el estado de \u00e1nimo, la energ\u00eda y la libido.<\/li>\n<\/ul>\n\n\n\n<h2 class=\"wp-block-heading\"><strong>Formas y dosis de Sustamix<\/strong><\/h2>\n\n\n\n<p>Sustamix 250 mg se presenta en forma de vial, y cada vial contiene 250 mg de compuesto mixto de testosterona. La dosis de Sustamix 250 mg var\u00eda de una inyecci\u00f3n de 1 ml cada 2 semanas a una inyecci\u00f3n de 1 ml cada 4 semanas.<\/p>\n\n\n\n<h2 class=\"wp-block-heading\"><strong>\u00bfC\u00f3mo funciona?<\/strong><\/h2>\n\n\n\n<p>Sustamix 250mg\/vial trabaja entregando el grupo de cuatro \u00e9steres de la testosterona, phenylpropionate de la testosterona, propionato de la testosterona, isocaproate de la testosterona, y decanoate de la testosterona. Estos \u00e9steres proporcionan una liberaci\u00f3n sostenida y r\u00e1pida de testosterona y garantizan el nivel adecuado de la hormona en el torrente sangu\u00edneo. Ayuda a aumentar la fuerza, el rendimiento y la clase muscular y a mejorar el bienestar.<\/p>\n\n\n\n<h2 class=\"wp-block-heading\"><strong>Beneficios de Sustamix 250<\/strong><\/h2>\n\n\n\n<p>\u00c9stos son los diversos beneficios de Sustamix 250:<\/p>\n\n\n\n<ul class=\"wp-block-list\">\n<li><strong>Aumento del crecimiento muscular:<\/strong> Este medicamento favorece el crecimiento de la masa muscular.<\/li>\n\n\n\n<li><strong>Aumenta la fuerza:<\/strong> Sustamix 250 ayuda a mejorar el rendimiento general y la fuerza.<\/li>\n\n\n\n<li><strong>Aumenta el rendimiento:<\/strong> Mejora el rendimiento atl\u00e9tico y la resistencia.<\/li>\n\n\n\n<li><strong>Sustituci\u00f3n hormonal:<\/strong> Este medicamento se utiliza para tratar los niveles bajos de testosterona y mejorar su bienestar.<\/li>\n<\/ul>\n\n\n\n<h2 class=\"wp-block-heading\"><strong>Conexi\u00f3n con los proveedores de Sustamix<\/strong><\/h2>\n\n\n\n<p>Nosotros, como el principal Sustamix 250 Proveedores, hacer la conexi\u00f3n de confianza con los dem\u00e1s proveedores en todo el mundo. Tenemos una capacidad de suministro de un mill\u00f3n de ampollas al mes y garantizamos que le proporcionaremos su Sustamix en grandes cantidades.<\/p>\n\n\n\n<h2 class=\"wp-block-heading\"><strong>Entrega r\u00e1pida y segura<\/strong><\/h2>\n\n\n\n<p>Nosotros, en <strong><a href=\"https:\/\/medsexporter.com\/es\/\">MedsExporter.com<\/a><\/strong> proporcionarle la entrega segura y r\u00e1pida de Sustamix. Nos aseguramos de que todos nuestros pedidos lleguen a los mayoristas, cl\u00ednicas y hospitales a tiempo y en excelentes condiciones. Nuestra red log\u00edstica est\u00e1 dise\u00f1ada para manejar pedidos a granel, hacer grandes env\u00edos, reducir los retrasos y proporcionar satisfacci\u00f3n a los clientes.<\/p>\n\n\n\n<h2 class=\"wp-block-heading\"><strong>\u00bfC\u00f3mo puedo hacer el seguimiento de mi pedido?<\/strong><\/h2>\n\n\n\n<p>Nuestro portal en l\u00ednea facilita el seguimiento de los pedidos. Proporcionamos el n\u00famero de seguimiento a mayoristas, cl\u00ednicas y hospitales que nos hacen pedidos. Una vez enviado el pedido, puede seguirlo f\u00e1cilmente mediante un ID o n\u00famero de seguimiento.<\/p>\n\n\n\n<h2 class=\"wp-block-heading\"><strong>Advertencias Precauciones<\/strong><\/h2>\n\n\n\n<p>Existen algunas advertencias y precauciones que debe tener en cuenta mientras utiliza Sustamix 250 mg.<\/p>\n\n\n\n<ul class=\"wp-block-list\">\n<li>Consulte a su m\u00e9dico antes de empezar a tomar este medicamento.<\/li>\n\n\n\n<li>No lo utilice si padece problemas de pr\u00f3stata o enfermedades cardiovasculares.<\/li>\n\n\n\n<li>Vigile su salud para detectar cualquier reacci\u00f3n adversa y pida consejo m\u00e9dico.<\/li>\n\n\n\n<li>Mant\u00e9ngalo alejado de los ni\u00f1os y gu\u00e1rdelo en un lugar seco y fresco.<\/li>\n<\/ul>\n\n\n\n<h2 class=\"wp-block-heading\"><strong>Atenci\u00f3n al cliente 24*7<\/strong><\/h2>\n\n\n\n<p>Contamos con un equipo de atenci\u00f3n al cliente dedicado que le proporciona asistencia 24 horas al d\u00eda, 7 d\u00edas a la semana. Nos ocupamos de sus consultas y preocupaciones relacionadas con Sustamix 250mg y resolverlos en un momento oportuno para proporcionar satisfacci\u00f3n.<\/p>\n\n\n\n<h2 class=\"wp-block-heading\"><strong>Preguntas frecuentes<\/strong><\/h2>\n\n\n\n<h3 class=\"wp-block-heading\"><strong>\u00bfEs seguro utilizar Sustamix 250mg\/vial?<\/strong><\/h3>\n\n\n\n<p>S\u00ed, es seguro utilizar Sustamix 250mg\/vial si lo toma siguiendo las instrucciones del m\u00e9dico. Debe utilizar este medicamento seg\u00fan la dosis y las pautas indicadas por los profesionales sanitarios.<\/p>\n\n\n\n<h3 class=\"wp-block-heading\"><strong>\u00bfPuede interactuar con otros suplementos?<\/strong><\/h3>\n\n\n\n<p>S\u00ed, <strong>Sustamix 250 mg<\/strong> interact\u00faa con otros suplementos y medicamentos. Por lo tanto, se sugiere que consulte con su m\u00e9dico si ya ha tomado alg\u00fan suplemento y la necesidad de comenzar esto tambi\u00e9n.<\/p>\n\n\n\n<h3 class=\"wp-block-heading\"><strong>\u00bfPuede utilizarse durante el embarazo?<\/strong><\/h3>\n\n\n\n<p>No, Sustamix 250 mg no se utiliza durante el embarazo. S\u00f3lo se fabrica para uso masculino para tratar el hipogonadismo.<\/p>\n\n\n\n<h3 class=\"wp-block-heading\"><strong>\u00bfC\u00f3mo debe conservarse Sustamix 250mg\/vial?<\/strong><\/h3>\n\n\n\n<p>Se recomienda almacenar Sustamix 250 a menos de 30 grados Celsius.<\/p>\n\n\n\n<h3 class=\"wp-block-heading\"><strong>\u00bfCu\u00e1l es el precio al por mayor de Sustamix 250mg\/vial?<\/strong><\/h3>\n\n\n\n<p>El precio al por mayor de <strong>Sustamix 250mg<\/strong> var\u00eda en funci\u00f3n de la cantidad de la orden y el proveedor. P\u00f3ngase en contacto con nosotros en <strong>MedsExporter.com<\/strong> para obtener informaci\u00f3n detallada sobre los precios de este medicamento.<\/p>\n\n\n\n<h3 class=\"wp-block-heading\"><strong>\u00bfC\u00f3mo lo guardo?<\/strong><\/h3>\n\n\n\n<p>Usted debe almacenar el Sustamix 250mg a temperatura ambiente, lejos del calor y la humedad. Aseg\u00farese de que se almacena en su envase original para mantener su eficacia a largo plazo.<\/p>\n\n\n\n<h2 class=\"wp-block-heading\">Otros medicamentos para el culturismo son :<\/h2>\n\n\n\n<p><a href=\"https:\/\/medsexporter.com\/es\/product\/anavar-culturismo\/\">Anavar Culturismo<\/a> | <a href=\"https:\/\/medsexporter.com\/es\/product\/masteron-inyeccion\/\">Masteron Inyecci\u00f3n<\/a> | Winstrol Culturismo | Test\u00f3rix C<\/p>\n","protected":false},"excerpt":{"rendered":"Sustamix 250 mg \/vial (Inyecci\u00f3n de mezcla de testosterona) Sustamix 250mg\/vial es el compuesto de mezcla de testosterona que ayuda en el culturismo y trata el hipogonadismo masculino. Se hace de un compuesto de la mezcla de la testosterona y da un proceso equilibrado y sostenido del lanzamiento de la testosterona. Hace esta medicaci\u00f3n la [&hellip;]","protected":false},"featured_media":48716,"template":"","meta":{"_glsr_average":0,"_glsr_ranking":0,"_glsr_reviews":0},"product_brand":[],"product_cat":[3936],"product_tag":[],"product_form":[4149],"class_list":{"0":"post-50630","1":"product","2":"type-product","3":"status-publish","4":"has-post-thumbnail","6":"product_cat-medicina-de-musculacion-fabricantes-en-india","7":"product_form-ampolla-fabricantes-en-india","9":"first","10":"instock","11":"shipping-taxable","12":"purchasable","13":"product-type-variable"},"_links":{"self":[{"href":"https:\/\/medsexporter.com\/es\/wp-json\/wp\/v2\/product\/50630","targetHints":{"allow":["GET"]}}],"collection":[{"href":"https:\/\/medsexporter.com\/es\/wp-json\/wp\/v2\/product"}],"about":[{"href":"https:\/\/medsexporter.com\/es\/wp-json\/wp\/v2\/types\/product"}],"wp:featuredmedia":[{"embeddable":true,"href":"https:\/\/medsexporter.com\/es\/wp-json\/wp\/v2\/media\/48716"}],"wp:attachment":[{"href":"https:\/\/medsexporter.com\/es\/wp-json\/wp\/v2\/media?parent=50630"}],"wp:term":[{"taxonomy":"product_brand","embeddable":true,"href":"https:\/\/medsexporter.com\/es\/wp-json\/wp\/v2\/product_brand?post=50630"},{"taxonomy":"product_cat","embeddable":true,"href":"https:\/\/medsexporter.com\/es\/wp-json\/wp\/v2\/product_cat?post=50630"},{"taxonomy":"product_tag","embeddable":true,"href":"https:\/\/medsexporter.com\/es\/wp-json\/wp\/v2\/product_tag?post=50630"},{"taxonomy":"product_form","embeddable":true,"href":"https:\/\/medsexporter.com\/es\/wp-json\/wp\/v2\/product_form?post=50630"}],"curies":[{"name":"wp","href":"https:\/\/api.w.org\/{rel}","templated":true}]}}