{"id":50552,"date":"2024-04-25T07:34:50","date_gmt":"2024-04-25T07:34:50","guid":{"rendered":"https:\/\/medsexporter.com\/product\/stanorix-inyeccion-1-ml\/"},"modified":"2024-07-24T07:19:48","modified_gmt":"2024-07-24T07:19:48","slug":"stanorix-inyeccion-1-ml","status":"publish","type":"product","link":"https:\/\/www.medsexporter.com\/es\/product\/stanorix-inyeccion-1-ml\/","title":{"rendered":"Stanorix Inyecci\u00f3n 1 ml"},"content":{"rendered":"\n<h2 class=\"wp-block-heading\"><strong>Informaci\u00f3n general sobre Stanorix Injection 1 ml<\/strong><\/h2>\n\n\n\n<p>Stanorix Inyecci\u00f3n 1 ml, o Winstrol, es uno de los medicamentos m\u00e1s potentes utilizados en el culturismo. Al contener el compuesto principal estanozolol, est\u00e1 destinado a moldear los m\u00fasculos y aumentar su densidad. Tambi\u00e9n se prescribe para el tratamiento del angioedema hereditario, que se caracteriza por la hinchaz\u00f3n. Tenemos una abundante capacidad de suministro y podemos suministrar hasta Un Mill\u00f3n de Ampollas\/Mes. Con una concentraci\u00f3n de Stanorix, 50mg\/ml puede considerarse un producto firme para atletas y pacientes.<\/p>\n\n\n\n<h2 class=\"wp-block-heading\"><strong>\u00bfPara qu\u00e9 se utiliza Stanorix Inyecci\u00f3n?<\/strong><\/h2>\n\n\n\n<h3 class=\"wp-block-heading\">Los usos esenciales de Stanorix Inyecci\u00f3n incluyen:<\/h3>\n\n\n\n<ul class=\"wp-block-list\">\n<li>Impulso del desarrollo muscular magro: Esto es muy importante para los culturistas.<\/li>\n\n\n\n<li>Aumenta la fuerza: Aumentar los niveles de fuerza mejora los resultados de la actividad.<\/li>\n\n\n\n<li>Optimiza la eficacia del ejercicio: Trabaja con eficiencia ampliada durante toda la preparaci\u00f3n, de acuerdo con los objetivos de los levantadores de pesas.<\/li>\n\n\n\n<li>Maneja el Angioedema Innato: Da a los competidores, pacientes y otros con necesidades cl\u00ednicas expl\u00edcitas con adaptabilidad.<\/li>\n\n\n\n<li>Aplicaci\u00f3n adaptable: Es un dispositivo importante para llegar a tus objetivos de salud o fitness ya que es propio para deportes y fitness.<\/li>\n\n\n\n<li>Informaci\u00f3n sobre patentes de Stanorix<\/li>\n<\/ul>\n\n\n\n<p>Un producto farmac\u00e9utico muy conocido que cuenta con una patente importante es Stanorix. La patente estadounidense 6787659-B2, concedida el 7 de septiembre de 2004, hab\u00eda sido inventada por Shailesh kumar Ramanlal Desai, David Wayne Ray Jr. y Yousry A. Sayed. La patente fue concedida a Barr Laboratories Inc. con fecha de prioridad del 11 de diciembre de 2001.<\/p>\n\n\n\n<h2 class=\"wp-block-heading\"><strong>\u00bfC\u00f3mo funciona?<\/strong><\/h2>\n\n\n\n<p>Sobre la base de la formulaci\u00f3n de trabajo, se sabe que Stanorix ejerce su acci\u00f3n mediante el aumento de la s\u00edntesis de prote\u00ednas en el cuerpo. Esto se traduce en un aumento de la musculatura, as\u00ed como de la fuerza muscular. En pacientes con angioedema hereditario, ayuda a disminuir el n\u00famero de ataques caracterizados por hinchaz\u00f3n. Por lo tanto, el resultado positivo de su acci\u00f3n sobre los procesos naturales en el cuerpo humano permite reconocer a Stanorix como un remedio eficaz para atletas y pacientes.<\/p>\n\n\n\n<h2 class=\"wp-block-heading\"><strong>Beneficios potenciales <\/strong><\/h2>\n\n\n\n<h3 class=\"wp-block-heading\"><strong>Beneficios de Stanorix:<\/strong><\/h3>\n\n\n\n<ul class=\"wp-block-list\">\n<li>Aumenta la potencia y la musculatura: Perfecto para culturistas que buscan m\u00e1s fuerza y masa muscular.<\/li>\n\n\n\n<li>Consigue una figura m\u00e1s esbelta: Mejora la composici\u00f3n general del cuerpo reduciendo la grasa corporal.<\/li>\n\n\n\n<li>Mejora la calidad de vida de los pacientes: Mejora las condiciones de vida al disminuir la frecuencia de los ataques causados por el angioedema hereditario.<\/li>\n<\/ul>\n\n\n\n<h2 class=\"wp-block-heading\"><strong>Stanorix Inyecci\u00f3n Fabricantes y Marcas<\/strong><\/h2>\n\n\n\n<p>Estamos orgullosos de ser fabricantes de Stanorix Inj y exportadores de Stanorix Inyecci\u00f3n. Muchos mayoristas de Stanorix en diferentes partes del mundo conf\u00edan en la marca, Winstrol. Desde el punto de vista del suministro, estamos bien dotados y podemos suministrar 1.000.000 de ampollas\/mes. Adem\u00e1s, garantizamos el cumplimiento de las normas de calidad en la producci\u00f3n y distribuci\u00f3n de nuestros productos. Adem\u00e1s, contamos con una amplia red que le garantiza que obtendr\u00e1 el producto adecuado independientemente de su ubicaci\u00f3n.<\/p>\n\n\n\n<h2 class=\"wp-block-heading\"><strong>Entrega r\u00e1pida y segura<\/strong><\/h2>\n\n\n\n<p>En este caso, aseguramos a nuestro cliente un env\u00edo r\u00e1pido y seguro de Stanorix Injection. Para subrayar, toda nuestra log\u00edstica corresponde a las normas de puntualidad. Ya se trate de un pedido de pocos art\u00edculos o de una cantidad al por mayor, su art\u00edculo llegar\u00e1 en perfectas condiciones. Prestamos gran atenci\u00f3n a la seguridad y eficacia de nuestros productos.<\/p>\n\n\n\n<h2 class=\"wp-block-heading\"><strong>Requisitos de seguridad<\/strong><\/h2>\n\n\n\n<p>Seg\u00fan las leyes, las medidas de seguridad que deben seguir los distribuidores sobre Stanorix Inj son estrictas. Cons\u00e9rvese en un lugar fresco y seco, idealmente en un lugar que no est\u00e9 expuesto directamente a la luz solar. Las ampollas deben tratarse con precauci\u00f3n para salvaguardar su integridad. Siga todas y cada una de las normativas y directrices locales y mundiales sobre medicamentos. N\u00f3mbrelas y reg\u00edstrelas para una trazabilidad viable.<\/p>\n\n\n\n<p>We follow all the regulations of safety regulations, including Import Export Code (IEC), Good Manufacturing Practices (GMP), Regulatory Compliance, etc. Also, we have all the required licenses, GST registration, etc. <\/p>\n\n\n\n<h2 class=\"wp-block-heading\"><strong>Servicio de atenci\u00f3n al cliente 24*7<\/strong><\/h2>\n\n\n\n<p>Servir a nuestros clientes ha sido siempre nuestra principal prioridad, y nunca hacemos concesiones; por eso, adem\u00e1s de ofrecer productos y servicios fiables y de alta calidad, nuestro servicio de atenci\u00f3n al cliente est\u00e1 disponible 24 horas al d\u00eda, 7 d\u00edas a la semana.<\/p>\n\n\n\n<h2 class=\"wp-block-heading\"><strong>Preguntas frecuentes<\/strong><\/h2>\n\n\n\n<h3 class=\"wp-block-heading\"><strong>\u00bfC\u00f3mo debe conservarse Stanorix Inyecci\u00f3n 1 ml?<\/strong><\/h3>\n\n\n\n<p>Se aconseja almacenar Stanorix, o Estanozolol Inyecci\u00f3n, en un lugar seco y fr\u00edo. Evite la exposici\u00f3n directa a la luz solar.<\/p>\n\n\n\n<h3 class=\"wp-block-heading\"><strong>\u00bfEs seguro para las mujeres? <\/strong><\/h3>\n\n\n\n<p>Se aconseja a las mujeres que soliciten la aprobaci\u00f3n del m\u00e9dico para reducir el riesgo.<\/p>\n\n\n\n<h3 class=\"wp-block-heading\"><strong>\u00bfEs seguro el uso prolongado de Stanorix Inyecci\u00f3n 1 ml? <\/strong><\/h3>\n\n\n\n<p>Se aconseja hacerlo bajo la supervisi\u00f3n de un m\u00e9dico si piensa tomarlo a largo plazo para prevenir cualquier efecto secundario que pueda producirse.<\/p>\n\n\n\n<h3 class=\"wp-block-heading\">\u00bfCu\u00e1l es el precio al por mayor de Stanorix Inyecci\u00f3n 1 ml?<\/h3>\n\n\n\n<p>Para conocer el precio al por mayor, p\u00f3ngase en contacto con nosotros. Pedir los medicamentos al por mayor conlleva gastos competitivos para el comprador.<\/p>\n\n\n\n<h3 class=\"wp-block-heading\"><strong>\u00bfPuede interactuar con otros medicamentos? <\/strong><\/h3>\n\n\n\n<p>S\u00ed, Stanorix puede interactuar con otros medicamentos. Siempre es conveniente comentar con su m\u00e9dico cualquier plan para integrar los tratamientos.<\/p>\n\n\n\n<h2 class=\"wp-block-heading\"><strong>Otras inyecciones de musculaci\u00f3n son :<\/strong><\/h2>\n\n\n\n<p>Sustarix 250 Inyecci\u00f3n 10 Ampolla | Inyecci\u00f3n de Boldarix | Mastarix 100 Mg Inyecci\u00f3n<\/p>\n","protected":false},"excerpt":{"rendered":"Informaci\u00f3n general sobre Stanorix Injection 1 ml Stanorix Inyecci\u00f3n 1 ml, o Winstrol, es uno de los medicamentos m\u00e1s potentes utilizados en el culturismo. Al contener el compuesto principal estanozolol, est\u00e1 destinado a moldear los m\u00fasculos y aumentar su densidad. Tambi\u00e9n se prescribe para el tratamiento del angioedema hereditario, que se caracteriza por la hinchaz\u00f3n. [&hellip;]","protected":false},"featured_media":0,"template":"","meta":{"_glsr_average":0,"_glsr_ranking":0,"_glsr_reviews":0},"product_brand":[],"product_cat":[3936],"product_tag":[],"product_form":[4149],"class_list":{"0":"post-50552","1":"product","2":"type-product","3":"status-publish","5":"product_cat-medicina-de-musculacion-fabricantes-en-india","6":"product_form-ampolla-fabricantes-en-india","8":"first","9":"instock","10":"shipping-taxable","11":"purchasable","12":"product-type-variable"},"_links":{"self":[{"href":"https:\/\/www.medsexporter.com\/es\/wp-json\/wp\/v2\/product\/50552","targetHints":{"allow":["GET"]}}],"collection":[{"href":"https:\/\/www.medsexporter.com\/es\/wp-json\/wp\/v2\/product"}],"about":[{"href":"https:\/\/www.medsexporter.com\/es\/wp-json\/wp\/v2\/types\/product"}],"wp:attachment":[{"href":"https:\/\/www.medsexporter.com\/es\/wp-json\/wp\/v2\/media?parent=50552"}],"wp:term":[{"taxonomy":"product_brand","embeddable":true,"href":"https:\/\/www.medsexporter.com\/es\/wp-json\/wp\/v2\/product_brand?post=50552"},{"taxonomy":"product_cat","embeddable":true,"href":"https:\/\/www.medsexporter.com\/es\/wp-json\/wp\/v2\/product_cat?post=50552"},{"taxonomy":"product_tag","embeddable":true,"href":"https:\/\/www.medsexporter.com\/es\/wp-json\/wp\/v2\/product_tag?post=50552"},{"taxonomy":"product_form","embeddable":true,"href":"https:\/\/www.medsexporter.com\/es\/wp-json\/wp\/v2\/product_form?post=50552"}],"curies":[{"name":"wp","href":"https:\/\/api.w.org\/{rel}","templated":true}]}}