{"id":50531,"date":"2024-04-25T07:19:14","date_gmt":"2024-04-25T07:19:14","guid":{"rendered":"https:\/\/medsexporter.com\/product\/provibol\/"},"modified":"2024-07-24T04:23:32","modified_gmt":"2024-07-24T04:23:32","slug":"provibol","status":"publish","type":"product","link":"https:\/\/www.medsexporter.com\/es\/product\/provibol\/","title":{"rendered":"provibol"},"content":{"rendered":"\n<p>Provibol (Proviron) se utiliza para el culturismo y trata el hipogonadismo masculino tambi\u00e9n. Estamos tableta Mesterolone superior proveedores y exportadores. Comprar a precios razonables calidad garantizada con nosotros.<\/p>\n\n\n\n<h2 class=\"wp-block-heading\"><strong>\u00a1Compre directamente a los principales proveedores de Provibol!<\/strong><\/h2>\n\n\n\n<p>Supongamos que usted ha estado buscando para Provibol genuino (Proviron) proveedores de tabletas, la bienvenida a MedsExporter.com. Con informaci\u00f3n completa del producto, perm\u00edtanos ayudarle con 100% de calidad garantizada Mesterolone tabletas para el culturismo y el hipogonadismo masculino.<\/p>\n\n\n\n<h2 class=\"wp-block-heading\"><strong>\u00bfQu\u00e9 es el comprimido Provibol?<\/strong><\/h2>\n\n\n\n<p>Provibol es un tratamiento personalizado para el culturismo (crecimiento muscular y mejora de la fuerza) y el hipogonadismo masculino (testosterona baja). Se sugiere entre los culturistas que buscan un f\u00edsico estructurado que estimule el crecimiento muscular. Esta inyecci\u00f3n contiene Mesterolone como ingrediente principal que tambi\u00e9n aumenta los niveles de testosterona en los hombres, eliminando as\u00ed los s\u00edntomas de hipogonadismo masculino.<\/p>\n\n\n\n<h2 class=\"wp-block-heading\"><strong>Usos de Provibol<\/strong><\/h2>\n\n\n\n<p>Utilizado principalmente para el culturismo, este f\u00e1rmaco potencia el crecimiento muscular, la definici\u00f3n, la fuerza y la resistencia.<\/p>\n\n\n\n<p>Tambi\u00e9n es un tratamiento reconocido para el hipogonadismo masculino en el que aumenta los niveles de testosterona en los hombres imitando la testosterona natural, estimulando as\u00ed el rendimiento f\u00edsico de la libido masculina.<\/p>\n\n\n\n<h2 class=\"wp-block-heading\"><strong>Informaci\u00f3n sobre la patente de Provibol<\/strong><\/h2>\n\n\n\n<p>Provibol es una f\u00f3rmula patentada de Mesterolone. Esto asegura la calidad estandarizada, la eficacia y la fiabilidad entre los culturistas y el tratamiento del hipogonadismo masculino. La patente es una protecci\u00f3n contra las infracciones de calidad y la garant\u00eda de un proceso de fabricaci\u00f3n de primera clase, ofreciendo as\u00ed resultados garantizados entre los usuarios. En general, la patente es una garant\u00eda de la seguridad y eficacia de este medicamento, que es una necesidad si usted est\u00e1 buscando s\u00f3lo medicamentos genuinos.<\/p>\n\n\n\n<h2 class=\"wp-block-heading\"><strong>\u00bfC\u00f3mo funciona?<\/strong><\/h2>\n\n\n\n<p>Provibol contiene Mesterolone. Es un tipo de testosterona sint\u00e9tica que imita la testosterona natural producida por el cuerpo. Esta droga pertenece a la clase de andr\u00f3genos y esteroides anab\u00f3licos que mejoran la s\u00edntesis de prote\u00ednas de los m\u00fasculos, estimulando as\u00ed el crecimiento y el desarrollo de la fuerza de los m\u00fasculos. Al aumentar los niveles de testosterona en los hombres, esta tableta mejora la libido, la resistencia y el rendimiento general.<\/p>\n\n\n\n<p>Adem\u00e1s, fomenta la retenci\u00f3n de nitr\u00f3geno y reduce las posibilidades de perder los m\u00fasculos que apoya el crecimiento muscular y promueve la resistencia. Usted sabe, estas caracter\u00edsticas se buscan opciones para los culturistas y atletas y por lo que esta inyecci\u00f3n es popular entre ellos.<\/p>\n\n\n\n<h2 class=\"wp-block-heading\"><strong>Beneficios potenciales<\/strong><\/h2>\n\n\n\n<p>Los culturistas y los hombres que sufren de hipogonadismo experimentan estos beneficios mientras est\u00e1n en tratamiento con este f\u00e1rmaco.<\/p>\n\n\n\n<h2 class=\"wp-block-heading\"><strong>Beneficios de la musculaci\u00f3n<\/strong><\/h2>\n\n\n\n<ul class=\"wp-block-list\">\n<li>Aumento del crecimiento muscular<\/li>\n\n\n\n<li>Mayor fuerza<\/li>\n\n\n\n<li>Resistencia \u00f3ptima<\/li>\n\n\n\n<li>Mejora general del rendimiento<\/li>\n\n\n\n<li>F\u00edsico tonificado y bien estructurado<\/li>\n<\/ul>\n\n\n\n<h2 class=\"wp-block-heading\"><strong>Beneficios en pacientes con hipogonadismo masculino<\/strong><\/h2>\n\n\n\n<ul class=\"wp-block-list\">\n<li>Mejora de la libido<\/li>\n\n\n\n<li>Aumento de los niveles de testosterona<\/li>\n\n\n\n<li>Mayor resistencia<\/li>\n<\/ul>\n\n\n\n<h2 class=\"wp-block-heading\"><strong>Conexi\u00f3n con proveedores de Provibol<\/strong><\/h2>\n\n\n\n<p><strong>MedsExporter.com<\/strong> ha estado en el negocio como un proveedor l\u00edder Provibol durante a\u00f1os y en constante mejora de los servicios seg\u00fan las tendencias de retroalimentaci\u00f3n para mejorar la satisfacci\u00f3n del cliente. Medicamentos de alta calidad, precios competitivos, tecnolog\u00eda de seguimiento de pedidos, entrega a tiempo, etc son algunas de las muchas caracter\u00edsticas que nos hacen un favorito entre nuestros clientes. P\u00f3ngase en contacto con nosotros si necesita 1 mill\u00f3n de comprimidos al mes. Tambi\u00e9n podemos atender sus necesidades de pedidos personalizados.<\/p>\n\n\n\n<h2 class=\"wp-block-heading\"><strong>Plataforma de compras fiable y segura<\/strong><\/h2>\n\n\n\n<p>\u00a1Todas sus interacciones con nuestro sitio son seguras y s\u00f3lo entre nosotros! <strong>MedsExporter.com<\/strong> es una de las plataformas m\u00e1s fiables y seguras para la compra de suplementos de salud en l\u00ednea. Siendo un proveedor de confianza y exportador para numerosos mayoristas y proveedores de atenci\u00f3n m\u00e9dica, estamos m\u00e1s preocupados por proteger su privacidad mientras navega por este sitio.<\/p>\n\n\n\n<h2 class=\"wp-block-heading\"><strong>Procesos de pago sencillos<\/strong><\/h2>\n\n\n\n<p>Teniendo en cuenta las distintas preferencias de pago, disponemos de varias opciones de pago seguro. Tanto si le convienen las tarjetas de d\u00e9bito, la banca electr\u00f3nica, la transferencia bancaria u otro modo de pago, puede elegir el suyo libremente. Tenga la seguridad de contar con pasarelas de pago seguras independientemente del modo de pago que seleccione.<\/p>\n\n\n\n<h2 class=\"wp-block-heading\"><strong>Entrega r\u00e1pida y segura<\/strong><\/h2>\n\n\n\n<p>En <strong>MedsExporter.com<\/strong>, le garantizamos una entrega m\u00e1s r\u00e1pida y segura de su pedido en un embalaje seguro. Nuestros socios log\u00edsticos entregan sus pedidos con cuidado y a tiempo para que pueda mantenerse fiel a sus compromisos m\u00e1s. Adem\u00e1s, la precisi\u00f3n est\u00e1 garantizada para que usted reciba su pedido seg\u00fan lo solicitado.<\/p>\n\n\n\n<h2 class=\"wp-block-heading\"><strong>Advertencias Precauciones<\/strong><\/h2>\n\n\n\n<ul class=\"wp-block-list\">\n<li>Siga las pautas posol\u00f3gicas recomendadas para una seguridad y eficacia \u00f3ptimas de este medicamento.<\/li>\n\n\n\n<li>Evite el uso indebido o a largo plazo de este medicamento (m\u00e1s de 12 semanas), de lo contrario persiste la drogodependencia y el riesgo de efectos secundarios graves.<\/li>\n\n\n\n<li>No es seguro para los menores de 18 a\u00f1os ni para las mujeres embarazadas o en periodo de lactancia.<\/li>\n<\/ul>\n\n\n\n<h2 class=\"wp-block-heading\"><strong>Preguntas frecuentes<\/strong><\/h2>\n\n\n\n<h3 class=\"wp-block-heading\"><strong>\u00bfS\u00f3lo sirve para el culturismo?<\/strong><\/h3>\n\n\n\n<p>No, tambi\u00e9n es un medicamento recetado para el hipogonadismo masculino (testosterona baja) adem\u00e1s del culturismo.<\/p>\n\n\n\n<h3 class=\"wp-block-heading\"><strong>\u00bfEs seguro utilizar Provibol?<\/strong><\/h3>\n\n\n\n<p>El comprimido de mesterolona Provibol es altamente seguro y fiable y ofrece los resultados esperados, siempre que se administre seg\u00fan las pautas de dosificaci\u00f3n. Si se utiliza en exceso o m\u00e1s de la duraci\u00f3n del tratamiento recomendado, consecuencias negativas suceder\u00e1n.<\/p>\n\n\n\n<h3 class=\"wp-block-heading\"><strong>\u00bfC\u00f3mo reacciona con tu cuerpo?<\/strong><\/h3>\n\n\n\n<p>Mesterolone es el ingrediente activo de este medicamento que imita la testosterona producida por el cuerpo. Por lo tanto, mejora el crecimiento muscular, construir, y la fuerza del cuerpo junto con el aumento de los niveles de testosterona y la libido masculina.<\/p>\n\n\n\n<h3 class=\"wp-block-heading\"><strong>\u00bfDurante cu\u00e1nto tiempo debo utilizar Provibol?<\/strong><\/h3>\n\n\n\n<p>Utilice <strong>Provibol<\/strong> \u00fanicamente durante el tiempo de tratamiento prescrito. Evite continuar el tratamiento durante un periodo prolongado o m\u00e1s all\u00e1 de 12 semanas. La dosis dentro del periodo de tratamiento tampoco debe utilizarse con mayor frecuencia.<\/p>\n\n\n\n<h3 class=\"wp-block-heading\"><strong>\u00bfEs seguro para las mujeres embarazadas?<\/strong><\/h3>\n\n\n\n<p>No, no es seguro para las mujeres embarazadas debido a su impacto negativo en el feto que se desarrolla en el \u00fatero. Las mujeres, especialmente las embarazadas y lactantes deben abstenerse de tales suplementos de culturismo como el riesgo de virilizaci\u00f3n sigue siendo tambi\u00e9n.<\/p>\n\n\n\n<h2 class=\"wp-block-heading\"><strong>M\u00e1s, Tabletas de culturismo alternativos a continuaci\u00f3n:<\/strong><\/h2>\n\n\n\n<p>Tableta T3 | Trenabol | Winstrol Culturismo<\/p>\n","protected":false},"excerpt":{"rendered":"Provibol (Proviron) se utiliza para el culturismo y trata el hipogonadismo masculino tambi\u00e9n. Estamos tableta Mesterolone superior proveedores y exportadores. Comprar a precios razonables calidad garantizada con nosotros. \u00a1Compre directamente a los principales proveedores de Provibol! Supongamos que usted ha estado buscando para Provibol genuino (Proviron) proveedores de tabletas, la bienvenida a MedsExporter.com. Con informaci\u00f3n [&hellip;]","protected":false},"featured_media":52344,"template":"","meta":{"_glsr_average":0,"_glsr_ranking":0,"_glsr_reviews":0},"product_brand":[],"product_cat":[3936],"product_tag":[],"product_form":[4097],"class_list":{"0":"post-50531","1":"product","2":"type-product","3":"status-publish","4":"has-post-thumbnail","6":"product_cat-medicina-de-musculacion-fabricantes-en-india","7":"product_form-fabricante-de-tabletas-en-india","9":"first","10":"instock","11":"shipping-taxable","12":"purchasable","13":"product-type-variable"},"_links":{"self":[{"href":"https:\/\/www.medsexporter.com\/es\/wp-json\/wp\/v2\/product\/50531","targetHints":{"allow":["GET"]}}],"collection":[{"href":"https:\/\/www.medsexporter.com\/es\/wp-json\/wp\/v2\/product"}],"about":[{"href":"https:\/\/www.medsexporter.com\/es\/wp-json\/wp\/v2\/types\/product"}],"wp:featuredmedia":[{"embeddable":true,"href":"https:\/\/www.medsexporter.com\/es\/wp-json\/wp\/v2\/media\/52344"}],"wp:attachment":[{"href":"https:\/\/www.medsexporter.com\/es\/wp-json\/wp\/v2\/media?parent=50531"}],"wp:term":[{"taxonomy":"product_brand","embeddable":true,"href":"https:\/\/www.medsexporter.com\/es\/wp-json\/wp\/v2\/product_brand?post=50531"},{"taxonomy":"product_cat","embeddable":true,"href":"https:\/\/www.medsexporter.com\/es\/wp-json\/wp\/v2\/product_cat?post=50531"},{"taxonomy":"product_tag","embeddable":true,"href":"https:\/\/www.medsexporter.com\/es\/wp-json\/wp\/v2\/product_tag?post=50531"},{"taxonomy":"product_form","embeddable":true,"href":"https:\/\/www.medsexporter.com\/es\/wp-json\/wp\/v2\/product_form?post=50531"}],"curies":[{"name":"wp","href":"https:\/\/api.w.org\/{rel}","templated":true}]}}