{"id":50522,"date":"2024-07-01T08:27:09","date_gmt":"2024-07-01T08:27:09","guid":{"rendered":"https:\/\/medsexporter.com\/product\/comprar-ozempic-para-bajar-de-peso\/"},"modified":"2024-09-10T09:00:59","modified_gmt":"2024-09-10T09:00:59","slug":"comprar-ozempic-para-bajar-de-peso","status":"publish","type":"product","link":"https:\/\/www.medsexporter.com\/es\/product\/comprar-ozempic-para-bajar-de-peso\/","title":{"rendered":"Comprar Ozempic para bajar de peso"},"content":{"rendered":"\n<h2 class=\"wp-block-heading\"><strong>Breve introducci\u00f3n del bol\u00edgrafo para adelgazar Ozempic<\/strong><\/h2>\n\n\n\n<p><strong>Ozempic para bajar de peso\u00a0<\/strong>es uno de los mejores y m\u00e1s convenientes medicamentos para un control de peso eficaz y sostenido. Contiene semaglutida como ingrediente activo principal y se comercializa bajo la marca Rybelsus.<\/p>\n\n\n\n<p>Este dispositivo para bajar de peso se suele recomendar en dosis de 0,5 mg o 1 mg, seg\u00fan el estado general de salud del individuo, la edad, el metabolismo, otros problemas de salud, la respuesta al tratamiento, etc. Por lo tanto, se recomienda tomar este medicamento solo con receta m\u00e9dica y bajo la orientaci\u00f3n adecuada del m\u00e9dico.<\/p>\n\n\n\n<h2 class=\"wp-block-heading\"><strong>\u00bfC\u00f3mo utilizar Ozempic Pen (Semaglutida) para el tratamiento de la diabetes tipo 2?<\/strong><\/h2>\n\n\n\n<p>Cuando se prescribe para el tratamiento o control de la diabetes tipo 2, su profesional de la salud le brindar\u00e1 una gu\u00eda completa sobre c\u00f3mo usar este medicamento de manera eficaz. Generalmente se inyecta debajo de la piel una vez a la semana, pero el mismo d\u00eda todas las semanas. Puede inyectarlo en cualquier momento del d\u00eda con o sin una comida.<\/p>\n\n\n\n<h2 class=\"wp-block-heading\"><strong>\u00bfC\u00f3mo funciona en la p\u00e9rdida de peso?<\/strong><\/h2>\n\n\n\n<p>En pocas palabras, Ozempic (semaglutida) es un supresor del apetito que env\u00eda se\u00f1ales al cerebro para notificar que est\u00e1s lleno. La semaglutida imita una hormona natural y aumenta su nivel, lo que lleva a un aumento en los niveles de la mol\u00e9cula que env\u00eda se\u00f1ales al cerebro sobre tu saciedad. Mientras tanto, hace que tu cuerpo tarde m\u00e1s en procesar la comida (un efecto similar al de la cirug\u00eda bari\u00e1trica) y ralentiza la digesti\u00f3n para que no tengas ganas de comer todo el tiempo.<\/p>\n\n\n\n<h2 class=\"wp-block-heading\"><strong>Beneficios potenciales de la pluma Ozempic (semaglutida)<\/strong><\/h2>\n\n\n\n<ul class=\"wp-block-list\">\n<li>Apoya los objetivos de p\u00e9rdida de peso.<\/li>\n\n\n\n<li>Ideal para cualquier adulto obeso.<\/li>\n\n\n\n<li>Ayuda a controlar el peso de forma eficaz.<\/li>\n\n\n\n<li>Trata la diabetes tipo 2<\/li>\n\n\n\n<li>Reduce el riesgo de eventos cardiovasculares<\/li>\n\n\n\n<li>Funciona m\u00e1s eficazmente en combinaci\u00f3n con una dieta nutritiva y un estilo de vida activo.<\/li>\n<\/ul>\n\n\n\n<h2 class=\"wp-block-heading\"><strong>Disponible Ozempic Strength para el control del peso<\/strong><\/h2>\n\n\n\n<ul class=\"wp-block-list\">\n<li><strong>Ozempic 0,5 mg<\/strong>\u00a0: dosis para principiantes, sugerida principalmente inicialmente para observar la idoneidad y la eficacia.<\/li>\n\n\n\n<li><strong>Ozempic 1 mg<\/strong>\u00a0: dosis est\u00e1ndar, prescrita cuando la dosis para principiantes se adapta bien pero se requiere una dosis m\u00e1s alta para la p\u00e9rdida de peso esperada.<\/li>\n<\/ul>\n\n\n\n<h2 class=\"wp-block-heading\"><strong>El costo de comprar Ozempic para bajar de peso<\/strong><\/h2>\n\n\n\n<p>Consulte el costo m\u00e1s competitivo con un\u00a0<strong>distribuidor l\u00edder de Ozempic<\/strong>\u00a0:\u00a0<strong>MedsExporter.com<\/strong>\u00a0. Aunque este medicamento est\u00e1 disponible a precios asequibles, nos aseguraremos de que lo obtenga al menor costo por una calidad 100 % genuina de Semaglutide con ofertas y descuentos personalizados.<\/p>\n\n\n\n<h2 class=\"wp-block-heading\"><strong>Compre Semaglutida en l\u00ednea de un proveedor confiable<\/strong><\/h2>\n\n\n\n<p>MedsExporter.com no solo es un proveedor confiable de Ozempic, sino tambi\u00e9n un\u00a0<strong>exportador de Ozempic<\/strong>\u00a0de renombre que entrega este\u00a0<strong>medicamento para bajar de peso<\/strong>\u00a0a nivel mundial. Nos adherimos a los est\u00e1ndares de calidad m\u00e1s altos para mantener la eficacia \u00f3ptima del medicamento y optamos por canales de env\u00edo responsables para que llegue a usted r\u00e1pidamente y en condiciones seguras.<\/p>\n\n\n\n<h2 class=\"wp-block-heading\"><strong>Obtenga una entrega r\u00e1pida y precisa en su pedido de Semaglutide<\/strong><\/h2>\n\n\n\n<p>Su pedido de Semaglutide le llegar\u00e1 en el plazo prometido, gracias a nuestros socios log\u00edsticos de confianza que pueden realizar entregas en cualquier parte del mundo. Adem\u00e1s, sus servicios de entrega expr\u00e9s y precisos son dignos de elogio.<\/p>\n\n\n\n<h2 class=\"wp-block-heading\"><strong>\u00bfExiste alguna oferta para compra al por mayor de Ozempic Pen?<\/strong><\/h2>\n\n\n\n<p>S\u00ed, tenemos ofertas interesantes de compra al por mayor. Si desea&nbsp;<strong>comprar Ozempic en l\u00ednea<\/strong>&nbsp;en grandes cantidades, env\u00ede sus consultas a MedsExporter.com y nuestro ejecutivo se comunicar\u00e1 con usted con las mejores ofertas.<\/p>\n\n\n\n<h3 class=\"wp-block-heading\"><strong>Atenci\u00f3n al cliente 24 horas al d\u00eda, 7 d\u00edas a la semana<\/strong><\/h3>\n\n\n\n<p>Es nuestra responsabilidad b\u00e1sica hacia nuestros compradores, por lo que estamos disponibles las 24 horas, los 7 d\u00edas de la semana para cualquier consulta relacionada con productos, consultas sobre pedidos al por mayor, inquietudes sobre seguimiento de pedidos, etc.<\/p>\n\n\n\n<h2 class=\"wp-block-heading\"><strong>Preguntas frecuentes<\/strong><\/h2>\n\n\n\n<h3 class=\"wp-block-heading\"><strong>\u00bfCu\u00e1l es la dosis exacta de Ozempic para bajar de peso?<\/strong><\/h3>\n\n\n\n<p><strong>La dosis recomendada de Ozempic para bajar de peso<\/strong>&nbsp;se basa en la salud general del paciente, sus necesidades de p\u00e9rdida de peso y sus problemas de salud graves. Tambi\u00e9n se tienen en cuenta sus tratamientos recientes para el control del peso. En consecuencia, el m\u00e9dico determina la dosis ideal y si debe utilizar una concentraci\u00f3n de 0,5 mg o 1 mg.<\/p>\n\n\n\n<h3 class=\"wp-block-heading\"><strong>\u00bfC\u00f3mo puede tratarse la diabetes tipo 2?<\/strong><\/h3>\n\n\n\n<p><strong>Ozempic<\/strong>&nbsp;equilibra los niveles de glucosa en sangre actuando como una hormona que produce insulina en el cuerpo. Detiene la secreci\u00f3n excesiva de az\u00facar en el h\u00edgado y aumenta la producci\u00f3n de insulina en el p\u00e1ncreas. De esta manera, regula los niveles generales de glucosa en sangre en pacientes con diabetes tipo 2, simplificando as\u00ed su manejo.<\/p>\n\n\n\n<h3 class=\"wp-block-heading\"><strong>\u00bfOzempic es adecuado para todos los grupos de edad en el tratamiento de la diabetes?<\/strong><\/h3>\n\n\n\n<p>Ozempic es adecuado principalmente para la diabetes tipo 2 en adultos \u00fanicamente. No es seguro para ni\u00f1os menores de 18 a\u00f1os y no es eficaz para la diabetes tipo 1.<\/p>\n\n\n\n<h3 class=\"wp-block-heading\"><strong>\u00bfQui\u00e9n no puede utilizar esta pluma de Semaglutida?<\/strong><\/h3>\n\n\n\n<p>Las personas que tengan reacciones inusuales a\u00a0Semaglutide\u00a0, medicamentos espec\u00edficos, alergias a alimentos\/conservantes\/colorantes, o que tengan c\u00e1ncer de tiroides (o antecedentes familiares de este c\u00e1ncer) deben evitar usar\u00a0<strong>Ozempic Pen<\/strong>\u00a0.<\/p>\n\n\n\n<h3 class=\"wp-block-heading\"><strong>\u00bfCu\u00e1ntas dosis hay en la pluma de Ozempic?<\/strong><\/h3>\n\n\n\n<p>Cada pluma Ozempic contiene 4 dosis, ya sea que compre una dosis de 0,5 mg o de 1 mg. Gu\u00e1rdela seg\u00fan las recomendaciones para mantener la eficacia hasta la \u00faltima dosis.<\/p>\n\n\n\n<h3 class=\"wp-block-heading\"><strong>\u00bfC\u00f3mo reiniciar el bol\u00edgrafo Ozempic?<\/strong><\/h3>\n\n\n\n<p>Es muy sencillo reiniciar la pluma. Solo tienes que mantener presionado el bot\u00f3n de inyecci\u00f3n hasta que el contador de dosis muestre \u00ab0\u00bb. Ahora comprueba si se ha reiniciado correctamente con la gota de medicamento que aparece en la punta de la aguja. Si no aparece, repite los pasos hasta que aparezca el medicamento.<\/p>\n\n\n\n<h3 class=\"wp-block-heading\"><strong>\u00bfD\u00f3nde puedo comprar Ozempic online?<\/strong><\/h3>\n\n\n\n<p>La pluma Ozempic para bajar de peso (semaglutida) es un medicamento popular a nivel mundial para bajar de peso y\u00a0<strong>controlar la diabetes tipo 2.<\/strong>\u00a0Por lo tanto, puede encontrarlo f\u00e1cilmente en l\u00ednea. Sin embargo,\u00a0<strong>compre Ozempic<\/strong>\u00a0de proveedores reconocidos donde no existe el temor de que sea falso. O simplemente p\u00eddalo en MedsExporter.com, uno de los productos farmac\u00e9uticos autorizados m\u00e1s populares en todo el mundo.<\/p>\n","protected":false},"excerpt":{"rendered":"<p>MedsExporter es un fabricante y proveedor l\u00edder de Ozempic Pen en India. Ozempic es un medicamento antidiab\u00e9tico que se utiliza para tratar la diabetes tipo 2 y un medicamento contra la obesidad para el control del peso a largo plazo. Ozempic Pen (semaglutida): usos, efectos secundarios y p\u00e9rdida de peso.<\/p>","protected":false},"featured_media":50504,"template":"","meta":{"_glsr_average":0,"_glsr_ranking":0,"_glsr_reviews":0},"product_brand":[],"product_cat":[4081,3953,3955],"product_tag":[],"product_form":[4121],"class_list":{"0":"post-50522","1":"product","2":"type-product","3":"status-publish","4":"has-post-thumbnail","6":"product_cat-perdida-de-peso-de-drogas-fabricante-en-la-india","7":"product_cat-fabricante-de-medicamentos-para-la-diabetes-en-india","8":"product_cat-fabricante-de-medicamentos-para-la-diabetes-insipida-en-la-india","9":"product_form-fabricante-de-agujas-en-india","11":"first","12":"instock","13":"shipping-taxable","14":"product-type-simple"},"_links":{"self":[{"href":"https:\/\/www.medsexporter.com\/es\/wp-json\/wp\/v2\/product\/50522","targetHints":{"allow":["GET"]}}],"collection":[{"href":"https:\/\/www.medsexporter.com\/es\/wp-json\/wp\/v2\/product"}],"about":[{"href":"https:\/\/www.medsexporter.com\/es\/wp-json\/wp\/v2\/types\/product"}],"wp:featuredmedia":[{"embeddable":true,"href":"https:\/\/www.medsexporter.com\/es\/wp-json\/wp\/v2\/media\/50504"}],"wp:attachment":[{"href":"https:\/\/www.medsexporter.com\/es\/wp-json\/wp\/v2\/media?parent=50522"}],"wp:term":[{"taxonomy":"product_brand","embeddable":true,"href":"https:\/\/www.medsexporter.com\/es\/wp-json\/wp\/v2\/product_brand?post=50522"},{"taxonomy":"product_cat","embeddable":true,"href":"https:\/\/www.medsexporter.com\/es\/wp-json\/wp\/v2\/product_cat?post=50522"},{"taxonomy":"product_tag","embeddable":true,"href":"https:\/\/www.medsexporter.com\/es\/wp-json\/wp\/v2\/product_tag?post=50522"},{"taxonomy":"product_form","embeddable":true,"href":"https:\/\/www.medsexporter.com\/es\/wp-json\/wp\/v2\/product_form?post=50522"}],"curies":[{"name":"wp","href":"https:\/\/api.w.org\/{rel}","templated":true}]}}