{"id":50509,"date":"2024-06-18T05:21:44","date_gmt":"2024-06-18T05:21:44","guid":{"rendered":"https:\/\/medsexporter.com\/product\/mesterolone\/"},"modified":"2024-07-23T12:08:45","modified_gmt":"2024-07-23T12:08:45","slug":"mesterolona","status":"publish","type":"product","link":"https:\/\/www.medsexporter.com\/es\/product\/mesterolona\/","title":{"rendered":"mesterolona"},"content":{"rendered":"\n<h2 class=\"wp-block-heading\"><strong>\u00bfQu\u00e9 es la tableta de mesterolona?<\/strong><\/h2>\n\n\n\n<p>La tableta de mesterolona es un tratamiento poderoso para que los hombres ganen fuerza y \u200b\u200bm\u00fasculo. La mesterolona es una mol\u00e9cula que pertenece a un grupo de medicamentos conocidos como esteroides anab\u00f3licos androg\u00e9nicos. Esta tableta se cre\u00f3 estrat\u00e9gicamente para satisfacer las necesidades de los entusiastas del fitness y los culturistas que buscan mejorar la definici\u00f3n, la densidad, la ganancia de fuerza y \u200b\u200bla mejora f\u00edsica general de los m\u00fasculos. Es un derivado dihidro de la testosterona. Provibol se utiliza oficialmente en niveles bajos de testosterona, hipogonadismo, insuficiencia de las c\u00e9lulas de Leydig y oligozoospermia.<\/p>\n\n\n\n<h2 class=\"wp-block-heading\"><strong>Usos de la mesterolona<\/strong><\/h2>\n\n\n\n<h3 class=\"wp-block-heading\"><strong>Los usos de la tableta de mesterolona son:<\/strong><\/h3>\n\n\n\n<p><strong>Culturismo:<\/strong> este medicamento es un esteroide utilizado popularmente por las personas para ganar fuerza y \u200b\u200b\u200b\u200bdensidad muscular. Fomenta el aumento del tama\u00f1o corporal al mejorar la construcci\u00f3n muscular.<\/p>\n\n\n\n<p><strong>Hipogonadismo masculino:<\/strong> la tableta de mesterolona tambi\u00e9n se prescribe ampliamente para tratar el hipogonadismo masculino que se produce debido a la baja producci\u00f3n de testosterona.<\/p>\n\n\n\n<h2 class=\"wp-block-heading\"><strong>Informaci\u00f3n de patente de mesterolona<\/strong><\/h2>\n\n\n\n<p>La mesterolona es un medicamento AAS y fue patentado bajo la marca Proviron en 1967. La mesterolona se desarroll\u00f3 en la d\u00e9cada de 1960 y se inform\u00f3 en 1966. Es un medicamento controlado de clase 3 en los EE. UU. que ahora tiene varias marcas.<\/p>\n\n\n\n<h3 class=\"wp-block-heading\">Otra informaci\u00f3n relacionada con la mol\u00e9cula:<\/h3>\n\n\n\n<ul class=\"wp-block-list\">\n<li>Esquema &#8211; Rec.INN<\/li>\n\n\n\n<li>ATC (Clasificaci\u00f3n Qu\u00edmica Terap\u00e9utica Anat\u00f3mica) &#8211; G03BB01<\/li>\n\n\n\n<li>N\u00famero de registro CAS (Chemical Abstracts Service) &#8211; 0001424-00-6<\/li>\n\n\n\n<li>F\u00f3rmula qu\u00edmica: C20-H32-O2<\/li>\n\n\n\n<li>Peso molecular &#8211; 304<\/li>\n\n\n\n<li>Categor\u00edas Terap\u00e9uticas &#8211; Agente anab\u00f3lico, Andr\u00f3geno<\/li>\n\n\n\n<li>Nombre qu\u00edmico: androstan-3-ona, 17-hidroxi-1-metil-, (1\u03b1,5\u03b1,17\u03b2)<\/li>\n<\/ul>\n\n\n\n<h2 class=\"wp-block-heading\"><strong>\u00bfComo funciona?<\/strong><\/h2>\n\n\n\n<p>La tableta de mesterolona es un esteroide anab\u00f3lico androg\u00e9nico. Se mecaniza precisamente como la testosterona (una hormona sexual masculina natural). Eleva el nivel de testosterona en tu cuerpo, que la produce org\u00e1nicamente. La droga tambi\u00e9n aumenta el tama\u00f1o de las fibras y la masa muscular en las personas, redefiniendo sus cuerpos.<\/p>\n\n\n\n<h2 class=\"wp-block-heading\"><strong>Beneficios potenciales<\/strong><\/h2>\n\n\n\n<p>Libere la fuerza de las tabletas de mesterolona de <strong>MedsExporter<\/strong> Pharmacy, un f\u00e1rmaco de refuerzo preparado de forma \u00fanica y creado para mejorar su entrenamiento f\u00edsico. Algunos de los beneficios que adquieres con el tratamiento son:<\/p>\n\n\n\n<ul class=\"wp-block-list\">\n<li>Mejora de la agudeza muscular<\/li>\n\n\n\n<li>Vascularidad mejorada<\/li>\n\n\n\n<li>Rigidez muscular elevada<\/li>\n\n\n\n<li>Posible regulaci\u00f3n de estr\u00f3genos<\/li>\n\n\n\n<li>Estado de \u00e1nimo elevado y deseo sexual<\/li>\n<\/ul>\n\n\n\n<h2 class=\"wp-block-heading\"><strong>Conexi\u00f3n con proveedores de mesterolona en Medsexporter.com<\/strong><\/h2>\n\n\n\n<p>Si est\u00e1 buscando asociarse con una compa\u00f1\u00eda farmac\u00e9utica mayorista para obtener Mesterolona, \u200b\u200bMedsexporter.com es su opci\u00f3n con un conjunto de otros beneficios. Las ventajas que puede obtener aqu\u00ed incluyen precios asequibles, consultas y consejos, entregas y variedad y conveniencia. Visite nuestro sitio web para obtener m\u00e1s informaci\u00f3n sobre los productos y servicios de la firma. Para m\u00e1s informaci\u00f3n, con\u00e9ctese con nosotros en:<\/p>\n\n\n\n<ul class=\"wp-block-list\">\n<li>Medsexporter.com<\/li>\n\n\n\n<li>Gmail- sales@medsexporter.com<\/li>\n\n\n\n<li>Medios de comunicaci\u00f3n social<\/li>\n\n\n\n<li>Llamenos al +91 98 98972449.<\/li>\n<\/ul>\n\n\n\n<h2 class=\"wp-block-heading\"><strong>Plataforma confiable y segura para compras en Medsexporter.com<\/strong><\/h2>\n\n\n\n<p>La seguridad y la autenticidad son las principales prioridades en el sector farmac\u00e9utico. Ya sean clientes o proveedores mayoristas, la seguridad y eficacia de los medicamentos deben ser monitoreadas de cerca antes de tomar una decisi\u00f3n. Consulta siempre las alianzas de la empresa con sus clientes y su experiencia antes de conectar con ellos. Medsexporter.com es una farmacia segura y confiable, ya que los medicamentos que ofrecemos son 100% originales y con seguridad comprobada para garantizar la recuperaci\u00f3n saludable de quienes los necesitan. Antes de asociarse, tambi\u00e9n puede conectarse con los clientes anteriores del sitio web y obtener sus comentarios para que su decisi\u00f3n sea m\u00e1s segura.<\/p>\n\n\n\n<h2 class=\"wp-block-heading\"><strong>Procesos de pago sencillos<\/strong><\/h2>\n\n\n\n<p><strong>Medsexporter.com<\/strong> tambi\u00e9n es una de las principales compa\u00f1\u00edas farmac\u00e9uticas porque ofrece un proceso de pago sencillo. Comprar medicamentos mediante una transferencia bancaria sencilla y un proceso sin complicaciones es la mejor manera de obtener pedidos al por mayor. En transferencias bancarias, simplifica toda su experiencia de transacci\u00f3n con la facilidad de uso y el cifrado de cualquier dato financiero al comprar pedidos al por mayor.<\/p>\n\n\n\n<h2 class=\"wp-block-heading\"><strong>Entrega r\u00e1pida y segura<\/strong><\/h2>\n\n\n\n<p>En las compras mayoristas, es eficiente recibir los pedidos realizados por el fabricante sin tener que desplazarse a su unidad de fabricaci\u00f3n u oficina. <strong>Medsexporter.com<\/strong> ofrece a sus clientes un servicio de entrega r\u00e1pido y seguro. Entrega los pedidos dentro de su l\u00edmite de tiempo y lo hace sin problemas y sin ning\u00fan requisito adicional. Simplemente aclara tus dudas con la verificaci\u00f3n y haz tus pedidos; Ser\u00e1 nuestro trabajo a partir de entonces mejorar la experiencia de nuestros clientes. El servicio de entrega es de gran ayuda para las exportaciones y el comercio entre pa\u00edses.<\/p>\n\n\n\n<h2 class=\"wp-block-heading\"><strong>Advertencias y precauciones<\/strong><\/h2>\n\n\n\n<ul class=\"wp-block-list\">\n<li>La reacci\u00f3n del alcohol no se establece durante el tratamiento con mesterolona.<\/li>\n\n\n\n<li>Este medicamento no est\u00e1 destinado a ser utilizado por mujeres. Por tanto, no se recomienda estrictamente durante el embarazo.<\/li>\n\n\n\n<li>Este comprimido no debe prescribirse a mujeres durante la lactancia y est\u00e1 indicado \u00fanicamente para pacientes masculinos.<\/li>\n\n\n\n<li>Informe a su m\u00e9dico si es intolerante a la mesterolona.<\/li>\n\n\n\n<li>Este medicamento no se recomienda para ni\u00f1os, ya que a\u00fan no se conoce su seguridad y eficacia.<\/li>\n<\/ul>\n\n\n\n<h2 class=\"wp-block-heading\"><strong>Preguntas frecuentes<\/strong><\/h2>\n\n\n\n<h3 class=\"wp-block-heading\"><strong>\u00bfSe puede utilizar s\u00f3lo con fines de culturismo?<\/strong><\/h3>\n\n\n\n<p>Adem\u00e1s de con fines de culturismo, tambi\u00e9n se puede utilizar en el hipogonadismo masculino y, a veces, en el tratamiento de la infertilidad masculina.<\/p>\n\n\n\n<h3 class=\"wp-block-heading\"><strong>\u00bfEs seguro usar la tableta de mesterolona?<\/strong><\/h3>\n\n\n\n<p>Este medicamento es seguro y eficaz de usar si se toma bajo supervisi\u00f3n m\u00e9dica. Por lo tanto, se sugiere utilizar este medicamento \u00fanicamente con el consejo y consulta de un m\u00e9dico.<\/p>\n\n\n\n<h3 class=\"wp-block-heading\"><strong>\u00bfC\u00f3mo reacciona ante tu cuerpo?<\/strong><\/h3>\n\n\n\n<p>Despu\u00e9s de administrar la tableta de Mesterolona, \u200b\u200bel medicamento aumenta la producci\u00f3n de la hormona sexual natural testosterona en su cuerpo, que recupera los trastornos ocurridos debido a los niveles bajos de testosterona.<\/p>\n\n\n\n<h3 class=\"wp-block-heading\"><strong>\u00bfCu\u00e1nto tiempo debo usar mesterolona?<\/strong><\/h3>\n\n\n\n<p>Debe usar este medicamento exactamente como y hasta que lo indique el m\u00e9dico. No deje de tomar las dosis repentinamente sin consultar previamente a un m\u00e9dico.<\/p>\n\n\n\n<h3 class=\"wp-block-heading\"><strong>\u00bfEs seguro para mujeres embarazadas?<\/strong><\/h3>\n\n\n\n<p>No, este medicamento es muy peligroso para las mujeres durante el embarazo ya que s\u00f3lo debe ser utilizado por hombres.<\/p>\n\n\n\n<h2 class=\"wp-block-heading\">Otras tabletas de culturismo son:<\/h2>\n\n\n\n<p>Nandrix 1Ml | Inyecci\u00f3n de Boldarix | Winvol 100mg\/ml<\/p>\n","protected":false},"excerpt":{"rendered":"\u00bfQu\u00e9 es la tableta de mesterolona? La tableta de mesterolona es un tratamiento poderoso para que los hombres ganen fuerza y \u200b\u200bm\u00fasculo. La mesterolona es una mol\u00e9cula que pertenece a un grupo de medicamentos conocidos como esteroides anab\u00f3licos androg\u00e9nicos. Esta tableta se cre\u00f3 estrat\u00e9gicamente para satisfacer las necesidades de los entusiastas del fitness y los [&hellip;]","protected":false},"featured_media":50510,"template":"","meta":{"_glsr_average":0,"_glsr_ranking":0,"_glsr_reviews":0},"product_brand":[],"product_cat":[3936],"product_tag":[],"product_form":[4097],"class_list":{"0":"post-50509","1":"product","2":"type-product","3":"status-publish","4":"has-post-thumbnail","6":"product_cat-medicina-de-musculacion-fabricantes-en-india","7":"product_form-fabricante-de-tabletas-en-india","9":"first","10":"instock","11":"shipping-taxable","12":"purchasable","13":"product-type-variable"},"_links":{"self":[{"href":"https:\/\/www.medsexporter.com\/es\/wp-json\/wp\/v2\/product\/50509","targetHints":{"allow":["GET"]}}],"collection":[{"href":"https:\/\/www.medsexporter.com\/es\/wp-json\/wp\/v2\/product"}],"about":[{"href":"https:\/\/www.medsexporter.com\/es\/wp-json\/wp\/v2\/types\/product"}],"wp:featuredmedia":[{"embeddable":true,"href":"https:\/\/www.medsexporter.com\/es\/wp-json\/wp\/v2\/media\/50510"}],"wp:attachment":[{"href":"https:\/\/www.medsexporter.com\/es\/wp-json\/wp\/v2\/media?parent=50509"}],"wp:term":[{"taxonomy":"product_brand","embeddable":true,"href":"https:\/\/www.medsexporter.com\/es\/wp-json\/wp\/v2\/product_brand?post=50509"},{"taxonomy":"product_cat","embeddable":true,"href":"https:\/\/www.medsexporter.com\/es\/wp-json\/wp\/v2\/product_cat?post=50509"},{"taxonomy":"product_tag","embeddable":true,"href":"https:\/\/www.medsexporter.com\/es\/wp-json\/wp\/v2\/product_tag?post=50509"},{"taxonomy":"product_form","embeddable":true,"href":"https:\/\/www.medsexporter.com\/es\/wp-json\/wp\/v2\/product_form?post=50509"}],"curies":[{"name":"wp","href":"https:\/\/api.w.org\/{rel}","templated":true}]}}