{"id":50492,"date":"2024-04-25T07:14:58","date_gmt":"2024-04-25T07:14:58","guid":{"rendered":"https:\/\/medsexporter.com\/product\/primobol\/"},"modified":"2024-07-23T08:57:36","modified_gmt":"2024-07-23T08:57:36","slug":"primobol","status":"publish","type":"product","link":"https:\/\/www.medsexporter.com\/es\/product\/primobol\/","title":{"rendered":"Primobol"},"content":{"rendered":"\n<h2 class=\"wp-block-heading\"><strong>\u00bfQu\u00e9 es Primobol?<\/strong><\/h2>\n\n\n\n<p>Primobol, popular por su nombre comercial Primobolan Depot, es una inyecci\u00f3n de esteroides de culturismo. Tambi\u00e9n es una opci\u00f3n de tratamiento reconocida para el hipogonadismo masculino. Esta inyecci\u00f3n contiene Methenolone Enanthate (un esteroide anab\u00f3lico) como el principal ingrediente funcional.<\/p>\n\n\n\n<p>El tratamiento con este esteroide se personaliza seg\u00fan las necesidades y preferencias del culturista. Para el hipogonadismo masculino, el per\u00edodo de tratamiento y la dosis se determinan seg\u00fan los niveles de gravedad del paciente y las condiciones m\u00e9dicas generales. Por lo tanto, se recomienda no administrarlo sin supervisi\u00f3n m\u00e9dica.<\/p>\n\n\n\n<h2 class=\"wp-block-heading\"><strong>\u00bfPara qu\u00e9 sirve Primobol?<\/strong><\/h2>\n\n\n\n<p>Principalmente, esta inyecci\u00f3n de esteroides se prescribe para el culturismo. Ayuda a los culturistas a lograr un crecimiento muscular m\u00e1s r\u00e1pido y sostenido, optimizar la fuerza lograr resistencia.<\/p>\n\n\n\n<p>Se prescribe a los hombres diagnosticados de hipogonadismo, un trastorno m\u00e9dico que afecta al bienestar f\u00edsico y mental del var\u00f3n. Este medicamento minimiza los s\u00edntomas subyacentes y mejora la calidad de vida.<\/p>\n\n\n\n<h2 class=\"wp-block-heading\"><strong>Formularios Primobol<\/strong><\/h2>\n\n\n\n<p>Primobol culturismo esteroides est\u00e1 actualmente disponible s\u00f3lo en forma inyectable. Se aplica una o dos veces a la semana, en funci\u00f3n de las necesidades y preferencias del individuo.<\/p>\n\n\n\n<h2 class=\"wp-block-heading\"><strong>\u00bfC\u00f3mo funciona Primobol?<\/strong><\/h2>\n\n\n\n<p>Primobol funciona simplemente aumentando la s\u00edntesis de prote\u00ednas en los m\u00fasculos y mejorando la retenci\u00f3n de nitr\u00f3geno en los mismos. Tambi\u00e9n aumenta la producci\u00f3n de gl\u00f3bulos rojos, lo que provoca un r\u00e1pido crecimiento muscular y preserva las ganancias de masa. Este medicamento es una opci\u00f3n vers\u00e1til para los culturistas que buscan un f\u00e1rmaco fiable para un f\u00edsico estructurado con efectos negativos m\u00ednimos.<\/p>\n\n\n\n<p>Tal eficacia s\u00f3lo se experimenta si este medicamento se administra correctamente y de acuerdo con las orientaciones m\u00e9dicas.<\/p>\n\n\n\n<h2 class=\"wp-block-heading\"><strong>\u00bfCu\u00e1les son los beneficios potenciales?<\/strong><\/h2>\n\n\n\n<p>Primobol inyecci\u00f3n tiene los siguientes beneficios entre los culturistas:<\/p>\n\n\n\n<ul class=\"wp-block-list\">\n<li>Aumento de masa muscular deseada<\/li>\n\n\n\n<li>Aumento de la fuerza<\/li>\n\n\n\n<li>P\u00e9rdida de grasa<\/li>\n\n\n\n<li>Mejora de la resistencia<\/li>\n\n\n\n<li>Bajos efectos androg\u00e9nicos<\/li>\n\n\n\n<li>Riesgos m\u00ednimos como la toxicidad hep\u00e1tica<\/li>\n\n\n\n<li>Recuperaci\u00f3n m\u00e1s r\u00e1pida tras entrenamientos intensos<\/li>\n\n\n\n<li>Mejor composici\u00f3n corporal<\/li>\n<\/ul>\n\n\n\n<p>Tambi\u00e9n aumenta la producci\u00f3n de gl\u00f3bulos rojos, lo que es beneficioso para los pacientes de hipogonadismo masculino.<\/p>\n\n\n\n<h2 class=\"wp-block-heading\"><strong>El coste de Primobol<\/strong><\/h2>\n\n\n\n<p>El precio del Primobol var\u00eda seg\u00fan los fabricantes, los proveedores y la cantidad del pedido. Para obtener los mejores precios, p\u00f3ngase en contacto con nuestro n\u00famero de atenci\u00f3n al cliente. Nuestros ejecutivos le dar\u00e1 un presupuesto personalizado para la calidad de esta inyecci\u00f3n de esteroides.<\/p>\n\n\n\n<h2 class=\"wp-block-heading\"><strong>Entrega segura y precisa<\/strong><\/h2>\n\n\n\n<p>Independientemente del lugar desde el que realice el pedido, se lo entregaremos m\u00e1s r\u00e1pidamente con seguridad y precisi\u00f3n garantizadas. Nuestros socios log\u00edsticos de confianza gestionan el paquete a la perfecci\u00f3n para que llegue en condiciones seguras.<\/p>\n\n\n\n<h2 class=\"wp-block-heading\"><strong>Precauciones y seguridad<\/strong><\/h2>\n\n\n\n<p>Mientras decide comprar Primobol en l\u00ednea, le indicamos algunas precauciones de seguridad que debe tener en cuenta.<\/p>\n\n\n\n<ul class=\"wp-block-list\">\n<li>No compre esta inyecci\u00f3n de esteroides sin consulta m\u00e9dica.<\/li>\n\n\n\n<li>Compruebe la lista completa de ingredientes y no lo compre si es al\u00e9rgico al Methenolone Enanthate.<\/li>\n\n\n\n<li>Informe a su m\u00e9dico si tiene alg\u00fan problema de salud importante antes de empezar el tratamiento con este esteroide.<\/li>\n\n\n\n<li>Las mujeres y los ni\u00f1os no deben optar por esta inyecci\u00f3n de esteroides de culturismo debido a los riesgos potenciales para la salud.<\/li>\n\n\n\n<li>No combine este esteroide con otras inyecciones de esteroides en curso sin pedir consejo al profesional sanitario.<\/li>\n\n\n\n<li>El l\u00edmite m\u00e1ximo de dosificaci\u00f3n es de unas 8 a 12 semanas (var\u00eda seg\u00fan las personas). Evite sobrepasar el l\u00edmite aconsejado ya que, de lo contrario, persiste el riesgo de efectos secundarios.<\/li>\n\n\n\n<li>Aplique esta inyecci\u00f3n s\u00f3lo bajo supervisi\u00f3n m\u00e9dica o por un profesional m\u00e9dico.<\/li>\n<\/ul>\n\n\n\n<h2 class=\"wp-block-heading\"><strong>Atenci\u00f3n al cliente 24*7<\/strong><\/h2>\n\n\n\n<p>No s\u00f3lo prometemos servicios de atenci\u00f3n al cliente de alta calidad, sino que tambi\u00e9n los facilitamos. P\u00f3ngase en contacto con nuestros ejecutivos de atenci\u00f3n al cliente si tiene alguna duda. Le aseguramos que obtendr\u00e1 una respuesta 24*7.<\/p>\n\n\n\n<h2 class=\"wp-block-heading\"><strong>Preguntas frecuentes<\/strong><\/h2>\n\n\n\n<h3 class=\"wp-block-heading\"><strong>\u00bfEs Primobol \u00fatil para perder peso?<\/strong><\/h3>\n\n\n\n<p>Aunque no est\u00e1 formulado principalmente para la p\u00e9rdida de peso, apoya indirectamente el control de peso a trav\u00e9s de la preservaci\u00f3n muscular y la mejora del metabolismo. Su funci\u00f3n principal es mejorar la calidad de la masa muscular y la fuerza con efectos secundarios m\u00ednimos en comparaci\u00f3n con otros esteroides.<\/p>\n\n\n\n<h3 class=\"wp-block-heading\"><strong>\u00bfLa inyecci\u00f3n de Primobolan aumenta la masa muscular?<\/strong><\/h3>\n\n\n\n<p>S\u00ed, Primobolan Inyecci\u00f3n apoya el crecimiento muscular m\u00e1s r\u00e1pido de lo habitual. Es una inyecci\u00f3n de esteroides culturismo que aumenta la s\u00edntesis de prote\u00ednas y la retenci\u00f3n de nitr\u00f3geno de los m\u00fasculos para el desarrollo r\u00e1pido. Esta inyecci\u00f3n tambi\u00e9n mejora la fuerza y la resistencia.<\/p>\n\n\n\n<h3 class=\"wp-block-heading\"><strong>\u00bfEs seguro para las mujeres?<\/strong><\/h3>\n\n\n\n<p>No, en general no se recomienda para las mujeres debido a los posibles efectos secundarios y al riesgo de virilizaci\u00f3n. Si usted es una mujer que busca suplementos de culturismo, obtenga ayuda de su profesional de la salud para tratamientos alternativos seguros.<\/p>\n\n\n\n<h3 class=\"wp-block-heading\"><strong>\u00bfEs seguro para los ni\u00f1os?<\/strong><\/h3>\n\n\n\n<p>Primobol inyectable no est\u00e1 indicado para su uso en ni\u00f1os porque este medicamento afecta a su crecimiento y desarrollo. Si se utiliza de todos modos, puede causar importantes riesgos para la salud a largo plazo.<\/p>\n\n\n\n<h3 class=\"wp-block-heading\"><strong>\u00bfC\u00f3mo conectar con los proveedores de Primobol?<\/strong><\/h3>\n\n\n\n<p>Ponte en contacto con MedsExporter.com, uno de los proveedores de Primobol online de confianza m\u00e1s populares. Se lo recomendamos para que no tenga que dedicar horas a investigar ni reunir contactos en la industria para probarlo. Tenga la seguridad de obtener medicamentos de alta calidad a los precios m\u00e1s bajos con un suministro de alrededor de 1 mill\u00f3n de ampollas al mes. P\u00f3ngase en contacto con nuestro servicio de atenci\u00f3n al cliente ahora mismo.<\/p>\n\n\n\n<h3 class=\"wp-block-heading\"><strong>\u00bfC\u00f3mo puedo guardarlo?<\/strong><\/h3>\n\n\n\n<p>Esta inyecci\u00f3n de esteroides puede almacenarse entre 15 y 25 grados cent\u00edgrados. Mant\u00e9ngalo alejado de la humedad y las altas temperaturas. Adem\u00e1s, gu\u00e1rdelo en un lugar alejado de los ni\u00f1os.<\/p>\n\n\n\n<h2 class=\"wp-block-heading\">Otras tabletas de culturismo son:<\/h2>\n\n\n\n<p><a href=\"https:\/\/medsexporter.com\/es\/product\/parabol\/\">parabol<\/a> | <a href=\"https:\/\/medsexporter.com\/es\/product\/decabol-250-viales-10ml\/\">Decabol 250 Viales 10ml<\/a> | <a href=\"https:\/\/medsexporter.com\/es\/product\/danabol-comprimido\/\">Pastilla de Danabol (Decanoato de Nandrolona)<\/a><\/p>\n","protected":false},"excerpt":{"rendered":"<p>Primobol Injection (Primobolan Depot) es un esteroide de culturismo y un tratamiento para el hipogonadismo masculino. Comprar a los mejores precios en l\u00ednea de proveedores autorizados solamente.<\/p>","protected":false},"featured_media":48709,"template":"","meta":{"_glsr_average":0,"_glsr_ranking":0,"_glsr_reviews":0},"product_brand":[],"product_cat":[3936],"product_tag":[],"product_form":[4149],"class_list":{"0":"post-50492","1":"product","2":"type-product","3":"status-publish","4":"has-post-thumbnail","6":"product_cat-medicina-de-musculacion-fabricantes-en-india","7":"product_form-ampolla-fabricantes-en-india","9":"first","10":"instock","11":"shipping-taxable","12":"purchasable","13":"product-type-variable"},"_links":{"self":[{"href":"https:\/\/www.medsexporter.com\/es\/wp-json\/wp\/v2\/product\/50492","targetHints":{"allow":["GET"]}}],"collection":[{"href":"https:\/\/www.medsexporter.com\/es\/wp-json\/wp\/v2\/product"}],"about":[{"href":"https:\/\/www.medsexporter.com\/es\/wp-json\/wp\/v2\/types\/product"}],"wp:featuredmedia":[{"embeddable":true,"href":"https:\/\/www.medsexporter.com\/es\/wp-json\/wp\/v2\/media\/48709"}],"wp:attachment":[{"href":"https:\/\/www.medsexporter.com\/es\/wp-json\/wp\/v2\/media?parent=50492"}],"wp:term":[{"taxonomy":"product_brand","embeddable":true,"href":"https:\/\/www.medsexporter.com\/es\/wp-json\/wp\/v2\/product_brand?post=50492"},{"taxonomy":"product_cat","embeddable":true,"href":"https:\/\/www.medsexporter.com\/es\/wp-json\/wp\/v2\/product_cat?post=50492"},{"taxonomy":"product_tag","embeddable":true,"href":"https:\/\/www.medsexporter.com\/es\/wp-json\/wp\/v2\/product_tag?post=50492"},{"taxonomy":"product_form","embeddable":true,"href":"https:\/\/www.medsexporter.com\/es\/wp-json\/wp\/v2\/product_form?post=50492"}],"curies":[{"name":"wp","href":"https:\/\/api.w.org\/{rel}","templated":true}]}}