{"id":50469,"date":"2024-04-25T06:52:52","date_gmt":"2024-04-25T06:52:52","guid":{"rendered":"https:\/\/medsexporter.com\/product\/nandrolin-100-mg-inyeccion\/"},"modified":"2024-07-22T12:56:44","modified_gmt":"2024-07-22T12:56:44","slug":"nandrolin-100-mg-inyeccion","status":"publish","type":"product","link":"https:\/\/www.medsexporter.com\/es\/product\/nandrolin-100-mg-inyeccion\/","title":{"rendered":"Nandrolin 100 mg inyecci\u00f3n"},"content":{"rendered":"\n<h2 class=\"wp-block-heading\"><strong>Introducci\u00f3n de la inyecci\u00f3n de nandrolina 100 mg.<\/strong><\/h2>\n\n\n\n<p>Nandrolin 100 mg inj (1 ml), comercializado como Durabolin, es uno de los esteroides anab\u00f3licos de alto potencial utilizados entre los culturistas. A menudo se prescribe a mujeres diagnosticadas con osteoporosis posmenop\u00e1usica. Esta inyecci\u00f3n tiene fenilpropionato de nandrolona como ingrediente activo principal, que es un compuesto popular para el crecimiento muscular y las propiedades de fortalecimiento de los huesos.<\/p>\n\n\n\n<p>Si es mayorista, distribuidor, proveedor o proveedor de atenci\u00f3n m\u00e9dica y busca Nandrolin inj al por mayor, <strong>MedsExporter.com<\/strong> ofrece suplementos de culturismo de la mejor calidad. Con f\u00e1cil acceso, puede solicitar esta inyecci\u00f3n hasta 1 mill\u00f3n de ampollas (mensualmente).<\/p>\n\n\n\n<h2 class=\"wp-block-heading\"><strong>\u00bfCu\u00e1les son los usos de nandrolina 100 mg inyectable?<\/strong><\/h2>\n\n\n\n<p>Estos son los dos usos principales de Nandrolin inj:<\/p>\n\n\n\n<p>Culturismo: los culturistas y atletas tienen un f\u00edsico definido en mente. S\u00f3lo necesitan tomar el camino correcto con sesiones de entrenamiento y respaldos s\u00f3lidos como el fenilpropionato de nandrolona para que esto suceda. Esta inyecci\u00f3n es conocida por mejoras significativas en el crecimiento muscular, la fuerza y \u200b\u200bla resistencia.<\/p>\n\n\n\n<p>Osteoporosis posmenop\u00e1usica: la mayor\u00eda de las mujeres, despu\u00e9s de la menopausia, tienden a perder densidad \u00f3sea, lo que les provoca dolor en las piernas. El riesgo de fracturas tambi\u00e9n es alto en este momento. Este esteroide anab\u00f3lico tiene excelentes propiedades para mejorar la densidad \u00f3sea, reduciendo as\u00ed tambi\u00e9n el riesgo de fractura.<\/p>\n\n\n\n<h2 class=\"wp-block-heading\"><strong>Formas y dosis de nandrolina<\/strong><\/h2>\n\n\n\n<p>Este medicamento de fenilpropionato de nandrolona est\u00e1 disponible \u00fanicamente en forma inyectable. Su dosis t\u00edpica es de 100 mg por ml. La dosis var\u00eda entre las personas seg\u00fan sus objetivos de culturismo, sus condiciones de salud f\u00edsica general o su nivel de sufrimiento con la osteoporosis posmenop\u00e1usica.<\/p>\n\n\n\n<p>Debe inyectarse bajo la supervisi\u00f3n de un profesional m\u00e9dico. Adem\u00e1s, el per\u00edodo de tratamiento es s\u00f3lo de hasta 12 semanas. Por lo tanto, evite administrarlo m\u00e1s all\u00e1 del per\u00edodo o frecuencia recomendados, de lo contrario tendr\u00e1 consecuencias graves.<\/p>\n\n\n\n<p>Nota: No hay nada como una soluci\u00f3n \u00fanica para los esteroides anab\u00f3licos. La dosis se personaliza seg\u00fan las necesidades y preferencias de cada individuo. Por lo tanto, no lo utilices sin orientaci\u00f3n m\u00e9dica.<\/p>\n\n\n\n<h2 class=\"wp-block-heading\"><strong>\u00bfComo funciona?<\/strong><\/h2>\n\n\n\n<p>El mecanismo de acci\u00f3n b\u00e1sico del fenilpropionato de nandrolona es similar al de otros esteroides anab\u00f3licos. Funciona estimulando la s\u00edntesis de prote\u00ednas en el cuerpo, mejorando as\u00ed la retenci\u00f3n de nitr\u00f3geno en los m\u00fasculos. Al promover la producci\u00f3n de gl\u00f3bulos rojos, este esteroide tambi\u00e9n mejora la transferencia de ox\u00edgeno a los m\u00fasculos. Estas acciones permiten a los culturistas experimentar un crecimiento muscular m\u00e1s r\u00e1pido, mejor fuerza y \u200b\u200bresistencia. Por el contrario, juega un papel importante en el fortalecimiento de la densidad \u00f3sea y la eliminaci\u00f3n del riesgo de fracturas f\u00e1ciles.<\/p>\n\n\n\n<h2 class=\"wp-block-heading\"><strong>\u00bfCuales son los beneficios?<\/strong><\/h2>\n\n\n\n<ol class=\"wp-block-list\">\n<li>Fuerza \u00f3sea mejorada<\/li>\n\n\n\n<li>Ganancias musculares significativas<\/li>\n\n\n\n<li>L&#8217;un des st\u00e9ro\u00efdes anabolisants les plus fiables<\/li>\n\n\n\n<li>Favorise la r\u00e9cup\u00e9ration apr\u00e8s des s\u00e9ances d&#8217;entra\u00eenement intenses\/blessures<\/li>\n\n\n\n<li>R\u00e9duit la fatigue et alimente l\u2019\u00e9nergie ainsi que l\u2019endurance<\/li>\n<\/ol>\n\n\n\n<h2 class=\"wp-block-heading\"><strong>Exigences de s\u00e9curit\u00e9 et de pr\u00e9cautions<\/strong><\/h2>\n\n\n\n<ul class=\"wp-block-list\">\n<li>Comme il s\u2019agit d\u2019un st\u00e9ro\u00efde anabolisant, il doit \u00eatre manipul\u00e9 avec pr\u00e9caution. \u00c9vitez donc de l\u2019utiliser pour la musculation ou l\u2019ost\u00e9oporose post-m\u00e9nopausique sans consulter un professionnel de la sant\u00e9 agr\u00e9\u00e9.<\/li>\n\n\n\n<li>Respectez les instructions posologiques partag\u00e9es par le m\u00e9decin pour r\u00e9duire le risque d&#8217;effets ind\u00e9sirables.<\/li>\n\n\n\n<li>Assurez-vous de subir des contr\u00f4les m\u00e9dicaux r\u00e9guliers tout au long de la p\u00e9riode de traitement avec ce st\u00e9ro\u00efde.<\/li>\n\n\n\n<li>Nandrolin 100 mg est d\u00e9conseill\u00e9 chez les enfants de moins de 18 ans. S\u2019il est utilis\u00e9 malgr\u00e9 tout, il pr\u00e9sente des risques majeurs pour la sant\u00e9.<\/li>\n\n\n\n<li>N\u2019utilisez pas cette injection de st\u00e9ro\u00efdes chez les femmes enceintes ou allaitantes.<\/li>\n\n\n\n<li>\u00c9vitez de prendre la dose pendant une p\u00e9riode prolong\u00e9e (plus de 8 ou 12 semaines).<\/li>\n<\/ul>\n\n\n\n<h2 class=\"wp-block-heading\"><strong>Connexion aux fournisseurs de nandrolin<\/strong><\/h2>\n\n\n\n<p>N&#8217;h\u00e9sitez pas \u00e0 \u00eatre ici chez <strong>MedsExporter.com<\/strong>, l&#8217;un des fournisseurs de Nandrolin les plus fiables, o\u00f9 une assurance qualit\u00e9 \u00e0 100 % et des prix comp\u00e9titifs sont garantis pour tous les produits. Nous sommes heureux de livrer des commandes personnalis\u00e9es selon les demandes des clients avec une capacit\u00e9 de production allant jusqu&#8217;\u00e0 1 million d&#8217;ampoules par mois. Vous pouvez facilement g\u00e9rer la durabilit\u00e9 des stocks en r\u00e9pondant aux exigences de ce produit gr\u00e2ce \u00e0 des commandes strat\u00e9giques. Qu&#8217;est-ce qui te fait attendre ?!<\/p>\n\n\n\n<h2 class=\"wp-block-heading\"><strong>Service de livraison rapide, s\u00fbr et pr\u00e9cis<\/strong><\/h2>\n\n\n\n<p>MedsExporter.com offre des services de livraison rapides, s\u00fbrs et pr\u00e9cis pour vos commandes. Notre objectif est que votre commande vous parvienne plus rapidement et en excellent \u00e9tat.<\/p>\n\n\n\n<h2 class=\"wp-block-heading\"><strong>Atenci\u00f3n al cliente 24 horas al d\u00eda, 7 d\u00edas a la semana<\/strong><\/h2>\n\n\n\n<p>No estamos aqu\u00ed solo para vender los productos, sino para ayudar a nuestros clientes las 24 horas del d\u00eda, los 7 d\u00edas de la semana, con cualquier consulta que tengan. Opte por el modo de contacto que le resulte m\u00e1s c\u00f3modo y ser\u00e1 respondido.<\/p>\n\n\n\n<h2 class=\"wp-block-heading\"><strong>Preguntas frecuentes<\/strong><\/h2>\n\n\n\n<h3 class=\"wp-block-heading\"><strong>\u00bfSe puede utilizar Nandrolin 100 mg Inj para tratar lesiones musculares?<\/strong><\/h3>\n\n\n\n<p>Yes, it may be used for treating muscle injuries because of its properties of repairing muscle tissues and minimizing inflammation.<\/p>\n\n\n\n<h3 class=\"wp-block-heading\"><strong>\u00bfPuedo usarlo para ganar peso?<\/strong><\/h3>\n\n\n\n<p>La nandrolina 100 mg provoca aumento de peso debido al aumento de la masa muscular y a las mejoras en la estructura general del cuerpo.<\/p>\n\n\n\n<h3 class=\"wp-block-heading\"><strong>\u00bfEs seguro usar Nandrolin 100 mg Inj en ni\u00f1os?<\/strong><\/h3>\n\n\n\n<p>No, nunca puede ser seguro su uso en ni\u00f1os debido a los posibles riesgos para la salud y los efectos negativos en su crecimiento y desarrollo.<\/p>\n\n\n\n<h3 class=\"wp-block-heading\"><strong>\u00bfPuede interactuar con suplementos a base de hierbas?<\/strong><\/h3>\n\n\n\n<p>S\u00ed, este esteroide puede interactuar con otros medicamentos, ya sean de venta libre, recetados o suplementos a base de hierbas. Aseg\u00farese de comunic\u00e1rselos al profesional sanitario antes de iniciar el tratamiento.<\/p>\n\n\n\n<h3 class=\"wp-block-heading\"><strong>\u00bfCu\u00e1l es el precio mayorista de nandrolina 100 mg inyectable?<\/strong><\/h3>\n\n\n\n<p>Env\u00ede su solicitud de cotizaci\u00f3n de precios mayoristas con sus requisitos personalizados a MedsExporter.com. Nuestro equipo se comunicar\u00e1 con usted pronto con las \u00faltimas ofertas.<\/p>\n\n\n\n<h2 class=\"wp-block-heading\">Otras inyecciones de culturismo son:<\/h2>\n\n\n\n<p>Decabol 200 inyecci\u00f3n 1ml | Masteron Inyecci\u00f3n | Mastarix 100 Mg Inyecci\u00f3n<\/p>\n","protected":false},"excerpt":{"rendered":"<p>Compre nandrolina 100 mg inyectable (1 ml) al por mayor de uno de los principales fabricantes y proveedores. Obtenga las mejores ofertas y descuentos en esta inyecci\u00f3n de fenilpropionato de nandrolona (Durabolin) para culturismo y osteoporosis posmenop\u00e1usica.<\/p>","protected":false},"featured_media":0,"template":"","meta":{"_glsr_average":0,"_glsr_ranking":0,"_glsr_reviews":0},"product_brand":[],"product_cat":[3936],"product_tag":[],"product_form":[4149],"class_list":{"0":"post-50469","1":"product","2":"type-product","3":"status-publish","5":"product_cat-medicina-de-musculacion-fabricantes-en-india","6":"product_form-ampolla-fabricantes-en-india","8":"first","9":"instock","10":"shipping-taxable","11":"purchasable","12":"product-type-variable"},"_links":{"self":[{"href":"https:\/\/www.medsexporter.com\/es\/wp-json\/wp\/v2\/product\/50469","targetHints":{"allow":["GET"]}}],"collection":[{"href":"https:\/\/www.medsexporter.com\/es\/wp-json\/wp\/v2\/product"}],"about":[{"href":"https:\/\/www.medsexporter.com\/es\/wp-json\/wp\/v2\/types\/product"}],"wp:attachment":[{"href":"https:\/\/www.medsexporter.com\/es\/wp-json\/wp\/v2\/media?parent=50469"}],"wp:term":[{"taxonomy":"product_brand","embeddable":true,"href":"https:\/\/www.medsexporter.com\/es\/wp-json\/wp\/v2\/product_brand?post=50469"},{"taxonomy":"product_cat","embeddable":true,"href":"https:\/\/www.medsexporter.com\/es\/wp-json\/wp\/v2\/product_cat?post=50469"},{"taxonomy":"product_tag","embeddable":true,"href":"https:\/\/www.medsexporter.com\/es\/wp-json\/wp\/v2\/product_tag?post=50469"},{"taxonomy":"product_form","embeddable":true,"href":"https:\/\/www.medsexporter.com\/es\/wp-json\/wp\/v2\/product_form?post=50469"}],"curies":[{"name":"wp","href":"https:\/\/api.w.org\/{rel}","templated":true}]}}