{"id":50454,"date":"2024-04-12T12:23:26","date_gmt":"2024-04-12T12:23:26","guid":{"rendered":"https:\/\/medsexporter.com\/product\/thyronorm-125-mcg\/"},"modified":"2024-07-22T10:15:33","modified_gmt":"2024-07-22T10:15:33","slug":"thyronorm-125-mcg","status":"publish","type":"product","link":"https:\/\/www.medsexporter.com\/es\/product\/thyronorm-125-mcg\/","title":{"rendered":"Thyronorm 125 mcg (Tiroxina S\u00f3dica)"},"content":{"rendered":"\n<h2 class=\"wp-block-heading\"><strong>Introducci\u00f3n de Thyronorm 125 mcg<\/strong><\/h2>\n\n\n\n<p>Entre las opciones actuales para la p\u00e9rdida de peso,\u00a0<strong>el medicamento para bajar de peso\u00a0Thyronorm 125 mcg<\/strong>\u00a0es el m\u00e1s destacado. De hecho, la\u00a0<strong>Thyronorm Thyroxine Sodium<\/strong>\u00a0que se muestra en el t\u00edtulo constituye el n\u00facleo de esta tableta: una forma eficaz y eficiente de alcanzar los objetivos de p\u00e9rdida de peso deseados. Fabricado seg\u00fan las expectativas elevadas, Thyronorm 125 mcg es una receta de calidad que es viable para tratar las circunstancias de los pacientes.<\/p>\n\n\n\n<h2 class=\"wp-block-heading\"><strong>Usos de Thyronorm 125 mcg<\/strong><\/h2>\n\n\n\n<p>Estos son los usos de&nbsp;&nbsp;<strong>las tabletas de Thyronorm<\/strong>&nbsp;:<\/p>\n\n\n\n<ul class=\"wp-block-list\">\n<li><strong>Reducci\u00f3n de peso:<\/strong>\u00a0La motivaci\u00f3n principal detr\u00e1s de la tableta Thyronorm 125 mcg es la p\u00e9rdida de peso.<\/li>\n\n\n\n<li><strong>Tratamiento para el hipotiroidismo:<\/strong>\u00a0tambi\u00e9n funciona admirablemente para problemas de hipotiroidismo.<\/li>\n\n\n\n<li><strong>Mejora completa de la salud:<\/strong>\u00a0para las personas que desean mejorar su salud general,\u00a0<strong>Thyronorm 125 mcg<\/strong>\u00a0es una opci\u00f3n valiosa.<\/li>\n<\/ul>\n\n\n\n<h2 class=\"wp-block-heading\"><strong>\u00bfC\u00f3mo funciona en su sistema?<\/strong><\/h2>\n\n\n\n<p><strong>Las tabletas de Synthroid<\/strong>&nbsp;act\u00faan proporcionando niveles hormonales al cuerpo. Esto ayuda a mejorar el metabolismo y, en consecuencia, puede ayudar al usuario a perder algo de peso adicional. Esto se debe a la tiroxina s\u00f3dica presente en la tableta, que garantiza un tratamiento equilibrado y eficaz.<\/p>\n\n\n\n<h2 class=\"wp-block-heading\"><strong>Los beneficios de la tableta Thyronorm 125<\/strong><\/h2>\n\n\n\n<p>La tableta de Thyronorm 125 mcg ofrece varios beneficios:<\/p>\n\n\n\n<ul class=\"wp-block-list\">\n<li>Mejora el metabolismo<\/li>\n\n\n\n<li>Apoya la p\u00e9rdida de peso<\/li>\n\n\n\n<li>Trata el hipotiroidismo<\/li>\n\n\n\n<li>Se puede combinar con otras actividades que uno realiza en su vida diaria.<\/li>\n<\/ul>\n\n\n\n<p>De hecho, estos beneficios lo convierten en la primera opci\u00f3n para las personas que buscan\u00a0<strong>suplementos para perder peso<\/strong>\u00a0o aspiran a equilibrar sus gl\u00e1ndulas tiroides.<\/p>\n\n\n\n<h2 class=\"wp-block-heading\"><strong>Un mayorista en l\u00ednea confiable de Thyronorm 125 mcg, un medicamento para bajar de peso<\/strong><\/h2>\n\n\n\n<p>El precio y la calidad son fundamentales, pero la fiabilidad del cliente potencial es lo m\u00e1s importante. Por eso&nbsp;<strong>medsexporter.com<\/strong>&nbsp;&nbsp;es un famoso&nbsp;<strong>exportador de comprimidos de Thyronorm 125mcg<\/strong>&nbsp;. Nuestra tienda online garantiza una compra c\u00f3moda. Garantizamos la calidad y autenticidad de cada comprimido de Thyronorm de su marca.<\/p>\n\n\n\n<h2 class=\"wp-block-heading\"><strong>\u00bfCu\u00e1l es la condici\u00f3n de almacenamiento recomendada para Thyronorm 125 mcg?<\/strong><\/h2>\n\n\n\n<p>La forma farmac\u00e9utica de Thyronorm 125 mcg debe conservarse a una temperatura inferior a 30 grados en un lugar fresco y seco. Tambi\u00e9n es esencial un almacenamiento adecuado; es mejor guardarlo en un lugar oscuro. Esto garantiza que la tableta sea eficaz cuando se usa seg\u00fan lo requerido hasta el momento de vencimiento del producto.<\/p>\n\n\n\n<h2 class=\"wp-block-heading\"><strong>Precios personalizados y basados \u200b\u200ben la ciencia de datos<\/strong><\/h2>\n\n\n\n<p><strong>Medsexporter.com<\/strong>\u00a0utiliza una gran cantidad de datos para personalizar el precio para cada uno de nuestros clientes. Por lo tanto, el liderazgo en costos comerciales tiene como objetivo ofrecer precios competitivos a los clientes. En cuanto a los precios, es mejor que crea que NFI act\u00faa de manera justa y honesta cuando se trata de comprar sus productos, ya sea al por mayor o de manera individual.<\/p>\n\n\n\n<h2 class=\"wp-block-heading\"><strong>Servicio de entrega r\u00e1pido, seguro y preciso.<\/strong><\/h2>\n\n\n\n<p>El servicio de entrega es igualmente r\u00e1pido, seguro y preciso en la entrega de productos a sus clientes. Por este motivo, aqu\u00ed consideramos asuntos que necesitan una finalizaci\u00f3n r\u00e1pida y eficiente. Cada botella de Thyronorm 125 mcg solicitada por los clientes se gestiona correctamente para que le llegue directamente a su destino.<\/p>\n\n\n\n<h2 class=\"wp-block-heading\"><strong>Atenci\u00f3n al cliente 24 horas al d\u00eda, 7 d\u00edas a la semana<\/strong><\/h2>\n\n\n\n<p>La atenci\u00f3n al cliente es uno de nuestros puntos fuertes, ya que la ofrecemos las 24 horas del d\u00eda, los 7 d\u00edas de la semana. Puede recurrir a nuestro equipo en cualquier momento para solicitar ayuda, junto con sus preguntas o inquietudes. En este sentido, nos aseguramos de que la satisfacci\u00f3n del cliente sea nuestro principal objetivo.<\/p>\n\n\n\n<h2 class=\"wp-block-heading\"><strong>Preguntas frecuentes<\/strong><\/h2>\n\n\n\n<h3 class=\"wp-block-heading\"><strong>\u00bfC\u00f3mo debo tomarlo?<\/strong><\/h3>\n\n\n\n<p>La tableta de Thyronorm 125 mcg se puede tomar de la siguiente manera:<\/p>\n\n\n\n<ul class=\"wp-block-list\">\n<li><strong>Momento de consumo:<\/strong>\u00a0T\u00f3melo hacia el comienzo del d\u00eda mientras el est\u00f3mago est\u00e1 vac\u00edo, 30 a 60 minutos antes del desayuno.<\/li>\n\n\n\n<li><strong>Consistencia:<\/strong>\u00a0T\u00f3melo simult\u00e1neamente d\u00eda a d\u00eda para evitar olvidarse de dosis.<\/li>\n\n\n\n<li><strong>Evite los alimentos:<\/strong>\u00a0trate de no ingerir alimentos, leche o t\u00e9 una hora antes y dos horas despu\u00e9s de tomar el comprimido.<\/li>\n<\/ul>\n\n\n\n<p>Recuerde siempre seguir las pautas y sugerencias del m\u00e9dico mientras toma este medicamento.<\/p>\n\n\n\n<h3 class=\"wp-block-heading\"><strong>\u00bfEs la tableta Thyronorm 125 mcg adecuada para el tratamiento del hipotiroidismo?<\/strong><\/h3>\n\n\n\n<p>El objetivo principal de la tableta Thyronorm 125 mcg es tratar\u00a0el hipotiroidismo\u00a0, un trastorno en el que la gl\u00e1ndula tiroides no genera suficientes hormonas. Repone las hormonas tiroideas perdidas y ayuda en el tratamiento de la fatiga, el aumento de peso y la depresi\u00f3n.<\/p>\n\n\n\n<h3 class=\"wp-block-heading\"><strong>\u00bfCu\u00e1les son los posibles efectos secundarios de Thyronorm 125?<\/strong><\/h3>\n\n\n\n<p>Algunos de los efectos secundarios que pueden experimentar los pacientes son dolor de cabeza, sudoraci\u00f3n y palpitaciones. Pregunte si experimenta alguno de estos s\u00edntomas.<\/p>\n\n\n\n<h3 class=\"wp-block-heading\"><strong>\u00bfQu\u00e9 debo hacer en caso de sobredosis?<\/strong><\/h3>\n\n\n\n<p>Los efectos de una sobredosis de&nbsp;<strong>Thyronorm 125 mcg<\/strong>&nbsp;&nbsp;son graves; por lo tanto, consultar a un especialista en esta situaci\u00f3n es el mejor consejo.<\/p>\n\n\n\n<h3 class=\"wp-block-heading\"><strong>\u00bfCu\u00e1l es el tipo de empaque de las tabletas de Thyronorm?<\/strong><\/h3>\n\n\n\n<p>Los comprimidos de Thyronorm se presentan en envases tipo bl\u00edster. Este envase protege los comprimidos de da\u00f1os y de la contaminaci\u00f3n por cualquier elemento que se encuentre a su alrededor.<\/p>\n\n\n\n<h3 class=\"wp-block-heading\"><strong>\u00bfExiste alguna oferta para comprar Thyronorm 125 al por mayor?<\/strong><\/h3>\n\n\n\n<p>S\u00ed, tenemos precios de temporada y al por mayor de&nbsp;<strong>Thyronorm 125 mcg<\/strong>&nbsp;. Falta la otra caracter\u00edstica importante; podr\u00eda ser posible llenar este vac\u00edo comunic\u00e1ndose con nuestro equipo de ventas.<\/p>\n","protected":false},"excerpt":{"rendered":"Introducci\u00f3n de Thyronorm 125 mcg Entre las opciones actuales para la p\u00e9rdida de peso,\u00a0el medicamento para bajar de peso\u00a0Thyronorm 125 mcg\u00a0es el m\u00e1s destacado. De hecho, la\u00a0Thyronorm Thyroxine Sodium\u00a0que se muestra en el t\u00edtulo constituye el n\u00facleo de esta tableta: una forma eficaz y eficiente de alcanzar los objetivos de p\u00e9rdida de peso deseados. Fabricado [&hellip;]","protected":false},"featured_media":48359,"template":"","meta":{"_glsr_average":0,"_glsr_ranking":0,"_glsr_reviews":0},"product_brand":[],"product_cat":[4081,4083],"product_tag":[],"product_form":[4097],"class_list":{"0":"post-50454","1":"product","2":"type-product","3":"status-publish","4":"has-post-thumbnail","6":"product_cat-perdida-de-peso-de-drogas-fabricante-en-la-india","7":"product_cat-medicina-para-el-gestion-del-peso-fabricante-en-india","8":"product_form-fabricante-de-tabletas-en-india","10":"first","11":"instock","12":"shipping-taxable","13":"purchasable","14":"product-type-variable"},"_links":{"self":[{"href":"https:\/\/www.medsexporter.com\/es\/wp-json\/wp\/v2\/product\/50454","targetHints":{"allow":["GET"]}}],"collection":[{"href":"https:\/\/www.medsexporter.com\/es\/wp-json\/wp\/v2\/product"}],"about":[{"href":"https:\/\/www.medsexporter.com\/es\/wp-json\/wp\/v2\/types\/product"}],"wp:featuredmedia":[{"embeddable":true,"href":"https:\/\/www.medsexporter.com\/es\/wp-json\/wp\/v2\/media\/48359"}],"wp:attachment":[{"href":"https:\/\/www.medsexporter.com\/es\/wp-json\/wp\/v2\/media?parent=50454"}],"wp:term":[{"taxonomy":"product_brand","embeddable":true,"href":"https:\/\/www.medsexporter.com\/es\/wp-json\/wp\/v2\/product_brand?post=50454"},{"taxonomy":"product_cat","embeddable":true,"href":"https:\/\/www.medsexporter.com\/es\/wp-json\/wp\/v2\/product_cat?post=50454"},{"taxonomy":"product_tag","embeddable":true,"href":"https:\/\/www.medsexporter.com\/es\/wp-json\/wp\/v2\/product_tag?post=50454"},{"taxonomy":"product_form","embeddable":true,"href":"https:\/\/www.medsexporter.com\/es\/wp-json\/wp\/v2\/product_form?post=50454"}],"curies":[{"name":"wp","href":"https:\/\/api.w.org\/{rel}","templated":true}]}}