{"id":50437,"date":"2024-04-25T06:18:59","date_gmt":"2024-04-25T06:18:59","guid":{"rendered":"https:\/\/medsexporter.com\/product\/decamaxx-inyeccion-ampolla\/"},"modified":"2024-07-22T09:06:24","modified_gmt":"2024-07-22T09:06:24","slug":"decamaxx-inyeccion-ampolla","status":"publish","type":"product","link":"https:\/\/www.medsexporter.com\/es\/product\/decamaxx-inyeccion-ampolla\/","title":{"rendered":"Decamaxx Inyecci\u00f3n Ampolla"},"content":{"rendered":"\n<h2 class=\"wp-block-heading\"><strong>\u00bfQu\u00e9 es Decamaxx Inyecci\u00f3n Ampolla (Decanoato de Nandrolona)?<\/strong><\/h2>\n\n\n\n<p><strong>Decamaxx Inyecci\u00f3n Ampolla<\/strong> (tambi\u00e9n llamado por su nombre de marca Rolon) es una inyecci\u00f3n de esteroides anab\u00f3licos con decanoato de nandrolona como el componente principal. Es un esteroide de culturismo populares que apoya el crecimiento muscular junto a aumentar la fuerza y la resistencia. Por otra parte, permite a los entusiastas del fitness para mantenerse alto en energ\u00eda, minimizar la fatiga y participar en entrenamientos HIIT.<\/p>\n\n\n\n<p>Este medicamento es cada vez m\u00e1s popular entre los culturistas y atletas, independientemente de si son principiantes o experimentados. Promete resultados deseables dentro de un lapso de tratamiento de 8 a 12 semanas solamente. Si el usuario desea un uso continuo, se requiere un seguimiento regular. Sin embargo, la mayor\u00eda de los culturistas lo utilizan s\u00f3lo durante un per\u00edodo limitado.<\/p>\n\n\n\n<p>Tambi\u00e9n es un tratamiento para afecciones m\u00e9dicas como la anemia, ya que estimula la producci\u00f3n de nuevos gl\u00f3bulos rojos en la m\u00e9dula \u00f3sea. Se sabe que el Decanoato de Nandrolona mejora el suministro de ox\u00edgeno en todo el cuerpo, lo que alivia la fatiga y la debilidad. En general, Decamaxx 400mg Inyecci\u00f3n Ampolla permite a las personas llevar una vida satisfactoria y de calidad.<\/p>\n\n\n\n<h2 class=\"wp-block-heading\"><strong>Decamaxx Inyecci\u00f3n Ampolla Usos<\/strong><\/h2>\n\n\n\n<ul class=\"wp-block-list\">\n<li>Musculaci\u00f3n y mejora del rendimiento deportivo<\/li>\n\n\n\n<li>Tratamiento de la anemia<\/li>\n<\/ul>\n\n\n\n<h2 class=\"wp-block-heading\"><strong>Formas y dosis de Decamaxx<\/strong><\/h2>\n\n\n\n<p>Decamaxx est\u00e1 disponible actualmente como esteroide inyectable que se aplica por v\u00eda intramuscular.<\/p>\n\n\n\n<p>Esta dosis de 400mg\/ml es potente y prometedora. Se prescribe seg\u00fan los objetivos de culturismo, las preferencias individuales y la experiencia con esteroides. T\u00edpicamente, se aconseja administrar una o dos veces por semana con un per\u00edodo de tratamiento total de hasta 12 semanas.<\/p>\n\n\n\n<h2 class=\"wp-block-heading\"><strong>\u00bfC\u00f3mo funciona?<\/strong><\/h2>\n\n\n\n<p>El funcionamiento de Decamaxx Inyecci\u00f3n Ampolla gira en torno a la mejora de la s\u00edntesis de prote\u00ednas y la retenci\u00f3n de nitr\u00f3geno en los m\u00fasculos. Esta acci\u00f3n ayuda a los culturistas en la consecuci\u00f3n de un f\u00edsico definido con el crecimiento muscular, mejor resistencia, fuerza y resistencia. Esta droga tambi\u00e9n preserva los tejidos musculares, causando as\u00ed una recuperaci\u00f3n m\u00e1s r\u00e1pida y el apoyo general de mantenimiento muscular.<\/p>\n\n\n\n<p>Como tratamiento de la anemia, este medicamento estimula la producci\u00f3n de gl\u00f3bulos rojos, lo que a su vez mejora el suministro de ox\u00edgeno a los m\u00fasculos. Adem\u00e1s, desempe\u00f1a un papel vital en la s\u00edntesis de col\u00e1geno que previene lesiones y mejora el funcionamiento de las articulaciones.<\/p>\n\n\n\n<h2 class=\"wp-block-heading\">\u00bfCu\u00e1les son los beneficios?<\/h2>\n\n\n\n<ul class=\"wp-block-list\">\n<li>Mejor densidad \u00f3sea<\/li>\n\n\n\n<li>Mejora de la tasa metab\u00f3lica<\/li>\n\n\n\n<li>Recuperaci\u00f3n r\u00e1pida<\/li>\n\n\n\n<li>Sostiene tendones y articulaciones<\/li>\n\n\n\n<li>Equilibrio de nitr\u00f3geno<\/li>\n\n\n\n<li>Favorece el crecimiento muscular, la fuerza y la resistencia<\/li>\n\n\n\n<li>Minimiza la fatiga<\/li>\n\n\n\n<li>Previene la p\u00e9rdida de gl\u00f3bulos rojos<\/li>\n<\/ul>\n\n\n\n<h2 class=\"wp-block-heading\"><strong>Advertencias y precauciones<\/strong><\/h2>\n\n\n\n<ul class=\"wp-block-list\">\n<li>Utilizar Decamaxx Inyecci\u00f3n Ampolla s\u00f3lo bajo prescripci\u00f3n m\u00e9dica y no m\u00e1s all\u00e1 de 12 semanas.<\/li>\n\n\n\n<li>Este esteroide anab\u00f3lico es perjudicial entre los ni\u00f1os y nunca debe ser utilizado por los entusiastas del fitness menores de 18 a\u00f1os.<\/li>\n\n\n\n<li>Nunca utilice este esteroide culturismo para las mujeres durante el embarazo y la lactancia.<\/li>\n\n\n\n<li>Aunque aparecer\u00e1n algunas reacciones al\u00e9rgicas nominales, se supone que remitir\u00e1n pronto. Si persisten de forma grave, busque atenci\u00f3n m\u00e9dica lo antes posible.<\/li>\n\n\n\n<li>Este medicamento puede afectar a las funciones renal y hep\u00e1tica y tambi\u00e9n aumenta el riesgo de problemas de salud card\u00edaca. Comunique sus enfermedades preexistentes (ri\u00f1\u00f3n, h\u00edgado, coraz\u00f3n, etc.).<\/li>\n<\/ul>\n\n\n\n<h2 class=\"wp-block-heading\"><strong>Conexi\u00f3n con proveedores de ampollas de inyecci\u00f3n Decamaxx<\/strong><\/h2>\n\n\n\n<p>Usted est\u00e1 a s\u00f3lo un paso de conectar con uno de los mejores <strong>Decamaxx Inyecci\u00f3n Ampolla<\/strong> Proveedores &#8211; <strong>MedsExporter<\/strong>. Hemos estado en el mercado farmac\u00e9utico durante m\u00e1s de una d\u00e9cada la entrega de experiencias positivas de los clientes. Es hora de almacenar medicamentos genuinos para apoyar los objetivos de culturismo de los usuarios finales y tratar la anemia con eficacia. En \u00faltima instancia, esto garantizar\u00e1 un aumento del retorno de la inversi\u00f3n y la fidelizaci\u00f3n de la clientela. \u00bfListo para interactuar con nosotros?<\/p>\n\n\n\n<h2 class=\"wp-block-heading\"><strong>Proceso de pago sencillo y r\u00e1pido<\/strong><\/h2>\n\n\n\n<p>Nuestro sitio est\u00e1 dise\u00f1ado para que la experiencia de compra sea fluida, ya se trate de realizar pedidos personalizados o de efectuar pagos puntualmente. Disponemos de varias opciones de pago seguro, procesamiento r\u00e1pido de transacciones y gesti\u00f3n factible de facturas para que su experiencia merezca la pena.<\/p>\n\n\n\n<h2 class=\"wp-block-heading\"><strong>Servicio de entrega r\u00e1pido y seguro<\/strong><\/h2>\n\n\n\n<p>Adem\u00e1s de garantizar un servicio de entrega r\u00e1pido, nos preocupamos por la seguridad del paquete durante el transporte y hasta que llega a sus manos. Al fin y al cabo, con nosotros no s\u00f3lo compra medicamentos, sino que invierte. La satisfacci\u00f3n del cliente siempre ha sido nuestra prioridad.<\/p>\n\n\n\n<h2 class=\"wp-block-heading\"><strong>Atenci\u00f3n al cliente 24*7<\/strong><\/h2>\n\n\n\n<p>Una de las ventajas de conectarse a <strong>MedsExporter.com<\/strong> es el servicio de atenci\u00f3n al cliente 24*7. Usted puede darnos una llamada en el n\u00famero proporcionado de la l\u00ednea de ayuda o utilizar Email para compartir sus preguntas\/investigaciones. Vamos a ver en la materia si se trata de productos en el sitio, el seguimiento de pedidos, problemas de env\u00edo, o cualquier preocupaci\u00f3n.<\/p>\n\n\n\n<h2 class=\"wp-block-heading\"><strong>Preguntas frecuentes<\/strong><\/h2>\n\n\n\n<h3 class=\"wp-block-heading\"><strong>\u00bfQu\u00e9 evitar al tomar Decamaxx Injetion Ampoule?<\/strong><\/h3>\n\n\n\n<p>Debe evitarse el consumo de alcohol, esteroides anab\u00f3licos similares y cualquier medicamento que interact\u00fae mientras est\u00e9 en tratamiento con este f\u00e1rmaco. Hable con su m\u00e9dico sobre lo que debe y no debe hacer antes de iniciar el tratamiento.<\/p>\n\n\n\n<h3 class=\"wp-block-heading\"><strong>\u00bfC\u00f3mo act\u00faa en el organismo?<\/strong><\/h3>\n\n\n\n<p>Decamaxx 400mg inyectable interact\u00faa con el organismo de forma m\u00e1s saludable &#8211; potencia la s\u00edntesis de prote\u00ednas y la retenci\u00f3n de nitr\u00f3geno en los m\u00fasculos. Esto conduce a resultados r\u00e1pidos para los culturistas, garantizando as\u00ed la seguridad.<\/p>\n\n\n\n<h3 class=\"wp-block-heading\"><strong>\u00bfC\u00f3mo debe conservarse Decamaxx Inyecci\u00f3n Ampolla?<\/strong><\/h3>\n\n\n\n<p>Conserve el medicamento \u00fanicamente en un lugar fresco y seco. Evite exponerlo a la luz solar directa, al calor o a la humedad. \u00bfPuede mantenerlo alejado de los ni\u00f1os y los animales dom\u00e9sticos?<\/p>\n\n\n\n<h3 class=\"wp-block-heading\"><strong>\u00bfEs seguro para un uso prolongado?<\/strong><\/h3>\n\n\n\n<p>El uso a largo plazo s\u00f3lo debe preferirse si lo prescribe el profesional sanitario. Se recomienda un seguimiento regular de la salud durante el periodo de tratamiento a largo plazo. No se debe optar por el uso prolongado de supuestos debido al alto riesgo de efectos adversos.<\/p>\n\n\n\n<h3 class=\"wp-block-heading\"><strong>\u00bfCu\u00e1l es el precio del Decamaxx Inyecci\u00f3n Ampolla?<\/strong><\/h3>\n\n\n\n<p><strong>Decamaxx Inyecci\u00f3n Ampolla<\/strong> El precio var\u00eda dependiendo del proveedor, la cantidad de la orden, y la fuerza de dosificaci\u00f3n. Para obtener precios razonables, las mejores ofertas y descuentos, solicite una cotizaci\u00f3n de <strong>MedsExporter.com<\/strong>.<\/p>\n\n\n\n<h2 class=\"wp-block-heading\">Otras tabletas de culturismo son:<\/h2>\n\n\n\n<p>Propionato de drostanolona | Boldamaxx Inyecci\u00f3n Ampolla | Clenabol 40 mcg Comprimido<\/p>\n","protected":false},"excerpt":{"rendered":"<p>Comprar Decamaxx Injection Ampoule 400mg\/ml al por mayor con interesantes ofertas y descuentos. Rolon (decanoato de nandrolona) inyecci\u00f3n es popular entre los culturistas para el crecimiento muscular excelente y el impulso general de rendimiento atl\u00e9tico. Transmitir su eficacia con seguridad por el almacenamiento de los mejores productos de calidad.<\/p>","protected":false},"featured_media":48710,"template":"","meta":{"_glsr_average":0,"_glsr_ranking":0,"_glsr_reviews":0},"product_brand":[],"product_cat":[3936],"product_tag":[],"product_form":[4149],"class_list":{"0":"post-50437","1":"product","2":"type-product","3":"status-publish","4":"has-post-thumbnail","6":"product_cat-medicina-de-musculacion-fabricantes-en-india","7":"product_form-ampolla-fabricantes-en-india","9":"first","10":"instock","11":"shipping-taxable","12":"purchasable","13":"product-type-variable"},"_links":{"self":[{"href":"https:\/\/www.medsexporter.com\/es\/wp-json\/wp\/v2\/product\/50437","targetHints":{"allow":["GET"]}}],"collection":[{"href":"https:\/\/www.medsexporter.com\/es\/wp-json\/wp\/v2\/product"}],"about":[{"href":"https:\/\/www.medsexporter.com\/es\/wp-json\/wp\/v2\/types\/product"}],"wp:featuredmedia":[{"embeddable":true,"href":"https:\/\/www.medsexporter.com\/es\/wp-json\/wp\/v2\/media\/48710"}],"wp:attachment":[{"href":"https:\/\/www.medsexporter.com\/es\/wp-json\/wp\/v2\/media?parent=50437"}],"wp:term":[{"taxonomy":"product_brand","embeddable":true,"href":"https:\/\/www.medsexporter.com\/es\/wp-json\/wp\/v2\/product_brand?post=50437"},{"taxonomy":"product_cat","embeddable":true,"href":"https:\/\/www.medsexporter.com\/es\/wp-json\/wp\/v2\/product_cat?post=50437"},{"taxonomy":"product_tag","embeddable":true,"href":"https:\/\/www.medsexporter.com\/es\/wp-json\/wp\/v2\/product_tag?post=50437"},{"taxonomy":"product_form","embeddable":true,"href":"https:\/\/www.medsexporter.com\/es\/wp-json\/wp\/v2\/product_form?post=50437"}],"curies":[{"name":"wp","href":"https:\/\/api.w.org\/{rel}","templated":true}]}}