{"id":50426,"date":"2024-04-12T12:22:51","date_gmt":"2024-04-12T12:22:51","guid":{"rendered":"https:\/\/medsexporter.com\/product\/thyronorm-25-mcg\/"},"modified":"2024-07-22T07:40:31","modified_gmt":"2024-07-22T07:40:31","slug":"thyronorm-25-mcg","status":"publish","type":"product","link":"https:\/\/www.medsexporter.com\/es\/product\/thyronorm-25-mcg\/","title":{"rendered":"Thyronorm 25 mcg (Tiroxina S\u00f3dica)"},"content":{"rendered":"\n<h2 class=\"wp-block-heading\"><strong>Introducci<\/strong><strong>\u00f3<\/strong><strong>n de Thyronorm 25 mcg<\/strong><\/h2>\n\n\n\n<p><strong>Thyronorm 25 mcg<\/strong>\u00a0(<strong>\u00a0tiroxina s\u00f3dica)<\/strong>\u00a0es confiable para controlar la p\u00e9rdida de peso y los problemas de hipotiroidismo.<strong>\u00a0Synthroid<\/strong>\u00a0es una marca famosa. Suministramos alrededor de<strong>\u00a01 mill\u00f3n de comprimidos al mes<\/strong>\u00a0y garantizamos su disponibilidad.<\/p>\n\n\n\n<h2 class=\"wp-block-heading\"><strong>\u00bf<\/strong><strong>Para qu<\/strong><strong>\u00e9<\/strong><strong> se utiliza Thyronorm 25 mcg?<\/strong><\/h2>\n\n\n\n<p><strong>Thyronorm 25 mcg<\/strong>&nbsp;consolida estos usos:<\/p>\n\n\n\n<ul class=\"wp-block-list\">\n<li>Trata\u00a0el hipotiroidismo<\/li>\n\n\n\n<li>Ayuda a reducir el peso.<\/li>\n\n\n\n<li>Revisa los equilibrios hormonales en el cuerpo.<\/li>\n\n\n\n<li>Desarrolla a\u00fan m\u00e1s la digesti\u00f3n.<\/li>\n\n\n\n<li>Es un f\u00e1rmaco peque\u00f1o e intenso, crucial para el tratamiento m\u00e1s reciente.<\/li>\n<\/ul>\n\n\n\n<h2 class=\"wp-block-heading\"><strong>Thyronorm 25 mcg, medicamento para bajar de peso: posibles beneficios<\/strong><\/h2>\n\n\n\n<p><strong>Beneficios de Thyronorm 25 tabletas&nbsp;:<\/strong><\/p>\n\n\n\n<ul class=\"wp-block-list\">\n<li>Es uno de los mejores\u00a0<strong>medicamentos para bajar de peso que contienen<\/strong>\u00a0tiroxina s\u00f3dica .<\/li>\n\n\n\n<li>Aumenta las tasas metab\u00f3licas para ayudar a los pacientes a consumir calor\u00edas adicionales.<\/li>\n\n\n\n<li>El art\u00edculo tambi\u00e9n incrementa los niveles de energ\u00eda.<\/li>\n<\/ul>\n\n\n\n<h2 class=\"wp-block-heading\"><strong>\u00bf<\/strong><strong>C<\/strong><strong>\u00f3<\/strong><strong>mo ayuda a aliviar los s<\/strong><strong>\u00ed<\/strong><strong>ntomas del hipotiroidismo?<\/strong><\/h2>\n\n\n\n<p><strong>Thyronorm 25<\/strong>&nbsp;es un medicamento que combate el hipotiroidismo al reponer el cuerpo con tiroxina s\u00f3dica para ayudar a disminuir los s\u00edntomas de la enfermedad. Esta hormona es responsable del buen metabolismo y la actividad de una persona. Al reponer los niveles de estas hormonas, elimina los s\u00edntomas como la obesidad, la fatiga y otros.<\/p>\n\n\n\n<h2 class=\"wp-block-heading\"><strong>Mayorista confiable y seguro de la India: fabricante de tiroxina s<\/strong><strong>\u00f3<\/strong><strong>dica<\/strong><\/h2>\n\n\n\n<p><strong>Al ser el fabricante de tiroxina s\u00f3dica<\/strong>&nbsp;m\u00e1s respetado&nbsp;, nuestros productos son seguros y confiables. Somos proveedores de Thyronorm 25 mcg en la India y proporcionamos la cantidad requerida a los clientes con un suministro y un servicio constantes. Tambi\u00e9n contamos con la acreditaci\u00f3n de la OMS-GMP y somos un fabricante con certificaci\u00f3n ISO.<\/p>\n\n\n\n<h2 class=\"wp-block-heading\"><strong>Una oferta de compra al por mayor de Thyronorm 25<\/strong><\/h2>\n\n\n\n<p>Contamos con excelentes ofertas en compras al por mayor de&nbsp;<strong>Thyronorm Thyroxine Sodium<\/strong>&nbsp;. Esta&nbsp;<strong>tableta para el hipotiroidismo<\/strong>&nbsp;tiene un precio atractivo cuando se compra al por mayor, por lo que este efecto puede beneficiar a los clientes comerciales. Utilice el formulario de comentarios para conocer las opciones y los descuentos individuales continuos para compras al por mayor.<\/p>\n\n\n\n<h2 class=\"wp-block-heading\"><strong>Obtenga un servicio de env<\/strong><strong>\u00ed<\/strong><strong>o r<\/strong><strong>\u00e1<\/strong><strong>pido y seguro<\/strong><\/h2>\n\n\n\n<p>El servicio de env\u00edo es r\u00e1pido y los paquetes est\u00e1n protegidos contra da\u00f1os. Por eso, la entrega oportuna de&nbsp;<strong>las tabletas de Thyronorm<\/strong>&nbsp;y otros medicamentos es crucial para muchas personas. Esta organizaci\u00f3n respeta los pedidos de los clientes tramit\u00e1ndolos con cuidado y asegur\u00e1ndose de que se entreguen a tiempo.<\/p>\n\n\n\n<h2 class=\"wp-block-heading\"><strong>Precio personalizable con dosis del medicamento.<\/strong><\/h2>\n\n\n\n<p><strong>Los precios al por mayor de Thyronorm 25 mcg<\/strong>&nbsp;var\u00edan en funci\u00f3n de la dosis: el precio disminuye a medida que aumenta la cantidad del pedido. Esta flexibilidad significa que obtiene el mejor precio por la cantidad requerida, desde un solo art\u00edculo hasta una gran cantidad. Nuestro personal experto lo ayudar\u00e1 a encontrar el&nbsp;<strong>medicamento para bajar de peso con tiroxina s\u00f3dica<\/strong>&nbsp;que necesita.<\/p>\n\n\n\n<h2 class=\"wp-block-heading\"><strong>Atenci<\/strong><strong>\u00f3<\/strong><strong>n al cliente 24 horas al d<\/strong><strong>\u00ed<\/strong><strong>a, 7 d<\/strong><strong>\u00ed<\/strong><strong>as a la semana<\/strong><\/h2>\n\n\n\n<p>Ampliamos nuestro horario de trabajo para brindarles a nuestros clientes la mejor&nbsp;<strong>atenci\u00f3n al cliente posible las 24 horas, los 7 d\u00edas de la semana<\/strong>&nbsp;. Estaremos encantados de ayudarlo si tiene preguntas sobre Thyronorm Thyroxine Sodium o si necesita ayuda con su pedido. Nuestro principal objetivo es hacer que nuestros clientes est\u00e9n satisfechos con nuestros productos para que el proceso se desarrolle sin problemas.<\/p>\n\n\n\n<h2 class=\"wp-block-heading\"><strong>Preguntas frecuentes<\/strong><\/h2>\n\n\n\n<h3 class=\"wp-block-heading\"><strong>\u00bfCu\u00e1les son los efectos secundarios de la tableta Thyronorm 25 mcg?<\/strong><\/h3>\n\n\n\n<p>Thyronorm 25 mcg puede tener efectos adversos, como dolores de cabeza, ansiedad y dificultad para conciliar el sue\u00f1o. Algunas personas experimentan p\u00e9rdida de cabello o cambios de peso. Puede haber problemas digestivos, como n\u00e1useas o diarrea. Las reacciones al\u00e9rgicas y las palpitaciones son poco frecuentes, pero pueden ocurrir. Es fundamental recordar que no todas las personas tienen efectos secundarios y que, con frecuencia, desaparecen con el tiempo. Cuando use Thyronorm 25 mcg, siempre hable con su m\u00e9dico si tiene alguna inquietud o s\u00edntomas persistentes.<\/p>\n\n\n\n<h3 class=\"wp-block-heading\"><strong>\u00bfSe puede tomar y recomendar la tableta Thyronorm 25 mcg a ni\u00f1os?<\/strong><\/h3>\n\n\n\n<p>A los ni\u00f1os se les administra Thyronorm 25 mcg; sin embargo, deben consultar a su m\u00e9dico antes de tomar este medicamento. Se insta a las personas a tomar las dosis propuestas y a seguir estrictamente las medidas sugeridas por un m\u00e9dico.<\/p>\n\n\n\n<h3 class=\"wp-block-heading\"><strong>\u00bfPueden las personas tomar el medicamento Thyronorm 25 mcg Tiroxina S\u00f3dica para bajar de peso?<\/strong><\/h3>\n\n\n\n<p>Las personas pueden tomar tiroxina s\u00f3dica para bajar de peso, pero solo bajo la supervisi\u00f3n de un m\u00e9dico. Muchos pacientes encuentran Thyronorm 25 mcg, que ayuda a aumentar el metabolismo y a perder esos kilos de m\u00e1s.<\/p>\n\n\n\n<h3 class=\"wp-block-heading\"><strong>\u00bfPueden las mujeres embarazadas tomar este medicamento?<\/strong><\/h3>\n\n\n\n<p>Se debe consultar la viabilidad y los efectos adversos con un especialista antes de planificar tomar Thyronorm 25 mcg durante el embarazo.<\/p>\n\n\n\n<h3 class=\"wp-block-heading\"><strong>\u00bfC\u00f3mo puedo rastrear mi pedido?<\/strong><\/h3>\n\n\n\n<p>Puede realizar un seguimiento a trav\u00e9s de la empresa de mensajer\u00eda\u00a0<strong>MedsExporter.com<\/strong>\u00a0. Recibir\u00e1 un n\u00famero de seguimiento una vez que se env\u00ede su pedido. Esto es \u00fatil para asegurarse de tener una perspectiva de su env\u00edo hasta que se entregue.<\/p>\n\n\n\n<h3 class=\"wp-block-heading\"><strong>\u00bfCu\u00e1l es el requisito espec\u00edfico para almacenar el medicamento Thyronorm Thyroxine Sodium?<\/strong><\/h3>\n\n\n\n<p>Thyronorm Thyroxine Sodium debe conservarse a una temperatura inferior a 30 grados en un lugar seco y fr\u00edo y alejado de la luz solar. Conservar el medicamento de forma adecuada es esencial para garantizar su protecci\u00f3n.<\/p>\n","protected":false},"excerpt":{"rendered":"Introducci\u00f3n de Thyronorm 25 mcg Thyronorm 25 mcg\u00a0(\u00a0tiroxina s\u00f3dica)\u00a0es confiable para controlar la p\u00e9rdida de peso y los problemas de hipotiroidismo.\u00a0Synthroid\u00a0es una marca famosa. Suministramos alrededor de\u00a01 mill\u00f3n de comprimidos al mes\u00a0y garantizamos su disponibilidad. \u00bfPara qu\u00e9 se utiliza Thyronorm 25 mcg? Thyronorm 25 mcg&nbsp;consolida estos usos: Thyronorm 25 mcg, medicamento para bajar de peso: [&hellip;]","protected":false},"featured_media":48366,"template":"","meta":{"_glsr_average":0,"_glsr_ranking":0,"_glsr_reviews":0},"product_brand":[],"product_cat":[4081,4083],"product_tag":[],"product_form":[4097],"class_list":{"0":"post-50426","1":"product","2":"type-product","3":"status-publish","4":"has-post-thumbnail","6":"product_cat-perdida-de-peso-de-drogas-fabricante-en-la-india","7":"product_cat-medicina-para-el-gestion-del-peso-fabricante-en-india","8":"product_form-fabricante-de-tabletas-en-india","10":"first","11":"instock","12":"shipping-taxable","13":"purchasable","14":"product-type-variable"},"_links":{"self":[{"href":"https:\/\/www.medsexporter.com\/es\/wp-json\/wp\/v2\/product\/50426","targetHints":{"allow":["GET"]}}],"collection":[{"href":"https:\/\/www.medsexporter.com\/es\/wp-json\/wp\/v2\/product"}],"about":[{"href":"https:\/\/www.medsexporter.com\/es\/wp-json\/wp\/v2\/types\/product"}],"wp:featuredmedia":[{"embeddable":true,"href":"https:\/\/www.medsexporter.com\/es\/wp-json\/wp\/v2\/media\/48366"}],"wp:attachment":[{"href":"https:\/\/www.medsexporter.com\/es\/wp-json\/wp\/v2\/media?parent=50426"}],"wp:term":[{"taxonomy":"product_brand","embeddable":true,"href":"https:\/\/www.medsexporter.com\/es\/wp-json\/wp\/v2\/product_brand?post=50426"},{"taxonomy":"product_cat","embeddable":true,"href":"https:\/\/www.medsexporter.com\/es\/wp-json\/wp\/v2\/product_cat?post=50426"},{"taxonomy":"product_tag","embeddable":true,"href":"https:\/\/www.medsexporter.com\/es\/wp-json\/wp\/v2\/product_tag?post=50426"},{"taxonomy":"product_form","embeddable":true,"href":"https:\/\/www.medsexporter.com\/es\/wp-json\/wp\/v2\/product_form?post=50426"}],"curies":[{"name":"wp","href":"https:\/\/api.w.org\/{rel}","templated":true}]}}