{"id":50393,"date":"2024-05-06T11:39:20","date_gmt":"2024-05-06T11:39:20","guid":{"rendered":"https:\/\/medsexporter.com\/product\/inyeccion-de-decarix\/"},"modified":"2024-07-19T11:36:14","modified_gmt":"2024-07-19T11:36:14","slug":"inyeccion-de-decarix","status":"publish","type":"product","link":"https:\/\/www.medsexporter.com\/es\/product\/inyeccion-de-decarix\/","title":{"rendered":"Inyecci\u00f3n de Dec\u00e1rix"},"content":{"rendered":"\n<h2 class=\"wp-block-heading\">Introducci\u00f3n a Decarix Inj<\/h2>\n\n\n\n<p><strong>La inyecci\u00f3n de Decarix<\/strong>&nbsp;se comercializa bajo la marca Deca-Durabolin. Es un esteroide anab\u00f3lico que se utiliza en el culturismo y para tratar diferentes formas de anemia. Est\u00e1 compuesto por un ingrediente activo, el decanoato de nandrolona, \u200b\u200by proporciona diversos beneficios para el crecimiento muscular, la fuerza y \u200b\u200bla mejora del rendimiento. Como proveedor confiable de Decarix, tenemos una capacidad de suministro de 1 mill\u00f3n de ampollas por mes y brindamos una disponibilidad constante a nuestros compradores globales.<\/p>\n\n\n\n<h2 class=\"wp-block-heading\">Tipos de envases de inyecci\u00f3n<\/h2>\n\n\n\n<p><strong>La inyecci\u00f3n de Decarix 250 mg\/ml<\/strong>\u00a0est\u00e1 disponible en ampollas de 250 mg y est\u00e1 dise\u00f1ada para una dosificaci\u00f3n precisa y sencilla. Este envase garantiza que la integridad y la estabilidad de este medicamento cumplen con los est\u00e1ndares de seguridad y calidad mundiales.<\/p>\n\n\n\n<h2 class=\"wp-block-heading\"><strong>\u00bfCu\u00e1l es el prop\u00f3sito del Decarix?<\/strong><\/h2>\n\n\n\n<p><strong>Decarix<\/strong>&nbsp;se utiliza para diversos fines como los siguientes:<\/p>\n\n\n\n<ul class=\"wp-block-list\">\n<li><strong>Culturismo<\/strong>\u00a0: mejora la fuerza, la masa muscular y la recuperaci\u00f3n y lo convierte en el mejor medicamento para culturistas y atletas.<\/li>\n\n\n\n<li><strong>Tratar la anemia:<\/strong>\u00a0Tambi\u00e9n se utiliza para tratar las distintas formas de anemia. Estimula la producci\u00f3n de gl\u00f3bulos rojos, mejora el aporte de ox\u00edgeno y trata esta afecci\u00f3n.<\/li>\n<\/ul>\n\n\n\n<h2 class=\"wp-block-heading\"><strong>Ventajas de la inyecci\u00f3n de Decarix<\/strong><\/h2>\n\n\n\n<p>Existen varios beneficios de utilizar&nbsp;<strong>la inyecci\u00f3n de Decarix:<\/strong><\/p>\n\n\n\n<ul class=\"wp-block-list\">\n<li>Mejora la recuperaci\u00f3n: acelera el tiempo de recuperaci\u00f3n y reduce el dolor muscular y la fatiga.<\/li>\n\n\n\n<li>Mejora la masa muscular: Decarix ayuda a promover la hipertrofia muscular y mejora las ganancias.<\/li>\n\n\n\n<li>Mejora la densidad \u00f3sea: aumenta el contenido mineral \u00f3seo y reduce los riesgos de fractura.<\/li>\n\n\n\n<li>Reduce los efectos estrog\u00e9nicos: como esteroide anab\u00f3lico,\u00a0<strong>Decarix<\/strong>\u00a0tiene una menor conversi\u00f3n de estr\u00f3geno y reduce el riesgo de efectos estrog\u00e9nicos como\u00a0la ginecomastia\u00a0.<\/li>\n<\/ul>\n\n\n\n<h2 class=\"wp-block-heading\"><strong>Dosis recomendada de Decarix para fines de culturismo<\/strong><\/h2>\n\n\n\n<p>Para el culturismo, la dosis recomendada del&nbsp;<strong>esteroide decanoato de nandrolona<\/strong>&nbsp;es de 200 mg a 600 mg por semana. La dosis se puede ajustar seg\u00fan las respuestas, los objetivos y los niveles de experiencia individuales. Es importante seguir la terapia previa y posterior al ciclo para mantener la fuerza y \u200b\u200breducir sus efectos secundarios.<\/p>\n\n\n\n<h2 class=\"wp-block-heading\"><strong>Conexi\u00f3n con los exportadores de Decarix<\/strong><\/h2>\n\n\n\n<p>Contamos con una s\u00f3lida red de exportadores de&nbsp;<strong>Decarix<\/strong>&nbsp;y garantizamos el suministro y la distribuci\u00f3n sin problemas de este medicamento. Nuestros socios cumplen con los est\u00e1ndares de seguridad y garantizan que estos medicamentos cumplan con los est\u00e1ndares mundiales de calidad y eficiencia.<\/p>\n\n\n\n<h2 class=\"wp-block-heading\"><strong>Servicio de env\u00edo seguro y r\u00e1pido.<\/strong><\/h2>\n\n\n\n<p>Nuestro servicio de env\u00edo r\u00e1pido y seguro est\u00e1 dise\u00f1ado para entregar&nbsp;<strong>Decarix 250 mg<\/strong>&nbsp;de forma segura. Utilizamos sistemas de seguimiento avanzados y socios de mensajer\u00eda para garantizar la seguridad y la entrega oportuna de este medicamento. Nuestros compradores reciben sus pedidos a tiempo y realizan un seguimiento de sus pedidos con sistemas de seguimiento eficientes.<\/p>\n\n\n\n<h2 class=\"wp-block-heading\"><strong>Precio personalizable con dosis.<\/strong><\/h2>\n\n\n\n<p>Nosotros, como fabricantes confiables de\u00a0<strong>Decarix Inj 1 Ml<\/strong>\u00a0, le ofrecemos opciones de precios flexibles seg\u00fan sus requisitos de dosis y pedidos al por mayor. Nuestro objetivo es ofrecer precios competitivos en este\u00a0<strong>suplemento para culturismo<\/strong>\u00a0y cumplir con los est\u00e1ndares de calidad. Puede comunicarse con nosotros para obtener una cotizaci\u00f3n personalizada y satisfacer sus necesidades de atenci\u00f3n m\u00e9dica.<\/p>\n\n\n\n<h2 class=\"wp-block-heading\"><strong>M\u00e9todo de pago seguro y que ahorra tiempo<\/strong><\/h2>\n\n\n\n<p>Nuestros m\u00e9todos de pago seguros y que ahorran tiempo est\u00e1n dise\u00f1ados para brindar transparencia a nuestros compradores. Aceptamos opciones de pago en l\u00ednea y garantizamos que el proceso de transacci\u00f3n sea sencillo. Todas las transacciones se mantienen seguras con nuestras \u00faltimas t\u00e9cnicas de encriptaci\u00f3n y protegemos la informaci\u00f3n financiera.<\/p>\n\n\n\n<h2 class=\"wp-block-heading\"><strong>Atenci\u00f3n al cliente 24 horas al d\u00eda, 7 d\u00edas a la semana<\/strong><\/h2>\n\n\n\n<p>Nuestro equipo de atenci\u00f3n al cliente est\u00e1 disponible las 24 horas del d\u00eda, los 7 d\u00edas de la semana para ayudarlo. Nuestro equipo responde a sus inquietudes y consultas y brinda asistencia a los compradores a tiempo.<\/p>\n\n\n\n<h2 class=\"wp-block-heading\"><strong>Preguntas frecuentes<\/strong><\/h2>\n\n\n\n<h3 class=\"wp-block-heading\"><strong>\u00bfQu\u00e9 tan r\u00e1pido act\u00faa la inyecci\u00f3n de Decarix?<\/strong><\/h3>\n\n\n\n<p><strong>Decarix<\/strong>&nbsp;tarda 1 semana en empezar a mostrar resultados y funcionar eficazmente en el organismo.<\/p>\n\n\n\n<h3 class=\"wp-block-heading\"><strong>\u00bfEs segura la inyecci\u00f3n de Decarix para las culturistas femeninas?<\/strong><\/h3>\n\n\n\n<p>Las mujeres culturistas tambi\u00e9n pueden utilizar la inyecci\u00f3n de Decarix, pero se recomienda tomar una dosis baja para reducir el riesgo de virilizaci\u00f3n. Tambi\u00e9n es importante consultar a un m\u00e9dico.<\/p>\n\n\n\n<h3 class=\"wp-block-heading\"><strong>\u00bfPuedo usarlo varias veces al d\u00eda?<\/strong><\/h3>\n\n\n\n<p>Debido a su larga vida media, se recomienda utilizar Decarix una vez por semana. Las dosis m\u00faltiples de este medicamento pueden aumentar el riesgo de efectos adversos.<\/p>\n\n\n\n<h3 class=\"wp-block-heading\"><strong>\u00bfQui\u00e9n no debe usar Decarix inyectable?<\/strong><\/h3>\n\n\n\n<p>Las personas que padecen c\u00e1ncer de mama o antecedentes de enfermedades de pr\u00f3stata, ri\u00f1ones o h\u00edgado o aquellas que est\u00e1n embarazadas o amamantando deben evitar el Decarix.<\/p>\n\n\n\n<h3 class=\"wp-block-heading\"><strong>\u00bfEs seguro para uso a largo plazo?<\/strong><\/h3>\n\n\n\n<p>El uso prolongado de&nbsp;<strong>la inyecci\u00f3n de Decarix<\/strong>&nbsp;puede causar problemas de salud. Se recomienda consultar al m\u00e9dico, seguir los ciclos recomendados y la terapia posterior al ciclo para reducir el riesgo de efectos secundarios.<\/p>\n\n\n\n<h3 class=\"wp-block-heading\"><strong>\u00bfC\u00f3mo puedo rastrear mi pedido?<\/strong><\/h3>\n\n\n\n<p>Una vez que se env\u00eda el pedido, puede rastrearlo mediante un n\u00famero de seguimiento. Use este n\u00famero de seguimiento en nuestro sitio web para rastrear su pedido al por mayor en tiempo real.<\/p>\n\n\n\n<h3 class=\"wp-block-heading\"><strong>\u00bfCuales son las condi&nbsp;&nbsp;&nbsp;&nbsp; ciones recomendadas para su almacenamiento?<\/strong><\/h3>\n\n\n\n<p>Decarix debe conservarse a temperatura ambiente, protegido de la luz. Mant\u00e9ngalo alejado de las mascotas y los ni\u00f1os.<\/p>\n","protected":false},"excerpt":{"rendered":"Introducci\u00f3n a Decarix Inj La inyecci\u00f3n de Decarix&nbsp;se comercializa bajo la marca Deca-Durabolin. Es un esteroide anab\u00f3lico que se utiliza en el culturismo y para tratar diferentes formas de anemia. Est\u00e1 compuesto por un ingrediente activo, el decanoato de nandrolona, \u200b\u200by proporciona diversos beneficios para el crecimiento muscular, la fuerza y \u200b\u200bla mejora del rendimiento. [&hellip;]","protected":false},"featured_media":48707,"template":"","meta":{"_glsr_average":0,"_glsr_ranking":0,"_glsr_reviews":0},"product_brand":[],"product_cat":[3936],"product_tag":[],"product_form":[4133],"class_list":{"0":"post-50393","1":"product","2":"type-product","3":"status-publish","4":"has-post-thumbnail","6":"product_cat-medicina-de-musculacion-fabricantes-en-india","7":"product_form-inyeccion-fabricante-en-india","9":"first","10":"instock","11":"shipping-taxable","12":"purchasable","13":"product-type-variable"},"_links":{"self":[{"href":"https:\/\/www.medsexporter.com\/es\/wp-json\/wp\/v2\/product\/50393","targetHints":{"allow":["GET"]}}],"collection":[{"href":"https:\/\/www.medsexporter.com\/es\/wp-json\/wp\/v2\/product"}],"about":[{"href":"https:\/\/www.medsexporter.com\/es\/wp-json\/wp\/v2\/types\/product"}],"wp:featuredmedia":[{"embeddable":true,"href":"https:\/\/www.medsexporter.com\/es\/wp-json\/wp\/v2\/media\/48707"}],"wp:attachment":[{"href":"https:\/\/www.medsexporter.com\/es\/wp-json\/wp\/v2\/media?parent=50393"}],"wp:term":[{"taxonomy":"product_brand","embeddable":true,"href":"https:\/\/www.medsexporter.com\/es\/wp-json\/wp\/v2\/product_brand?post=50393"},{"taxonomy":"product_cat","embeddable":true,"href":"https:\/\/www.medsexporter.com\/es\/wp-json\/wp\/v2\/product_cat?post=50393"},{"taxonomy":"product_tag","embeddable":true,"href":"https:\/\/www.medsexporter.com\/es\/wp-json\/wp\/v2\/product_tag?post=50393"},{"taxonomy":"product_form","embeddable":true,"href":"https:\/\/www.medsexporter.com\/es\/wp-json\/wp\/v2\/product_form?post=50393"}],"curies":[{"name":"wp","href":"https:\/\/api.w.org\/{rel}","templated":true}]}}